{"id":9207,"date":"2023-03-10T06:50:36","date_gmt":"2023-03-10T06:50:36","guid":{"rendered":"http:\/\/linkseride.com\/?post_type=product&#038;p=9207"},"modified":"2023-06-17T02:27:47","modified_gmt":"2023-06-17T02:27:47","slug":"model-storm-adults-electric-motorbike","status":"publish","type":"product","link":"https:\/\/www.linkseride.com\/fr_ca\/product\/model-storm-adults-electric-motorbike\/","title":{"rendered":"LEC-12 Dernier mod\u00e8le de moto \u00e9lectrique Storm pour adultes"},"content":{"rendered":"<h5>Know more about LEC-12 Latest Model Storm Adults Electric Motorbike Motorcycle<\/h5>\n<p>If you are finding the riding fun of adults electric motorbike meanwhile need an electric eride solution, this classic model is a good choice for you. An improved front and Rear disc brake supply strong, reliable power for stopping instantly. With the wide, thick padded seat, riders and passengers can experience comfortable and stylish riding. Also you won&#8217;t get lost in dark nights since our large headlight and tail light maximizes nighttime visibility.<\/p>\n<div id='gallery-1' class='gallery galleryid-9207 gallery-columns-3 gallery-size-full'><figure class='gallery-item'>\n\t\t\t<div class='gallery-icon landscape'>\n\t\t\t\t<img fetchpriority=\"high\" decoding=\"async\" width=\"471\" height=\"319\" src=\"https:\/\/www.linkseride.com\/wp-content\/uploads\/2020\/12\/2.png\" class=\"attachment-full size-full\" alt=\"Moto \u00e9lectrique\" srcset=\"https:\/\/www.linkseride.com\/wp-content\/uploads\/2020\/12\/2.png 471w, https:\/\/www.linkseride.com\/wp-content\/uploads\/2020\/12\/2-300x203.png 300w\" sizes=\"(max-width: 471px) 100vw, 471px\" \/>\n\t\t\t<\/div><\/figure><figure class='gallery-item'>\n\t\t\t<div class='gallery-icon landscape'>\n\t\t\t\t<img decoding=\"async\" width=\"470\" height=\"319\" src=\"https:\/\/www.linkseride.com\/wp-content\/uploads\/2020\/12\/1.png\" class=\"attachment-full size-full\" alt=\"\" srcset=\"https:\/\/www.linkseride.com\/wp-content\/uploads\/2020\/12\/1.png 470w, https:\/\/www.linkseride.com\/wp-content\/uploads\/2020\/12\/1-300x204.png 300w\" sizes=\"(max-width: 470px) 100vw, 470px\" \/>\n\t\t\t<\/div><\/figure><figure class='gallery-item'>\n\t\t\t<div class='gallery-icon landscape'>\n\t\t\t\t<img decoding=\"async\" width=\"455\" height=\"361\" src=\"https:\/\/www.linkseride.com\/wp-content\/uploads\/2020\/12\/3.png\" class=\"attachment-full size-full\" alt=\"Moto \u00e9lectrique\" srcset=\"https:\/\/www.linkseride.com\/wp-content\/uploads\/2020\/12\/3.png 455w, https:\/\/www.linkseride.com\/wp-content\/uploads\/2020\/12\/3-300x238.png 300w\" sizes=\"(max-width: 455px) 100vw, 455px\" \/>\n\t\t\t<\/div><\/figure>\n\t\t<\/div>\n\n<h5>L'apparence d'un v\u00e9lo de course avec une stabilit\u00e9 exceptionnelle<\/h5>\n<p>Smooth lines express the aesthetics of movement.\u00a0 All our Storm adults electric motorbike passed 300 thousand times of vibration test, no deformation and no crack.<\/p>\n<div id='gallery-2' class='gallery galleryid-9207 gallery-columns-2 gallery-size-full'><figure class='gallery-item'>\n\t\t\t<div class='gallery-icon landscape'>\n\t\t\t\t<img loading=\"lazy\" decoding=\"async\" width=\"434\" height=\"326\" src=\"https:\/\/www.linkseride.com\/wp-content\/uploads\/2020\/12\/4.png\" class=\"attachment-full size-full\" alt=\"Moto \u00e9lectrique Motocyclette \u00e9lectrique\" srcset=\"https:\/\/www.linkseride.com\/wp-content\/uploads\/2020\/12\/4.png 434w, https:\/\/www.linkseride.com\/wp-content\/uploads\/2020\/12\/4-300x225.png 300w\" sizes=\"(max-width: 434px) 100vw, 434px\" \/>\n\t\t\t<\/div><\/figure><figure class='gallery-item'>\n\t\t\t<div class='gallery-icon landscape'>\n\t\t\t\t<img loading=\"lazy\" decoding=\"async\" width=\"434\" height=\"325\" src=\"https:\/\/www.linkseride.com\/wp-content\/uploads\/2020\/12\/5.png\" class=\"attachment-full size-full\" alt=\"\" srcset=\"https:\/\/www.linkseride.com\/wp-content\/uploads\/2020\/12\/5.png 434w, https:\/\/www.linkseride.com\/wp-content\/uploads\/2020\/12\/5-300x225.png 300w\" sizes=\"(max-width: 434px) 100vw, 434px\" \/>\n\t\t\t<\/div><\/figure>\n\t\t<\/div>\n\n<h5>More Features about the adults electric motorbike Storm<\/h5>\n<ul>\n<li>Le port de charge de la voiture peut charger 0-80% en 4 heures.<\/li>\n<li>Syst\u00e8me de freinage CBS\/ABS en option<\/li>\n<li>d\u00e9velopp\u00e9 avec QS motor<\/li>\n<li>La batterie Evolt\/A-class pour rester en s\u00e9curit\u00e9<\/li>\n<li>l'hydralique et l'azote<\/li>\n<li>L'\u00e9cran TFT affiche tous les d\u00e9tails<\/li>\n<\/ul>\n<div id='gallery-3' class='gallery galleryid-9207 gallery-columns-6 gallery-size-full'><figure class='gallery-item'>\n\t\t\t<div class='gallery-icon landscape'>\n\t\t\t\t<img loading=\"lazy\" decoding=\"async\" width=\"218\" height=\"137\" src=\"https:\/\/www.linkseride.com\/wp-content\/uploads\/2020\/12\/6.png\" class=\"attachment-full size-full\" alt=\"Pi\u00e8ces d\u00e9tach\u00e9es pour motos \u00e9lectriques\" \/>\n\t\t\t<\/div><\/figure><figure class='gallery-item'>\n\t\t\t<div class='gallery-icon landscape'>\n\t\t\t\t<img loading=\"lazy\" decoding=\"async\" width=\"217\" height=\"136\" src=\"https:\/\/www.linkseride.com\/wp-content\/uploads\/2020\/12\/7.png\" class=\"attachment-full size-full\" alt=\"Pi\u00e8ces d\u00e9tach\u00e9es pour motos \u00e9lectriques\" \/>\n\t\t\t<\/div><\/figure><figure class='gallery-item'>\n\t\t\t<div class='gallery-icon landscape'>\n\t\t\t\t<img loading=\"lazy\" decoding=\"async\" width=\"218\" height=\"136\" src=\"https:\/\/www.linkseride.com\/wp-content\/uploads\/2020\/12\/8.png\" class=\"attachment-full size-full\" alt=\"Pi\u00e8ces d\u00e9tach\u00e9es pour motos \u00e9lectriques\" \/>\n\t\t\t<\/div><\/figure><figure class='gallery-item'>\n\t\t\t<div class='gallery-icon landscape'>\n\t\t\t\t<img loading=\"lazy\" decoding=\"async\" width=\"217\" height=\"136\" src=\"https:\/\/www.linkseride.com\/wp-content\/uploads\/2020\/12\/9.png\" class=\"attachment-full size-full\" alt=\"Pi\u00e8ces d\u00e9tach\u00e9es pour motos \u00e9lectriques\" \/>\n\t\t\t<\/div><\/figure><figure class='gallery-item'>\n\t\t\t<div class='gallery-icon landscape'>\n\t\t\t\t<img loading=\"lazy\" decoding=\"async\" width=\"217\" height=\"136\" src=\"https:\/\/www.linkseride.com\/wp-content\/uploads\/2020\/12\/10.png\" class=\"attachment-full size-full\" alt=\"Pi\u00e8ces d\u00e9tach\u00e9es pour motos \u00e9lectriques\" \/>\n\t\t\t<\/div><\/figure><figure class='gallery-item'>\n\t\t\t<div class='gallery-icon landscape'>\n\t\t\t\t<img loading=\"lazy\" decoding=\"async\" width=\"218\" height=\"137\" src=\"https:\/\/www.linkseride.com\/wp-content\/uploads\/2020\/12\/11.png\" class=\"attachment-full size-full\" alt=\"\" \/>\n\t\t\t<\/div><\/figure>\n\t\t<\/div>\n\n<h5>Adults Electric Motorbike Storm Specification<\/h5>\n<table style=\"border-collapse: collapse; width: 1087px; height: 382px;\" border=\"0\" width=\"605\" cellspacing=\"0\" cellpadding=\"0\">\n<tbody>\n<tr style=\"height: 16.80pt;\">\n<td class=\"et2\" style=\"height: 16.8pt; width: 108.3pt; text-align: center;\" width=\"108\" height=\"16\"><strong>Mod\u00e8le<\/strong><\/td>\n<td class=\"et2\" style=\"width: 165.8pt; text-align: center;\" width=\"165\"><strong>Temp\u00eate E<\/strong><\/td>\n<td class=\"et2\" style=\"width: 165.8pt; text-align: center;\" width=\"165\"><strong>Temp\u00eate<\/strong><\/td>\n<td class=\"et2\" style=\"width: 165.8pt; text-align: center;\" width=\"165\"><strong>Temp\u00eate S<\/strong><\/td>\n<\/tr>\n<tr style=\"height: 16.80pt;\">\n<td style=\"height: 16.80pt;\" height=\"16\">Vitesse maximale<\/td>\n<td class=\"et2\" style=\"text-align: center;\">100km\/h (62mph)<\/td>\n<td class=\"et2\" style=\"text-align: center;\">120km\/h (75mph)<\/td>\n<td class=\"et2\" style=\"text-align: center;\">150km\/h (93mph)<\/td>\n<\/tr>\n<tr style=\"height: 16.80pt;\">\n<td style=\"height: 16.80pt;\" height=\"16\">Capacit\u00e9 maximale<\/td>\n<td class=\"et2\" style=\"text-align: center;\">3,6 kWh (72V52Ah)<\/td>\n<td class=\"et2\" style=\"text-align: center;\">6,2 kWh (72V52Ah)<\/td>\n<td class=\"et2\" style=\"text-align: center;\">7,2 kWh(72V102Ah)<\/td>\n<\/tr>\n<tr style=\"height: 16.80pt;\">\n<td style=\"height: 16.8pt; text-align: left;\" height=\"16\">Gamme de villes<\/td>\n<td class=\"et2\" style=\"text-align: center;\">120km (75miles)<\/td>\n<td class=\"et2\" style=\"text-align: center;\">180km (112miles)<\/td>\n<td class=\"et2\" style=\"text-align: center;\">200km (124miles)<\/td>\n<\/tr>\n<tr style=\"height: 16.80pt;\">\n<td style=\"height: 16.8pt; text-align: left;\" height=\"16\">Puissance nominale<\/td>\n<td class=\"et2\" style=\"text-align: center;\">3KW<\/td>\n<td class=\"et2\" style=\"text-align: center;\">5KW<\/td>\n<td class=\"et2\" style=\"text-align: center;\">8KW<\/td>\n<\/tr>\n<tr style=\"height: 16.80pt;\">\n<td style=\"height: 16.80pt;\" height=\"16\">ABS<\/td>\n<td class=\"et2\" style=\"text-align: center;\">En option<\/td>\n<td class=\"et2\" style=\"text-align: center;\">En option<\/td>\n<td class=\"et2\" style=\"text-align: center;\">configuration standard<\/td>\n<\/tr>\n<tr style=\"height: 16.80pt;\">\n<td style=\"height: 16.80pt;\" height=\"16\">Garantie du bloc d'alimentation<\/td>\n<td class=\"et2\" style=\"text-align: center;\">3 ans\/kms limit\u00e9s<\/td>\n<td class=\"et2\" style=\"text-align: center;\">3 ans\/kms limit\u00e9s<\/td>\n<td class=\"et2\" style=\"text-align: center;\">3 ans\/kms limit\u00e9s<\/td>\n<\/tr>\n<tr style=\"height: 16.80pt;\">\n<td style=\"height: 16.8pt; text-align: left;\" height=\"16\">Garantie moto<\/td>\n<td class=\"et2\" style=\"text-align: center;\">2 ans<\/td>\n<td class=\"et2\" style=\"text-align: center;\">2 ans<\/td>\n<td class=\"et2\" style=\"text-align: center;\">2 ans<\/td>\n<\/tr>\n<\/tbody>\n<\/table>\n<p>If you want to check other adult electric motorbike, you could find <a href=\"https:\/\/www.linkseride.com\/fr_ca\/fabricant-de-motos-electriques\/\" target=\"_blank\" rel=\"noopener\">ici<\/a>.<\/p>\n<p>Vous trouverez d'autres vid\u00e9os de pr\u00e9sentation ici :\u00a0<a href=\"https:\/\/www.youtube.com\/c\/LinksErideTech\" target=\"_blank\" rel=\"noopener\">https:\/\/www.youtube.com\/c\/LinksErideTech<\/a><\/p>\n<div class=\"ast-oembed-container\" style=\"height: 100%;\"><iframe title=\"2022 Dernier mod\u00e8le de moto \u00e9lectrique Storm 8KW moto \u00e9lectrique\" width=\"500\" height=\"281\" src=\"https:\/\/www.youtube.com\/embed\/Sub8jdz2Akc?feature=oembed\" frameborder=\"0\" allow=\"accelerometer; autoplay; clipboard-write; encrypted-media; gyroscope; picture-in-picture; web-share\" referrerpolicy=\"strict-origin-when-cross-origin\" allowfullscreen><\/iframe><\/div>\n<p>&nbsp;<\/p>\n<div class=\"ast-oembed-container\" style=\"height: 100%;\"><iframe title=\"Electric Motorcycle 2023 New Model Storm 8KW 102Ah Battery with Max Range 200km\" width=\"500\" height=\"281\" src=\"https:\/\/www.youtube.com\/embed\/MhN2GNHy78c?feature=oembed\" frameborder=\"0\" allow=\"accelerometer; autoplay; clipboard-write; encrypted-media; gyroscope; picture-in-picture; web-share\" referrerpolicy=\"strict-origin-when-cross-origin\" allowfullscreen><\/iframe><\/div>","protected":false},"excerpt":{"rendered":"<p>\u25cf Adults electric motorbike with Front and Rear Disc brake supply strong, reliable stopping power<\/p>\n<p>\u25cf Pneus : Avant : 110-70\/17 pneu \u00e0 vide, arri\u00e8re : 140-60\/16 pneu \u00e0 vide.<\/p>\n<p>\u25cf Tableau de bord LCD am\u00e9lior\u00e9. Votre vitesse s'affiche en chiffres num\u00e9riques ainsi qu'un compteur kilom\u00e9trique vous permettant de conna\u00eetre le kilom\u00e9trage de votre v\u00e9lo<\/p>\n<p>\u25cf Le si\u00e8ge large et rembourr\u00e9 offre un confort et un style incomparables au conducteur et au passager.<\/p>\n<p>\u25cf Personnalisation disponible !<\/p>","protected":false},"featured_media":8658,"template":"","meta":{"site-sidebar-layout":"default","site-content-layout":"default","ast-site-content-layout":"default","site-content-style":"default","site-sidebar-style":"default","ast-global-header-display":"","ast-banner-title-visibility":"","ast-main-header-display":"","ast-hfb-above-header-display":"","ast-hfb-below-header-display":"","ast-hfb-mobile-header-display":"","site-post-title":"","ast-breadcrumbs-content":"","ast-featured-img":"","footer-sml-layout":"","ast-disable-related-posts":"","theme-transparent-header-meta":"default","adv-header-id-meta":"","stick-header-meta":"","header-above-stick-meta":"","header-main-stick-meta":"","header-below-stick-meta":"","astra-migrate-meta-layouts":"default","ast-page-background-enabled":"default","ast-page-background-meta":{"desktop":{"background-color":"","background-image":"","background-repeat":"repeat","background-position":"center center","background-size":"auto","background-attachment":"scroll","background-type":"","background-media":"","overlay-type":"","overlay-color":"","overlay-opacity":"","overlay-gradient":""},"tablet":{"background-color":"","background-image":"","background-repeat":"repeat","background-position":"center center","background-size":"auto","background-attachment":"scroll","background-type":"","background-media":"","overlay-type":"","overlay-color":"","overlay-opacity":"","overlay-gradient":""},"mobile":{"background-color":"","background-image":"","background-repeat":"repeat","background-position":"center center","background-size":"auto","background-attachment":"scroll","background-type":"","background-media":"","overlay-type":"","overlay-color":"","overlay-opacity":"","overlay-gradient":""}},"ast-content-background-meta":{"desktop":{"background-color":"var(--ast-global-color-5)","background-image":"","background-repeat":"repeat","background-position":"center center","background-size":"auto","background-attachment":"scroll","background-type":"","background-media":"","overlay-type":"","overlay-color":"","overlay-opacity":"","overlay-gradient":""},"tablet":{"background-color":"var(--ast-global-color-5)","background-image":"","background-repeat":"repeat","background-position":"center center","background-size":"auto","background-attachment":"scroll","background-type":"","background-media":"","overlay-type":"","overlay-color":"","overlay-opacity":"","overlay-gradient":""},"mobile":{"background-color":"var(--ast-global-color-5)","background-image":"","background-repeat":"repeat","background-position":"center center","background-size":"auto","background-attachment":"scroll","background-type":"","background-media":"","overlay-type":"","overlay-color":"","overlay-opacity":"","overlay-gradient":""}}},"product_brand":[],"product_cat":[27],"product_tag":[],"class_list":{"0":"post-9207","1":"product","2":"type-product","3":"status-publish","4":"has-post-thumbnail","6":"product_cat-electric-motorcycle","7":"desktop-align-left","8":"tablet-align-left","9":"mobile-align-left","11":"first","12":"instock","13":"shipping-taxable","14":"purchasable","15":"product-type-simple"},"_links":{"self":[{"href":"https:\/\/www.linkseride.com\/fr_ca\/wp-json\/wp\/v2\/product\/9207","targetHints":{"allow":["GET"]}}],"collection":[{"href":"https:\/\/www.linkseride.com\/fr_ca\/wp-json\/wp\/v2\/product"}],"about":[{"href":"https:\/\/www.linkseride.com\/fr_ca\/wp-json\/wp\/v2\/types\/product"}],"wp:featuredmedia":[{"embeddable":true,"href":"https:\/\/www.linkseride.com\/fr_ca\/wp-json\/wp\/v2\/media\/8658"}],"wp:attachment":[{"href":"https:\/\/www.linkseride.com\/fr_ca\/wp-json\/wp\/v2\/media?parent=9207"}],"wp:term":[{"taxonomy":"product_brand","embeddable":true,"href":"https:\/\/www.linkseride.com\/fr_ca\/wp-json\/wp\/v2\/product_brand?post=9207"},{"taxonomy":"product_cat","embeddable":true,"href":"https:\/\/www.linkseride.com\/fr_ca\/wp-json\/wp\/v2\/product_cat?post=9207"},{"taxonomy":"product_tag","embeddable":true,"href":"https:\/\/www.linkseride.com\/fr_ca\/wp-json\/wp\/v2\/product_tag?post=9207"}],"curies":[{"name":"wp","href":"https:\/\/api.w.org\/{rel}","templated":true}]}}