{"id":9645,"date":"2023-10-13T06:29:15","date_gmt":"2023-10-13T06:29:15","guid":{"rendered":"https:\/\/www.linkseride.com\/?post_type=product&#038;p=9645"},"modified":"2023-10-13T06:43:43","modified_gmt":"2023-10-13T06:43:43","slug":"citycoco-electric-scooters-3000w-60ah","status":"publish","type":"product","link":"https:\/\/www.linkseride.com\/fr_ca\/product\/citycoco-electric-scooters-3000w-60ah\/","title":{"rendered":"Scooters \u00e9lectriques Citycoco 3000W 60AH Chopper Mod\u00e8le CP-4MAX"},"content":{"rendered":"<p>Nous sommes passionn\u00e9s par ce que nous faisons pour notre avenir \u00e9lectrique, notamment <strong><a href=\"https:\/\/www.linkseride.com\/fr_ca\/electric-scooter-manufacturer\/\" target=\"_blank\" rel=\"noopener\">scooters \u00e9lectriques<\/a>, <a href=\"https:\/\/www.linkseride.com\/fr_ca\/fat-tire-scooter-electric\/\" target=\"_blank\" rel=\"noopener\">trottinette \u00e9lectrique \u00e0 gros pneus<\/a>, <a href=\"https:\/\/www.linkseride.com\/fr_ca\/fabricant-de-motos-electriques\/\" target=\"_blank\" rel=\"noopener\">scooter citycoco<\/a>, <a href=\"https:\/\/www.linkseride.com\/fr_ca\/electric-moped-manufacturer\/\" target=\"_blank\" rel=\"noopener\">cyclomoteur \u00e9lectrique<\/a><\/strong> etc.<\/p>\n<p>Linkseride Citycoco Electric Scooters 3000W 60AH Chopper Model CP-4MAX . This is the Luxury version with 3000w powerful engine, 80km\/h max speed. We use 60v 40ah battery, removable, single battery which can offer a 80-100km range.<\/p>\n<p><span style=\"font-size: 16px;\">Contactez-nous pour plus de d\u00e9tails.<\/span><\/p>\n<h2>What is the key features of this Citycoco Electric Scooters 3000W 60AH Chopper Model CP-4MAX ?<\/h2>\n<table width=\"638\">\n<tbody>\n<tr>\n<td style=\"font-weight: 400;\" width=\"114\"><strong>Moteur<\/strong><\/td>\n<td style=\"font-weight: 400;\" width=\"172\">3000-4000W<\/td>\n<td style=\"font-weight: 400;\" width=\"114\"><strong>Batterie<\/strong><\/td>\n<td style=\"font-weight: 400;\" width=\"238\">Batterie lithium amovible<\/td>\n<\/tr>\n<tr>\n<td style=\"font-weight: 400;\" width=\"114\"><strong>Frein<\/strong><\/td>\n<td style=\"font-weight: 400;\" width=\"172\">Freins \u00e0 double disque \u00e0 l'avant et \u00e0 l'arri\u00e8re<\/td>\n<td style=\"font-weight: 400;\" width=\"114\"><strong>Capacit\u00e9 de la batterie<\/strong><\/td>\n<td style=\"font-weight: 400;\" width=\"238\">40Ah\/50Ah\/60Ah battery<\/td>\n<\/tr>\n<tr>\n<td style=\"font-weight: 400;\" width=\"114\"><strong>Lumi\u00e8re<\/strong><\/td>\n<td style=\"font-weight: 400;\" width=\"172\">Phares, feux de virage et r\u00e9flecteurs arri\u00e8re \u00e0 diodes \u00e9lectroluminescentes (LED)<\/td>\n<td style=\"font-weight: 400;\" width=\"114\"><strong>charging time<\/strong><\/td>\n<td style=\"font-weight: 400;\" width=\"238\">6h<\/td>\n<\/tr>\n<tr>\n<td style=\"font-weight: 400;\" width=\"114\"><strong>Affichage<\/strong><\/td>\n<td style=\"font-weight: 400;\" width=\"172\">\u00c9cran LCD<\/td>\n<td style=\"font-weight: 400;\" width=\"114\"><strong>Pneu<\/strong><\/td>\n<td style=\"font-weight: 400;\" width=\"238\">Tire hub 12 inch aluminum wheel<\/td>\n<\/tr>\n<tr>\n<td style=\"font-weight: 400;\" width=\"114\"><strong>Cadre<\/strong><\/td>\n<td style=\"font-weight: 400;\" width=\"172\">Tube en acier sans soudure<\/td>\n<td style=\"font-weight: 400;\" width=\"114\"><strong>Top Speed<\/strong><\/td>\n<td style=\"font-weight: 400;\" width=\"238\">60-80km\/h<\/td>\n<\/tr>\n<tr>\n<td style=\"font-weight: 400;\" width=\"114\"><strong>Suspension<\/strong><\/td>\n<td style=\"font-weight: 400;\" width=\"172\">Suspension avant Fourche ; Amortisseur arri\u00e8re \u00e0 double ressort<\/td>\n<td style=\"font-weight: 400;\" width=\"114\"><strong>Port\u00e9e maximale<\/strong><\/td>\n<td style=\"font-weight: 400;\" width=\"238\">45-60km <span style=\"font-family: inherit; font-size: 16px; font-weight: 400;\">par charge (en fonction du poids, du terrain, des conditions m\u00e9t\u00e9orologiques, etc.)<\/span><\/td>\n<\/tr>\n<\/tbody>\n<\/table>\n<h2>More detailed images for Citycoco Electric Scooters Model CP-4MAX<\/h2>\n<p>We&#8217;ve also got another new Citycoco Electric Scooters, if you need more info, you can <a href=\"https:\/\/www.linkseride.com\/fr_ca\/electric-scooter-manufacturer\/\">find here<\/a>.<\/p>\n<p>Vous trouverez d'autres vid\u00e9os de pr\u00e9sentation ici :\u00a0<a href=\"https:\/\/www.youtube.com\/channel\/UCw4wsO7M_kRsCHTxcFeqTAA\" target=\"_blank\" rel=\"noopener\">https:\/\/www.youtube.com\/channel\/UCw4wsO7M_kRsCHTxcFeqTAA<\/a><\/p>\n<div class=\"ast-oembed-container\" style=\"height: 100%;\"><iframe title=\"Linkseride Luxury Citycoco Scooter Model CP-9 Fat Scooter 4000w 85kmph\" width=\"500\" height=\"281\" src=\"https:\/\/www.youtube.com\/embed\/qc319QTteHA?feature=oembed\" frameborder=\"0\" allow=\"accelerometer; autoplay; clipboard-write; encrypted-media; gyroscope; picture-in-picture; web-share\" referrerpolicy=\"strict-origin-when-cross-origin\" allowfullscreen><\/iframe><\/div>","protected":false},"excerpt":{"rendered":"<p>\u25cf Linkseride Citycoco Electric Scooters 3000W 60AH Chopper Model CP-4MAX<\/p>\n<p>\u25cf Lithium battery 40ah\/60ah optional<\/p>\n<p>\u25cf60v 3000w powerful engine, 80km\/h max speed.<\/p>\n<p>\u25cf Freins \u00e0 double disque \u00e0 l'avant et \u00e0 l'arri\u00e8re<\/p>\n<p>\u25cf OEM available for all colors, distributor wanted<\/p>","protected":false},"featured_media":9646,"template":"","meta":{"site-sidebar-layout":"default","site-content-layout":"default","ast-site-content-layout":"default","site-content-style":"default","site-sidebar-style":"default","ast-global-header-display":"","ast-banner-title-visibility":"","ast-main-header-display":"","ast-hfb-above-header-display":"","ast-hfb-below-header-display":"","ast-hfb-mobile-header-display":"","site-post-title":"","ast-breadcrumbs-content":"","ast-featured-img":"","footer-sml-layout":"","ast-disable-related-posts":"","theme-transparent-header-meta":"default","adv-header-id-meta":"","stick-header-meta":"","header-above-stick-meta":"","header-main-stick-meta":"","header-below-stick-meta":"","astra-migrate-meta-layouts":"default","ast-page-background-enabled":"default","ast-page-background-meta":{"desktop":{"background-color":"","background-image":"","background-repeat":"repeat","background-position":"center center","background-size":"auto","background-attachment":"scroll","background-type":"","background-media":"","overlay-type":"","overlay-color":"","overlay-opacity":"","overlay-gradient":""},"tablet":{"background-color":"","background-image":"","background-repeat":"repeat","background-position":"center center","background-size":"auto","background-attachment":"scroll","background-type":"","background-media":"","overlay-type":"","overlay-color":"","overlay-opacity":"","overlay-gradient":""},"mobile":{"background-color":"","background-image":"","background-repeat":"repeat","background-position":"center center","background-size":"auto","background-attachment":"scroll","background-type":"","background-media":"","overlay-type":"","overlay-color":"","overlay-opacity":"","overlay-gradient":""}},"ast-content-background-meta":{"desktop":{"background-color":"var(--ast-global-color-5)","background-image":"","background-repeat":"repeat","background-position":"center center","background-size":"auto","background-attachment":"scroll","background-type":"","background-media":"","overlay-type":"","overlay-color":"","overlay-opacity":"","overlay-gradient":""},"tablet":{"background-color":"var(--ast-global-color-5)","background-image":"","background-repeat":"repeat","background-position":"center center","background-size":"auto","background-attachment":"scroll","background-type":"","background-media":"","overlay-type":"","overlay-color":"","overlay-opacity":"","overlay-gradient":""},"mobile":{"background-color":"var(--ast-global-color-5)","background-image":"","background-repeat":"repeat","background-position":"center center","background-size":"auto","background-attachment":"scroll","background-type":"","background-media":"","overlay-type":"","overlay-color":"","overlay-opacity":"","overlay-gradient":""}}},"product_brand":[],"product_cat":[27,28],"product_tag":[38,50],"class_list":{"0":"post-9645","1":"product","2":"type-product","3":"status-publish","4":"has-post-thumbnail","6":"product_cat-electric-motorcycle","7":"product_cat-electric-scooter","8":"product_tag-citycoco-scooter","9":"product_tag-fat-tire-scooter","10":"desktop-align-left","11":"tablet-align-left","12":"mobile-align-left","14":"first","15":"instock","16":"shipping-taxable","17":"product-type-simple"},"_links":{"self":[{"href":"https:\/\/www.linkseride.com\/fr_ca\/wp-json\/wp\/v2\/product\/9645","targetHints":{"allow":["GET"]}}],"collection":[{"href":"https:\/\/www.linkseride.com\/fr_ca\/wp-json\/wp\/v2\/product"}],"about":[{"href":"https:\/\/www.linkseride.com\/fr_ca\/wp-json\/wp\/v2\/types\/product"}],"wp:featuredmedia":[{"embeddable":true,"href":"https:\/\/www.linkseride.com\/fr_ca\/wp-json\/wp\/v2\/media\/9646"}],"wp:attachment":[{"href":"https:\/\/www.linkseride.com\/fr_ca\/wp-json\/wp\/v2\/media?parent=9645"}],"wp:term":[{"taxonomy":"product_brand","embeddable":true,"href":"https:\/\/www.linkseride.com\/fr_ca\/wp-json\/wp\/v2\/product_brand?post=9645"},{"taxonomy":"product_cat","embeddable":true,"href":"https:\/\/www.linkseride.com\/fr_ca\/wp-json\/wp\/v2\/product_cat?post=9645"},{"taxonomy":"product_tag","embeddable":true,"href":"https:\/\/www.linkseride.com\/fr_ca\/wp-json\/wp\/v2\/product_tag?post=9645"}],"curies":[{"name":"wp","href":"https:\/\/api.w.org\/{rel}","templated":true}]}}