{"id":9655,"date":"2023-10-13T06:43:57","date_gmt":"2023-10-13T06:43:57","guid":{"rendered":"https:\/\/www.linkseride.com\/?post_type=product&#038;p=9655"},"modified":"2026-01-08T09:18:58","modified_gmt":"2026-01-08T09:18:58","slug":"linkseride-m1p-trike-scooter-electric","status":"publish","type":"product","link":"https:\/\/www.linkseride.com\/fr_ca\/product\/linkseride-m1p-trike-scooter-electric\/","title":{"rendered":"Linkseride M1P Trike Scooter Electrique | USA Warehouse"},"content":{"rendered":"<p>Nous sommes passionn\u00e9s par ce que nous faisons pour notre avenir \u00e9lectrique, notamment <strong><a href=\"https:\/\/www.linkseride.com\/fr_ca\/electric-scooter-manufacturer\/\" target=\"_blank\" rel=\"noopener\">scooters \u00e9lectriques<\/a>, <a href=\"https:\/\/www.linkseride.com\/fr_ca\/fat-tire-scooter-electric\/\" target=\"_blank\" rel=\"noopener\">trottinette \u00e9lectrique \u00e0 gros pneus<\/a>, <a href=\"https:\/\/www.linkseride.com\/fr_ca\/fabricant-de-motos-electriques\/\" target=\"_blank\" rel=\"noopener\">scooter citycoco<\/a>, <a href=\"https:\/\/www.linkseride.com\/fr_ca\/electric-moped-manufacturer\/\" target=\"_blank\" rel=\"noopener\">cyclomoteur \u00e9lectrique<\/a><\/strong> etc.<\/p>\n<p>Linkseride M1P Trike Scooter Electric USA Warehouse In Stock. The newM1P Trike Scooter USA has 2000W max motor power with 2 sets of 60V 30 AH battery capacity, range up to 75-120 km.<\/p>\n<p><span style=\"font-size: 16px;\">Contactez-nous pour plus de d\u00e9tails.<\/span><\/p>\n<h2>What is the key features of this M1P Trike Scooter Electric USA?<\/h2>\n<table width=\"638\">\n<tbody>\n<tr>\n<td style=\"font-weight: 400;\" width=\"114\"><strong>Moteur<\/strong><\/td>\n<td style=\"font-weight: 400;\" width=\"172\">60V 2000W<\/td>\n<td style=\"font-weight: 400;\" width=\"114\"><strong>Batterie<\/strong><\/td>\n<td style=\"font-weight: 400;\" width=\"238\">60V30Ah, removable double battery<\/td>\n<\/tr>\n<tr>\n<td style=\"font-weight: 400;\" width=\"114\"><strong>Frein<\/strong><\/td>\n<td style=\"font-weight: 400;\" width=\"172\">Freins \u00e0 double disque \u00e0 l'avant et \u00e0 l'arri\u00e8re<\/td>\n<td style=\"font-weight: 400;\" width=\"114\"><strong>Capacit\u00e9 de la batterie<\/strong><\/td>\n<td style=\"font-weight: 400;\" width=\"238\">30Ah battery<\/td>\n<\/tr>\n<tr>\n<td style=\"font-weight: 400;\" width=\"114\"><strong>Lumi\u00e8re<\/strong><\/td>\n<td style=\"font-weight: 400;\" width=\"172\">Phares, feux de virage et r\u00e9flecteurs arri\u00e8re \u00e0 diodes \u00e9lectroluminescentes (LED)<\/td>\n<td style=\"font-weight: 400;\" width=\"114\"><strong>Si\u00e8ge<\/strong><\/td>\n<td style=\"font-weight: 400;\" width=\"238\">Straight grain synthetic leather seat-Size: 18.1*12.6IN<\/td>\n<\/tr>\n<tr>\n<td style=\"font-weight: 400;\" width=\"114\"><strong>Charge maximale<\/strong><\/td>\n<td style=\"font-weight: 400;\" width=\"172\">200 kg<\/td>\n<td style=\"font-weight: 400;\" width=\"114\"><strong>Pneu<\/strong><\/td>\n<td style=\"font-weight: 400;\" width=\"238\">F: 130\/70-12 ; R: 215\/40-12<\/td>\n<\/tr>\n<tr>\n<td style=\"font-weight: 400;\" width=\"114\"><strong>Cadre<\/strong><\/td>\n<td style=\"font-weight: 400;\" width=\"172\">Weldless steel tube<\/td>\n<td style=\"font-weight: 400;\" width=\"114\"><strong>Vitesse maximale<\/strong><\/td>\n<td style=\"font-weight: 400;\" width=\"238\">37mph<\/td>\n<\/tr>\n<tr>\n<td style=\"font-weight: 400;\" width=\"114\"><strong>Suspension<\/strong><\/td>\n<td style=\"font-weight: 400;\" width=\"172\">Suspension avant Fourche ; Amortisseur arri\u00e8re \u00e0 double ressort<\/td>\n<td style=\"font-weight: 400;\" width=\"114\"><strong>Chargeur<br \/>\n<\/strong><\/td>\n<td style=\"font-weight: 400;\" width=\"238\">67.2V ~ 5A smart charger (Charging time: 4-6 H)<\/td>\n<\/tr>\n<\/tbody>\n<\/table>\n<h2>What is included in this M1P Trike Scooter Electric USA package?<\/h2>\n<p>1* Scooter CityCoco<br \/>\n1* Manuel de l'utilisateur<br \/>\n1* Chargeur de batterie<br \/>\n1* Sp\u00e9cification<br \/>\n1* Carte de garantie (garantie d'un an pour les principales pi\u00e8ces d\u00e9tach\u00e9es, y compris le moteur, le chargeur et l'emballage de contr\u00f4le)<br \/>\nEn g\u00e9n\u00e9ral, nous emballons nos produits dans des bo\u00eetes en carton \u00e0 7 couches, avec un emballage en mousse \u00e0 l'int\u00e9rieur pour les prot\u00e9ger, un cadre en bois ou un cadre en acier est \u00e9galement disponible si n\u00e9cessaire.<br \/>\nNous pouvons emballer les marchandises dans vos bo\u00eetes de marque apr\u00e8s avoir re\u00e7u vos lettres d'autorisation.<\/p>\n<h2><\/h2>\n<h2>More detailed images for M1P Trike Scooter Electric USA<\/h2>\n<div id='gallery-1' class='gallery galleryid-9655 gallery-columns-3 gallery-size-full'><figure class='gallery-item'>\n\t\t\t<div class='gallery-icon landscape'>\n\t\t\t\t<img fetchpriority=\"high\" decoding=\"async\" width=\"1920\" height=\"1440\" src=\"https:\/\/www.linkseride.com\/wp-content\/uploads\/2023\/10\/Trike-Scooter-Electric-parts-cbb369dfbb9739dfbc0525b63a73e86d.png\" class=\"attachment-full size-full\" alt=\"Trike Scooter Electric\" srcset=\"https:\/\/www.linkseride.com\/wp-content\/uploads\/2023\/10\/Trike-Scooter-Electric-parts-cbb369dfbb9739dfbc0525b63a73e86d.png 1920w, https:\/\/www.linkseride.com\/wp-content\/uploads\/2023\/10\/Trike-Scooter-Electric-parts-cbb369dfbb9739dfbc0525b63a73e86d-300x225.png 300w, https:\/\/www.linkseride.com\/wp-content\/uploads\/2023\/10\/Trike-Scooter-Electric-parts-cbb369dfbb9739dfbc0525b63a73e86d-1024x768.png 1024w, https:\/\/www.linkseride.com\/wp-content\/uploads\/2023\/10\/Trike-Scooter-Electric-parts-cbb369dfbb9739dfbc0525b63a73e86d-768x576.png 768w, https:\/\/www.linkseride.com\/wp-content\/uploads\/2023\/10\/Trike-Scooter-Electric-parts-cbb369dfbb9739dfbc0525b63a73e86d-1536x1152.png 1536w, https:\/\/www.linkseride.com\/wp-content\/uploads\/2023\/10\/Trike-Scooter-Electric-parts-cbb369dfbb9739dfbc0525b63a73e86d-600x450.png 600w\" sizes=\"(max-width: 1920px) 100vw, 1920px\" \/>\n\t\t\t<\/div><\/figure><figure class='gallery-item'>\n\t\t\t<div class='gallery-icon landscape'>\n\t\t\t\t<img decoding=\"async\" width=\"1784\" height=\"1338\" src=\"https:\/\/www.linkseride.com\/wp-content\/uploads\/2023\/10\/Trike-Scooter-Electric-parts-89d44f9d896684dd41cf3e2b0cd9a940.png\" class=\"attachment-full size-full\" alt=\"Trike Scooter Electric\" srcset=\"https:\/\/www.linkseride.com\/wp-content\/uploads\/2023\/10\/Trike-Scooter-Electric-parts-89d44f9d896684dd41cf3e2b0cd9a940.png 1784w, https:\/\/www.linkseride.com\/wp-content\/uploads\/2023\/10\/Trike-Scooter-Electric-parts-89d44f9d896684dd41cf3e2b0cd9a940-300x225.png 300w, https:\/\/www.linkseride.com\/wp-content\/uploads\/2023\/10\/Trike-Scooter-Electric-parts-89d44f9d896684dd41cf3e2b0cd9a940-1024x768.png 1024w, https:\/\/www.linkseride.com\/wp-content\/uploads\/2023\/10\/Trike-Scooter-Electric-parts-89d44f9d896684dd41cf3e2b0cd9a940-768x576.png 768w, https:\/\/www.linkseride.com\/wp-content\/uploads\/2023\/10\/Trike-Scooter-Electric-parts-89d44f9d896684dd41cf3e2b0cd9a940-1536x1152.png 1536w, https:\/\/www.linkseride.com\/wp-content\/uploads\/2023\/10\/Trike-Scooter-Electric-parts-89d44f9d896684dd41cf3e2b0cd9a940-600x450.png 600w\" sizes=\"(max-width: 1784px) 100vw, 1784px\" \/>\n\t\t\t<\/div><\/figure><figure class='gallery-item'>\n\t\t\t<div class='gallery-icon landscape'>\n\t\t\t\t<img decoding=\"async\" width=\"1440\" height=\"1080\" src=\"https:\/\/www.linkseride.com\/wp-content\/uploads\/2023\/10\/Trike-Scooter-Electric-part-M1PTrike_rear_basket.png\" class=\"attachment-full size-full\" alt=\"Trike Scooter Electric\" srcset=\"https:\/\/www.linkseride.com\/wp-content\/uploads\/2023\/10\/Trike-Scooter-Electric-part-M1PTrike_rear_basket.png 1440w, https:\/\/www.linkseride.com\/wp-content\/uploads\/2023\/10\/Trike-Scooter-Electric-part-M1PTrike_rear_basket-300x225.png 300w, https:\/\/www.linkseride.com\/wp-content\/uploads\/2023\/10\/Trike-Scooter-Electric-part-M1PTrike_rear_basket-1024x768.png 1024w, https:\/\/www.linkseride.com\/wp-content\/uploads\/2023\/10\/Trike-Scooter-Electric-part-M1PTrike_rear_basket-768x576.png 768w, https:\/\/www.linkseride.com\/wp-content\/uploads\/2023\/10\/Trike-Scooter-Electric-part-M1PTrike_rear_basket-600x450.png 600w\" sizes=\"(max-width: 1440px) 100vw, 1440px\" \/>\n\t\t\t<\/div><\/figure><figure class='gallery-item'>\n\t\t\t<div class='gallery-icon landscape'>\n\t\t\t\t<img loading=\"lazy\" decoding=\"async\" width=\"1440\" height=\"1080\" src=\"https:\/\/www.linkseride.com\/wp-content\/uploads\/2023\/10\/Trike-Scooter-Electric-parts-M1Ptrike_suspension.png\" class=\"attachment-full size-full\" alt=\"Trike Scooter Electric\" srcset=\"https:\/\/www.linkseride.com\/wp-content\/uploads\/2023\/10\/Trike-Scooter-Electric-parts-M1Ptrike_suspension.png 1440w, https:\/\/www.linkseride.com\/wp-content\/uploads\/2023\/10\/Trike-Scooter-Electric-parts-M1Ptrike_suspension-300x225.png 300w, https:\/\/www.linkseride.com\/wp-content\/uploads\/2023\/10\/Trike-Scooter-Electric-parts-M1Ptrike_suspension-1024x768.png 1024w, https:\/\/www.linkseride.com\/wp-content\/uploads\/2023\/10\/Trike-Scooter-Electric-parts-M1Ptrike_suspension-768x576.png 768w, https:\/\/www.linkseride.com\/wp-content\/uploads\/2023\/10\/Trike-Scooter-Electric-parts-M1Ptrike_suspension-600x450.png 600w\" sizes=\"(max-width: 1440px) 100vw, 1440px\" \/>\n\t\t\t<\/div><\/figure><figure class='gallery-item'>\n\t\t\t<div class='gallery-icon landscape'>\n\t\t\t\t<img loading=\"lazy\" decoding=\"async\" width=\"1440\" height=\"1080\" src=\"https:\/\/www.linkseride.com\/wp-content\/uploads\/2023\/10\/Trike-Scooter-Electric-parts-M1Ptrike_wobbler.png\" class=\"attachment-full size-full\" alt=\"Trike Scooter Electric\" srcset=\"https:\/\/www.linkseride.com\/wp-content\/uploads\/2023\/10\/Trike-Scooter-Electric-parts-M1Ptrike_wobbler.png 1440w, https:\/\/www.linkseride.com\/wp-content\/uploads\/2023\/10\/Trike-Scooter-Electric-parts-M1Ptrike_wobbler-300x225.png 300w, https:\/\/www.linkseride.com\/wp-content\/uploads\/2023\/10\/Trike-Scooter-Electric-parts-M1Ptrike_wobbler-1024x768.png 1024w, https:\/\/www.linkseride.com\/wp-content\/uploads\/2023\/10\/Trike-Scooter-Electric-parts-M1Ptrike_wobbler-768x576.png 768w, https:\/\/www.linkseride.com\/wp-content\/uploads\/2023\/10\/Trike-Scooter-Electric-parts-M1Ptrike_wobbler-600x450.png 600w\" sizes=\"(max-width: 1440px) 100vw, 1440px\" \/>\n\t\t\t<\/div><\/figure><figure class='gallery-item'>\n\t\t\t<div class='gallery-icon landscape'>\n\t\t\t\t<img loading=\"lazy\" decoding=\"async\" width=\"1920\" height=\"1920\" src=\"https:\/\/www.linkseride.com\/wp-content\/uploads\/2023\/10\/Trike-Scooter-Electric-parts-Tailtrunk.png\" class=\"attachment-full size-full\" alt=\"Trike Scooter Electric\" srcset=\"https:\/\/www.linkseride.com\/wp-content\/uploads\/2023\/10\/Trike-Scooter-Electric-parts-Tailtrunk.png 1920w, https:\/\/www.linkseride.com\/wp-content\/uploads\/2023\/10\/Trike-Scooter-Electric-parts-Tailtrunk-300x300.png 300w, https:\/\/www.linkseride.com\/wp-content\/uploads\/2023\/10\/Trike-Scooter-Electric-parts-Tailtrunk-1024x1024.png 1024w, https:\/\/www.linkseride.com\/wp-content\/uploads\/2023\/10\/Trike-Scooter-Electric-parts-Tailtrunk-150x150.png 150w, https:\/\/www.linkseride.com\/wp-content\/uploads\/2023\/10\/Trike-Scooter-Electric-parts-Tailtrunk-768x768.png 768w, https:\/\/www.linkseride.com\/wp-content\/uploads\/2023\/10\/Trike-Scooter-Electric-parts-Tailtrunk-1536x1536.png 1536w, https:\/\/www.linkseride.com\/wp-content\/uploads\/2023\/10\/Trike-Scooter-Electric-parts-Tailtrunk-600x600.png 600w, https:\/\/www.linkseride.com\/wp-content\/uploads\/2023\/10\/Trike-Scooter-Electric-parts-Tailtrunk-100x100.png 100w\" sizes=\"(max-width: 1920px) 100vw, 1920px\" \/>\n\t\t\t<\/div><\/figure>\n\t\t<\/div>\n\n<p>Nous avons \u00e9galement un autre nouveau mod\u00e8le de scooter Citycoco en forme de Harley. Si vous souhaitez plus d'informations, vous pouvez<a href=\"https:\/\/www.linkseride.com\/fr_ca\/electric-scooter-manufacturer\/\"> Trouvez ici.<\/a><\/p>\n<p>Vous trouverez d'autres vid\u00e9os de pr\u00e9sentation ici : <a href=\"https:\/\/www.youtube.com\/c\/LinksErideTech\" target=\"_blank\" rel=\"noopener\">https:\/\/www.youtube.com\/c\/LinksErideTech<\/a><\/p>\n<div class=\"ast-oembed-container\" style=\"height: 100%;\"><iframe title=\"Everything You Need to Know Before Purchasing Your M1P Electric Scooter\" width=\"500\" height=\"281\" src=\"https:\/\/www.youtube.com\/embed\/KE1jDJdzs4Q?feature=oembed&#038;enablejsapi=1&#038;origin=https:\/\/www.linkseride.com\" frameborder=\"0\" allow=\"accelerometer; autoplay; clipboard-write; encrypted-media; gyroscope; picture-in-picture; web-share\" referrerpolicy=\"strict-origin-when-cross-origin\" allowfullscreen><\/iframe><\/div>","protected":false},"excerpt":{"rendered":"<p>\u25cf Linkseride M1P Trike Scooter Electric USA Warehouse In Stock<\/p>\n<p>\u25cf Lithium battery 30ah<\/p>\n<p>\u25cf 60v 2000w powerful engine, 37mph max speed.<\/p>\n<p>\u25cf Freins \u00e0 double disque \u00e0 l'avant et \u00e0 l'arri\u00e8re<\/p>\n<p>\u25cf OEM disponible pour toutes les couleurs, distributeur recherch\u00e9 dans le monde entier.<\/p>","protected":false},"featured_media":9662,"template":"","meta":{"site-sidebar-layout":"default","site-content-layout":"default","ast-site-content-layout":"default","site-content-style":"default","site-sidebar-style":"default","ast-global-header-display":"","ast-banner-title-visibility":"","ast-main-header-display":"","ast-hfb-above-header-display":"","ast-hfb-below-header-display":"","ast-hfb-mobile-header-display":"","site-post-title":"","ast-breadcrumbs-content":"","ast-featured-img":"","footer-sml-layout":"","ast-disable-related-posts":"","theme-transparent-header-meta":"default","adv-header-id-meta":"","stick-header-meta":"","header-above-stick-meta":"","header-main-stick-meta":"","header-below-stick-meta":"","astra-migrate-meta-layouts":"set","ast-page-background-enabled":"default","ast-page-background-meta":{"desktop":{"background-color":"","background-image":"","background-repeat":"repeat","background-position":"center center","background-size":"auto","background-attachment":"scroll","background-type":"","background-media":"","overlay-type":"","overlay-color":"","overlay-opacity":"","overlay-gradient":""},"tablet":{"background-color":"","background-image":"","background-repeat":"repeat","background-position":"center center","background-size":"auto","background-attachment":"scroll","background-type":"","background-media":"","overlay-type":"","overlay-color":"","overlay-opacity":"","overlay-gradient":""},"mobile":{"background-color":"","background-image":"","background-repeat":"repeat","background-position":"center center","background-size":"auto","background-attachment":"scroll","background-type":"","background-media":"","overlay-type":"","overlay-color":"","overlay-opacity":"","overlay-gradient":""}},"ast-content-background-meta":{"desktop":{"background-color":"var(--ast-global-color-5)","background-image":"","background-repeat":"repeat","background-position":"center center","background-size":"auto","background-attachment":"scroll","background-type":"","background-media":"","overlay-type":"","overlay-color":"","overlay-opacity":"","overlay-gradient":""},"tablet":{"background-color":"var(--ast-global-color-5)","background-image":"","background-repeat":"repeat","background-position":"center center","background-size":"auto","background-attachment":"scroll","background-type":"","background-media":"","overlay-type":"","overlay-color":"","overlay-opacity":"","overlay-gradient":""},"mobile":{"background-color":"var(--ast-global-color-5)","background-image":"","background-repeat":"repeat","background-position":"center center","background-size":"auto","background-attachment":"scroll","background-type":"","background-media":"","overlay-type":"","overlay-color":"","overlay-opacity":"","overlay-gradient":""}}},"product_brand":[],"product_cat":[27,28],"product_tag":[38,50],"class_list":{"0":"post-9655","1":"product","2":"type-product","3":"status-publish","4":"has-post-thumbnail","6":"product_cat-electric-motorcycle","7":"product_cat-electric-scooter","8":"product_tag-citycoco-scooter","9":"product_tag-fat-tire-scooter","10":"desktop-align-left","11":"tablet-align-left","12":"mobile-align-left","14":"first","15":"instock","16":"shipping-taxable","17":"product-type-simple"},"_links":{"self":[{"href":"https:\/\/www.linkseride.com\/fr_ca\/wp-json\/wp\/v2\/product\/9655","targetHints":{"allow":["GET"]}}],"collection":[{"href":"https:\/\/www.linkseride.com\/fr_ca\/wp-json\/wp\/v2\/product"}],"about":[{"href":"https:\/\/www.linkseride.com\/fr_ca\/wp-json\/wp\/v2\/types\/product"}],"wp:featuredmedia":[{"embeddable":true,"href":"https:\/\/www.linkseride.com\/fr_ca\/wp-json\/wp\/v2\/media\/9662"}],"wp:attachment":[{"href":"https:\/\/www.linkseride.com\/fr_ca\/wp-json\/wp\/v2\/media?parent=9655"}],"wp:term":[{"taxonomy":"product_brand","embeddable":true,"href":"https:\/\/www.linkseride.com\/fr_ca\/wp-json\/wp\/v2\/product_brand?post=9655"},{"taxonomy":"product_cat","embeddable":true,"href":"https:\/\/www.linkseride.com\/fr_ca\/wp-json\/wp\/v2\/product_cat?post=9655"},{"taxonomy":"product_tag","embeddable":true,"href":"https:\/\/www.linkseride.com\/fr_ca\/wp-json\/wp\/v2\/product_tag?post=9655"}],"curies":[{"name":"wp","href":"https:\/\/api.w.org\/{rel}","templated":true}]}}