{"id":9666,"date":"2023-10-13T07:17:02","date_gmt":"2023-10-13T07:17:02","guid":{"rendered":"https:\/\/www.linkseride.com\/?post_type=product&#038;p=9666"},"modified":"2026-01-08T09:18:38","modified_gmt":"2026-01-08T09:18:38","slug":"linkseride-m2-e-trike-scooter","status":"publish","type":"product","link":"https:\/\/www.linkseride.com\/fr_ca\/product\/linkseride-m2-e-trike-scooter\/","title":{"rendered":"Linkseride M2 E Trike Scooter | US Warehouse"},"content":{"rendered":"<p>Nous sommes passionn\u00e9s par ce que nous faisons pour notre avenir \u00e9lectrique, notamment <strong><a href=\"https:\/\/www.linkseride.com\/fr_ca\/electric-scooter-manufacturer\/\" target=\"_blank\" rel=\"noopener\">scooters \u00e9lectriques<\/a>, <a href=\"https:\/\/www.linkseride.com\/fr_ca\/fat-tire-scooter-electric\/\" target=\"_blank\" rel=\"noopener\">trottinette \u00e9lectrique \u00e0 gros pneus<\/a>, <a href=\"https:\/\/www.linkseride.com\/fr_ca\/fabricant-de-motos-electriques\/\" target=\"_blank\" rel=\"noopener\">scooter citycoco<\/a>, <a href=\"https:\/\/www.linkseride.com\/fr_ca\/electric-moped-manufacturer\/\" target=\"_blank\" rel=\"noopener\">cyclomoteur \u00e9lectrique<\/a><\/strong> etc.<\/p>\n<p>Linkseride Linkseride M2 E Trike Scooter USA Warehouse In Stock. The new Linkseride M2 E Trike Scooter USA has 3000W max motor power with 1 set of 60V 40 AH battery capacity, range up to 75-120 km.<\/p>\n<p><span style=\"font-size: 16px;\">Contactez-nous pour plus de d\u00e9tails.<\/span><\/p>\n<h2>What is the key features of this M2 E Trike Scooter?<\/h2>\n<table width=\"638\">\n<tbody>\n<tr>\n<td style=\"font-weight: 400;\" width=\"114\"><strong>Moteur<\/strong><\/td>\n<td style=\"font-weight: 400;\" width=\"172\">60V 2000W<\/td>\n<td style=\"font-weight: 400;\" width=\"114\"><strong>Batterie<\/strong><\/td>\n<td style=\"font-weight: 400;\" width=\"238\">60V40Ah, removable double battery<\/td>\n<\/tr>\n<tr>\n<td style=\"font-weight: 400;\" width=\"114\"><strong>Frein<\/strong><\/td>\n<td style=\"font-weight: 400;\" width=\"172\">Freins \u00e0 double disque \u00e0 l'avant et \u00e0 l'arri\u00e8re<\/td>\n<td style=\"font-weight: 400;\" width=\"114\"><strong>Capacit\u00e9 de la batterie<\/strong><\/td>\n<td style=\"font-weight: 400;\" width=\"238\">40Ah battery<\/td>\n<\/tr>\n<tr>\n<td style=\"font-weight: 400;\" width=\"114\"><strong>Lumi\u00e8re<\/strong><\/td>\n<td style=\"font-weight: 400;\" width=\"172\">Phares, feux de virage et r\u00e9flecteurs arri\u00e8re \u00e0 diodes \u00e9lectroluminescentes (LED)<\/td>\n<td style=\"font-weight: 400;\" width=\"114\"><strong>Si\u00e8ge<\/strong><\/td>\n<td style=\"font-weight: 400;\" width=\"238\">Straight grain synthetic leather seat-Size: 18.1*12.6IN<\/td>\n<\/tr>\n<tr>\n<td style=\"font-weight: 400;\" width=\"114\"><strong>Charge maximale<\/strong><\/td>\n<td style=\"font-weight: 400;\" width=\"172\">200 kg<\/td>\n<td style=\"font-weight: 400;\" width=\"114\"><strong>Pneu<\/strong><\/td>\n<td style=\"font-weight: 400;\" width=\"238\">F: 165\/45-12 ; R: 215\/40-12<\/td>\n<\/tr>\n<tr>\n<td style=\"font-weight: 400;\" width=\"114\"><strong>Cadre<\/strong><\/td>\n<td style=\"font-weight: 400;\" width=\"172\">Weldless steel tube<\/td>\n<td style=\"font-weight: 400;\" width=\"114\"><strong>Vitesse maximale<\/strong><\/td>\n<td style=\"font-weight: 400;\" width=\"238\">48mph<\/td>\n<\/tr>\n<tr>\n<td style=\"font-weight: 400;\" width=\"114\"><strong>Suspension<\/strong><\/td>\n<td style=\"font-weight: 400;\" width=\"172\">Suspension avant Fourche ; Amortisseur arri\u00e8re \u00e0 double ressort<\/td>\n<td style=\"font-weight: 400;\" width=\"114\"><strong>Chargeur<br \/>\n<\/strong><\/td>\n<td style=\"font-weight: 400;\" width=\"238\">67.2V ~ 5A smart charger (Charging time: 4-6 H)<\/td>\n<\/tr>\n<\/tbody>\n<\/table>\n<h2>What is included in this M2 E Trike Scooter package?<\/h2>\n<p>1* Scooter CityCoco<br \/>\n1* Manuel de l'utilisateur<br \/>\n1* Chargeur de batterie<br \/>\n1* Sp\u00e9cification<br \/>\n1* Carte de garantie (garantie d'un an pour les principales pi\u00e8ces d\u00e9tach\u00e9es, y compris le moteur, le chargeur et l'emballage de contr\u00f4le)<br \/>\nEn g\u00e9n\u00e9ral, nous emballons nos produits dans des bo\u00eetes en carton \u00e0 7 couches, avec un emballage en mousse \u00e0 l'int\u00e9rieur pour les prot\u00e9ger, un cadre en bois ou un cadre en acier est \u00e9galement disponible si n\u00e9cessaire.<br \/>\nNous pouvons emballer les marchandises dans vos bo\u00eetes de marque apr\u00e8s avoir re\u00e7u vos lettres d'autorisation.<\/p>\n<h2><\/h2>\n<h2>More detailed images for M2 E Trike Scooter<\/h2>\n<div id='gallery-1' class='gallery galleryid-9666 gallery-columns-4 gallery-size-full'><figure class='gallery-item'>\n\t\t\t<div class='gallery-icon landscape'>\n\t\t\t\t<img fetchpriority=\"high\" decoding=\"async\" width=\"1512\" height=\"1133\" src=\"https:\/\/www.linkseride.com\/wp-content\/uploads\/2023\/10\/E-Trike-Scooter-parts-M2_Trike_display.png\" class=\"attachment-full size-full\" alt=\"Scooter E Trike\" srcset=\"https:\/\/www.linkseride.com\/wp-content\/uploads\/2023\/10\/E-Trike-Scooter-parts-M2_Trike_display.png 1512w, https:\/\/www.linkseride.com\/wp-content\/uploads\/2023\/10\/E-Trike-Scooter-parts-M2_Trike_display-300x225.png 300w, https:\/\/www.linkseride.com\/wp-content\/uploads\/2023\/10\/E-Trike-Scooter-parts-M2_Trike_display-1024x767.png 1024w, https:\/\/www.linkseride.com\/wp-content\/uploads\/2023\/10\/E-Trike-Scooter-parts-M2_Trike_display-768x575.png 768w, https:\/\/www.linkseride.com\/wp-content\/uploads\/2023\/10\/E-Trike-Scooter-parts-M2_Trike_display-600x450.png 600w\" sizes=\"(max-width: 1512px) 100vw, 1512px\" \/>\n\t\t\t<\/div><\/figure><figure class='gallery-item'>\n\t\t\t<div class='gallery-icon landscape'>\n\t\t\t\t<img decoding=\"async\" width=\"1750\" height=\"1313\" src=\"https:\/\/www.linkseride.com\/wp-content\/uploads\/2023\/10\/E-Trike-Scooter-parts-M2_Trike_headlight.png\" class=\"attachment-full size-full\" alt=\"Scooter E Trike\" srcset=\"https:\/\/www.linkseride.com\/wp-content\/uploads\/2023\/10\/E-Trike-Scooter-parts-M2_Trike_headlight.png 1750w, https:\/\/www.linkseride.com\/wp-content\/uploads\/2023\/10\/E-Trike-Scooter-parts-M2_Trike_headlight-300x225.png 300w, https:\/\/www.linkseride.com\/wp-content\/uploads\/2023\/10\/E-Trike-Scooter-parts-M2_Trike_headlight-1024x768.png 1024w, https:\/\/www.linkseride.com\/wp-content\/uploads\/2023\/10\/E-Trike-Scooter-parts-M2_Trike_headlight-768x576.png 768w, https:\/\/www.linkseride.com\/wp-content\/uploads\/2023\/10\/E-Trike-Scooter-parts-M2_Trike_headlight-1536x1152.png 1536w, https:\/\/www.linkseride.com\/wp-content\/uploads\/2023\/10\/E-Trike-Scooter-parts-M2_Trike_headlight-600x450.png 600w\" sizes=\"(max-width: 1750px) 100vw, 1750px\" \/>\n\t\t\t<\/div><\/figure><figure class='gallery-item'>\n\t\t\t<div class='gallery-icon landscape'>\n\t\t\t\t<img decoding=\"async\" width=\"1750\" height=\"1313\" src=\"https:\/\/www.linkseride.com\/wp-content\/uploads\/2023\/10\/E-Trike-Scooter-parts-M2_Trike_shock.png\" class=\"attachment-full size-full\" alt=\"Scooter E Trike\" srcset=\"https:\/\/www.linkseride.com\/wp-content\/uploads\/2023\/10\/E-Trike-Scooter-parts-M2_Trike_shock.png 1750w, https:\/\/www.linkseride.com\/wp-content\/uploads\/2023\/10\/E-Trike-Scooter-parts-M2_Trike_shock-300x225.png 300w, https:\/\/www.linkseride.com\/wp-content\/uploads\/2023\/10\/E-Trike-Scooter-parts-M2_Trike_shock-1024x768.png 1024w, https:\/\/www.linkseride.com\/wp-content\/uploads\/2023\/10\/E-Trike-Scooter-parts-M2_Trike_shock-768x576.png 768w, https:\/\/www.linkseride.com\/wp-content\/uploads\/2023\/10\/E-Trike-Scooter-parts-M2_Trike_shock-1536x1152.png 1536w, https:\/\/www.linkseride.com\/wp-content\/uploads\/2023\/10\/E-Trike-Scooter-parts-M2_Trike_shock-600x450.png 600w\" sizes=\"(max-width: 1750px) 100vw, 1750px\" \/>\n\t\t\t<\/div><\/figure><figure class='gallery-item'>\n\t\t\t<div class='gallery-icon landscape'>\n\t\t\t\t<img loading=\"lazy\" decoding=\"async\" width=\"1750\" height=\"1313\" src=\"https:\/\/www.linkseride.com\/wp-content\/uploads\/2023\/10\/E-Trike-Scooter-parts-M2_Trike_saddlebag.png\" class=\"attachment-full size-full\" alt=\"\" srcset=\"https:\/\/www.linkseride.com\/wp-content\/uploads\/2023\/10\/E-Trike-Scooter-parts-M2_Trike_saddlebag.png 1750w, https:\/\/www.linkseride.com\/wp-content\/uploads\/2023\/10\/E-Trike-Scooter-parts-M2_Trike_saddlebag-300x225.png 300w, https:\/\/www.linkseride.com\/wp-content\/uploads\/2023\/10\/E-Trike-Scooter-parts-M2_Trike_saddlebag-1024x768.png 1024w, https:\/\/www.linkseride.com\/wp-content\/uploads\/2023\/10\/E-Trike-Scooter-parts-M2_Trike_saddlebag-768x576.png 768w, https:\/\/www.linkseride.com\/wp-content\/uploads\/2023\/10\/E-Trike-Scooter-parts-M2_Trike_saddlebag-1536x1152.png 1536w, https:\/\/www.linkseride.com\/wp-content\/uploads\/2023\/10\/E-Trike-Scooter-parts-M2_Trike_saddlebag-600x450.png 600w\" sizes=\"(max-width: 1750px) 100vw, 1750px\" \/>\n\t\t\t<\/div><\/figure>\n\t\t<\/div>\n\n<p>Nous avons \u00e9galement un autre nouveau mod\u00e8le de scooter Citycoco en forme de Harley. Si vous souhaitez plus d'informations, vous pouvez<a href=\"https:\/\/www.linkseride.com\/fr_ca\/fat-wheel-electric-scooter-us-warehouse\/\"> Trouvez ici.<\/a><\/p>\n<p>Vous trouverez d'autres vid\u00e9os de pr\u00e9sentation ici : <a href=\"https:\/\/www.youtube.com\/c\/LinksErideTech\" target=\"_blank\" rel=\"noopener\">https:\/\/www.youtube.com\/c\/LinksErideTech<\/a><\/p>\n<div class=\"ast-oembed-container\" style=\"height: 100%;\"><iframe title=\"Tout ce que vous devez savoir sur le scooter \u00e9lectrique M2 Citycoco Chopper Scooter M2\" width=\"500\" height=\"281\" src=\"https:\/\/www.youtube.com\/embed\/qmFgdIMLykg?feature=oembed&#038;enablejsapi=1&#038;origin=https:\/\/www.linkseride.com\" frameborder=\"0\" allow=\"accelerometer; autoplay; clipboard-write; encrypted-media; gyroscope; picture-in-picture; web-share\" referrerpolicy=\"strict-origin-when-cross-origin\" allowfullscreen><\/iframe><\/div>","protected":false},"excerpt":{"rendered":"<p>\u25cf Linkseride M2 E Trike Scooter USA Warehouse In Stock<\/p>\n<p>\u25cf Lithium battery 40ah<\/p>\n<p>\u25cf 60v 2000w powerful engine, 48mph max speed.<\/p>\n<p>\u25cf Freins \u00e0 double disque \u00e0 l'avant et \u00e0 l'arri\u00e8re<\/p>\n<p>\u25cf OEM disponible pour toutes les couleurs, distributeur recherch\u00e9 dans le monde entier.<\/p>","protected":false},"featured_media":9671,"template":"","meta":{"site-sidebar-layout":"default","site-content-layout":"default","ast-site-content-layout":"default","site-content-style":"default","site-sidebar-style":"default","ast-global-header-display":"","ast-banner-title-visibility":"","ast-main-header-display":"","ast-hfb-above-header-display":"","ast-hfb-below-header-display":"","ast-hfb-mobile-header-display":"","site-post-title":"","ast-breadcrumbs-content":"","ast-featured-img":"","footer-sml-layout":"","ast-disable-related-posts":"","theme-transparent-header-meta":"default","adv-header-id-meta":"","stick-header-meta":"","header-above-stick-meta":"","header-main-stick-meta":"","header-below-stick-meta":"","astra-migrate-meta-layouts":"set","ast-page-background-enabled":"default","ast-page-background-meta":{"desktop":{"background-color":"","background-image":"","background-repeat":"repeat","background-position":"center center","background-size":"auto","background-attachment":"scroll","background-type":"","background-media":"","overlay-type":"","overlay-color":"","overlay-opacity":"","overlay-gradient":""},"tablet":{"background-color":"","background-image":"","background-repeat":"repeat","background-position":"center center","background-size":"auto","background-attachment":"scroll","background-type":"","background-media":"","overlay-type":"","overlay-color":"","overlay-opacity":"","overlay-gradient":""},"mobile":{"background-color":"","background-image":"","background-repeat":"repeat","background-position":"center center","background-size":"auto","background-attachment":"scroll","background-type":"","background-media":"","overlay-type":"","overlay-color":"","overlay-opacity":"","overlay-gradient":""}},"ast-content-background-meta":{"desktop":{"background-color":"var(--ast-global-color-5)","background-image":"","background-repeat":"repeat","background-position":"center center","background-size":"auto","background-attachment":"scroll","background-type":"","background-media":"","overlay-type":"","overlay-color":"","overlay-opacity":"","overlay-gradient":""},"tablet":{"background-color":"var(--ast-global-color-5)","background-image":"","background-repeat":"repeat","background-position":"center center","background-size":"auto","background-attachment":"scroll","background-type":"","background-media":"","overlay-type":"","overlay-color":"","overlay-opacity":"","overlay-gradient":""},"mobile":{"background-color":"var(--ast-global-color-5)","background-image":"","background-repeat":"repeat","background-position":"center center","background-size":"auto","background-attachment":"scroll","background-type":"","background-media":"","overlay-type":"","overlay-color":"","overlay-opacity":"","overlay-gradient":""}}},"product_brand":[],"product_cat":[27,28],"product_tag":[38,50],"class_list":{"0":"post-9666","1":"product","2":"type-product","3":"status-publish","4":"has-post-thumbnail","6":"product_cat-electric-motorcycle","7":"product_cat-electric-scooter","8":"product_tag-citycoco-scooter","9":"product_tag-fat-tire-scooter","10":"desktop-align-left","11":"tablet-align-left","12":"mobile-align-left","14":"first","15":"instock","16":"shipping-taxable","17":"product-type-simple"},"_links":{"self":[{"href":"https:\/\/www.linkseride.com\/fr_ca\/wp-json\/wp\/v2\/product\/9666","targetHints":{"allow":["GET"]}}],"collection":[{"href":"https:\/\/www.linkseride.com\/fr_ca\/wp-json\/wp\/v2\/product"}],"about":[{"href":"https:\/\/www.linkseride.com\/fr_ca\/wp-json\/wp\/v2\/types\/product"}],"wp:featuredmedia":[{"embeddable":true,"href":"https:\/\/www.linkseride.com\/fr_ca\/wp-json\/wp\/v2\/media\/9671"}],"wp:attachment":[{"href":"https:\/\/www.linkseride.com\/fr_ca\/wp-json\/wp\/v2\/media?parent=9666"}],"wp:term":[{"taxonomy":"product_brand","embeddable":true,"href":"https:\/\/www.linkseride.com\/fr_ca\/wp-json\/wp\/v2\/product_brand?post=9666"},{"taxonomy":"product_cat","embeddable":true,"href":"https:\/\/www.linkseride.com\/fr_ca\/wp-json\/wp\/v2\/product_cat?post=9666"},{"taxonomy":"product_tag","embeddable":true,"href":"https:\/\/www.linkseride.com\/fr_ca\/wp-json\/wp\/v2\/product_tag?post=9666"}],"curies":[{"name":"wp","href":"https:\/\/api.w.org\/{rel}","templated":true}]}}