{"id":10916,"date":"2024-07-18T04:46:48","date_gmt":"2024-07-18T04:46:48","guid":{"rendered":"https:\/\/www.linkseride.com\/?post_type=product&#038;p=10916"},"modified":"2024-08-07T05:35:38","modified_gmt":"2024-08-07T05:35:38","slug":"electric-moped-scooter-street-legal","status":"publish","type":"product","link":"https:\/\/www.linkseride.com\/fr_fr\/product\/electric-moped-scooter-street-legal\/","title":{"rendered":"LINKSERIDE High Power 2000W-4000W Electric Moped Scooter Street Legal"},"content":{"rendered":"<h2>What is the Key Features of this electric moped scooter street legal?<\/h2>\n<table>\n<tbody>\n<tr>\n<td width=\"156\">Puissance du moteur<\/td>\n<td width=\"395\">2000w-4000w<\/td>\n<\/tr>\n<tr>\n<td width=\"156\">Vitesse maximale<\/td>\n<td width=\"395\">45-90km\/h<\/td>\n<\/tr>\n<tr>\n<td width=\"156\">Port\u00e9e maximale<\/td>\n<td width=\"395\">80-100km<\/td>\n<\/tr>\n<tr>\n<td width=\"156\">Temps de charge<\/td>\n<td width=\"395\">5A or 8A charger\uff0c8hrs<\/td>\n<\/tr>\n<tr>\n<td width=\"156\">Mat\u00e9riau du cadre<\/td>\n<td width=\"395\">acier<\/td>\n<\/tr>\n<tr>\n<td width=\"156\">Jantes<\/td>\n<td width=\"395\">Kenda 120\/70-12<\/td>\n<\/tr>\n<tr>\n<td width=\"156\">Chargement maximal<\/td>\n<td width=\"395\">200KGS<\/td>\n<\/tr>\n<\/tbody>\n<\/table>\n<div class=\"ast-oembed-container\" style=\"height: 100%;\"><iframe title=\"Crown High Power 2000W-4000W Electric Moped Scooter Street Legal\" width=\"500\" height=\"281\" src=\"https:\/\/www.youtube.com\/embed\/GjIbB7PG3zE?feature=oembed&#038;enablejsapi=1&#038;origin=https:\/\/www.linkseride.com\" frameborder=\"0\" allow=\"accelerometer; autoplay; clipboard-write; encrypted-media; gyroscope; picture-in-picture; web-share\" referrerpolicy=\"strict-origin-when-cross-origin\" allowfullscreen><\/iframe><\/div>\n<p>Nous avons \u00e9galement d'autres mod\u00e8les de cyclomoteurs \u00e9lectriques l\u00e9gaux, si vous avez besoin de plus d'informations, vous pouvez<a href=\"https:\/\/www.linkseride.com\/fr_fr\/electric-scooter-manufacturer\/\"> Trouvez ici.<\/a><\/p>\n<p>Vous trouverez d'autres vid\u00e9os de pr\u00e9sentation ici :\u00a0<a href=\"https:\/\/www.youtube.com\/channel\/UCw4wsO7M_kRsCHTxcFeqTAA\" target=\"_blank\" rel=\"noopener\">https:\/\/www.youtube.com\/channel\/UCw4wsO7M_kRsCHTxcFeqTAA<\/a><\/p>","protected":false},"excerpt":{"rendered":"<p>\u25cf Linkseride electric moped scooter street legal<\/p>\n<p>\u25cf 2000w-4000w Lithium Battery Powered<\/p>\n<p>\u25cf Kenda 120\/72-12<\/p>\n<p>\u25cf Freins \u00e0 disques hydrauliques avant et arri\u00e8re<\/p>\n<p>&nbsp;<\/p>","protected":false},"featured_media":10918,"template":"","meta":{"site-sidebar-layout":"default","site-content-layout":"default","ast-site-content-layout":"default","site-content-style":"default","site-sidebar-style":"default","ast-global-header-display":"","ast-banner-title-visibility":"","ast-main-header-display":"","ast-hfb-above-header-display":"","ast-hfb-below-header-display":"","ast-hfb-mobile-header-display":"","site-post-title":"","ast-breadcrumbs-content":"","ast-featured-img":"","footer-sml-layout":"","ast-disable-related-posts":"","theme-transparent-header-meta":"default","adv-header-id-meta":"","stick-header-meta":"","header-above-stick-meta":"","header-main-stick-meta":"","header-below-stick-meta":"","astra-migrate-meta-layouts":"set","ast-page-background-enabled":"default","ast-page-background-meta":{"desktop":{"background-color":"","background-image":"","background-repeat":"repeat","background-position":"center center","background-size":"auto","background-attachment":"scroll","background-type":"","background-media":"","overlay-type":"","overlay-color":"","overlay-opacity":"","overlay-gradient":""},"tablet":{"background-color":"","background-image":"","background-repeat":"repeat","background-position":"center center","background-size":"auto","background-attachment":"scroll","background-type":"","background-media":"","overlay-type":"","overlay-color":"","overlay-opacity":"","overlay-gradient":""},"mobile":{"background-color":"","background-image":"","background-repeat":"repeat","background-position":"center center","background-size":"auto","background-attachment":"scroll","background-type":"","background-media":"","overlay-type":"","overlay-color":"","overlay-opacity":"","overlay-gradient":""}},"ast-content-background-meta":{"desktop":{"background-color":"var(--ast-global-color-5)","background-image":"","background-repeat":"repeat","background-position":"center center","background-size":"auto","background-attachment":"scroll","background-type":"","background-media":"","overlay-type":"","overlay-color":"","overlay-opacity":"","overlay-gradient":""},"tablet":{"background-color":"var(--ast-global-color-5)","background-image":"","background-repeat":"repeat","background-position":"center center","background-size":"auto","background-attachment":"scroll","background-type":"","background-media":"","overlay-type":"","overlay-color":"","overlay-opacity":"","overlay-gradient":""},"mobile":{"background-color":"var(--ast-global-color-5)","background-image":"","background-repeat":"repeat","background-position":"center center","background-size":"auto","background-attachment":"scroll","background-type":"","background-media":"","overlay-type":"","overlay-color":"","overlay-opacity":"","overlay-gradient":""}}},"product_brand":[],"product_cat":[27,28],"product_tag":[38],"class_list":{"0":"post-10916","1":"product","2":"type-product","3":"status-publish","4":"has-post-thumbnail","6":"product_cat-electric-motorcycle","7":"product_cat-electric-scooter","8":"product_tag-citycoco-scooter","9":"desktop-align-left","10":"tablet-align-left","11":"mobile-align-left","13":"first","14":"instock","15":"shipping-taxable","16":"product-type-simple"},"_links":{"self":[{"href":"https:\/\/www.linkseride.com\/fr_fr\/wp-json\/wp\/v2\/product\/10916","targetHints":{"allow":["GET"]}}],"collection":[{"href":"https:\/\/www.linkseride.com\/fr_fr\/wp-json\/wp\/v2\/product"}],"about":[{"href":"https:\/\/www.linkseride.com\/fr_fr\/wp-json\/wp\/v2\/types\/product"}],"wp:featuredmedia":[{"embeddable":true,"href":"https:\/\/www.linkseride.com\/fr_fr\/wp-json\/wp\/v2\/media\/10918"}],"wp:attachment":[{"href":"https:\/\/www.linkseride.com\/fr_fr\/wp-json\/wp\/v2\/media?parent=10916"}],"wp:term":[{"taxonomy":"product_brand","embeddable":true,"href":"https:\/\/www.linkseride.com\/fr_fr\/wp-json\/wp\/v2\/product_brand?post=10916"},{"taxonomy":"product_cat","embeddable":true,"href":"https:\/\/www.linkseride.com\/fr_fr\/wp-json\/wp\/v2\/product_cat?post=10916"},{"taxonomy":"product_tag","embeddable":true,"href":"https:\/\/www.linkseride.com\/fr_fr\/wp-json\/wp\/v2\/product_tag?post=10916"}],"curies":[{"name":"wp","href":"https:\/\/api.w.org\/{rel}","templated":true}]}}