{"id":10930,"date":"2024-07-22T01:51:28","date_gmt":"2024-07-22T01:51:28","guid":{"rendered":"https:\/\/www.linkseride.com\/?post_type=product&#038;p=10930"},"modified":"2024-12-10T06:46:32","modified_gmt":"2024-12-10T06:46:32","slug":"tricycle-electrique-fourgon-ferme-cargo","status":"publish","type":"product","link":"https:\/\/www.linkseride.com\/fr_fr\/product\/electric-tricycle-cargo-closed-van\/","title":{"rendered":"Linkeride Electric Tricycle Cargo Delivery with Closed Van (en anglais)"},"content":{"rendered":"<h2>Linkseride Electric Tricycle Cargo Delivery with Closed Van (en anglais seulement)<\/h2>\n<p>Nous sommes passionn\u00e9s par ce que nous faisons pour notre avenir \u00e9lectrique, notamment <strong><a href=\"https:\/\/www.linkseride.com\/fr_fr\/trike-scooter-electric-tricycle-manufacturer\/\">tricycle \u00e9lectrique<\/a>, <a href=\"https:\/\/www.linkseride.com\/fr_fr\/fat-tire-scooter-electric\/\">scooter \u00e0 pneus larges<\/a>, <a href=\"https:\/\/www.linkseride.com\/fr_fr\/fabricant-de-motos-electriques\/\" target=\"_blank\" rel=\"noopener\">scooter citycoco<\/a>, <a href=\"https:\/\/www.linkseride.com\/fr_fr\/fabricant-de-cyclomoteurs-electriques\/\" target=\"_blank\" rel=\"noopener\">cyclomoteur \u00e9lectrique<\/a><\/strong> etc.<\/p>\n<p>Am\u00e9liorez votre flotte de livraison avec notre tricycle \u00e9lectrique de livraison avec fourgon ferm\u00e9. Con\u00e7u pour \u00eatre efficace et fiable, ce tricycle \u00e9lectrique dispose d'un espace de chargement ferm\u00e9 spacieux et s\u00e9curis\u00e9, id\u00e9al pour les livraisons urbaines. Aliment\u00e9 par un moteur robuste de 1000-2000W et une batterie durable de 60V, il assure un transport fluide et \u00e9cologique sans aucune \u00e9mission. Avec une vitesse maximale de 45 km\/h et une autonomie de 50 \u00e0 60 km par charge, il est id\u00e9al pour naviguer dans les rues anim\u00e9es des villes. Am\u00e9liorez vos op\u00e9rations logistiques tout en contribuant \u00e0 un avenir plus vert gr\u00e2ce \u00e0 notre tricycle de transport \u00e9lectrique innovant.<\/p>\n<div id='gallery-1' class='gallery galleryid-10930 gallery-columns-4 gallery-size-full'><figure class='gallery-item'>\n\t\t\t<div class='gallery-icon landscape'>\n\t\t\t\t<img fetchpriority=\"high\" decoding=\"async\" width=\"1040\" height=\"1040\" src=\"https:\/\/www.linkseride.com\/wp-content\/uploads\/2024\/07\/1-6.jpg\" class=\"attachment-full size-full\" alt=\"Tricycle \u00e9lectrique de livraison Cargo avec fourgon ferm\u00e9\" srcset=\"https:\/\/www.linkseride.com\/wp-content\/uploads\/2024\/07\/1-6.jpg 1040w, https:\/\/www.linkseride.com\/wp-content\/uploads\/2024\/07\/1-6-300x300.jpg 300w, https:\/\/www.linkseride.com\/wp-content\/uploads\/2024\/07\/1-6-1024x1024.jpg 1024w, https:\/\/www.linkseride.com\/wp-content\/uploads\/2024\/07\/1-6-150x150.jpg 150w, https:\/\/www.linkseride.com\/wp-content\/uploads\/2024\/07\/1-6-768x768.jpg 768w, https:\/\/www.linkseride.com\/wp-content\/uploads\/2024\/07\/1-6-600x600.jpg 600w, https:\/\/www.linkseride.com\/wp-content\/uploads\/2024\/07\/1-6-100x100.jpg 100w\" sizes=\"(max-width: 1040px) 100vw, 1040px\" \/>\n\t\t\t<\/div><\/figure><figure class='gallery-item'>\n\t\t\t<div class='gallery-icon landscape'>\n\t\t\t\t<img decoding=\"async\" width=\"1040\" height=\"1040\" src=\"https:\/\/www.linkseride.com\/wp-content\/uploads\/2024\/07\/2-8.jpg\" class=\"attachment-full size-full\" alt=\"Tricycle \u00e9lectrique de livraison Cargo avec fourgon ferm\u00e9\" srcset=\"https:\/\/www.linkseride.com\/wp-content\/uploads\/2024\/07\/2-8.jpg 1040w, https:\/\/www.linkseride.com\/wp-content\/uploads\/2024\/07\/2-8-300x300.jpg 300w, https:\/\/www.linkseride.com\/wp-content\/uploads\/2024\/07\/2-8-1024x1024.jpg 1024w, https:\/\/www.linkseride.com\/wp-content\/uploads\/2024\/07\/2-8-150x150.jpg 150w, https:\/\/www.linkseride.com\/wp-content\/uploads\/2024\/07\/2-8-768x768.jpg 768w, https:\/\/www.linkseride.com\/wp-content\/uploads\/2024\/07\/2-8-600x600.jpg 600w, https:\/\/www.linkseride.com\/wp-content\/uploads\/2024\/07\/2-8-100x100.jpg 100w\" sizes=\"(max-width: 1040px) 100vw, 1040px\" \/>\n\t\t\t<\/div><\/figure><figure class='gallery-item'>\n\t\t\t<div class='gallery-icon landscape'>\n\t\t\t\t<img decoding=\"async\" width=\"1040\" height=\"1040\" src=\"https:\/\/www.linkseride.com\/wp-content\/uploads\/2024\/07\/6-3.jpg\" class=\"attachment-full size-full\" alt=\"Tricycle \u00e9lectrique de livraison Cargo avec fourgon ferm\u00e9\" srcset=\"https:\/\/www.linkseride.com\/wp-content\/uploads\/2024\/07\/6-3.jpg 1040w, https:\/\/www.linkseride.com\/wp-content\/uploads\/2024\/07\/6-3-300x300.jpg 300w, https:\/\/www.linkseride.com\/wp-content\/uploads\/2024\/07\/6-3-1024x1024.jpg 1024w, https:\/\/www.linkseride.com\/wp-content\/uploads\/2024\/07\/6-3-150x150.jpg 150w, https:\/\/www.linkseride.com\/wp-content\/uploads\/2024\/07\/6-3-768x768.jpg 768w, https:\/\/www.linkseride.com\/wp-content\/uploads\/2024\/07\/6-3-600x600.jpg 600w, https:\/\/www.linkseride.com\/wp-content\/uploads\/2024\/07\/6-3-100x100.jpg 100w\" sizes=\"(max-width: 1040px) 100vw, 1040px\" \/>\n\t\t\t<\/div><\/figure><figure class='gallery-item'>\n\t\t\t<div class='gallery-icon landscape'>\n\t\t\t\t<img loading=\"lazy\" decoding=\"async\" width=\"1040\" height=\"1040\" src=\"https:\/\/www.linkseride.com\/wp-content\/uploads\/2024\/07\/3-5.jpg\" class=\"attachment-full size-full\" alt=\"Tricycle \u00e9lectrique de livraison Cargo avec fourgon ferm\u00e9\" srcset=\"https:\/\/www.linkseride.com\/wp-content\/uploads\/2024\/07\/3-5.jpg 1040w, https:\/\/www.linkseride.com\/wp-content\/uploads\/2024\/07\/3-5-300x300.jpg 300w, https:\/\/www.linkseride.com\/wp-content\/uploads\/2024\/07\/3-5-1024x1024.jpg 1024w, https:\/\/www.linkseride.com\/wp-content\/uploads\/2024\/07\/3-5-150x150.jpg 150w, https:\/\/www.linkseride.com\/wp-content\/uploads\/2024\/07\/3-5-768x768.jpg 768w, https:\/\/www.linkseride.com\/wp-content\/uploads\/2024\/07\/3-5-600x600.jpg 600w, https:\/\/www.linkseride.com\/wp-content\/uploads\/2024\/07\/3-5-100x100.jpg 100w\" sizes=\"(max-width: 1040px) 100vw, 1040px\" \/>\n\t\t\t<\/div><\/figure>\n\t\t<\/div>\n\n<h2>Quelles sont les principales caract\u00e9ristiques de ce tricycle \u00e9lectrique Linkeride de livraison de marchandises avec fourgon ferm\u00e9 ?<\/h2>\n<ul>\n<li>Moteur \u00e9lectrique d'une puissance nominale de 1500w\/2000w<\/li>\n<li><strong>48v\/60v<\/strong><strong>\u00a0batterie <\/strong>offre une port\u00e9e maximale de 40 miles<\/li>\n<li>Tricycle \u00e9lectrique Cargo principalement pour la livraison urbaine<\/li>\n<li>Taille de la cargaison 1,5, 1,6 ou autres tailles disponibles<\/li>\n<li>L'\u00e9cran LCD affiche le compteur de vitesse, le kilom\u00e9trage, la tension, le niveau de puissance.<\/li>\n<\/ul>\n<table width=\"424\">\n<tbody>\n<tr>\n<td width=\"186\">Puissance du moteur<\/td>\n<td width=\"238\">1000W-1200W-1500W<\/td>\n<\/tr>\n<tr>\n<td>Vitesse maximale<\/td>\n<td width=\"238\">30-40KM\/H<\/td>\n<\/tr>\n<tr>\n<td>Batterie<\/td>\n<td>60V32AH, 60V52AH, 60V86AH, 60V127AH<\/td>\n<\/tr>\n<tr>\n<td>Port\u00e9e maximale<\/td>\n<td>30-60km<\/td>\n<\/tr>\n<tr>\n<td>Temps de charge<\/td>\n<td>8-10H<\/td>\n<\/tr>\n<tr>\n<td>Acc\u00e9l\u00e9rer<\/td>\n<td>acc\u00e9l\u00e9rateur<\/td>\n<\/tr>\n<tr>\n<td>Essuie-glace<\/td>\n<td>automobile<\/td>\n<\/tr>\n<tr>\n<td>Mat\u00e9riau du cadre<\/td>\n<td>acier<\/td>\n<\/tr>\n<tr>\n<td>Jantes<\/td>\n<td>F : 350-12, R : 375-12<\/td>\n<\/tr>\n<tr>\n<td>Chargement maximal<\/td>\n<td>200-300kgs<\/td>\n<\/tr>\n<tr>\n<td>Ascension maximale<\/td>\n<td>20\u00b0<\/td>\n<\/tr>\n<tr>\n<td>Garde au sol<\/td>\n<td>150 mm<\/td>\n<\/tr>\n<tr>\n<td>Frein<\/td>\n<td>Frein \u00e0 tambour F &amp; R<\/td>\n<\/tr>\n<tr>\n<td>Taille du v\u00e9hicule L x L x H (mm)<\/td>\n<td>2950\u00d71060\u00d71650<\/td>\n<\/tr>\n<tr>\n<td>Taille du coffre (mm)<\/td>\n<td>1500*1000*1000<\/td>\n<\/tr>\n<\/tbody>\n<\/table>\n<p>Nous avons \u00e9galement d'autres mod\u00e8les de cyclomoteurs \u00e9lectriques l\u00e9gaux, si vous avez besoin de plus d'informations, vous pouvez<a href=\"https:\/\/www.linkseride.com\/fr_fr\/electric-scooter-manufacturer\/\"> Trouvez ici.<\/a><\/p>\n<div class=\"ast-oembed-container\" style=\"height: 100%;\"><iframe title=\"Chine Tricycle \u00e9lectrique semi-ferm\u00e9 Tricycle \u00e9lectrique de transport Tricycle de livraison\" width=\"500\" height=\"281\" src=\"https:\/\/www.youtube.com\/embed\/ruVsdcbjsns?feature=oembed&#038;enablejsapi=1&#038;origin=https:\/\/www.linkseride.com\" frameborder=\"0\" allow=\"accelerometer; autoplay; clipboard-write; encrypted-media; gyroscope; picture-in-picture; web-share\" referrerpolicy=\"strict-origin-when-cross-origin\" allowfullscreen><\/iframe><\/div>\n<p>Vous trouverez d'autres vid\u00e9os de pr\u00e9sentation ici :\u00a0<a href=\"https:\/\/www.youtube.com\/channel\/UCw4wsO7M_kRsCHTxcFeqTAA\" target=\"_blank\" rel=\"noopener\">https:\/\/www.youtube.com\/channel\/UCw4wsO7M_kRsCHTxcFeqTAA<\/a><\/p>","protected":false},"excerpt":{"rendered":"<p>\u25cf Linkseride Tricycle \u00e9lectrique Livraison Cargo avec fourgon ferm\u00e9<\/p>\n<p>\u25cf 1000w-1200w-1500w Alimentation par batterie au lithium<\/p>\n<p>\u25cf Taille de la cargaison 1,5, 1,6 ou plusieurs tailles disponibles.<\/p>\n<p>\u25cf Temps de charge 8-10H<\/p>\n<p>\u25cf Freins \u00e0 disques hydrauliques avant et arri\u00e8re<\/p>\n<p>&nbsp;<\/p>","protected":false},"featured_media":10931,"template":"","meta":{"site-sidebar-layout":"default","site-content-layout":"default","ast-site-content-layout":"default","site-content-style":"default","site-sidebar-style":"default","ast-global-header-display":"","ast-banner-title-visibility":"","ast-main-header-display":"","ast-hfb-above-header-display":"","ast-hfb-below-header-display":"","ast-hfb-mobile-header-display":"","site-post-title":"","ast-breadcrumbs-content":"","ast-featured-img":"","footer-sml-layout":"","ast-disable-related-posts":"","theme-transparent-header-meta":"default","adv-header-id-meta":"","stick-header-meta":"","header-above-stick-meta":"","header-main-stick-meta":"","header-below-stick-meta":"","astra-migrate-meta-layouts":"set","ast-page-background-enabled":"default","ast-page-background-meta":{"desktop":{"background-color":"","background-image":"","background-repeat":"repeat","background-position":"center center","background-size":"auto","background-attachment":"scroll","background-type":"","background-media":"","overlay-type":"","overlay-color":"","overlay-opacity":"","overlay-gradient":""},"tablet":{"background-color":"","background-image":"","background-repeat":"repeat","background-position":"center center","background-size":"auto","background-attachment":"scroll","background-type":"","background-media":"","overlay-type":"","overlay-color":"","overlay-opacity":"","overlay-gradient":""},"mobile":{"background-color":"","background-image":"","background-repeat":"repeat","background-position":"center center","background-size":"auto","background-attachment":"scroll","background-type":"","background-media":"","overlay-type":"","overlay-color":"","overlay-opacity":"","overlay-gradient":""}},"ast-content-background-meta":{"desktop":{"background-color":"var(--ast-global-color-5)","background-image":"","background-repeat":"repeat","background-position":"center center","background-size":"auto","background-attachment":"scroll","background-type":"","background-media":"","overlay-type":"","overlay-color":"","overlay-opacity":"","overlay-gradient":""},"tablet":{"background-color":"var(--ast-global-color-5)","background-image":"","background-repeat":"repeat","background-position":"center center","background-size":"auto","background-attachment":"scroll","background-type":"","background-media":"","overlay-type":"","overlay-color":"","overlay-opacity":"","overlay-gradient":""},"mobile":{"background-color":"var(--ast-global-color-5)","background-image":"","background-repeat":"repeat","background-position":"center center","background-size":"auto","background-attachment":"scroll","background-type":"","background-media":"","overlay-type":"","overlay-color":"","overlay-opacity":"","overlay-gradient":""}}},"product_brand":[],"product_cat":[27,28],"product_tag":[38],"class_list":{"0":"post-10930","1":"product","2":"type-product","3":"status-publish","4":"has-post-thumbnail","6":"product_cat-electric-motorcycle","7":"product_cat-electric-scooter","8":"product_tag-citycoco-scooter","9":"desktop-align-left","10":"tablet-align-left","11":"mobile-align-left","13":"first","14":"instock","15":"shipping-taxable","16":"product-type-simple"},"_links":{"self":[{"href":"https:\/\/www.linkseride.com\/fr_fr\/wp-json\/wp\/v2\/product\/10930","targetHints":{"allow":["GET"]}}],"collection":[{"href":"https:\/\/www.linkseride.com\/fr_fr\/wp-json\/wp\/v2\/product"}],"about":[{"href":"https:\/\/www.linkseride.com\/fr_fr\/wp-json\/wp\/v2\/types\/product"}],"wp:featuredmedia":[{"embeddable":true,"href":"https:\/\/www.linkseride.com\/fr_fr\/wp-json\/wp\/v2\/media\/10931"}],"wp:attachment":[{"href":"https:\/\/www.linkseride.com\/fr_fr\/wp-json\/wp\/v2\/media?parent=10930"}],"wp:term":[{"taxonomy":"product_brand","embeddable":true,"href":"https:\/\/www.linkseride.com\/fr_fr\/wp-json\/wp\/v2\/product_brand?post=10930"},{"taxonomy":"product_cat","embeddable":true,"href":"https:\/\/www.linkseride.com\/fr_fr\/wp-json\/wp\/v2\/product_cat?post=10930"},{"taxonomy":"product_tag","embeddable":true,"href":"https:\/\/www.linkseride.com\/fr_fr\/wp-json\/wp\/v2\/product_tag?post=10930"}],"curies":[{"name":"wp","href":"https:\/\/api.w.org\/{rel}","templated":true}]}}