{"id":11126,"date":"2025-05-19T07:00:44","date_gmt":"2025-05-19T07:00:44","guid":{"rendered":"https:\/\/www.linkseride.com\/?post_type=product&#038;p=11126"},"modified":"2025-05-23T06:02:23","modified_gmt":"2025-05-23T06:02:23","slug":"velo-electrique-a3-avec-porte-chien","status":"publish","type":"product","link":"https:\/\/www.linkseride.com\/fr_fr\/product\/a3-electric-bike-with-dog-carrier\/","title":{"rendered":"V\u00e9lo \u00e9lectrique Linkseride A3 avec panier pour chien Mini v\u00e9lo Scooter pour animaux de compagnie"},"content":{"rendered":"<p class=\"p1\"><span class=\"s1\">Ce v\u00e9lo \u00e9lectrique A3 avec porte-chien Mini Bike Pets Scooter vous aidera \u00e0 vous d\u00e9placer sans effort. Le v\u00e9lo \u00e9lectrique avec porte-chien peut supporter un poids maximal de l'utilisateur jusqu'\u00e0 120kg, l'autonomie maximale de 40 km sur une charge compl\u00e8te de la batterie, en fonction du terrain. vitesse 25 km \/ h, peut monter jusqu'\u00e0 5\u00b0, temps de charge 5-6h, \u00e9cran couleur LCD appareil, performance, vitesse, partout, t\u00e9l\u00e9commande personnalis\u00e9e. <\/span><\/p>\n<p class=\"p1\"><span class=\"s1\">Amortisseurs hydrauliques sur les roues avant, amortisseurs hydrauliques \u00e0 double ressort avec suspension ind\u00e9pendante sur les roues arri\u00e8re, confortable et ne craignant pas les bosses. Ce mod\u00e8le est un v\u00e9lo \u00e9lectrique avec porte-chien pour les hommes et les femmes transportant des animaux de compagnie en vacances, compos\u00e9 de syst\u00e8mes d'absorption des chocs avant et arri\u00e8re, \u00e9quip\u00e9 d'une cage pour animaux de compagnie, ce qui est s\u00fbr pour voyager avec des animaux de compagnie, avec des p\u00e9dales des deux c\u00f4t\u00e9s. <\/span><\/p>\n<p class=\"p1\"><span class=\"s1\">Con\u00e7ues pour faciliter le stockage et le transport, les poign\u00e9es peuvent \u00eatre rapidement pli\u00e9es et plac\u00e9es, et peuvent \u00eatre utilis\u00e9es \u00e0 l'ext\u00e9rieur, dans la voiture, pour grimper dans le coffre.<\/span><\/p>\n<h2>Quelles sont les principales caract\u00e9ristiques de ce v\u00e9lo \u00e9lectrique A3 avec porte-chien ?<\/h2>\n<table>\n<tbody>\n<tr>\n<td width=\"147\">Puissance du moteur<\/td>\n<td width=\"419\">350w-1000w<\/td>\n<\/tr>\n<tr>\n<td width=\"147\">Vitesse maximale<\/td>\n<td width=\"419\">25km\/h(15.6mph)<\/td>\n<\/tr>\n<tr>\n<td width=\"147\">Port\u00e9e maximale<\/td>\n<td width=\"419\">40 km<\/td>\n<\/tr>\n<tr>\n<td width=\"147\">Temps de charge<\/td>\n<td width=\"419\">5-6 heures<\/td>\n<\/tr>\n<tr>\n<td width=\"147\">Mat\u00e9riau du cadre<\/td>\n<td width=\"419\">Acier \u00e0 haute r\u00e9sistance<\/td>\n<\/tr>\n<tr>\n<td width=\"147\">Pneu<\/td>\n<td width=\"419\">2.75-8 Pneu sans chambre \u00e0 air<\/td>\n<\/tr>\n<tr>\n<td width=\"147\">Frein<\/td>\n<td width=\"419\">Frein \u00e0 disque et \u00e0 moyeu<\/td>\n<\/tr>\n<tr>\n<td width=\"147\">batterie<\/td>\n<td width=\"419\">48V15AH<\/td>\n<\/tr>\n<tr>\n<td width=\"147\">Ascension maximale<\/td>\n<td width=\"419\">5\u00b0<\/td>\n<\/tr>\n<tr>\n<td width=\"147\">Affichage<\/td>\n<td width=\"419\">Affichage LED<\/td>\n<\/tr>\n<tr>\n<td width=\"147\">taille du produit<\/td>\n<td width=\"419\">1150*580*1060mm<\/td>\n<\/tr>\n<tr>\n<td width=\"147\">taille de pliage<\/td>\n<td width=\"419\">1150*550*720mm<\/td>\n<\/tr>\n<tr>\n<td width=\"147\">N.W\/G.W<\/td>\n<td width=\"419\">41kg\/<\/td>\n<\/tr>\n<\/tbody>\n<\/table>\n<p>Si vous recherchez d'autres mod\u00e8les, vous pouvez cliquer sur <a href=\"https:\/\/www.linkseride.com\/fr_fr\/electric-scooter-manufacturer\/\" target=\"_blank\" rel=\"noopener\">ici<\/a> pour revenir.<\/p>\n<p>Vous trouverez d'autres vid\u00e9os de pr\u00e9sentation ici :\u00a0<a href=\"https:\/\/www.youtube.com\/c\/LinksErideTech\" target=\"_blank\" rel=\"noopener\">https:\/\/www.youtube.com\/c\/LinksErideTech<\/a><\/p>\n<div class=\"ast-oembed-container\" style=\"height: 100%;\"><iframe title=\"Linkseride Mini Bike A3 V\u00e9lo \u00e9lectrique avec porte-chien Scooter pour animaux de compagnie\" width=\"500\" height=\"281\" src=\"https:\/\/www.youtube.com\/embed\/XGRSx5B66NM?feature=oembed&#038;enablejsapi=1&#038;origin=https:\/\/www.linkseride.com\" frameborder=\"0\" allow=\"accelerometer; autoplay; clipboard-write; encrypted-media; gyroscope; picture-in-picture; web-share\" referrerpolicy=\"strict-origin-when-cross-origin\" allowfullscreen><\/iframe><\/div>","protected":false},"excerpt":{"rendered":"<p>\u25cf V\u00e9lo \u00e9lectrique pliable avec panier pour chien et assistance au p\u00e9dalage<\/p>\n<p><span class=\"s1\">\u25cf \u00e9quip\u00e9 d'une cage pour animaux de compagnie, qui permet de voyager en toute s\u00e9curit\u00e9 avec des animaux de compagnie.<\/span><\/p>\n<p>\u25cf<span class=\"s1\">Con\u00e7ues pour faciliter le stockage et le transport, les poign\u00e9es peuvent \u00eatre rapidement pli\u00e9es et plac\u00e9es.<\/span><\/p>\n<p>\u25cf Verrouillage\/d\u00e9marrage par une seule cl\u00e9, phares \u00e0 LED, grande stabilit\u00e9 du syst\u00e8me de freinage.<\/p>","protected":false},"featured_media":11131,"template":"","meta":{"site-sidebar-layout":"default","site-content-layout":"default","ast-site-content-layout":"default","site-content-style":"default","site-sidebar-style":"default","ast-global-header-display":"","ast-banner-title-visibility":"","ast-main-header-display":"","ast-hfb-above-header-display":"","ast-hfb-below-header-display":"","ast-hfb-mobile-header-display":"","site-post-title":"","ast-breadcrumbs-content":"","ast-featured-img":"","footer-sml-layout":"","ast-disable-related-posts":"","theme-transparent-header-meta":"default","adv-header-id-meta":"","stick-header-meta":"","header-above-stick-meta":"","header-main-stick-meta":"","header-below-stick-meta":"","astra-migrate-meta-layouts":"set","ast-page-background-enabled":"default","ast-page-background-meta":{"desktop":{"background-color":"","background-image":"","background-repeat":"repeat","background-position":"center center","background-size":"auto","background-attachment":"scroll","background-type":"","background-media":"","overlay-type":"","overlay-color":"","overlay-opacity":"","overlay-gradient":""},"tablet":{"background-color":"","background-image":"","background-repeat":"repeat","background-position":"center center","background-size":"auto","background-attachment":"scroll","background-type":"","background-media":"","overlay-type":"","overlay-color":"","overlay-opacity":"","overlay-gradient":""},"mobile":{"background-color":"","background-image":"","background-repeat":"repeat","background-position":"center center","background-size":"auto","background-attachment":"scroll","background-type":"","background-media":"","overlay-type":"","overlay-color":"","overlay-opacity":"","overlay-gradient":""}},"ast-content-background-meta":{"desktop":{"background-color":"var(--ast-global-color-5)","background-image":"","background-repeat":"repeat","background-position":"center center","background-size":"auto","background-attachment":"scroll","background-type":"","background-media":"","overlay-type":"","overlay-color":"","overlay-opacity":"","overlay-gradient":""},"tablet":{"background-color":"var(--ast-global-color-5)","background-image":"","background-repeat":"repeat","background-position":"center center","background-size":"auto","background-attachment":"scroll","background-type":"","background-media":"","overlay-type":"","overlay-color":"","overlay-opacity":"","overlay-gradient":""},"mobile":{"background-color":"var(--ast-global-color-5)","background-image":"","background-repeat":"repeat","background-position":"center center","background-size":"auto","background-attachment":"scroll","background-type":"","background-media":"","overlay-type":"","overlay-color":"","overlay-opacity":"","overlay-gradient":""}}},"product_brand":[],"product_cat":[29,28],"product_tag":[],"class_list":{"0":"post-11126","1":"product","2":"type-product","3":"status-publish","4":"has-post-thumbnail","6":"product_cat-electric-bike","7":"product_cat-electric-scooter","8":"desktop-align-left","9":"tablet-align-left","10":"mobile-align-left","12":"first","13":"instock","14":"shipping-taxable","15":"product-type-simple"},"_links":{"self":[{"href":"https:\/\/www.linkseride.com\/fr_fr\/wp-json\/wp\/v2\/product\/11126","targetHints":{"allow":["GET"]}}],"collection":[{"href":"https:\/\/www.linkseride.com\/fr_fr\/wp-json\/wp\/v2\/product"}],"about":[{"href":"https:\/\/www.linkseride.com\/fr_fr\/wp-json\/wp\/v2\/types\/product"}],"wp:featuredmedia":[{"embeddable":true,"href":"https:\/\/www.linkseride.com\/fr_fr\/wp-json\/wp\/v2\/media\/11131"}],"wp:attachment":[{"href":"https:\/\/www.linkseride.com\/fr_fr\/wp-json\/wp\/v2\/media?parent=11126"}],"wp:term":[{"taxonomy":"product_brand","embeddable":true,"href":"https:\/\/www.linkseride.com\/fr_fr\/wp-json\/wp\/v2\/product_brand?post=11126"},{"taxonomy":"product_cat","embeddable":true,"href":"https:\/\/www.linkseride.com\/fr_fr\/wp-json\/wp\/v2\/product_cat?post=11126"},{"taxonomy":"product_tag","embeddable":true,"href":"https:\/\/www.linkseride.com\/fr_fr\/wp-json\/wp\/v2\/product_tag?post=11126"}],"curies":[{"name":"wp","href":"https:\/\/api.w.org\/{rel}","templated":true}]}}