{"id":1792,"date":"2020-10-24T12:38:14","date_gmt":"2020-10-24T12:38:14","guid":{"rendered":"http:\/\/linkseride.com\/?post_type=product&#038;p=1792"},"modified":"2021-08-28T07:25:07","modified_gmt":"2021-08-28T07:25:07","slug":"scooter-electrique-3000w","status":"publish","type":"product","link":"https:\/\/www.linkseride.com\/fr_fr\/product\/3000w-electric-commuter-scooter\/","title":{"rendered":"LEM-02 Scooter \u00e9lectrique Ninja 3000W"},"content":{"rendered":"<p>Les gens aiment toujours voir quelque chose de diff\u00e9rent dans la ville. Si c'est le cas, ce scooter \u00e9lectrique LEM-02 est plus qu'un gentleman lorsque vous choisissez de vous d\u00e9placer en ville. Bien con\u00e7u et fabriqu\u00e9, les feux avant et arri\u00e8re vous garantissent une bonne sensation lorsque vous roulez dans la nuit. Ce mod\u00e8le de cyclomoteur \u00e9lectrique \u00e0 deux roues est un scooter de banlieue de haute performance qui vous offre une exp\u00e9rience de conduite remarquable.<\/p>\n<p>Nous tenons \u00e0 souligner une particularit\u00e9 de ce v\u00e9lo, \u00e0 savoir qu'il se trouve ci-dessous.<\/p>\n<p>Tout d'abord, les lumi\u00e8res. Tous les feux sont certifi\u00e9s E-mark. Vous pouvez voir le phare avant \u00e0 LED brillant, et cette partie longue distance est \u00e9galement certifi\u00e9e E-mark.<\/p>\n<p>Deuxi\u00e8mement, la fourche arri\u00e8re, pour cette moto Ninja, est en aluminium. Contrairement aux autres mod\u00e8les qui ont des couvercles arri\u00e8re en plastique. Le co\u00fbt total de cette Ninja sera donc un peu plus \u00e9lev\u00e9 en raison de ces pi\u00e8ces de rechange. Mais nombreux sont ceux qui choisissent cette moto uniquement pour ces changements de haute qualit\u00e9.<\/p>\n<div id='gallery-1' class='gallery galleryid-1792 gallery-columns-4 gallery-size-full'><figure class='gallery-item'>\n\t\t\t<div class='gallery-icon landscape'>\n\t\t\t\t<img fetchpriority=\"high\" decoding=\"async\" width=\"645\" height=\"360\" src=\"https:\/\/www.linkseride.com\/wp-content\/uploads\/2020\/10\/1-6.jpg\" class=\"attachment-full size-full\" alt=\"Scooter de banlieue\" srcset=\"https:\/\/www.linkseride.com\/wp-content\/uploads\/2020\/10\/1-6.jpg 645w, https:\/\/www.linkseride.com\/wp-content\/uploads\/2020\/10\/1-6-300x167.jpg 300w, https:\/\/www.linkseride.com\/wp-content\/uploads\/2020\/10\/1-6-600x335.jpg 600w\" sizes=\"(max-width: 645px) 100vw, 645px\" \/>\n\t\t\t<\/div><\/figure><figure class='gallery-item'>\n\t\t\t<div class='gallery-icon landscape'>\n\t\t\t\t<img decoding=\"async\" width=\"645\" height=\"360\" src=\"https:\/\/www.linkseride.com\/wp-content\/uploads\/2020\/10\/3-6.jpg\" class=\"attachment-full size-full\" alt=\"Scooter de banlieue\" srcset=\"https:\/\/www.linkseride.com\/wp-content\/uploads\/2020\/10\/3-6.jpg 645w, https:\/\/www.linkseride.com\/wp-content\/uploads\/2020\/10\/3-6-300x167.jpg 300w, https:\/\/www.linkseride.com\/wp-content\/uploads\/2020\/10\/3-6-600x335.jpg 600w\" sizes=\"(max-width: 645px) 100vw, 645px\" \/>\n\t\t\t<\/div><\/figure><figure class='gallery-item'>\n\t\t\t<div class='gallery-icon landscape'>\n\t\t\t\t<img decoding=\"async\" width=\"645\" height=\"360\" src=\"https:\/\/www.linkseride.com\/wp-content\/uploads\/2020\/10\/5-4.jpg\" class=\"attachment-full size-full\" alt=\"Scooter de banlieue\" srcset=\"https:\/\/www.linkseride.com\/wp-content\/uploads\/2020\/10\/5-4.jpg 645w, https:\/\/www.linkseride.com\/wp-content\/uploads\/2020\/10\/5-4-300x167.jpg 300w, https:\/\/www.linkseride.com\/wp-content\/uploads\/2020\/10\/5-4-600x335.jpg 600w\" sizes=\"(max-width: 645px) 100vw, 645px\" \/>\n\t\t\t<\/div><\/figure><figure class='gallery-item'>\n\t\t\t<div class='gallery-icon landscape'>\n\t\t\t\t<img loading=\"lazy\" decoding=\"async\" width=\"645\" height=\"360\" src=\"https:\/\/www.linkseride.com\/wp-content\/uploads\/2020\/10\/2-6.jpg\" class=\"attachment-full size-full\" alt=\"Scooter de banlieue\" srcset=\"https:\/\/www.linkseride.com\/wp-content\/uploads\/2020\/10\/2-6.jpg 645w, https:\/\/www.linkseride.com\/wp-content\/uploads\/2020\/10\/2-6-300x167.jpg 300w, https:\/\/www.linkseride.com\/wp-content\/uploads\/2020\/10\/2-6-600x335.jpg 600w\" sizes=\"(max-width: 645px) 100vw, 645px\" \/>\n\t\t\t<\/div><\/figure>\n\t\t<\/div>\n\n<h4>Caract\u00e9ristiques d\u00e9taill\u00e9es du scooter \u00e9lectrique de banlieue<\/h4>\n<h5>Feu de position sportif avec affichage LCD<\/h5>\n<p>L'en-t\u00eate avant avec des lumi\u00e8res LED qualifi\u00e9es int\u00e9gr\u00e9es \u00e0 l'int\u00e9rieur se combine avec l'\u00e9cran LCD pour que vous puissiez voir clairement ce qui est affich\u00e9 pendant la conduite.<\/p>\n<div class=\"rte\">\n<div class=\"rte\">\n<div id='gallery-2' class='gallery galleryid-1792 gallery-columns-2 gallery-size-full'><figure class='gallery-item'>\n\t\t\t<div class='gallery-icon landscape'>\n\t\t\t\t<img loading=\"lazy\" decoding=\"async\" width=\"645\" height=\"360\" src=\"https:\/\/www.linkseride.com\/wp-content\/uploads\/2020\/10\/1.-header-3.jpg\" class=\"attachment-full size-full\" alt=\"Scooter de banlieue\" srcset=\"https:\/\/www.linkseride.com\/wp-content\/uploads\/2020\/10\/1.-header-3.jpg 645w, https:\/\/www.linkseride.com\/wp-content\/uploads\/2020\/10\/1.-header-3-300x167.jpg 300w, https:\/\/www.linkseride.com\/wp-content\/uploads\/2020\/10\/1.-header-3-600x335.jpg 600w\" sizes=\"(max-width: 645px) 100vw, 645px\" \/>\n\t\t\t<\/div><\/figure><figure class='gallery-item'>\n\t\t\t<div class='gallery-icon landscape'>\n\t\t\t\t<img loading=\"lazy\" decoding=\"async\" width=\"645\" height=\"360\" src=\"https:\/\/www.linkseride.com\/wp-content\/uploads\/2020\/10\/1.-LCD-display.jpg\" class=\"attachment-full size-full\" alt=\"Scooter de banlieue\" srcset=\"https:\/\/www.linkseride.com\/wp-content\/uploads\/2020\/10\/1.-LCD-display.jpg 645w, https:\/\/www.linkseride.com\/wp-content\/uploads\/2020\/10\/1.-LCD-display-300x167.jpg 300w, https:\/\/www.linkseride.com\/wp-content\/uploads\/2020\/10\/1.-LCD-display-600x335.jpg 600w\" sizes=\"(max-width: 645px) 100vw, 645px\" \/>\n\t\t\t<\/div><\/figure>\n\t\t<\/div>\n\n<\/div>\n<\/div>\n<h5 class=\"h5--accent strong home--uppercase\">Pneus sans chambre \u00e0 air en aluminium 12\u2033.<\/h5>\n<div class=\"rte\">\n<p>Pneu de 12 pouces, double amortisseur et double suspension \u00e0 bras oscillant \u00e0 l'avant. Moteur \u00e0 moyeu, syst\u00e8me CBS, couvercle de fourche arri\u00e8re en aluminium pour cr\u00e9er une impression de haute technologie.<\/p>\n<div id='gallery-3' class='gallery galleryid-1792 gallery-columns-2 gallery-size-full'><figure class='gallery-item'>\n\t\t\t<div class='gallery-icon landscape'>\n\t\t\t\t<img loading=\"lazy\" decoding=\"async\" width=\"645\" height=\"360\" src=\"https:\/\/www.linkseride.com\/wp-content\/uploads\/2020\/10\/2.-rear-tire.jpg\" class=\"attachment-full size-full\" alt=\"scooter de banlieue\" srcset=\"https:\/\/www.linkseride.com\/wp-content\/uploads\/2020\/10\/2.-rear-tire.jpg 645w, https:\/\/www.linkseride.com\/wp-content\/uploads\/2020\/10\/2.-rear-tire-300x167.jpg 300w, https:\/\/www.linkseride.com\/wp-content\/uploads\/2020\/10\/2.-rear-tire-600x335.jpg 600w\" sizes=\"(max-width: 645px) 100vw, 645px\" \/>\n\t\t\t<\/div><\/figure><figure class='gallery-item'>\n\t\t\t<div class='gallery-icon landscape'>\n\t\t\t\t<img loading=\"lazy\" decoding=\"async\" width=\"645\" height=\"360\" src=\"https:\/\/www.linkseride.com\/wp-content\/uploads\/2020\/10\/2.-front-tire-2.jpg\" class=\"attachment-full size-full\" alt=\"scooter de banlieue\" srcset=\"https:\/\/www.linkseride.com\/wp-content\/uploads\/2020\/10\/2.-front-tire-2.jpg 645w, https:\/\/www.linkseride.com\/wp-content\/uploads\/2020\/10\/2.-front-tire-2-300x167.jpg 300w, https:\/\/www.linkseride.com\/wp-content\/uploads\/2020\/10\/2.-front-tire-2-600x335.jpg 600w\" sizes=\"(max-width: 645px) 100vw, 645px\" \/>\n\t\t\t<\/div><\/figure>\n\t\t<\/div>\n\n<h5 class=\"h5--accent strong home--uppercase\">Si\u00e8ge en mousse confortable avec repose-pieds<\/h5>\n<div class=\"rte\">\n<p>Le rembourrage en mousse confortable convient \u00e0 2 personnes pour transporter votre proche, ce qui le rend id\u00e9al pour les longues promenades. D\u00e9barrassez-vous des chocs soudains et retrouvez la libert\u00e9 de rouler.<\/p>\n<\/div>\n<div class=\"rte\">\n<div id='gallery-4' class='gallery galleryid-1792 gallery-columns-2 gallery-size-full'><figure class='gallery-item'>\n\t\t\t<div class='gallery-icon landscape'>\n\t\t\t\t<img loading=\"lazy\" decoding=\"async\" width=\"645\" height=\"360\" src=\"https:\/\/www.linkseride.com\/wp-content\/uploads\/2020\/10\/3.-confortable-seat.jpg\" class=\"attachment-full size-full\" alt=\"scooter de banlieue\" srcset=\"https:\/\/www.linkseride.com\/wp-content\/uploads\/2020\/10\/3.-confortable-seat.jpg 645w, https:\/\/www.linkseride.com\/wp-content\/uploads\/2020\/10\/3.-confortable-seat-300x167.jpg 300w, https:\/\/www.linkseride.com\/wp-content\/uploads\/2020\/10\/3.-confortable-seat-600x335.jpg 600w\" sizes=\"(max-width: 645px) 100vw, 645px\" \/>\n\t\t\t<\/div><\/figure><figure class='gallery-item'>\n\t\t\t<div class='gallery-icon landscape'>\n\t\t\t\t<img loading=\"lazy\" decoding=\"async\" width=\"645\" height=\"360\" src=\"https:\/\/www.linkseride.com\/wp-content\/uploads\/2020\/10\/3.-foot-peg.jpg\" class=\"attachment-full size-full\" alt=\"scooter de banlieue\" srcset=\"https:\/\/www.linkseride.com\/wp-content\/uploads\/2020\/10\/3.-foot-peg.jpg 645w, https:\/\/www.linkseride.com\/wp-content\/uploads\/2020\/10\/3.-foot-peg-300x167.jpg 300w, https:\/\/www.linkseride.com\/wp-content\/uploads\/2020\/10\/3.-foot-peg-600x335.jpg 600w\" sizes=\"(max-width: 645px) 100vw, 645px\" \/>\n\t\t\t<\/div><\/figure>\n\t\t<\/div>\n\n<\/div>\n<\/div>\n<h5 class=\"h5--accent strong home--uppercase\">Syst\u00e8me de d\u00e9marrage par cl\u00e9 en 2 \u00e9tapes et support central solide<\/h5>\n<div class=\"rte\">\n<p>Syst\u00e8me de d\u00e9marrage en 2 \u00e9tapes pour s'assurer que votre scooter ne sera pas vol\u00e9. Il faut utiliser le haut de la cl\u00e9 pour d\u00e9verrouiller le trou de la serrure et ensuite d\u00e9marrer. Support central solide pour assurer la stabilit\u00e9 du scooter lorsque vous le poussez dans votre garage.<\/p>\n<div id='gallery-5' class='gallery galleryid-1792 gallery-columns-2 gallery-size-full'><figure class='gallery-item'>\n\t\t\t<div class='gallery-icon landscape'>\n\t\t\t\t<img loading=\"lazy\" decoding=\"async\" width=\"645\" height=\"360\" src=\"https:\/\/www.linkseride.com\/wp-content\/uploads\/2020\/10\/4.-key-and-keyhole.jpg\" class=\"attachment-full size-full\" alt=\"scooter de banlieue\" srcset=\"https:\/\/www.linkseride.com\/wp-content\/uploads\/2020\/10\/4.-key-and-keyhole.jpg 645w, https:\/\/www.linkseride.com\/wp-content\/uploads\/2020\/10\/4.-key-and-keyhole-300x167.jpg 300w, https:\/\/www.linkseride.com\/wp-content\/uploads\/2020\/10\/4.-key-and-keyhole-600x335.jpg 600w\" sizes=\"(max-width: 645px) 100vw, 645px\" \/>\n\t\t\t<\/div><\/figure><figure class='gallery-item'>\n\t\t\t<div class='gallery-icon landscape'>\n\t\t\t\t<img loading=\"lazy\" decoding=\"async\" width=\"645\" height=\"360\" src=\"https:\/\/www.linkseride.com\/wp-content\/uploads\/2020\/10\/4.-rear-fork.jpg\" class=\"attachment-full size-full\" alt=\"scooter de banlieue\" srcset=\"https:\/\/www.linkseride.com\/wp-content\/uploads\/2020\/10\/4.-rear-fork.jpg 645w, https:\/\/www.linkseride.com\/wp-content\/uploads\/2020\/10\/4.-rear-fork-300x167.jpg 300w, https:\/\/www.linkseride.com\/wp-content\/uploads\/2020\/10\/4.-rear-fork-600x335.jpg 600w\" sizes=\"(max-width: 645px) 100vw, 645px\" \/>\n\t\t\t<\/div><\/figure>\n\t\t<\/div>\n\n<\/div>\n<h5 class=\"h5--accent strong home--uppercase\">Feu avant et arri\u00e8re qualifi\u00e9<\/h5>\n<div class=\"rte\">\n<p>Les feux avant et arri\u00e8re sont qualifi\u00e9s comme ci-dessous pour assurer la s\u00e9curit\u00e9 de la conduite m\u00eame dans la nuit noire. Tous les feux sont certifi\u00e9s CE E-mark.<\/p>\n<div id='gallery-6' class='gallery galleryid-1792 gallery-columns-4 gallery-size-full'><figure class='gallery-item'>\n\t\t\t<div class='gallery-icon landscape'>\n\t\t\t\t<img loading=\"lazy\" decoding=\"async\" width=\"645\" height=\"360\" src=\"https:\/\/www.linkseride.com\/wp-content\/uploads\/2020\/10\/5.-front-light.jpg\" class=\"attachment-full size-full\" alt=\"scooter de banlieue\" srcset=\"https:\/\/www.linkseride.com\/wp-content\/uploads\/2020\/10\/5.-front-light.jpg 645w, https:\/\/www.linkseride.com\/wp-content\/uploads\/2020\/10\/5.-front-light-300x167.jpg 300w, https:\/\/www.linkseride.com\/wp-content\/uploads\/2020\/10\/5.-front-light-600x335.jpg 600w\" sizes=\"(max-width: 645px) 100vw, 645px\" \/>\n\t\t\t<\/div><\/figure><figure class='gallery-item'>\n\t\t\t<div class='gallery-icon landscape'>\n\t\t\t\t<img loading=\"lazy\" decoding=\"async\" width=\"645\" height=\"360\" src=\"https:\/\/www.linkseride.com\/wp-content\/uploads\/2020\/10\/5.-rear-braking-light.jpg\" class=\"attachment-full size-full\" alt=\"scooter de banlieue\" srcset=\"https:\/\/www.linkseride.com\/wp-content\/uploads\/2020\/10\/5.-rear-braking-light.jpg 645w, https:\/\/www.linkseride.com\/wp-content\/uploads\/2020\/10\/5.-rear-braking-light-300x167.jpg 300w, https:\/\/www.linkseride.com\/wp-content\/uploads\/2020\/10\/5.-rear-braking-light-600x335.jpg 600w\" sizes=\"(max-width: 645px) 100vw, 645px\" \/>\n\t\t\t<\/div><\/figure><figure class='gallery-item'>\n\t\t\t<div class='gallery-icon landscape'>\n\t\t\t\t<img loading=\"lazy\" decoding=\"async\" width=\"645\" height=\"360\" src=\"https:\/\/www.linkseride.com\/wp-content\/uploads\/2020\/10\/5.-rear-light-2.jpg\" class=\"attachment-full size-full\" alt=\"scooter de banlieue\" srcset=\"https:\/\/www.linkseride.com\/wp-content\/uploads\/2020\/10\/5.-rear-light-2.jpg 645w, https:\/\/www.linkseride.com\/wp-content\/uploads\/2020\/10\/5.-rear-light-2-300x167.jpg 300w, https:\/\/www.linkseride.com\/wp-content\/uploads\/2020\/10\/5.-rear-light-2-600x335.jpg 600w\" sizes=\"(max-width: 645px) 100vw, 645px\" \/>\n\t\t\t<\/div><\/figure><figure class='gallery-item'>\n\t\t\t<div class='gallery-icon landscape'>\n\t\t\t\t<img loading=\"lazy\" decoding=\"async\" width=\"645\" height=\"360\" src=\"https:\/\/www.linkseride.com\/wp-content\/uploads\/2020\/10\/5.-rear-light.jpg\" class=\"attachment-full size-full\" alt=\"scooter de banlieue\" srcset=\"https:\/\/www.linkseride.com\/wp-content\/uploads\/2020\/10\/5.-rear-light.jpg 645w, https:\/\/www.linkseride.com\/wp-content\/uploads\/2020\/10\/5.-rear-light-300x167.jpg 300w, https:\/\/www.linkseride.com\/wp-content\/uploads\/2020\/10\/5.-rear-light-600x335.jpg 600w\" sizes=\"(max-width: 645px) 100vw, 645px\" \/>\n\t\t\t<\/div><\/figure>\n\t\t<\/div>\n\n<p>Vous trouverez d'autres vid\u00e9os de pr\u00e9sentation ici :\u00a0<a href=\"https:\/\/www.youtube.com\/channel\/UCw4wsO7M_kRsCHTxcFeqTAA\" target=\"_blank\" rel=\"noopener\">https:\/\/www.youtube.com\/channel\/UCw4wsO7M_kRsCHTxcFeqTAA<\/a><\/p>\n<\/div>\n<div class=\"ast-oembed-container\" style=\"height: 100%;\"><iframe title=\"Scooter \u00e9lectrique Ninja 2021 Road Legal from China\" width=\"500\" height=\"281\" src=\"https:\/\/www.youtube.com\/embed\/8Bh2XUWCYCc?feature=oembed\" frameborder=\"0\" allow=\"accelerometer; autoplay; clipboard-write; encrypted-media; gyroscope; picture-in-picture; web-share\" referrerpolicy=\"strict-origin-when-cross-origin\" allowfullscreen><\/iframe><\/div>\n<p>Ce scooter \u00e9lectrique est facile \u00e0 comprendre et \u00e0 utiliser. Si vous \u00eates \u00e0 la recherche d'une version am\u00e9lior\u00e9e du moteur 4000W, vous pouvez facilement consulter la page d'accueil de ce scooter. <a href=\"https:\/\/www.linkseride.com\/fr_fr\/product\/4000w-li-ion-adult-electric-moped\/\" target=\"_blank\" rel=\"noopener\">d\u00e9tails ici.<\/a><\/p>","protected":false},"excerpt":{"rendered":"<p>\u25cf Certificats : L\u00e9galit\u00e9 routi\u00e8re avec certificat CEE, COC et UN38.3<\/p>\n<p>\u25cf Scooter de banlieue avec moteur motoris\u00e9 : moteur \u00e9lectrique sans balais de 3000W. Option de moteur moyeu et de moteur central disponible.<\/p>\n<p>\u25cf Jantes en alliage d'aluminium de 12\u2019\u2019, pour assurer encore plus de stabilit\u00e9, de s\u00e9curit\u00e9 et d'adh\u00e9rence sur tous les rev\u00eatements routiers.<\/p>\n<p>\u25cf Haute performance : Suspension F&amp;R et syst\u00e8me de freinage \u00e0 disque F&amp;R pour vous assurer une conduite fluide et confortable.<\/p>\n<p>\u25cf La batterie rechargeable Li-ion est amovible pour une charge facile. Un port de charge rapide est \u00e9galement disponible.<\/p>\n<p>\u25cf Couleurs ou motifs personnalis\u00e9s disponibles<\/p>","protected":false},"featured_media":1940,"template":"","meta":{"site-sidebar-layout":"default","site-content-layout":"default","ast-site-content-layout":"default","site-content-style":"default","site-sidebar-style":"default","ast-global-header-display":"","ast-banner-title-visibility":"","ast-main-header-display":"","ast-hfb-above-header-display":"","ast-hfb-below-header-display":"","ast-hfb-mobile-header-display":"","site-post-title":"","ast-breadcrumbs-content":"","ast-featured-img":"","footer-sml-layout":"","ast-disable-related-posts":"","theme-transparent-header-meta":"default","adv-header-id-meta":"","stick-header-meta":"","header-above-stick-meta":"","header-main-stick-meta":"","header-below-stick-meta":"","astra-migrate-meta-layouts":"default","ast-page-background-enabled":"default","ast-page-background-meta":{"desktop":{"background-color":"","background-image":"","background-repeat":"repeat","background-position":"center center","background-size":"auto","background-attachment":"scroll","background-type":"","background-media":"","overlay-type":"","overlay-color":"","overlay-opacity":"","overlay-gradient":""},"tablet":{"background-color":"","background-image":"","background-repeat":"repeat","background-position":"center center","background-size":"auto","background-attachment":"scroll","background-type":"","background-media":"","overlay-type":"","overlay-color":"","overlay-opacity":"","overlay-gradient":""},"mobile":{"background-color":"","background-image":"","background-repeat":"repeat","background-position":"center center","background-size":"auto","background-attachment":"scroll","background-type":"","background-media":"","overlay-type":"","overlay-color":"","overlay-opacity":"","overlay-gradient":""}},"ast-content-background-meta":{"desktop":{"background-color":"var(--ast-global-color-5)","background-image":"","background-repeat":"repeat","background-position":"center center","background-size":"auto","background-attachment":"scroll","background-type":"","background-media":"","overlay-type":"","overlay-color":"","overlay-opacity":"","overlay-gradient":""},"tablet":{"background-color":"var(--ast-global-color-5)","background-image":"","background-repeat":"repeat","background-position":"center center","background-size":"auto","background-attachment":"scroll","background-type":"","background-media":"","overlay-type":"","overlay-color":"","overlay-opacity":"","overlay-gradient":""},"mobile":{"background-color":"var(--ast-global-color-5)","background-image":"","background-repeat":"repeat","background-position":"center center","background-size":"auto","background-attachment":"scroll","background-type":"","background-media":"","overlay-type":"","overlay-color":"","overlay-opacity":"","overlay-gradient":""}}},"product_brand":[],"product_cat":[26],"product_tag":[],"class_list":{"0":"post-1792","1":"product","2":"type-product","3":"status-publish","4":"has-post-thumbnail","6":"product_cat-electric-moped","7":"desktop-align-left","8":"tablet-align-left","9":"mobile-align-left","11":"first","12":"instock","13":"shipping-taxable","14":"purchasable","15":"product-type-simple"},"_links":{"self":[{"href":"https:\/\/www.linkseride.com\/fr_fr\/wp-json\/wp\/v2\/product\/1792","targetHints":{"allow":["GET"]}}],"collection":[{"href":"https:\/\/www.linkseride.com\/fr_fr\/wp-json\/wp\/v2\/product"}],"about":[{"href":"https:\/\/www.linkseride.com\/fr_fr\/wp-json\/wp\/v2\/types\/product"}],"wp:featuredmedia":[{"embeddable":true,"href":"https:\/\/www.linkseride.com\/fr_fr\/wp-json\/wp\/v2\/media\/1940"}],"wp:attachment":[{"href":"https:\/\/www.linkseride.com\/fr_fr\/wp-json\/wp\/v2\/media?parent=1792"}],"wp:term":[{"taxonomy":"product_brand","embeddable":true,"href":"https:\/\/www.linkseride.com\/fr_fr\/wp-json\/wp\/v2\/product_brand?post=1792"},{"taxonomy":"product_cat","embeddable":true,"href":"https:\/\/www.linkseride.com\/fr_fr\/wp-json\/wp\/v2\/product_cat?post=1792"},{"taxonomy":"product_tag","embeddable":true,"href":"https:\/\/www.linkseride.com\/fr_fr\/wp-json\/wp\/v2\/product_tag?post=1792"}],"curies":[{"name":"wp","href":"https:\/\/api.w.org\/{rel}","templated":true}]}}