{"id":1996,"date":"2020-10-26T08:38:17","date_gmt":"2020-10-26T08:38:17","guid":{"rendered":"http:\/\/linkseride.com\/?post_type=product&#038;p=1996"},"modified":"2021-03-11T08:22:11","modified_gmt":"2021-03-11T08:22:11","slug":"scooter-electrique-mercane-widewheel-pro","status":"publish","type":"product","link":"https:\/\/www.linkseride.com\/fr_fr\/product\/mercane-widewheel-pro-electric-scooter\/","title":{"rendered":"LES-02 Mercane WideWheel Pro 1000W Dual Motor Power"},"content":{"rendered":"<p>Si vous \u00eates \u00e0 la recherche d'un moyen de transport efficace et intelligent. Alors ce scooter \u00e9lectrique LES-02 Mercane \u00e0 roue large et moteur Pro dural est parfait pour vous. Augmentez sans effort la vitesse de 25km\/h \u00e0 40 km\/h, red\u00e9finissant ainsi les scooters \u00e9lectriques efficaces. Les solides amortisseurs de roues avant et arri\u00e8re offrent au conducteur un maximum de confort, et les freins m\u00e9caniques et \u00e9lectroniques anti-blocage assurent une distance de freinage s\u00fbre. Une version am\u00e9lior\u00e9e du WIDE WHEEL PRO, votre moyen de transport intelligent et efficace.<\/p>\n<p><img fetchpriority=\"high\" decoding=\"async\" class=\"aligncenter wp-image-3087 size-full\" src=\"http:\/\/linkseride.com\/wp-content\/uploads\/2020\/10\/mercan-explored-view.jpg\" alt=\"\" width=\"640\" height=\"399\" srcset=\"https:\/\/www.linkseride.com\/wp-content\/uploads\/2020\/10\/mercan-explored-view.jpg 640w, https:\/\/www.linkseride.com\/wp-content\/uploads\/2020\/10\/mercan-explored-view-300x187.jpg 300w, https:\/\/www.linkseride.com\/wp-content\/uploads\/2020\/10\/mercan-explored-view-600x374.jpg 600w\" sizes=\"(max-width: 640px) 100vw, 640px\" \/><\/p>","protected":false},"excerpt":{"rendered":"<p>\u25cf Roue large Mercane Pro aux performances exceptionnelles : La vitesse maximale du moteur \u00e9lectrique de 500 watts est de 40KM\/H (25 mph) et l'autonomie de croisi\u00e8re maximale est de 43 miles<\/p>\n<p>\u25cfUne conduite s\u00fbre et confortable : Les amortisseurs des roues avant et arri\u00e8re \u00e9quip\u00e9s de grands pneus solides peuvent fournir au cavalier un maximum de confort<\/p>\n<p>\u25cf Excellente technologie : Le scooter \u00e9lectrique LES-02 dispose d'un \u00e9cran LED, d'une fonction Bluetooth, d'un r\u00e9gulateur de vitesse, d'une connexion qui peut am\u00e9liorer la s\u00e9curit\u00e9, d'une mise \u00e0 jour du micrologiciel, etc.<\/p>\n<p>\u25cf Disponible en deux variantes :<br \/>\n- un seul moteur de 500W avec une batterie de 8,8Ah, 15+ miles (19 miles revendiqu\u00e9s)<br \/>\n- deux moteurs 1000W au total avec une batterie 13.2Ah, 20+ miles (31 miles revendiqu\u00e9s)<\/p>\n<p>&nbsp;<\/p>","protected":false},"featured_media":1997,"template":"","meta":{"site-sidebar-layout":"default","site-content-layout":"default","ast-site-content-layout":"default","site-content-style":"default","site-sidebar-style":"default","ast-global-header-display":"","ast-banner-title-visibility":"","ast-main-header-display":"","ast-hfb-above-header-display":"","ast-hfb-below-header-display":"","ast-hfb-mobile-header-display":"","site-post-title":"","ast-breadcrumbs-content":"","ast-featured-img":"","footer-sml-layout":"","ast-disable-related-posts":"","theme-transparent-header-meta":"default","adv-header-id-meta":"","stick-header-meta":"","header-above-stick-meta":"","header-main-stick-meta":"","header-below-stick-meta":"","astra-migrate-meta-layouts":"default","ast-page-background-enabled":"default","ast-page-background-meta":{"desktop":{"background-color":"","background-image":"","background-repeat":"repeat","background-position":"center center","background-size":"auto","background-attachment":"scroll","background-type":"","background-media":"","overlay-type":"","overlay-color":"","overlay-opacity":"","overlay-gradient":""},"tablet":{"background-color":"","background-image":"","background-repeat":"repeat","background-position":"center center","background-size":"auto","background-attachment":"scroll","background-type":"","background-media":"","overlay-type":"","overlay-color":"","overlay-opacity":"","overlay-gradient":""},"mobile":{"background-color":"","background-image":"","background-repeat":"repeat","background-position":"center center","background-size":"auto","background-attachment":"scroll","background-type":"","background-media":"","overlay-type":"","overlay-color":"","overlay-opacity":"","overlay-gradient":""}},"ast-content-background-meta":{"desktop":{"background-color":"var(--ast-global-color-5)","background-image":"","background-repeat":"repeat","background-position":"center center","background-size":"auto","background-attachment":"scroll","background-type":"","background-media":"","overlay-type":"","overlay-color":"","overlay-opacity":"","overlay-gradient":""},"tablet":{"background-color":"var(--ast-global-color-5)","background-image":"","background-repeat":"repeat","background-position":"center center","background-size":"auto","background-attachment":"scroll","background-type":"","background-media":"","overlay-type":"","overlay-color":"","overlay-opacity":"","overlay-gradient":""},"mobile":{"background-color":"var(--ast-global-color-5)","background-image":"","background-repeat":"repeat","background-position":"center center","background-size":"auto","background-attachment":"scroll","background-type":"","background-media":"","overlay-type":"","overlay-color":"","overlay-opacity":"","overlay-gradient":""}}},"product_brand":[],"product_cat":[28],"product_tag":[],"class_list":{"0":"post-1996","1":"product","2":"type-product","3":"status-publish","4":"has-post-thumbnail","6":"product_cat-electric-scooter","7":"desktop-align-left","8":"tablet-align-left","9":"mobile-align-left","11":"first","12":"instock","13":"shipping-taxable","14":"purchasable","15":"product-type-simple"},"_links":{"self":[{"href":"https:\/\/www.linkseride.com\/fr_fr\/wp-json\/wp\/v2\/product\/1996","targetHints":{"allow":["GET"]}}],"collection":[{"href":"https:\/\/www.linkseride.com\/fr_fr\/wp-json\/wp\/v2\/product"}],"about":[{"href":"https:\/\/www.linkseride.com\/fr_fr\/wp-json\/wp\/v2\/types\/product"}],"wp:featuredmedia":[{"embeddable":true,"href":"https:\/\/www.linkseride.com\/fr_fr\/wp-json\/wp\/v2\/media\/1997"}],"wp:attachment":[{"href":"https:\/\/www.linkseride.com\/fr_fr\/wp-json\/wp\/v2\/media?parent=1996"}],"wp:term":[{"taxonomy":"product_brand","embeddable":true,"href":"https:\/\/www.linkseride.com\/fr_fr\/wp-json\/wp\/v2\/product_brand?post=1996"},{"taxonomy":"product_cat","embeddable":true,"href":"https:\/\/www.linkseride.com\/fr_fr\/wp-json\/wp\/v2\/product_cat?post=1996"},{"taxonomy":"product_tag","embeddable":true,"href":"https:\/\/www.linkseride.com\/fr_fr\/wp-json\/wp\/v2\/product_tag?post=1996"}],"curies":[{"name":"wp","href":"https:\/\/api.w.org\/{rel}","templated":true}]}}