{"id":2773,"date":"2020-12-05T07:52:35","date_gmt":"2020-12-05T07:52:35","guid":{"rendered":"http:\/\/linkseride.com\/?post_type=product&#038;p=2773"},"modified":"2021-07-07T07:10:33","modified_gmt":"2021-07-07T07:10:33","slug":"lec-03-1500w-scooter-electrique-citycoco","status":"publish","type":"product","link":"https:\/\/www.linkseride.com\/fr_fr\/product\/lec-03-1500w-citycoco-electric-scooter\/","title":{"rendered":"LEC-3.0 1500W Harley Scooter \u00e9lectrique Citycoco Moto"},"content":{"rendered":"<p>Si vous \u00eates int\u00e9ress\u00e9 par les motos de type Citycoco, d\u00e9couvrez notre scooter \u00e9lectrique Harley Citycoco de taille moyenne, pratique et pouvant atteindre une vitesse maximale de 45 km\/h (28 mph). Autonomie maximale de 55 km (34 miles) avec une seule charge.  \u00c9quip\u00e9 de fonctionnalit\u00e9s avanc\u00e9es, notamment un syst\u00e8me de freinage \u00e0 haut rendement, ce scooter \u00e9lectrique Harley est id\u00e9al pour un usage quotidien. Le mod\u00e8le Citycoco est \u00e9quip\u00e9 d'un moteur \u00e0 moyeu sans balais \u00e0 aimant courb\u00e9 de 1500 W et d'une batterie lithium massive de 60 V 12 AH\/20 AH amovible pour le chargement. Il dispose d'un \u00e9cran num\u00e9rique, d'un si\u00e8ge confortable et d'excellents feux LED. Il est certifi\u00e9 CEE afin que vos clients puissent obtenir le permis n\u00e9cessaire pour circuler.<\/p>","protected":false},"excerpt":{"rendered":"<p>\u25cf Certificats Harley Electric Scooter : homologu\u00e9 pour la circulation routi\u00e8re avec certificats EEC, COC et UN38.3.<\/p>\n<p>\u25cf Batterie rechargeable Li-ion 12 Ah\/20 Ah avec compartiment \u00e0 changement rapide et jusqu'\u00e0 55 km (34 miles) d'utilisation continue<\/p>\n<p>\u25cf Comprend des roues personnalis\u00e9es de 13 pouces et des pneus de route, une suspension arri\u00e8re, un acc\u00e9l\u00e9rateur \u00e0 poign\u00e9e tournante \u00e0 vitesse variable et des freins \u00e0 disque arri\u00e8re actionn\u00e9s \u00e0 la main.<\/p>\n<p>\u25cf Rechargez n'importe o\u00f9. Vous pouvez retirer la batterie pour la recharger \u00e0 l'int\u00e9rieur.<\/p>\n<p>\u25cf Diff\u00e9rentes couleurs et personnalisations disponibles !<\/p>\n<p>&nbsp;<\/p>","protected":false},"featured_media":2774,"template":"","meta":{"site-sidebar-layout":"default","site-content-layout":"default","ast-site-content-layout":"default","site-content-style":"default","site-sidebar-style":"default","ast-global-header-display":"","ast-banner-title-visibility":"","ast-main-header-display":"","ast-hfb-above-header-display":"","ast-hfb-below-header-display":"","ast-hfb-mobile-header-display":"","site-post-title":"","ast-breadcrumbs-content":"","ast-featured-img":"","footer-sml-layout":"","ast-disable-related-posts":"","theme-transparent-header-meta":"default","adv-header-id-meta":"","stick-header-meta":"","header-above-stick-meta":"","header-main-stick-meta":"","header-below-stick-meta":"","astra-migrate-meta-layouts":"default","ast-page-background-enabled":"default","ast-page-background-meta":{"desktop":{"background-color":"","background-image":"","background-repeat":"repeat","background-position":"center center","background-size":"auto","background-attachment":"scroll","background-type":"","background-media":"","overlay-type":"","overlay-color":"","overlay-opacity":"","overlay-gradient":""},"tablet":{"background-color":"","background-image":"","background-repeat":"repeat","background-position":"center center","background-size":"auto","background-attachment":"scroll","background-type":"","background-media":"","overlay-type":"","overlay-color":"","overlay-opacity":"","overlay-gradient":""},"mobile":{"background-color":"","background-image":"","background-repeat":"repeat","background-position":"center center","background-size":"auto","background-attachment":"scroll","background-type":"","background-media":"","overlay-type":"","overlay-color":"","overlay-opacity":"","overlay-gradient":""}},"ast-content-background-meta":{"desktop":{"background-color":"var(--ast-global-color-5)","background-image":"","background-repeat":"repeat","background-position":"center center","background-size":"auto","background-attachment":"scroll","background-type":"","background-media":"","overlay-type":"","overlay-color":"","overlay-opacity":"","overlay-gradient":""},"tablet":{"background-color":"var(--ast-global-color-5)","background-image":"","background-repeat":"repeat","background-position":"center center","background-size":"auto","background-attachment":"scroll","background-type":"","background-media":"","overlay-type":"","overlay-color":"","overlay-opacity":"","overlay-gradient":""},"mobile":{"background-color":"var(--ast-global-color-5)","background-image":"","background-repeat":"repeat","background-position":"center center","background-size":"auto","background-attachment":"scroll","background-type":"","background-media":"","overlay-type":"","overlay-color":"","overlay-opacity":"","overlay-gradient":""}}},"product_brand":[],"product_cat":[27],"product_tag":[],"class_list":{"0":"post-2773","1":"product","2":"type-product","3":"status-publish","4":"has-post-thumbnail","6":"product_cat-electric-motorcycle","7":"desktop-align-left","8":"tablet-align-left","9":"mobile-align-left","11":"first","12":"instock","13":"shipping-taxable","14":"purchasable","15":"product-type-simple"},"_links":{"self":[{"href":"https:\/\/www.linkseride.com\/fr_fr\/wp-json\/wp\/v2\/product\/2773","targetHints":{"allow":["GET"]}}],"collection":[{"href":"https:\/\/www.linkseride.com\/fr_fr\/wp-json\/wp\/v2\/product"}],"about":[{"href":"https:\/\/www.linkseride.com\/fr_fr\/wp-json\/wp\/v2\/types\/product"}],"wp:featuredmedia":[{"embeddable":true,"href":"https:\/\/www.linkseride.com\/fr_fr\/wp-json\/wp\/v2\/media\/2774"}],"wp:attachment":[{"href":"https:\/\/www.linkseride.com\/fr_fr\/wp-json\/wp\/v2\/media?parent=2773"}],"wp:term":[{"taxonomy":"product_brand","embeddable":true,"href":"https:\/\/www.linkseride.com\/fr_fr\/wp-json\/wp\/v2\/product_brand?post=2773"},{"taxonomy":"product_cat","embeddable":true,"href":"https:\/\/www.linkseride.com\/fr_fr\/wp-json\/wp\/v2\/product_cat?post=2773"},{"taxonomy":"product_tag","embeddable":true,"href":"https:\/\/www.linkseride.com\/fr_fr\/wp-json\/wp\/v2\/product_tag?post=2773"}],"curies":[{"name":"wp","href":"https:\/\/api.w.org\/{rel}","templated":true}]}}