{"id":3192,"date":"2021-04-21T12:14:14","date_gmt":"2021-04-21T12:14:14","guid":{"rendered":"http:\/\/linkseride.com\/?post_type=product&#038;p=3192"},"modified":"2021-04-21T13:05:26","modified_gmt":"2021-04-21T13:05:26","slug":"electric-scooter-bike-with-pet-basket","status":"publish","type":"product","link":"https:\/\/www.linkseride.com\/fr_fr\/product\/electric-scooter-bike-with-pet-basket\/","title":{"rendered":"LES-10 Scooter \u00e9lectrique pliable avec panier pour animaux de compagnie et assistance au p\u00e9dalage"},"content":{"rendered":"<p class=\"p1\"><span class=\"s1\">This mini electric scooter bike will help you drive around effortlessly. The electric scooter can support a maximum user weight of up to 120kg, the maximum range of 40 miles on one full battery charge, depending on terrain. speed 25-45 km \/ h, can climb up to 30\u00b0, charging time 3-8h, LCD color display LCD device, performance, speed, anywhere, personalized remote control. <\/span><\/p>\n<p class=\"p1\"><span class=\"s1\">Hydraulic shock absorbers on the front wheels, dual spring hydraulic shock absorbers with independent suspension on the rear wheels, comfortable and not afraid of bumps. This model is an electric scooter bike for men and women carrying pets on vacation, made of front and rear shock absorption systems, equipped with Pet cage, which is safe to travel with pets, with pedals on both sides. <\/span><\/p>\n<p class=\"p1\"><span class=\"s1\">Designed with easy storage and transportation in mind, handles can be quickly folded and placed, and can be implemented outdoors in the car Climbing in the trunk.<\/span><\/p>\n<table width=\"389\">\n<tbody>\n<tr>\n<td style=\"font-weight: 400;\" colspan=\"2\" width=\"196\"><strong>Certificates<\/strong><\/td>\n<td style=\"font-weight: 400;\" width=\"138\">KC,\u00a0CE,\u00a0FCC,\u00a0Rosh<\/td>\n<td style=\"font-weight: 400;\" width=\"51\">KC,\u00a0CE,\u00a0FCC,\u00a0Rosh<\/td>\n<td style=\"font-weight: 400;\" width=\"51\">KC,\u00a0CE,\u00a0FCC,\u00a0Rosh<\/td>\n<\/tr>\n<tr>\n<td style=\"font-weight: 400;\" colspan=\"2\" width=\"196\"><strong>Links\u00a0Item\u00a0No.<\/strong><\/td>\n<td style=\"font-weight: 400;\" width=\"138\"><strong>LES-10\u00a0350W<\/strong><\/td>\n<td style=\"font-weight: 400;\" width=\"51\"><strong>LES-10\u00a0500W<\/strong><\/td>\n<td style=\"font-weight: 400;\" width=\"51\"><strong>LES-10\u00a0500W*2<\/strong><\/td>\n<\/tr>\n<tr>\n<td style=\"font-weight: 400;\" rowspan=\"5\" width=\"98\"><strong>Power\u00a0System<\/strong><\/td>\n<td style=\"font-weight: 400;\" width=\"51\"><strong>Moteur\u00a0<\/strong><\/td>\n<td style=\"font-weight: 400;\" width=\"138\">BLDC\u00a0350W\u00a0(Max\u00a0700W)<\/td>\n<td style=\"font-weight: 400;\" width=\"51\">BLDC\u00a0500W\u00a0(Max\u00a01000W)<\/td>\n<td style=\"font-weight: 400;\" width=\"51\">BLDC\u00a0500W*2\u00a0(Max\u00a02000W)<\/td>\n<\/tr>\n<tr>\n<td style=\"font-weight: 400;\" width=\"51\"><strong>Type de batterie<\/strong><\/td>\n<td style=\"font-weight: 400;\" width=\"138\">lithium\u00a0battery<\/td>\n<td style=\"font-weight: 400;\" width=\"51\">lithium\u00a0battery<\/td>\n<td style=\"font-weight: 400;\" width=\"51\">lithium\u00a0battery<\/td>\n<\/tr>\n<tr>\n<td style=\"font-weight: 400;\" width=\"51\"><strong>Capacit\u00e9 de la batterie<\/strong><\/td>\n<td style=\"font-weight: 400;\" width=\"138\">48V\u00a010AH<\/td>\n<td style=\"font-weight: 400;\" width=\"51\">48V\u00a015AH<\/td>\n<td style=\"font-weight: 400;\" width=\"51\">48V\u00a020AH<\/td>\n<\/tr>\n<tr>\n<td style=\"font-weight: 400;\" width=\"51\"><strong>Chargeur<\/strong><\/td>\n<td style=\"font-weight: 400;\" width=\"138\">54.6V\u00a02A,\u00a0AC\u00a0100~240V\u00a050~60Hz<\/td>\n<td style=\"font-weight: 400;\" width=\"51\">54.6V\u00a02A,\u00a0AC\u00a0100~240V\u00a050~60Hz<\/td>\n<td style=\"font-weight: 400;\" width=\"51\">54.6V\u00a02A,\u00a0AC\u00a0100~240V\u00a050~60Hz<\/td>\n<\/tr>\n<tr>\n<td style=\"font-weight: 400;\" width=\"51\"><strong>Temps de charge<\/strong><\/td>\n<td style=\"font-weight: 400;\" width=\"138\">3~5H<\/td>\n<td style=\"font-weight: 400;\" width=\"51\">5~7H<\/td>\n<td style=\"font-weight: 400;\" width=\"51\">6~8H<\/td>\n<\/tr>\n<tr>\n<td style=\"font-weight: 400;\" rowspan=\"5\" width=\"98\"><strong>Performance<\/strong><\/td>\n<td style=\"font-weight: 400;\" width=\"51\"><strong>Capacit\u00e9 d'escalade<\/strong><\/td>\n<td style=\"font-weight: 400;\" width=\"138\">10\u00b0<\/td>\n<td style=\"font-weight: 400;\" width=\"51\">20\u00b0<\/td>\n<td style=\"font-weight: 400;\" width=\"51\">30\u00b0<\/td>\n<\/tr>\n<tr>\n<td style=\"font-weight: 400;\" width=\"51\"><strong>Charge maximale<\/strong><\/td>\n<td style=\"font-weight: 400;\" width=\"138\">120KG\u00a0(265\u00a0lbs)<\/td>\n<td style=\"font-weight: 400;\" width=\"51\">120KG\u00a0(265\u00a0lbs)<\/td>\n<td style=\"font-weight: 400;\" width=\"51\">120KG\u00a0(265\u00a0lbs)<\/td>\n<\/tr>\n<tr>\n<td style=\"font-weight: 400;\" width=\"51\"><strong>Vitesse maximale<\/strong><\/td>\n<td style=\"font-weight: 400;\" width=\"138\">25KM\/H\u00a0(16\u00a0mph)<\/td>\n<td style=\"font-weight: 400;\" width=\"51\">35KM\/H<\/td>\n<td style=\"font-weight: 400;\" width=\"51\">45KM\/H<\/td>\n<\/tr>\n<tr>\n<td style=\"font-weight: 400;\" width=\"51\"><strong>Autonomie par charge<\/strong><\/td>\n<td style=\"font-weight: 400;\" width=\"138\">35KM<\/td>\n<td style=\"font-weight: 400;\" width=\"51\">50KM<\/td>\n<td style=\"font-weight: 400;\" width=\"51\">65KM<\/td>\n<\/tr>\n<tr>\n<td style=\"font-weight: 400;\" width=\"51\"><strong>Waterproof\u00a0level<\/strong><\/td>\n<td style=\"font-weight: 400;\" width=\"138\">IP54<\/td>\n<td style=\"font-weight: 400;\" width=\"51\">IP54<\/td>\n<td style=\"font-weight: 400;\" width=\"51\">IP54<\/td>\n<\/tr>\n<tr>\n<td style=\"font-weight: 400;\" rowspan=\"4\" width=\"98\"><strong>Main\u00a0Components<\/strong><\/td>\n<td style=\"font-weight: 400;\" width=\"51\"><strong>Cadre<\/strong><\/td>\n<td style=\"font-weight: 400;\" width=\"138\">Aluminum\u00a0Alloy<\/td>\n<td style=\"font-weight: 400;\" width=\"51\">Aluminum\u00a0Alloy<\/td>\n<td style=\"font-weight: 400;\" width=\"51\">Aluminum\u00a0Alloy<\/td>\n<\/tr>\n<tr>\n<td style=\"font-weight: 400;\" width=\"51\"><strong>Suspension<\/strong><\/td>\n<td style=\"font-weight: 400;\" width=\"138\">front\u00a0and\u00a0rear\u00a0suspension<\/td>\n<td style=\"font-weight: 400;\" width=\"51\">front\u00a0and\u00a0rear\u00a0suspension<\/td>\n<td style=\"font-weight: 400;\" width=\"51\">front\u00a0and\u00a0rear\u00a0suspension<\/td>\n<\/tr>\n<tr>\n<td style=\"font-weight: 400;\" width=\"51\"><strong>Frein<\/strong><\/td>\n<td style=\"font-weight: 400;\" width=\"138\">rear\u00a0drum\u00a0Brake,\u00a0front\u00a0disc\u00a0brake<\/td>\n<td style=\"font-weight: 400;\" width=\"51\">rear\u00a0drum\u00a0Brake,\u00a0front\u00a0disc\u00a0brake<\/td>\n<td style=\"font-weight: 400;\" width=\"51\">rear\u00a0drum\u00a0Brake,\u00a0front\u00a0disc\u00a0brake<\/td>\n<\/tr>\n<tr>\n<td style=\"font-weight: 400;\" width=\"51\"><strong>Pneu<\/strong><\/td>\n<td style=\"font-weight: 400;\" width=\"138\">12*1.75<\/td>\n<td style=\"font-weight: 400;\" width=\"51\">12*2.125<\/td>\n<td style=\"font-weight: 400;\" width=\"51\">12*2.125<\/td>\n<\/tr>\n<tr>\n<td style=\"font-weight: 400;\" rowspan=\"3\" width=\"98\">Size\u00a0&amp;\u00a0Shipping<\/td>\n<td style=\"font-weight: 400;\" width=\"51\"><strong>G.W<\/strong><\/td>\n<td style=\"font-weight: 400;\" width=\"138\">32KG<\/td>\n<td style=\"font-weight: 400;\" width=\"51\">37KG<\/td>\n<td style=\"font-weight: 400;\" width=\"51\">41KG<\/td>\n<\/tr>\n<tr>\n<td style=\"font-weight: 400;\" width=\"51\"><strong>Taille de d\u00e9pliage<\/strong><\/td>\n<td style=\"font-weight: 400;\" width=\"138\">1150*580*1060mm<\/td>\n<td style=\"font-weight: 400;\" width=\"51\">1150*580*1060mm<\/td>\n<td style=\"font-weight: 400;\" width=\"51\">1150*580*1060mm<\/td>\n<\/tr>\n<tr>\n<td style=\"font-weight: 400;\" width=\"51\"><strong>Taille de pliage<\/strong><\/td>\n<td style=\"font-weight: 400;\" width=\"138\">1150*550*720mm<\/td>\n<td style=\"font-weight: 400;\" width=\"51\">1150*550*720mm<\/td>\n<td style=\"font-weight: 400;\" width=\"51\">1150*550*720mm<\/td>\n<\/tr>\n<\/tbody>\n<\/table>\n<p>Si vous recherchez d'autres mod\u00e8les, vous pouvez cliquer sur <a href=\"https:\/\/www.linkseride.com\/fr_fr\/product-electric-vehicle-manufacturer\/\" target=\"_blank\" rel=\"noopener\">ici<\/a> pour revenir.<\/p>\n<div class=\"ast-oembed-container\" style=\"height: 100%;\"><iframe title=\"LINKS Factory Tour for Electric Scooters &amp; Electric Mopeds\" width=\"500\" height=\"281\" src=\"https:\/\/www.youtube.com\/embed\/sPCPYP3ZQpQ?feature=oembed\" frameborder=\"0\" allow=\"accelerometer; autoplay; clipboard-write; encrypted-media; gyroscope; picture-in-picture; web-share\" referrerpolicy=\"strict-origin-when-cross-origin\" allowfullscreen><\/iframe><\/div>","protected":false},"excerpt":{"rendered":"<p>\u25cf Foldable Electric Scooter Bike with Pet Basket with Pedal Assist<\/p>\n<p><span class=\"s1\">\u25cf \u00e9quip\u00e9 d'une cage pour animaux de compagnie, qui permet de voyager en toute s\u00e9curit\u00e9 avec des animaux de compagnie.<\/span><\/p>\n<p>\u25cf<span class=\"s1\">Con\u00e7ues pour faciliter le stockage et le transport, les poign\u00e9es peuvent \u00eatre rapidement pli\u00e9es et plac\u00e9es.<\/span><\/p>\n<p>\u25cf Verrouillage\/d\u00e9marrage par une seule cl\u00e9, phares \u00e0 LED, grande stabilit\u00e9 du syst\u00e8me de freinage.<\/p>","protected":false},"featured_media":3194,"template":"","meta":{"site-sidebar-layout":"default","site-content-layout":"default","ast-site-content-layout":"default","site-content-style":"default","site-sidebar-style":"default","ast-global-header-display":"","ast-banner-title-visibility":"","ast-main-header-display":"","ast-hfb-above-header-display":"","ast-hfb-below-header-display":"","ast-hfb-mobile-header-display":"","site-post-title":"","ast-breadcrumbs-content":"","ast-featured-img":"","footer-sml-layout":"","ast-disable-related-posts":"","theme-transparent-header-meta":"default","adv-header-id-meta":"","stick-header-meta":"","header-above-stick-meta":"","header-main-stick-meta":"","header-below-stick-meta":"","astra-migrate-meta-layouts":"default","ast-page-background-enabled":"default","ast-page-background-meta":{"desktop":{"background-color":"","background-image":"","background-repeat":"repeat","background-position":"center center","background-size":"auto","background-attachment":"scroll","background-type":"","background-media":"","overlay-type":"","overlay-color":"","overlay-opacity":"","overlay-gradient":""},"tablet":{"background-color":"","background-image":"","background-repeat":"repeat","background-position":"center center","background-size":"auto","background-attachment":"scroll","background-type":"","background-media":"","overlay-type":"","overlay-color":"","overlay-opacity":"","overlay-gradient":""},"mobile":{"background-color":"","background-image":"","background-repeat":"repeat","background-position":"center center","background-size":"auto","background-attachment":"scroll","background-type":"","background-media":"","overlay-type":"","overlay-color":"","overlay-opacity":"","overlay-gradient":""}},"ast-content-background-meta":{"desktop":{"background-color":"var(--ast-global-color-5)","background-image":"","background-repeat":"repeat","background-position":"center center","background-size":"auto","background-attachment":"scroll","background-type":"","background-media":"","overlay-type":"","overlay-color":"","overlay-opacity":"","overlay-gradient":""},"tablet":{"background-color":"var(--ast-global-color-5)","background-image":"","background-repeat":"repeat","background-position":"center center","background-size":"auto","background-attachment":"scroll","background-type":"","background-media":"","overlay-type":"","overlay-color":"","overlay-opacity":"","overlay-gradient":""},"mobile":{"background-color":"var(--ast-global-color-5)","background-image":"","background-repeat":"repeat","background-position":"center center","background-size":"auto","background-attachment":"scroll","background-type":"","background-media":"","overlay-type":"","overlay-color":"","overlay-opacity":"","overlay-gradient":""}}},"product_brand":[],"product_cat":[29,28],"product_tag":[],"class_list":{"0":"post-3192","1":"product","2":"type-product","3":"status-publish","4":"has-post-thumbnail","6":"product_cat-electric-bike","7":"product_cat-electric-scooter","8":"desktop-align-left","9":"tablet-align-left","10":"mobile-align-left","12":"first","13":"instock","14":"shipping-taxable","15":"purchasable","16":"product-type-simple"},"_links":{"self":[{"href":"https:\/\/www.linkseride.com\/fr_fr\/wp-json\/wp\/v2\/product\/3192","targetHints":{"allow":["GET"]}}],"collection":[{"href":"https:\/\/www.linkseride.com\/fr_fr\/wp-json\/wp\/v2\/product"}],"about":[{"href":"https:\/\/www.linkseride.com\/fr_fr\/wp-json\/wp\/v2\/types\/product"}],"wp:featuredmedia":[{"embeddable":true,"href":"https:\/\/www.linkseride.com\/fr_fr\/wp-json\/wp\/v2\/media\/3194"}],"wp:attachment":[{"href":"https:\/\/www.linkseride.com\/fr_fr\/wp-json\/wp\/v2\/media?parent=3192"}],"wp:term":[{"taxonomy":"product_brand","embeddable":true,"href":"https:\/\/www.linkseride.com\/fr_fr\/wp-json\/wp\/v2\/product_brand?post=3192"},{"taxonomy":"product_cat","embeddable":true,"href":"https:\/\/www.linkseride.com\/fr_fr\/wp-json\/wp\/v2\/product_cat?post=3192"},{"taxonomy":"product_tag","embeddable":true,"href":"https:\/\/www.linkseride.com\/fr_fr\/wp-json\/wp\/v2\/product_tag?post=3192"}],"curies":[{"name":"wp","href":"https:\/\/api.w.org\/{rel}","templated":true}]}}