{"id":3490,"date":"2021-06-16T06:37:52","date_gmt":"2021-06-16T06:37:52","guid":{"rendered":"http:\/\/linkseride.com\/?post_type=product&#038;p=3490"},"modified":"2022-12-16T03:35:53","modified_gmt":"2022-12-16T03:35:53","slug":"scooter-electrique-m6-big-tire-street-moped","status":"publish","type":"product","link":"https:\/\/www.linkseride.com\/fr_fr\/product\/m6-big-tire-electric-scooter-street-moped\/","title":{"rendered":"Scooter \u00e9lectrique M6 \u00e0 gros pneus, cyclomoteur de ville, pneus larges, 2000 W, 3000 W"},"content":{"rendered":"<p>Nous sommes passionn\u00e9s par ce que nous faisons pour notre avenir \u00e9lectrique, notamment <strong>les scooters \u00e9lectriques, <a href=\"https:\/\/www.linkseride.com\/fr_fr\/fabricant-de-motos-electriques\/\" target=\"_blank\" rel=\"noopener\">scooter \u00e0 pneus larges<\/a>, <a href=\"https:\/\/www.linkseride.com\/fr_fr\/fabricant-de-motos-electriques\/\" target=\"_blank\" rel=\"noopener\">scooter citycoco<\/a>, <a href=\"https:\/\/www.linkseride.com\/fr_fr\/fabricant-de-cyclomoteurs-electriques\/\" target=\"_blank\" rel=\"noopener\">cyclomoteur \u00e9lectrique<\/a><\/strong> etc.<\/p>\n<p>L'id\u00e9e de notre scooter \u00e9lectrique M6 Big Tire a \u00e9t\u00e9 con\u00e7ue \u00e0 partir du scooter g\u00e9ant M6G. Il est l\u00e9ger et peut parcourir jusqu'\u00e0 60-70 km avec une seule charge. Avec ce design, nous pouvons avoir beaucoup plus d'id\u00e9es de personnalisation en ajoutant un si\u00e8ge passager, ou en ajoutant un si\u00e8ge avec dossier.<\/p>\n<div id='gallery-1' class='gallery galleryid-3490 gallery-columns-2 gallery-size-full'><figure class='gallery-item'>\n\t\t\t<div class='gallery-icon landscape'>\n\t\t\t\t<a href=\"https:\/\/www.linkseride.com\/fr_fr\/?attachment_id=3503\"><img fetchpriority=\"high\" decoding=\"async\" width=\"1024\" height=\"683\" src=\"https:\/\/www.linkseride.com\/wp-content\/uploads\/2021\/06\/1-6.jpg\" class=\"attachment-full size-full\" alt=\"trottinette \u00e9lectrique \u00e0 gros pneus\" srcset=\"https:\/\/www.linkseride.com\/wp-content\/uploads\/2021\/06\/1-6.jpg 1024w, https:\/\/www.linkseride.com\/wp-content\/uploads\/2021\/06\/1-6-300x200.jpg 300w, https:\/\/www.linkseride.com\/wp-content\/uploads\/2021\/06\/1-6-768x512.jpg 768w, https:\/\/www.linkseride.com\/wp-content\/uploads\/2021\/06\/1-6-600x400.jpg 600w\" sizes=\"(max-width: 1024px) 100vw, 1024px\" \/><\/a>\n\t\t\t<\/div><\/figure><figure class='gallery-item'>\n\t\t\t<div class='gallery-icon landscape'>\n\t\t\t\t<a href=\"https:\/\/www.linkseride.com\/fr_fr\/?attachment_id=3504\"><img decoding=\"async\" width=\"1024\" height=\"683\" src=\"https:\/\/www.linkseride.com\/wp-content\/uploads\/2021\/06\/2-6.jpg\" class=\"attachment-full size-full\" alt=\"scooter \u00e9lectrique \u00e0 gros pneu scooter \u00e9lectrique china scooter factory scooter \u00e9lectrique wholesale\" srcset=\"https:\/\/www.linkseride.com\/wp-content\/uploads\/2021\/06\/2-6.jpg 1024w, https:\/\/www.linkseride.com\/wp-content\/uploads\/2021\/06\/2-6-300x200.jpg 300w, https:\/\/www.linkseride.com\/wp-content\/uploads\/2021\/06\/2-6-768x512.jpg 768w, https:\/\/www.linkseride.com\/wp-content\/uploads\/2021\/06\/2-6-600x400.jpg 600w\" sizes=\"(max-width: 1024px) 100vw, 1024px\" \/><\/a>\n\t\t\t<\/div><\/figure>\n\t\t<\/div>\n\n<h2>Quelles sont les principales caract\u00e9ristiques de ce scooter \u00e9lectrique M6 Big Tire ?<\/h2>\n<div class=\"rte\">\n<div class=\"rte\">\n<div id='gallery-2' class='gallery galleryid-3490 gallery-columns-2 gallery-size-full'><figure class='gallery-item'>\n\t\t\t<div class='gallery-icon landscape'>\n\t\t\t\t<a href=\"https:\/\/www.linkseride.com\/wp-content\/uploads\/2021\/06\/3-4.jpg\"><img decoding=\"async\" width=\"1024\" height=\"683\" src=\"https:\/\/www.linkseride.com\/wp-content\/uploads\/2021\/06\/3-4.jpg\" class=\"attachment-full size-full\" alt=\"trottinette \u00e9lectrique \u00e0 gros pneus\" srcset=\"https:\/\/www.linkseride.com\/wp-content\/uploads\/2021\/06\/3-4.jpg 1024w, https:\/\/www.linkseride.com\/wp-content\/uploads\/2021\/06\/3-4-300x200.jpg 300w, https:\/\/www.linkseride.com\/wp-content\/uploads\/2021\/06\/3-4-768x512.jpg 768w, https:\/\/www.linkseride.com\/wp-content\/uploads\/2021\/06\/3-4-600x400.jpg 600w\" sizes=\"(max-width: 1024px) 100vw, 1024px\" \/><\/a>\n\t\t\t<\/div><\/figure><figure class='gallery-item'>\n\t\t\t<div class='gallery-icon landscape'>\n\t\t\t\t<a href=\"https:\/\/www.linkseride.com\/wp-content\/uploads\/2021\/06\/4-4.jpg\"><img loading=\"lazy\" decoding=\"async\" width=\"1024\" height=\"683\" src=\"https:\/\/www.linkseride.com\/wp-content\/uploads\/2021\/06\/4-4.jpg\" class=\"attachment-full size-full\" alt=\"trottinette \u00e9lectrique \u00e0 gros pneus\" srcset=\"https:\/\/www.linkseride.com\/wp-content\/uploads\/2021\/06\/4-4.jpg 1024w, https:\/\/www.linkseride.com\/wp-content\/uploads\/2021\/06\/4-4-300x200.jpg 300w, https:\/\/www.linkseride.com\/wp-content\/uploads\/2021\/06\/4-4-768x512.jpg 768w, https:\/\/www.linkseride.com\/wp-content\/uploads\/2021\/06\/4-4-600x400.jpg 600w\" sizes=\"(max-width: 1024px) 100vw, 1024px\" \/><\/a>\n\t\t\t<\/div><\/figure>\n\t\t<\/div>\n\n<p><strong>RAPIDE ET AMUSANT<\/strong> Offrant un moteur de 2000W \/ 3000W, un acc\u00e9l\u00e9rateur rotatif, et 3 vitesses jusqu'\u00e0 46.6 mph, le scooter \u00e9lectrique M2 Fat tire est un excellent moyen de profiter des d\u00e9placements \u00e0 travers la ville. Avec des options de batterie 20AH \/30AH \/40Ah \/50Ah, votre meilleure vie est \u00e0 port\u00e9e de main.<\/p>\n<div id='gallery-3' class='gallery galleryid-3490 gallery-columns-2 gallery-size-full'><figure class='gallery-item'>\n\t\t\t<div class='gallery-icon landscape'>\n\t\t\t\t<a href=\"https:\/\/www.linkseride.com\/wp-content\/uploads\/2021\/06\/5-5.jpg\"><img loading=\"lazy\" decoding=\"async\" width=\"1024\" height=\"683\" src=\"https:\/\/www.linkseride.com\/wp-content\/uploads\/2021\/06\/5-5.jpg\" class=\"attachment-full size-full\" alt=\"trottinette \u00e9lectrique \u00e0 gros pneus\" srcset=\"https:\/\/www.linkseride.com\/wp-content\/uploads\/2021\/06\/5-5.jpg 1024w, https:\/\/www.linkseride.com\/wp-content\/uploads\/2021\/06\/5-5-300x200.jpg 300w, https:\/\/www.linkseride.com\/wp-content\/uploads\/2021\/06\/5-5-768x512.jpg 768w, https:\/\/www.linkseride.com\/wp-content\/uploads\/2021\/06\/5-5-600x400.jpg 600w\" sizes=\"(max-width: 1024px) 100vw, 1024px\" \/><\/a>\n\t\t\t<\/div><\/figure><figure class='gallery-item'>\n\t\t\t<div class='gallery-icon landscape'>\n\t\t\t\t<a href=\"https:\/\/www.linkseride.com\/wp-content\/uploads\/2021\/06\/6-4.jpg\"><img loading=\"lazy\" decoding=\"async\" width=\"1024\" height=\"683\" src=\"https:\/\/www.linkseride.com\/wp-content\/uploads\/2021\/06\/6-4.jpg\" class=\"attachment-full size-full\" alt=\"trottinette \u00e9lectrique \u00e0 gros pneus\" srcset=\"https:\/\/www.linkseride.com\/wp-content\/uploads\/2021\/06\/6-4.jpg 1024w, https:\/\/www.linkseride.com\/wp-content\/uploads\/2021\/06\/6-4-300x200.jpg 300w, https:\/\/www.linkseride.com\/wp-content\/uploads\/2021\/06\/6-4-768x512.jpg 768w, https:\/\/www.linkseride.com\/wp-content\/uploads\/2021\/06\/6-4-600x400.jpg 600w\" sizes=\"(max-width: 1024px) 100vw, 1024px\" \/><\/a>\n\t\t\t<\/div><\/figure>\n\t\t<\/div>\n\n<p><strong>S\u00dbR ET CONFORTABLE<\/strong>\u00a0Le v\u00e9lo est \u00e9quip\u00e9 d'un frein \u00e0 disque \u00e0 l'avant, \u00e0 l'arri\u00e8re et sur la selle ; chaque frein est fabriqu\u00e9 en aluminium avec un cadre l\u00e9ger en fibre de carbone et des roues l\u00e9g\u00e8res et de haute qualit\u00e9. Gr\u00e2ce aux grands freins \u00e0 disque avant et arri\u00e8re. Les freins arri\u00e8re ont \u00e9galement \u00e9t\u00e9 am\u00e9lior\u00e9s avec du caoutchouc suppl\u00e9mentaire et des patins de frein plus grands lors de l'installation, ce qui en fait un cruiser plus amusant que son pr\u00e9d\u00e9cesseur.<\/p>\n<div id='gallery-4' class='gallery galleryid-3490 gallery-columns-3 gallery-size-full'><figure class='gallery-item'>\n\t\t\t<div class='gallery-icon landscape'>\n\t\t\t\t<a href=\"https:\/\/www.linkseride.com\/wp-content\/uploads\/2021\/06\/7-4.jpg\"><img loading=\"lazy\" decoding=\"async\" width=\"1024\" height=\"683\" src=\"https:\/\/www.linkseride.com\/wp-content\/uploads\/2021\/06\/7-4.jpg\" class=\"attachment-full size-full\" alt=\"trottinette \u00e9lectrique \u00e0 gros pneus\" srcset=\"https:\/\/www.linkseride.com\/wp-content\/uploads\/2021\/06\/7-4.jpg 1024w, https:\/\/www.linkseride.com\/wp-content\/uploads\/2021\/06\/7-4-300x200.jpg 300w, https:\/\/www.linkseride.com\/wp-content\/uploads\/2021\/06\/7-4-768x512.jpg 768w, https:\/\/www.linkseride.com\/wp-content\/uploads\/2021\/06\/7-4-600x400.jpg 600w\" sizes=\"(max-width: 1024px) 100vw, 1024px\" \/><\/a>\n\t\t\t<\/div><\/figure><figure class='gallery-item'>\n\t\t\t<div class='gallery-icon landscape'>\n\t\t\t\t<a href=\"https:\/\/www.linkseride.com\/wp-content\/uploads\/2021\/06\/8-4.jpg\"><img loading=\"lazy\" decoding=\"async\" width=\"1024\" height=\"683\" src=\"https:\/\/www.linkseride.com\/wp-content\/uploads\/2021\/06\/8-4.jpg\" class=\"attachment-full size-full\" alt=\"trottinette \u00e9lectrique \u00e0 gros pneus\" srcset=\"https:\/\/www.linkseride.com\/wp-content\/uploads\/2021\/06\/8-4.jpg 1024w, https:\/\/www.linkseride.com\/wp-content\/uploads\/2021\/06\/8-4-300x200.jpg 300w, https:\/\/www.linkseride.com\/wp-content\/uploads\/2021\/06\/8-4-768x512.jpg 768w, https:\/\/www.linkseride.com\/wp-content\/uploads\/2021\/06\/8-4-600x400.jpg 600w\" sizes=\"(max-width: 1024px) 100vw, 1024px\" \/><\/a>\n\t\t\t<\/div><\/figure><figure class='gallery-item'>\n\t\t\t<div class='gallery-icon landscape'>\n\t\t\t\t<a href=\"https:\/\/www.linkseride.com\/wp-content\/uploads\/2021\/06\/9-3.jpg\"><img loading=\"lazy\" decoding=\"async\" width=\"1024\" height=\"683\" src=\"https:\/\/www.linkseride.com\/wp-content\/uploads\/2021\/06\/9-3.jpg\" class=\"attachment-full size-full\" alt=\"trottinette \u00e9lectrique \u00e0 gros pneus\" srcset=\"https:\/\/www.linkseride.com\/wp-content\/uploads\/2021\/06\/9-3.jpg 1024w, https:\/\/www.linkseride.com\/wp-content\/uploads\/2021\/06\/9-3-300x200.jpg 300w, https:\/\/www.linkseride.com\/wp-content\/uploads\/2021\/06\/9-3-768x512.jpg 768w, https:\/\/www.linkseride.com\/wp-content\/uploads\/2021\/06\/9-3-600x400.jpg 600w\" sizes=\"(max-width: 1024px) 100vw, 1024px\" \/><\/a>\n\t\t\t<\/div><\/figure>\n\t\t<\/div>\n\n<p><strong>CONVENIENCE <\/strong>\u00a0Le grand repose-pieds offre un grand confort lors de la conduite de ce scooter \u00e9lectrique M6 Big Tire.<\/p>\n<div id='gallery-5' class='gallery galleryid-3490 gallery-columns-2 gallery-size-full'><figure class='gallery-item'>\n\t\t\t<div class='gallery-icon landscape'>\n\t\t\t\t<a href=\"https:\/\/www.linkseride.com\/wp-content\/uploads\/2021\/06\/11-3.jpg\"><img loading=\"lazy\" decoding=\"async\" width=\"1024\" height=\"683\" src=\"https:\/\/www.linkseride.com\/wp-content\/uploads\/2021\/06\/11-3.jpg\" class=\"attachment-full size-full\" alt=\"\" srcset=\"https:\/\/www.linkseride.com\/wp-content\/uploads\/2021\/06\/11-3.jpg 1024w, https:\/\/www.linkseride.com\/wp-content\/uploads\/2021\/06\/11-3-300x200.jpg 300w, https:\/\/www.linkseride.com\/wp-content\/uploads\/2021\/06\/11-3-768x512.jpg 768w, https:\/\/www.linkseride.com\/wp-content\/uploads\/2021\/06\/11-3-600x400.jpg 600w\" sizes=\"(max-width: 1024px) 100vw, 1024px\" \/><\/a>\n\t\t\t<\/div><\/figure><figure class='gallery-item'>\n\t\t\t<div class='gallery-icon landscape'>\n\t\t\t\t<a href=\"https:\/\/www.linkseride.com\/wp-content\/uploads\/2021\/06\/10-3.jpg\"><img loading=\"lazy\" decoding=\"async\" width=\"1024\" height=\"683\" src=\"https:\/\/www.linkseride.com\/wp-content\/uploads\/2021\/06\/10-3.jpg\" class=\"attachment-full size-full\" alt=\"trottinette \u00e9lectrique \u00e0 gros pneus\" srcset=\"https:\/\/www.linkseride.com\/wp-content\/uploads\/2021\/06\/10-3.jpg 1024w, https:\/\/www.linkseride.com\/wp-content\/uploads\/2021\/06\/10-3-300x200.jpg 300w, https:\/\/www.linkseride.com\/wp-content\/uploads\/2021\/06\/10-3-768x512.jpg 768w, https:\/\/www.linkseride.com\/wp-content\/uploads\/2021\/06\/10-3-600x400.jpg 600w\" sizes=\"(max-width: 1024px) 100vw, 1024px\" \/><\/a>\n\t\t\t<\/div><\/figure>\n\t\t<\/div>\n\n<\/div>\n<\/div>\n<p>Nous avons \u00e9galement un nouveau mod\u00e8le de scooter citycoco en forme de harley, si vous avez besoin de plus d'informations, vous pouvez le consulter.<a href=\"https:\/\/www.linkseride.com\/fr_fr\/fabricant-de-motos-electriques\/\" target=\"_blank\" rel=\"noopener\"> Trouvez ici.<\/a><\/p>\n<div class=\"ast-oembed-container\" style=\"height: 100%;\"><iframe title=\"M6 Big Tire Electric Scooter Street Moped Fat Tire 2000W 3000W 65km\/h EEC COC Wholesale Price\" width=\"500\" height=\"281\" src=\"https:\/\/www.youtube.com\/embed\/QevR2hN8wUc?feature=oembed\" frameborder=\"0\" allow=\"accelerometer; autoplay; clipboard-write; encrypted-media; gyroscope; picture-in-picture; web-share\" referrerpolicy=\"strict-origin-when-cross-origin\" allowfullscreen><\/iframe><\/div>","protected":false},"excerpt":{"rendered":"<p>\u25cf Le scooter \u00e9lectrique \u00e0 gros pneus M6 allie harmonieusement style et fonction \u00e9co-intelligente.<\/p>\n<p>\u25cf Avec une capacit\u00e9 de charge de 440 livres, jusqu'\u00e0 deux cavaliers peuvent monter \u00e0 bord avec style.<\/p>\n<p>\u25cf Le poids du Fat Tire Scooter est de 150 livres avec une batterie de 30AH.<\/p>\n<p>\u25cf Choix en option : option 1 ou 2 si\u00e8ges, option dossier avec coffre de rangement.<\/p>\n<p><strong>\u25cf <\/strong>Chargeur rapide 5A, charge compl\u00e8te en 5~6 heures<\/p>","protected":false},"featured_media":3491,"template":"","meta":{"site-sidebar-layout":"default","site-content-layout":"default","ast-site-content-layout":"default","site-content-style":"default","site-sidebar-style":"default","ast-global-header-display":"","ast-banner-title-visibility":"","ast-main-header-display":"","ast-hfb-above-header-display":"","ast-hfb-below-header-display":"","ast-hfb-mobile-header-display":"","site-post-title":"","ast-breadcrumbs-content":"","ast-featured-img":"","footer-sml-layout":"","ast-disable-related-posts":"","theme-transparent-header-meta":"default","adv-header-id-meta":"","stick-header-meta":"","header-above-stick-meta":"","header-main-stick-meta":"","header-below-stick-meta":"","astra-migrate-meta-layouts":"default","ast-page-background-enabled":"default","ast-page-background-meta":{"desktop":{"background-color":"","background-image":"","background-repeat":"repeat","background-position":"center center","background-size":"auto","background-attachment":"scroll","background-type":"","background-media":"","overlay-type":"","overlay-color":"","overlay-opacity":"","overlay-gradient":""},"tablet":{"background-color":"","background-image":"","background-repeat":"repeat","background-position":"center center","background-size":"auto","background-attachment":"scroll","background-type":"","background-media":"","overlay-type":"","overlay-color":"","overlay-opacity":"","overlay-gradient":""},"mobile":{"background-color":"","background-image":"","background-repeat":"repeat","background-position":"center center","background-size":"auto","background-attachment":"scroll","background-type":"","background-media":"","overlay-type":"","overlay-color":"","overlay-opacity":"","overlay-gradient":""}},"ast-content-background-meta":{"desktop":{"background-color":"var(--ast-global-color-5)","background-image":"","background-repeat":"repeat","background-position":"center center","background-size":"auto","background-attachment":"scroll","background-type":"","background-media":"","overlay-type":"","overlay-color":"","overlay-opacity":"","overlay-gradient":""},"tablet":{"background-color":"var(--ast-global-color-5)","background-image":"","background-repeat":"repeat","background-position":"center center","background-size":"auto","background-attachment":"scroll","background-type":"","background-media":"","overlay-type":"","overlay-color":"","overlay-opacity":"","overlay-gradient":""},"mobile":{"background-color":"var(--ast-global-color-5)","background-image":"","background-repeat":"repeat","background-position":"center center","background-size":"auto","background-attachment":"scroll","background-type":"","background-media":"","overlay-type":"","overlay-color":"","overlay-opacity":"","overlay-gradient":""}}},"product_brand":[],"product_cat":[27,28],"product_tag":[38],"class_list":{"0":"post-3490","1":"product","2":"type-product","3":"status-publish","4":"has-post-thumbnail","6":"product_cat-electric-motorcycle","7":"product_cat-electric-scooter","8":"product_tag-citycoco-scooter","9":"desktop-align-left","10":"tablet-align-left","11":"mobile-align-left","13":"first","14":"instock","15":"shipping-taxable","16":"product-type-simple"},"_links":{"self":[{"href":"https:\/\/www.linkseride.com\/fr_fr\/wp-json\/wp\/v2\/product\/3490","targetHints":{"allow":["GET"]}}],"collection":[{"href":"https:\/\/www.linkseride.com\/fr_fr\/wp-json\/wp\/v2\/product"}],"about":[{"href":"https:\/\/www.linkseride.com\/fr_fr\/wp-json\/wp\/v2\/types\/product"}],"wp:featuredmedia":[{"embeddable":true,"href":"https:\/\/www.linkseride.com\/fr_fr\/wp-json\/wp\/v2\/media\/3491"}],"wp:attachment":[{"href":"https:\/\/www.linkseride.com\/fr_fr\/wp-json\/wp\/v2\/media?parent=3490"}],"wp:term":[{"taxonomy":"product_brand","embeddable":true,"href":"https:\/\/www.linkseride.com\/fr_fr\/wp-json\/wp\/v2\/product_brand?post=3490"},{"taxonomy":"product_cat","embeddable":true,"href":"https:\/\/www.linkseride.com\/fr_fr\/wp-json\/wp\/v2\/product_cat?post=3490"},{"taxonomy":"product_tag","embeddable":true,"href":"https:\/\/www.linkseride.com\/fr_fr\/wp-json\/wp\/v2\/product_tag?post=3490"}],"curies":[{"name":"wp","href":"https:\/\/api.w.org\/{rel}","templated":true}]}}