{"id":3514,"date":"2021-06-16T07:45:15","date_gmt":"2021-06-16T07:45:15","guid":{"rendered":"http:\/\/linkseride.com\/?post_type=product&#038;p=3514"},"modified":"2026-01-08T09:13:54","modified_gmt":"2026-01-08T09:13:54","slug":"m6g-electric-golf-cart-scooter-moped","status":"publish","type":"product","link":"https:\/\/www.linkseride.com\/fr_fr\/product\/m6g-electric-golf-cart-scooter-moped\/","title":{"rendered":"M6G Chariot de golf \u00e9lectrique Scooter de golf \u00e0 conducteur unique"},"content":{"rendered":"<p>Nous sommes passionn\u00e9s par ce que nous faisons pour notre avenir \u00e9lectrique, notamment <strong>les scooters \u00e9lectriques, <a href=\"https:\/\/www.linkseride.com\/fr_fr\/fabricant-de-motos-electriques\/\" target=\"_blank\" rel=\"noopener\">scooter \u00e0 pneus larges<\/a>, <a href=\"https:\/\/www.linkseride.com\/fr_fr\/fabricant-de-motos-electriques\/\" target=\"_blank\" rel=\"noopener\">scooter citycoco<\/a>, <a href=\"https:\/\/www.linkseride.com\/fr_fr\/fabricant-de-cyclomoteurs-electriques\/\" target=\"_blank\" rel=\"noopener\">cyclomoteur \u00e9lectrique<\/a><\/strong> etc.<\/p>\n<p>This two-wheel electric golf cart scooter uses a lithium battery, and the light weight and low center of gravity makes for a comfortable, well-balanced ride. Links M6G 2000W 60V Electric Golf cart Scooter comes with a 2000W QS Motor, built for the wild and can achieve up to an amazingly unprecedented 92% high efficiency. The 60V 55A integrated controller achieves short-term acceleration, Up to 37Mph.<\/p>\n<div id='gallery-1' class='gallery galleryid-3514 gallery-columns-2 gallery-size-full'><figure class='gallery-item'>\n\t\t\t<div class='gallery-icon landscape'>\n\t\t\t\t<a href=\"https:\/\/www.linkseride.com\/fr_fr\/?attachment_id=3522\"><img fetchpriority=\"high\" decoding=\"async\" width=\"1024\" height=\"768\" src=\"https:\/\/www.linkseride.com\/wp-content\/uploads\/2021\/06\/4-6.jpg\" class=\"attachment-full size-full\" alt=\"\" srcset=\"https:\/\/www.linkseride.com\/wp-content\/uploads\/2021\/06\/4-6.jpg 1024w, https:\/\/www.linkseride.com\/wp-content\/uploads\/2021\/06\/4-6-300x225.jpg 300w, https:\/\/www.linkseride.com\/wp-content\/uploads\/2021\/06\/4-6-768x576.jpg 768w, https:\/\/www.linkseride.com\/wp-content\/uploads\/2021\/06\/4-6-600x450.jpg 600w\" sizes=\"(max-width: 1024px) 100vw, 1024px\" \/><\/a>\n\t\t\t<\/div><\/figure><figure class='gallery-item'>\n\t\t\t<div class='gallery-icon landscape'>\n\t\t\t\t<a href=\"https:\/\/www.linkseride.com\/fr_fr\/?attachment_id=3527\"><img decoding=\"async\" width=\"1024\" height=\"768\" src=\"https:\/\/www.linkseride.com\/wp-content\/uploads\/2021\/06\/3-6.jpg\" class=\"attachment-full size-full\" alt=\"fabricant de motos \u00e9lectriques\" srcset=\"https:\/\/www.linkseride.com\/wp-content\/uploads\/2021\/06\/3-6.jpg 1024w, https:\/\/www.linkseride.com\/wp-content\/uploads\/2021\/06\/3-6-300x225.jpg 300w, https:\/\/www.linkseride.com\/wp-content\/uploads\/2021\/06\/3-6-768x576.jpg 768w, https:\/\/www.linkseride.com\/wp-content\/uploads\/2021\/06\/3-6-600x450.jpg 600w\" sizes=\"(max-width: 1024px) 100vw, 1024px\" \/><\/a>\n\t\t\t<\/div><\/figure>\n\t\t<\/div>\n\n<h2>what is the features of this M6G Single Rider Electric golf cart Scooter?<\/h2>\n<div class=\"rte\">\n<div class=\"rte\">\n<div id='gallery-2' class='gallery galleryid-3514 gallery-columns-2 gallery-size-full'><figure class='gallery-item'>\n\t\t\t<div class='gallery-icon landscape'>\n\t\t\t\t<a href=\"https:\/\/www.linkseride.com\/wp-content\/uploads\/2021\/06\/5-7.jpg\"><img decoding=\"async\" width=\"1024\" height=\"768\" src=\"https:\/\/www.linkseride.com\/wp-content\/uploads\/2021\/06\/5-7.jpg\" class=\"attachment-full size-full\" alt=\"fabricant de motos \u00e9lectriques\" srcset=\"https:\/\/www.linkseride.com\/wp-content\/uploads\/2021\/06\/5-7.jpg 1024w, https:\/\/www.linkseride.com\/wp-content\/uploads\/2021\/06\/5-7-300x225.jpg 300w, https:\/\/www.linkseride.com\/wp-content\/uploads\/2021\/06\/5-7-768x576.jpg 768w, https:\/\/www.linkseride.com\/wp-content\/uploads\/2021\/06\/5-7-600x450.jpg 600w\" sizes=\"(max-width: 1024px) 100vw, 1024px\" \/><\/a>\n\t\t\t<\/div><\/figure><figure class='gallery-item'>\n\t\t\t<div class='gallery-icon landscape'>\n\t\t\t\t<a href=\"https:\/\/www.linkseride.com\/wp-content\/uploads\/2021\/06\/2-8.jpg\"><img loading=\"lazy\" decoding=\"async\" width=\"1024\" height=\"768\" src=\"https:\/\/www.linkseride.com\/wp-content\/uploads\/2021\/06\/2-8.jpg\" class=\"attachment-full size-full\" alt=\"\" srcset=\"https:\/\/www.linkseride.com\/wp-content\/uploads\/2021\/06\/2-8.jpg 1024w, https:\/\/www.linkseride.com\/wp-content\/uploads\/2021\/06\/2-8-300x225.jpg 300w, https:\/\/www.linkseride.com\/wp-content\/uploads\/2021\/06\/2-8-768x576.jpg 768w, https:\/\/www.linkseride.com\/wp-content\/uploads\/2021\/06\/2-8-600x450.jpg 600w\" sizes=\"(max-width: 1024px) 100vw, 1024px\" \/><\/a>\n\t\t\t<\/div><\/figure>\n\t\t<\/div>\n\n<ul>\n<li style=\"list-style-type: none;\">\n<ul>\n<li>Premium, hydraulic shocks for a smooth, controlled ride.<\/li>\n<li><strong>NEW &amp; IMPROVED<\/strong>\u00a0<strong>20AH battery<\/strong>, charging time in 4-6 hours<\/li>\n<li>standard 5ah charger<\/li>\n<li>kick stand power off function<\/li>\n<li>Electronic-ABS hydraulic disc brakes<\/li>\n<li>Premium seat, with extra padding for a more comfortable ride<\/li>\n<li><strong>New 2000 W<\/strong> High-powered electric rear hub motor<\/li>\n<\/ul>\n<\/li>\n<\/ul>\n<p>&nbsp;<\/p>\n<p><img loading=\"lazy\" decoding=\"async\" class=\"alignnone wp-image-11010 size-full\" src=\"https:\/\/www.linkseride.com\/wp-content\/uploads\/2021\/06\/\u4f60\u7684\u6bb5\u843d\u6587\u5b57-3.png\" alt=\"\" width=\"1280\" height=\"720\" srcset=\"https:\/\/www.linkseride.com\/wp-content\/uploads\/2021\/06\/\u4f60\u7684\u6bb5\u843d\u6587\u5b57-3.png 1280w, https:\/\/www.linkseride.com\/wp-content\/uploads\/2021\/06\/\u4f60\u7684\u6bb5\u843d\u6587\u5b57-3-300x169.png 300w, https:\/\/www.linkseride.com\/wp-content\/uploads\/2021\/06\/\u4f60\u7684\u6bb5\u843d\u6587\u5b57-3-1024x576.png 1024w, https:\/\/www.linkseride.com\/wp-content\/uploads\/2021\/06\/\u4f60\u7684\u6bb5\u843d\u6587\u5b57-3-768x432.png 768w, https:\/\/www.linkseride.com\/wp-content\/uploads\/2021\/06\/\u4f60\u7684\u6bb5\u843d\u6587\u5b57-3-600x338.png 600w\" sizes=\"(max-width: 1280px) 100vw, 1280px\" \/><\/p>\n<table style=\"font-size: 16px;\" width=\"565\">\n<tbody>\n<tr>\n<td width=\"131\">Seat Height<\/td>\n<td width=\"95\">28.7&#8221;<\/td>\n<td width=\"119\">Handlebar Height<\/td>\n<td width=\"219\">43.7&#8243;<\/td>\n<\/tr>\n<tr>\n<td>Total Length<\/td>\n<td>78.7&#8221;<\/td>\n<td>Handlebar Width<\/td>\n<td>39.4&#8243;<\/td>\n<\/tr>\n<tr>\n<td>Rear Suspension Length<\/td>\n<td>9.84&#8221;<\/td>\n<td>Footrest Size<\/td>\n<td>9.84&#8243;* 4.72&#8243;<\/td>\n<\/tr>\n<tr>\n<td>Kickstand Length<\/td>\n<td>9.65&#8221;<\/td>\n<td>Controller Size<\/td>\n<td>7.09&#8243; *3.62&#8243;*2.17&#8243;<\/td>\n<\/tr>\n<tr>\n<td>Cooler Box<\/td>\n<td>15.4&#8221;*11.4&#8221;*9.4&#8221;<\/td>\n<td>Golf Bag Holder<\/td>\n<td>Length:24.4&#8243;\/Inside Diameter:9.4&#8243;<\/td>\n<\/tr>\n<tr>\n<td>Saddle<\/td>\n<td>14.2&#8221;*10.2&#8221;<\/td>\n<td>Golf Case<\/td>\n<td>13&#8243;*4.3&#8243;<\/td>\n<\/tr>\n<tr>\n<td rowspan=\"3\">Gradeability<\/td>\n<td rowspan=\"3\">30\u00b0<\/td>\n<td rowspan=\"3\">Tire Pressure<\/td>\n<td>Front:200kPa<\/td>\n<\/tr>\n<tr>\n<td>Rear: 250 kPa<\/td>\n<\/tr>\n<tr>\n<td>(Note:The tire pressure must not exceed 250kPa)<\/td>\n<\/tr>\n<tr>\n<td>Gross Weight<\/td>\n<td>191.8 lbs<\/td>\n<td>Net Weight<\/td>\n<td>68 lbs<\/td>\n<\/tr>\n<tr>\n<td>Maxload<\/td>\n<td>440 lbs<\/td>\n<td>Recommend Rider Height<\/td>\n<td>Over 4&#8217;6&#8243;<\/td>\n<\/tr>\n<\/tbody>\n<\/table>\n<div id='gallery-3' class='gallery galleryid-3514 gallery-columns-2 gallery-size-full'><figure class='gallery-item'>\n\t\t\t<div class='gallery-icon landscape'>\n\t\t\t\t<a href=\"https:\/\/www.linkseride.com\/wp-content\/uploads\/2021\/06\/1-8.jpg\"><img loading=\"lazy\" decoding=\"async\" width=\"1024\" height=\"768\" src=\"https:\/\/www.linkseride.com\/wp-content\/uploads\/2021\/06\/1-8.jpg\" class=\"attachment-full size-full\" alt=\"china scooter factory electric scooter wholesale\" srcset=\"https:\/\/www.linkseride.com\/wp-content\/uploads\/2021\/06\/1-8.jpg 1024w, https:\/\/www.linkseride.com\/wp-content\/uploads\/2021\/06\/1-8-300x225.jpg 300w, https:\/\/www.linkseride.com\/wp-content\/uploads\/2021\/06\/1-8-768x576.jpg 768w, https:\/\/www.linkseride.com\/wp-content\/uploads\/2021\/06\/1-8-600x450.jpg 600w\" sizes=\"(max-width: 1024px) 100vw, 1024px\" \/><\/a>\n\t\t\t<\/div><\/figure><figure class='gallery-item'>\n\t\t\t<div class='gallery-icon landscape'>\n\t\t\t\t<a href=\"https:\/\/www.linkseride.com\/wp-content\/uploads\/2021\/06\/6-6.jpg\"><img loading=\"lazy\" decoding=\"async\" width=\"1024\" height=\"768\" src=\"https:\/\/www.linkseride.com\/wp-content\/uploads\/2021\/06\/6-6.jpg\" class=\"attachment-full size-full\" alt=\"\" srcset=\"https:\/\/www.linkseride.com\/wp-content\/uploads\/2021\/06\/6-6.jpg 1024w, https:\/\/www.linkseride.com\/wp-content\/uploads\/2021\/06\/6-6-300x225.jpg 300w, https:\/\/www.linkseride.com\/wp-content\/uploads\/2021\/06\/6-6-768x576.jpg 768w, https:\/\/www.linkseride.com\/wp-content\/uploads\/2021\/06\/6-6-600x450.jpg 600w\" sizes=\"(max-width: 1024px) 100vw, 1024px\" \/><\/a>\n\t\t\t<\/div><\/figure>\n\t\t<\/div>\n\n<\/div>\n<\/div>\n<h2>Why more and more people choosing this kind of single rider golf cart scooter?<\/h2>\n<p>Golfers love how the single rider movement provides people the option of riding their favorite vehicles without having to travel thousands of miles. A single rider&#8217;s swing is just the beginning as they are also able to use their own custom designed bicycles to achieve their goals. People love to learn and be in control of their own fitness by cycling or walking on the courses.<\/p>\n<p>Nous avons \u00e9galement un nouveau mod\u00e8le de scooter citycoco en forme de harley, si vous avez besoin de plus d'informations, vous pouvez le consulter.<a href=\"https:\/\/www.linkseride.com\/fr_fr\/fabricant-de-motos-electriques\/\" target=\"_blank\" rel=\"noopener\"> Trouvez ici.<\/a><\/p>\n<div class=\"ast-oembed-container\" style=\"height: 100%;\"><iframe title=\"Everything You Need to Know About M6G Electric Golf Scooter M6G Single Rider Golf Scooter\" width=\"500\" height=\"281\" src=\"https:\/\/www.youtube.com\/embed\/k1dTA5CThus?feature=oembed&#038;enablejsapi=1&#038;origin=https:\/\/www.linkseride.com\" frameborder=\"0\" allow=\"accelerometer; autoplay; clipboard-write; encrypted-media; gyroscope; picture-in-picture; web-share\" referrerpolicy=\"strict-origin-when-cross-origin\" allowfullscreen><\/iframe><\/div>","protected":false},"excerpt":{"rendered":"<p>\u25cf M6g electric golf cart Scooter 100% electric so easy to control<\/p>\n<p>\u25cf Dual 20ah li-ion Battery for 60km+ on a charge.<\/p>\n<p>\u25cf 2000w Motor offer good power to climbs most hills<\/p>\n<p>\u25cf Includes bag holder, cooler, a platform for scorecard, tees, and drink. (golf bag exclude)<\/p>","protected":false},"featured_media":6633,"template":"","meta":{"site-sidebar-layout":"default","site-content-layout":"default","ast-site-content-layout":"default","site-content-style":"default","site-sidebar-style":"default","ast-global-header-display":"","ast-banner-title-visibility":"","ast-main-header-display":"","ast-hfb-above-header-display":"","ast-hfb-below-header-display":"","ast-hfb-mobile-header-display":"","site-post-title":"","ast-breadcrumbs-content":"","ast-featured-img":"","footer-sml-layout":"","ast-disable-related-posts":"","theme-transparent-header-meta":"default","adv-header-id-meta":"","stick-header-meta":"","header-above-stick-meta":"","header-main-stick-meta":"","header-below-stick-meta":"","astra-migrate-meta-layouts":"set","ast-page-background-enabled":"default","ast-page-background-meta":{"desktop":{"background-color":"","background-image":"","background-repeat":"repeat","background-position":"center center","background-size":"auto","background-attachment":"scroll","background-type":"","background-media":"","overlay-type":"","overlay-color":"","overlay-opacity":"","overlay-gradient":""},"tablet":{"background-color":"","background-image":"","background-repeat":"repeat","background-position":"center center","background-size":"auto","background-attachment":"scroll","background-type":"","background-media":"","overlay-type":"","overlay-color":"","overlay-opacity":"","overlay-gradient":""},"mobile":{"background-color":"","background-image":"","background-repeat":"repeat","background-position":"center center","background-size":"auto","background-attachment":"scroll","background-type":"","background-media":"","overlay-type":"","overlay-color":"","overlay-opacity":"","overlay-gradient":""}},"ast-content-background-meta":{"desktop":{"background-color":"var(--ast-global-color-5)","background-image":"","background-repeat":"repeat","background-position":"center center","background-size":"auto","background-attachment":"scroll","background-type":"","background-media":"","overlay-type":"","overlay-color":"","overlay-opacity":"","overlay-gradient":""},"tablet":{"background-color":"var(--ast-global-color-5)","background-image":"","background-repeat":"repeat","background-position":"center center","background-size":"auto","background-attachment":"scroll","background-type":"","background-media":"","overlay-type":"","overlay-color":"","overlay-opacity":"","overlay-gradient":""},"mobile":{"background-color":"var(--ast-global-color-5)","background-image":"","background-repeat":"repeat","background-position":"center center","background-size":"auto","background-attachment":"scroll","background-type":"","background-media":"","overlay-type":"","overlay-color":"","overlay-opacity":"","overlay-gradient":""}}},"product_brand":[],"product_cat":[45],"product_tag":[38],"class_list":{"0":"post-3514","1":"product","2":"type-product","3":"status-publish","4":"has-post-thumbnail","6":"product_cat-electric-golf-scooter","7":"product_tag-citycoco-scooter","8":"desktop-align-left","9":"tablet-align-left","10":"mobile-align-left","12":"first","13":"instock","14":"shipping-taxable","15":"product-type-simple"},"_links":{"self":[{"href":"https:\/\/www.linkseride.com\/fr_fr\/wp-json\/wp\/v2\/product\/3514","targetHints":{"allow":["GET"]}}],"collection":[{"href":"https:\/\/www.linkseride.com\/fr_fr\/wp-json\/wp\/v2\/product"}],"about":[{"href":"https:\/\/www.linkseride.com\/fr_fr\/wp-json\/wp\/v2\/types\/product"}],"wp:featuredmedia":[{"embeddable":true,"href":"https:\/\/www.linkseride.com\/fr_fr\/wp-json\/wp\/v2\/media\/6633"}],"wp:attachment":[{"href":"https:\/\/www.linkseride.com\/fr_fr\/wp-json\/wp\/v2\/media?parent=3514"}],"wp:term":[{"taxonomy":"product_brand","embeddable":true,"href":"https:\/\/www.linkseride.com\/fr_fr\/wp-json\/wp\/v2\/product_brand?post=3514"},{"taxonomy":"product_cat","embeddable":true,"href":"https:\/\/www.linkseride.com\/fr_fr\/wp-json\/wp\/v2\/product_cat?post=3514"},{"taxonomy":"product_tag","embeddable":true,"href":"https:\/\/www.linkseride.com\/fr_fr\/wp-json\/wp\/v2\/product_tag?post=3514"}],"curies":[{"name":"wp","href":"https:\/\/api.w.org\/{rel}","templated":true}]}}