{"id":5103,"date":"2021-12-24T09:18:47","date_gmt":"2021-12-24T09:18:47","guid":{"rendered":"http:\/\/linkseride.com\/?post_type=product&#038;p=5103"},"modified":"2022-01-06T14:37:35","modified_gmt":"2022-01-06T14:37:35","slug":"guidon-releve-fusionne","status":"publish","type":"product","link":"https:\/\/www.linkseride.com\/fr_fr\/product\/fused-handlebar-riser-bar\/","title":{"rendered":"Guidon relev\u00e9 fusionn\u00e9 pour trottinette \u00e9lectrique de type Harley"},"content":{"rendered":"<p class=\"p1\"><span class=\"s1\"><b>Guidon sur\u00e9lev\u00e9 fusionn\u00e9 personnalis\u00e9 \u00e0 monter soi-m\u00eame pour vos trottinettes \u00e9lectriques \u00e0 pneus larges.<\/b><\/span><\/p>\n<p class=\"p2\"><span class=\"s1\">Il est tr\u00e8s simple et facile de remplacer le guidon standard de votre trottinette \u00e9lectrique \u00e0 pneus larges par ce guidon fusionn\u00e9. Il n'y a pas de bonne ou de mauvaise fa\u00e7on de personnaliser votre Harley-Davidson, et il en va de m\u00eame pour notre trottinette \u00e0 pneus larges. Choisissez le style qui vous pla\u00eet et prenez vos propres d\u00e9cisions pour votre v\u00e9lo.\u00a0<\/span><\/p>\n<p class=\"p2\"><span class=\"s1\">Vous pouvez d\u00e9sormais vous faire livrer directement \u00e0 votre domicile depuis notre usine chinoise.<\/span><\/p>\n<p class=\"p2\"><span class=\"s1\">M<\/span><span class=\"s1\">Pour plus de d\u00e9tails sur la mani\u00e8re de le modifier, suivez notre cha\u00eene YouTube ici : <a href=\"https:\/\/www.youtube.com\/c\/LinksErideTech\" target=\"_blank\" rel=\"noopener\"><span class=\"s2\">https:\/\/www.youtube.com\/c\/LinksErideTech<\/span><\/a><\/span><\/p>\n<div class=\"ast-oembed-container\" style=\"height: 100%;\"><iframe title=\"Comment changer le guidon du scooter \u00e9lectrique de style Harley M1P - Convertir en guidon droit\" width=\"500\" height=\"281\" src=\"https:\/\/www.youtube.com\/embed\/zIr7XvWfg-g?feature=oembed\" frameborder=\"0\" allow=\"accelerometer; autoplay; clipboard-write; encrypted-media; gyroscope; picture-in-picture; web-share\" referrerpolicy=\"strict-origin-when-cross-origin\" allowfullscreen><\/iframe><\/div>\n<p class=\"p4\"><span class=\"s3\">Autres options pour les guidons, consultez ici : <a href=\"https:\/\/www.linkseride.com\/fr_fr\/fat-tire-scooter-accessories-scooter-parts\/\" target=\"_blank\" rel=\"noopener\"><span class=\"s4\">http:\/\/linkseride.com\/fat-tire-scooter-accessories-scooter-parts\/<\/span><\/a><\/span><\/p>\n<p>&nbsp;<\/p>","protected":false},"excerpt":{"rendered":"<p>\u25cf Guidon fusionn\u00e9 pour trottinette \u00e0 pneus larges, \u00e9galement appel\u00e9 guidon relev\u00e9<\/p>\n<p>\u25cf <strong>Montage :<\/strong> Appliquer avec le mod\u00e8le de hacheur M1P\/M2\/M6\/M8<\/p>\n<p>\u25cf <strong>Stock en entrep\u00f4t :<\/strong> Mod\u00e8le M1P\/M2\/M8 trottinette \u00e0 pneus larges Entrep\u00f4ts disponibles aux \u00c9tats-Unis et en Europe<\/p>","protected":false},"featured_media":5104,"template":"","meta":{"site-sidebar-layout":"default","site-content-layout":"default","ast-site-content-layout":"default","site-content-style":"default","site-sidebar-style":"default","ast-global-header-display":"","ast-banner-title-visibility":"","ast-main-header-display":"","ast-hfb-above-header-display":"","ast-hfb-below-header-display":"","ast-hfb-mobile-header-display":"","site-post-title":"","ast-breadcrumbs-content":"","ast-featured-img":"","footer-sml-layout":"","ast-disable-related-posts":"","theme-transparent-header-meta":"default","adv-header-id-meta":"","stick-header-meta":"","header-above-stick-meta":"","header-main-stick-meta":"","header-below-stick-meta":"","astra-migrate-meta-layouts":"default","ast-page-background-enabled":"default","ast-page-background-meta":{"desktop":{"background-color":"","background-image":"","background-repeat":"repeat","background-position":"center center","background-size":"auto","background-attachment":"scroll","background-type":"","background-media":"","overlay-type":"","overlay-color":"","overlay-opacity":"","overlay-gradient":""},"tablet":{"background-color":"","background-image":"","background-repeat":"repeat","background-position":"center center","background-size":"auto","background-attachment":"scroll","background-type":"","background-media":"","overlay-type":"","overlay-color":"","overlay-opacity":"","overlay-gradient":""},"mobile":{"background-color":"","background-image":"","background-repeat":"repeat","background-position":"center center","background-size":"auto","background-attachment":"scroll","background-type":"","background-media":"","overlay-type":"","overlay-color":"","overlay-opacity":"","overlay-gradient":""}},"ast-content-background-meta":{"desktop":{"background-color":"var(--ast-global-color-5)","background-image":"","background-repeat":"repeat","background-position":"center center","background-size":"auto","background-attachment":"scroll","background-type":"","background-media":"","overlay-type":"","overlay-color":"","overlay-opacity":"","overlay-gradient":""},"tablet":{"background-color":"var(--ast-global-color-5)","background-image":"","background-repeat":"repeat","background-position":"center center","background-size":"auto","background-attachment":"scroll","background-type":"","background-media":"","overlay-type":"","overlay-color":"","overlay-opacity":"","overlay-gradient":""},"mobile":{"background-color":"var(--ast-global-color-5)","background-image":"","background-repeat":"repeat","background-position":"center center","background-size":"auto","background-attachment":"scroll","background-type":"","background-media":"","overlay-type":"","overlay-color":"","overlay-opacity":"","overlay-gradient":""}}},"product_brand":[],"product_cat":[15],"product_tag":[],"class_list":{"0":"post-5103","1":"product","2":"type-product","3":"status-publish","4":"has-post-thumbnail","6":"product_cat-uncategorized","7":"desktop-align-left","8":"tablet-align-left","9":"mobile-align-left","11":"first","12":"instock","13":"shipping-taxable","14":"product-type-simple"},"_links":{"self":[{"href":"https:\/\/www.linkseride.com\/fr_fr\/wp-json\/wp\/v2\/product\/5103","targetHints":{"allow":["GET"]}}],"collection":[{"href":"https:\/\/www.linkseride.com\/fr_fr\/wp-json\/wp\/v2\/product"}],"about":[{"href":"https:\/\/www.linkseride.com\/fr_fr\/wp-json\/wp\/v2\/types\/product"}],"wp:featuredmedia":[{"embeddable":true,"href":"https:\/\/www.linkseride.com\/fr_fr\/wp-json\/wp\/v2\/media\/5104"}],"wp:attachment":[{"href":"https:\/\/www.linkseride.com\/fr_fr\/wp-json\/wp\/v2\/media?parent=5103"}],"wp:term":[{"taxonomy":"product_brand","embeddable":true,"href":"https:\/\/www.linkseride.com\/fr_fr\/wp-json\/wp\/v2\/product_brand?post=5103"},{"taxonomy":"product_cat","embeddable":true,"href":"https:\/\/www.linkseride.com\/fr_fr\/wp-json\/wp\/v2\/product_cat?post=5103"},{"taxonomy":"product_tag","embeddable":true,"href":"https:\/\/www.linkseride.com\/fr_fr\/wp-json\/wp\/v2\/product_tag?post=5103"}],"curies":[{"name":"wp","href":"https:\/\/api.w.org\/{rel}","templated":true}]}}