{"id":6570,"date":"2022-04-18T03:24:58","date_gmt":"2022-04-18T03:24:58","guid":{"rendered":"http:\/\/linkseride.com\/?post_type=product&#038;p=6570"},"modified":"2026-01-07T06:39:41","modified_gmt":"2026-01-07T06:39:41","slug":"linkseride-x6-one-person-golf-scooter","status":"publish","type":"product","link":"https:\/\/www.linkseride.com\/fr_fr\/product\/linkseride-x6-one-person-golf-scooter\/","title":{"rendered":"Linkseride X7-2.0 Scooter de golf \u00e0 une personne Fat Tire avec porte-bagages arri\u00e8re am\u00e9lior\u00e9"},"content":{"rendered":"<h2>Linkseride X7-2.0 Scooter de golf \u00e0 une personne Fat Tire avec porte-bagages arri\u00e8re am\u00e9lior\u00e9<\/h2>\n<p>Nous sommes passionn\u00e9s par ce que nous faisons pour notre avenir \u00e9lectrique, notamment <strong><a href=\"https:\/\/www.linkseride.com\/fr_fr\/electric-scooter-manufacturer\/\" target=\"_blank\" rel=\"noopener\">scooters \u00e9lectriques<\/a>, <a href=\"https:\/\/www.linkseride.com\/fr_fr\/fabricant-de-motos-electriques\/\" target=\"_blank\" rel=\"noopener\">scooter \u00e0 pneus larges<\/a>, <a href=\"https:\/\/www.linkseride.com\/fr_fr\/fabricant-de-motos-electriques\/\" target=\"_blank\" rel=\"noopener\">scooter citycoco<\/a>, <a href=\"https:\/\/www.linkseride.com\/fr_fr\/fabricant-de-cyclomoteurs-electriques\/\" target=\"_blank\" rel=\"noopener\">cyclomoteur \u00e9lectrique<\/a><\/strong> etc.<\/p>\n<p>This two-wheel electric golf cart scooter uses a lithium battery, and the light weight and low center of gravity makes for a comfortable, well-balanced ride. Links M6G 2000W 60V Electric Golf cart Scooter comes with a 2000W QS Motor, built for the wild and can achieve up to an amazingly unprecedented 92% high efficiency. The 60V 55A integrated controller achieves short-term acceleration, Up to 37Mph.<\/p>\n<div id='gallery-1' class='gallery galleryid-6570 gallery-columns-4 gallery-size-full'><figure class='gallery-item'>\n\t\t\t<div class='gallery-icon landscape'>\n\t\t\t\t<img fetchpriority=\"high\" decoding=\"async\" width=\"1280\" height=\"1280\" src=\"https:\/\/www.linkseride.com\/wp-content\/uploads\/2022\/04\/one-person-golf-scooter7.jpg\" class=\"attachment-full size-full\" alt=\"\" srcset=\"https:\/\/www.linkseride.com\/wp-content\/uploads\/2022\/04\/one-person-golf-scooter7.jpg 1280w, https:\/\/www.linkseride.com\/wp-content\/uploads\/2022\/04\/one-person-golf-scooter7-300x300.jpg 300w, https:\/\/www.linkseride.com\/wp-content\/uploads\/2022\/04\/one-person-golf-scooter7-1024x1024.jpg 1024w, https:\/\/www.linkseride.com\/wp-content\/uploads\/2022\/04\/one-person-golf-scooter7-150x150.jpg 150w, https:\/\/www.linkseride.com\/wp-content\/uploads\/2022\/04\/one-person-golf-scooter7-768x768.jpg 768w, https:\/\/www.linkseride.com\/wp-content\/uploads\/2022\/04\/one-person-golf-scooter7-12x12.jpg 12w, https:\/\/www.linkseride.com\/wp-content\/uploads\/2022\/04\/one-person-golf-scooter7-600x600.jpg 600w, https:\/\/www.linkseride.com\/wp-content\/uploads\/2022\/04\/one-person-golf-scooter7-100x100.jpg 100w\" sizes=\"(max-width: 1280px) 100vw, 1280px\" \/>\n\t\t\t<\/div><\/figure><figure class='gallery-item'>\n\t\t\t<div class='gallery-icon landscape'>\n\t\t\t\t<img decoding=\"async\" width=\"1280\" height=\"1280\" src=\"https:\/\/www.linkseride.com\/wp-content\/uploads\/2022\/04\/one-person-golf-scooter8.jpg\" class=\"attachment-full size-full\" alt=\"\" srcset=\"https:\/\/www.linkseride.com\/wp-content\/uploads\/2022\/04\/one-person-golf-scooter8.jpg 1280w, https:\/\/www.linkseride.com\/wp-content\/uploads\/2022\/04\/one-person-golf-scooter8-300x300.jpg 300w, https:\/\/www.linkseride.com\/wp-content\/uploads\/2022\/04\/one-person-golf-scooter8-1024x1024.jpg 1024w, https:\/\/www.linkseride.com\/wp-content\/uploads\/2022\/04\/one-person-golf-scooter8-150x150.jpg 150w, https:\/\/www.linkseride.com\/wp-content\/uploads\/2022\/04\/one-person-golf-scooter8-768x768.jpg 768w, https:\/\/www.linkseride.com\/wp-content\/uploads\/2022\/04\/one-person-golf-scooter8-12x12.jpg 12w, https:\/\/www.linkseride.com\/wp-content\/uploads\/2022\/04\/one-person-golf-scooter8-600x600.jpg 600w, https:\/\/www.linkseride.com\/wp-content\/uploads\/2022\/04\/one-person-golf-scooter8-100x100.jpg 100w\" sizes=\"(max-width: 1280px) 100vw, 1280px\" \/>\n\t\t\t<\/div><\/figure><figure class='gallery-item'>\n\t\t\t<div class='gallery-icon landscape'>\n\t\t\t\t<img decoding=\"async\" width=\"1280\" height=\"1280\" src=\"https:\/\/www.linkseride.com\/wp-content\/uploads\/2022\/04\/one-person-golf-scooter6.jpg\" class=\"attachment-full size-full\" alt=\"\" srcset=\"https:\/\/www.linkseride.com\/wp-content\/uploads\/2022\/04\/one-person-golf-scooter6.jpg 1280w, https:\/\/www.linkseride.com\/wp-content\/uploads\/2022\/04\/one-person-golf-scooter6-300x300.jpg 300w, https:\/\/www.linkseride.com\/wp-content\/uploads\/2022\/04\/one-person-golf-scooter6-1024x1024.jpg 1024w, https:\/\/www.linkseride.com\/wp-content\/uploads\/2022\/04\/one-person-golf-scooter6-150x150.jpg 150w, https:\/\/www.linkseride.com\/wp-content\/uploads\/2022\/04\/one-person-golf-scooter6-768x768.jpg 768w, https:\/\/www.linkseride.com\/wp-content\/uploads\/2022\/04\/one-person-golf-scooter6-12x12.jpg 12w, https:\/\/www.linkseride.com\/wp-content\/uploads\/2022\/04\/one-person-golf-scooter6-600x600.jpg 600w, https:\/\/www.linkseride.com\/wp-content\/uploads\/2022\/04\/one-person-golf-scooter6-100x100.jpg 100w\" sizes=\"(max-width: 1280px) 100vw, 1280px\" \/>\n\t\t\t<\/div><\/figure><figure class='gallery-item'>\n\t\t\t<div class='gallery-icon landscape'>\n\t\t\t\t<img loading=\"lazy\" decoding=\"async\" width=\"1280\" height=\"1280\" src=\"https:\/\/www.linkseride.com\/wp-content\/uploads\/2022\/04\/one-person-golf-scooter10.jpg\" class=\"attachment-full size-full\" alt=\"scooter de golf pour une personne\" srcset=\"https:\/\/www.linkseride.com\/wp-content\/uploads\/2022\/04\/one-person-golf-scooter10.jpg 1280w, https:\/\/www.linkseride.com\/wp-content\/uploads\/2022\/04\/one-person-golf-scooter10-300x300.jpg 300w, https:\/\/www.linkseride.com\/wp-content\/uploads\/2022\/04\/one-person-golf-scooter10-1024x1024.jpg 1024w, https:\/\/www.linkseride.com\/wp-content\/uploads\/2022\/04\/one-person-golf-scooter10-150x150.jpg 150w, https:\/\/www.linkseride.com\/wp-content\/uploads\/2022\/04\/one-person-golf-scooter10-768x768.jpg 768w, https:\/\/www.linkseride.com\/wp-content\/uploads\/2022\/04\/one-person-golf-scooter10-12x12.jpg 12w, https:\/\/www.linkseride.com\/wp-content\/uploads\/2022\/04\/one-person-golf-scooter10-600x600.jpg 600w, https:\/\/www.linkseride.com\/wp-content\/uploads\/2022\/04\/one-person-golf-scooter10-100x100.jpg 100w\" sizes=\"(max-width: 1280px) 100vw, 1280px\" \/>\n\t\t\t<\/div><\/figure>\n\t\t<\/div>\n\n<p><img loading=\"lazy\" decoding=\"async\" class=\"alignnone wp-image-11018 size-full\" src=\"https:\/\/www.linkseride.com\/wp-content\/uploads\/2022\/04\/X6X7-1.png\" alt=\"\" width=\"1280\" height=\"720\" srcset=\"https:\/\/www.linkseride.com\/wp-content\/uploads\/2022\/04\/X6X7-1.png 1280w, https:\/\/www.linkseride.com\/wp-content\/uploads\/2022\/04\/X6X7-1-300x169.png 300w, https:\/\/www.linkseride.com\/wp-content\/uploads\/2022\/04\/X6X7-1-1024x576.png 1024w, https:\/\/www.linkseride.com\/wp-content\/uploads\/2022\/04\/X6X7-1-768x432.png 768w, https:\/\/www.linkseride.com\/wp-content\/uploads\/2022\/04\/X6X7-1-600x338.png 600w\" sizes=\"(max-width: 1280px) 100vw, 1280px\" \/><\/p>\n<h2>Different Rear Rack Options with the\u00a0 X7 two wheeler One Person Golf Scooter<\/h2>\n<table style=\"border-collapse: collapse; width: 1139px; height: 565px;\" border=\"0\" width=\"307\" cellspacing=\"0\" cellpadding=\"0\">\n<tbody>\n<tr style=\"height: 68.00pt;\">\n<td class=\"et3\" style=\"height: 68pt; width: 102.45pt; text-align: center;\" width=\"102\" height=\"68\">\n<h5>X7 two wheeler golf<\/h5>\n<h5>(standard)<\/h5>\n<\/td>\n<td class=\"et3\" style=\"width: 102.45pt; text-align: center;\" width=\"102\"><strong>X7 1.0 two wheeler golf<\/strong><\/td>\n<td class=\"et3\" style=\"width: 102.45pt; text-align: center;\" width=\"102\">\n<h5><strong>X7 2.0 two wheeler golf<\/strong><\/h5>\n<h5>(standard)<\/h5>\n<\/td>\n<\/tr>\n<tr style=\"height: 16.80pt;\">\n<td class=\"et3\" style=\"height: 16.80pt; width: 102.45pt;\" width=\"102\" height=\"16\"><img loading=\"lazy\" decoding=\"async\" class=\"size-medium wp-image-11412 aligncenter\" src=\"https:\/\/www.linkseride.com\/wp-content\/uploads\/2022\/04\/one-person-golf-scooter-1-300x300.jpg\" alt=\"scooter de golf pour une personne\" width=\"300\" height=\"300\" srcset=\"https:\/\/www.linkseride.com\/wp-content\/uploads\/2022\/04\/one-person-golf-scooter-1-300x300.jpg 300w, https:\/\/www.linkseride.com\/wp-content\/uploads\/2022\/04\/one-person-golf-scooter-1-1024x1024.jpg 1024w, https:\/\/www.linkseride.com\/wp-content\/uploads\/2022\/04\/one-person-golf-scooter-1-150x150.jpg 150w, https:\/\/www.linkseride.com\/wp-content\/uploads\/2022\/04\/one-person-golf-scooter-1-768x768.jpg 768w, https:\/\/www.linkseride.com\/wp-content\/uploads\/2022\/04\/one-person-golf-scooter-1-12x12.jpg 12w, https:\/\/www.linkseride.com\/wp-content\/uploads\/2022\/04\/one-person-golf-scooter-1-600x600.jpg 600w, https:\/\/www.linkseride.com\/wp-content\/uploads\/2022\/04\/one-person-golf-scooter-1-100x100.jpg 100w, https:\/\/www.linkseride.com\/wp-content\/uploads\/2022\/04\/one-person-golf-scooter-1.jpg 1040w\" sizes=\"(max-width: 300px) 100vw, 300px\" \/><\/td>\n<td class=\"et3\" style=\"width: 102.45pt;\" width=\"102\"><img loading=\"lazy\" decoding=\"async\" class=\"size-medium wp-image-11413 aligncenter\" src=\"https:\/\/www.linkseride.com\/wp-content\/uploads\/2022\/04\/one-person-golf-scooter-2-300x300.jpg\" alt=\"scooter de golf pour une personne\" width=\"300\" height=\"300\" srcset=\"https:\/\/www.linkseride.com\/wp-content\/uploads\/2022\/04\/one-person-golf-scooter-2-300x300.jpg 300w, https:\/\/www.linkseride.com\/wp-content\/uploads\/2022\/04\/one-person-golf-scooter-2-1024x1024.jpg 1024w, https:\/\/www.linkseride.com\/wp-content\/uploads\/2022\/04\/one-person-golf-scooter-2-150x150.jpg 150w, https:\/\/www.linkseride.com\/wp-content\/uploads\/2022\/04\/one-person-golf-scooter-2-768x768.jpg 768w, https:\/\/www.linkseride.com\/wp-content\/uploads\/2022\/04\/one-person-golf-scooter-2-12x12.jpg 12w, https:\/\/www.linkseride.com\/wp-content\/uploads\/2022\/04\/one-person-golf-scooter-2-600x600.jpg 600w, https:\/\/www.linkseride.com\/wp-content\/uploads\/2022\/04\/one-person-golf-scooter-2-100x100.jpg 100w, https:\/\/www.linkseride.com\/wp-content\/uploads\/2022\/04\/one-person-golf-scooter-2.jpg 1040w\" sizes=\"(max-width: 300px) 100vw, 300px\" \/><\/td>\n<td class=\"et3\" style=\"width: 102.45pt;\" width=\"102\"><img loading=\"lazy\" decoding=\"async\" class=\"size-medium wp-image-11406 aligncenter\" src=\"https:\/\/www.linkseride.com\/wp-content\/uploads\/2022\/04\/one-person-golf-scooter10-300x300.jpg\" alt=\"scooter de golf pour une personne\" width=\"300\" height=\"300\" srcset=\"https:\/\/www.linkseride.com\/wp-content\/uploads\/2022\/04\/one-person-golf-scooter10-300x300.jpg 300w, https:\/\/www.linkseride.com\/wp-content\/uploads\/2022\/04\/one-person-golf-scooter10-1024x1024.jpg 1024w, https:\/\/www.linkseride.com\/wp-content\/uploads\/2022\/04\/one-person-golf-scooter10-150x150.jpg 150w, https:\/\/www.linkseride.com\/wp-content\/uploads\/2022\/04\/one-person-golf-scooter10-768x768.jpg 768w, https:\/\/www.linkseride.com\/wp-content\/uploads\/2022\/04\/one-person-golf-scooter10-12x12.jpg 12w, https:\/\/www.linkseride.com\/wp-content\/uploads\/2022\/04\/one-person-golf-scooter10-600x600.jpg 600w, https:\/\/www.linkseride.com\/wp-content\/uploads\/2022\/04\/one-person-golf-scooter10-100x100.jpg 100w, https:\/\/www.linkseride.com\/wp-content\/uploads\/2022\/04\/one-person-golf-scooter10.jpg 1280w\" sizes=\"(max-width: 300px) 100vw, 300px\" \/><\/td>\n<\/tr>\n<tr style=\"height: 16.80pt;\">\n<td class=\"et3\" style=\"height: 16.80pt; width: 102.45pt;\" width=\"102\" height=\"16\">Note: standard X7 scooter (2 seats) adding the golf rack. 2 rack options to choose from. Detailed picture please confirm with our sales team. Email: <a href=\"mailto:info@linkseride.com\">info@linkseride.com<\/a><\/td>\n<td class=\"et3\" style=\"width: 102.45pt;\" width=\"102\">Note: OEM design with single seat. Adding rear basket for cooler box. OEM golf rack.<\/td>\n<td class=\"et3\" style=\"width: 102.45pt;\" width=\"102\">Note: Upgrade rear storage rack with rear golf rack. Single seat but with bigger size for better experience.<\/td>\n<\/tr>\n<\/tbody>\n<\/table>\n<p>&nbsp;<\/p>\n<h2>what is the features of this X7-2.0 One Person Golf Scooter<\/h2>\n<ul>\n<li>Upgrade rear rack with is more friendly to user<\/li>\n<li><strong>NEW &amp; IMPROVED<\/strong>\u00a0<strong>20AH battery <\/strong>offers 18+ holes range<\/li>\n<li>standard 5ah charger, charging time in 4-6 hours<\/li>\n<li>kick stand power off function<\/li>\n<li>comfortable coushioned seats<\/li>\n<li>golf different golf rack optional for OEM<\/li>\n<\/ul>\n<table>\n<tbody>\n<tr>\n<td>Puissance du moteur<\/td>\n<td>1500w\/2000w<\/td>\n<\/tr>\n<tr>\n<td>Vitesse maximale<\/td>\n<td>45 km\/h<\/td>\n<\/tr>\n<tr>\n<td>Port\u00e9e maximale<\/td>\n<td>60 km<\/td>\n<\/tr>\n<tr>\n<td>Capacit\u00e9 de la batterie<\/td>\n<td>60V12Ah\/20Ah<\/td>\n<\/tr>\n<tr>\n<td>Mat\u00e9riau du cadre<\/td>\n<td>Tube en acier sans soudure<\/td>\n<\/tr>\n<tr>\n<td>Jantes<\/td>\n<td>8inch<\/td>\n<\/tr>\n<tr>\n<td>Chargement maximal<\/td>\n<td>200 kg<\/td>\n<\/tr>\n<tr>\n<td>Ascension maximale<\/td>\n<td>30\u00b0<\/td>\n<\/tr>\n<tr>\n<td>Frein<\/td>\n<td>Front\u00a0and\u00a0Rear\u00a0Hydraulic\u00a0Disc\u00a0Brake<\/td>\n<\/tr>\n<tr>\n<td>Packing\u00a0size<\/td>\n<td>191x37x85cm<\/td>\n<\/tr>\n<tr>\n<td>N.W\/G.W<\/td>\n<td>89 kg<\/td>\n<\/tr>\n<\/tbody>\n<\/table>\n<div class=\"rte\">\n<div class=\"rte\">\n<p>&nbsp;<\/p>\n<\/div>\n<\/div>\n<h2>Why choosing this kind of X7 2.0 One Person Golf Scooter?<\/h2>\n<p>Golfers love how the single rider movement provides people the option of riding their favorite vehicles without having to travel thousands of miles. During the pandemic time, everybody needs to keep social distance by using personal electric transportation in parties.<\/p>\n<p>Nous avons \u00e9galement d'autres mod\u00e8les de scooters de golf \u00e9lectriques \u00e0 conducteur unique, si vous avez besoin de plus d'informations, vous pouvez<a href=\"https:\/\/www.linkseride.com\/fr_fr\/fat-tire-golf-scooter-golf-cart-trouring\/\" target=\"_blank\" rel=\"noopener\"> Trouvez ici.<\/a><\/p>\n<p>Vous trouverez d'autres vid\u00e9os de pr\u00e9sentation ici : <a href=\"https:\/\/www.youtube.com\/c\/LinksErideTech\" target=\"_blank\" rel=\"noopener\">https:\/\/www.youtube.com\/c\/LinksErideTech<\/a><\/p>\n<div class=\"ast-oembed-container\" style=\"height: 100%;\"><iframe title=\"Linkseride X7 Single Rider Electric Golf Scooter Two Wheeler Scooter\" width=\"500\" height=\"281\" src=\"https:\/\/www.youtube.com\/embed\/peoTQBpCvrg?feature=oembed&#038;enablejsapi=1&#038;origin=https:\/\/www.linkseride.com\" frameborder=\"0\" allow=\"accelerometer; autoplay; clipboard-write; encrypted-media; gyroscope; picture-in-picture; web-share\" referrerpolicy=\"strict-origin-when-cross-origin\" allowfullscreen><\/iframe><\/div>","protected":false},"excerpt":{"rendered":"<p>\u25cf One person golf scooter with 2000w rated power electric hub motor<\/p>\n<p>\u25cf <strong>NEW &amp; IMPROVED<\/strong>\u00a0<strong>20AH battery <\/strong>offers 18+ holes range<\/p>\n<p>\u25cf standard 5ah charger, charging time in 4-6 hours<\/p>\n<p>\u25cf golf different golf rack optional for OEM<\/p>","protected":false},"featured_media":11407,"template":"","meta":{"site-sidebar-layout":"default","site-content-layout":"default","ast-site-content-layout":"default","site-content-style":"default","site-sidebar-style":"default","ast-global-header-display":"","ast-banner-title-visibility":"","ast-main-header-display":"","ast-hfb-above-header-display":"","ast-hfb-below-header-display":"","ast-hfb-mobile-header-display":"","site-post-title":"","ast-breadcrumbs-content":"","ast-featured-img":"","footer-sml-layout":"","ast-disable-related-posts":"","theme-transparent-header-meta":"default","adv-header-id-meta":"","stick-header-meta":"","header-above-stick-meta":"","header-main-stick-meta":"","header-below-stick-meta":"","astra-migrate-meta-layouts":"set","ast-page-background-enabled":"default","ast-page-background-meta":{"desktop":{"background-color":"","background-image":"","background-repeat":"repeat","background-position":"center center","background-size":"auto","background-attachment":"scroll","background-type":"","background-media":"","overlay-type":"","overlay-color":"","overlay-opacity":"","overlay-gradient":""},"tablet":{"background-color":"","background-image":"","background-repeat":"repeat","background-position":"center center","background-size":"auto","background-attachment":"scroll","background-type":"","background-media":"","overlay-type":"","overlay-color":"","overlay-opacity":"","overlay-gradient":""},"mobile":{"background-color":"","background-image":"","background-repeat":"repeat","background-position":"center center","background-size":"auto","background-attachment":"scroll","background-type":"","background-media":"","overlay-type":"","overlay-color":"","overlay-opacity":"","overlay-gradient":""}},"ast-content-background-meta":{"desktop":{"background-color":"var(--ast-global-color-5)","background-image":"","background-repeat":"repeat","background-position":"center center","background-size":"auto","background-attachment":"scroll","background-type":"","background-media":"","overlay-type":"","overlay-color":"","overlay-opacity":"","overlay-gradient":""},"tablet":{"background-color":"var(--ast-global-color-5)","background-image":"","background-repeat":"repeat","background-position":"center center","background-size":"auto","background-attachment":"scroll","background-type":"","background-media":"","overlay-type":"","overlay-color":"","overlay-opacity":"","overlay-gradient":""},"mobile":{"background-color":"var(--ast-global-color-5)","background-image":"","background-repeat":"repeat","background-position":"center center","background-size":"auto","background-attachment":"scroll","background-type":"","background-media":"","overlay-type":"","overlay-color":"","overlay-opacity":"","overlay-gradient":""}}},"product_brand":[],"product_cat":[45],"product_tag":[38],"class_list":{"0":"post-6570","1":"product","2":"type-product","3":"status-publish","4":"has-post-thumbnail","6":"product_cat-electric-golf-scooter","7":"product_tag-citycoco-scooter","8":"desktop-align-left","9":"tablet-align-left","10":"mobile-align-left","12":"first","13":"instock","14":"shipping-taxable","15":"product-type-simple"},"_links":{"self":[{"href":"https:\/\/www.linkseride.com\/fr_fr\/wp-json\/wp\/v2\/product\/6570","targetHints":{"allow":["GET"]}}],"collection":[{"href":"https:\/\/www.linkseride.com\/fr_fr\/wp-json\/wp\/v2\/product"}],"about":[{"href":"https:\/\/www.linkseride.com\/fr_fr\/wp-json\/wp\/v2\/types\/product"}],"wp:featuredmedia":[{"embeddable":true,"href":"https:\/\/www.linkseride.com\/fr_fr\/wp-json\/wp\/v2\/media\/11407"}],"wp:attachment":[{"href":"https:\/\/www.linkseride.com\/fr_fr\/wp-json\/wp\/v2\/media?parent=6570"}],"wp:term":[{"taxonomy":"product_brand","embeddable":true,"href":"https:\/\/www.linkseride.com\/fr_fr\/wp-json\/wp\/v2\/product_brand?post=6570"},{"taxonomy":"product_cat","embeddable":true,"href":"https:\/\/www.linkseride.com\/fr_fr\/wp-json\/wp\/v2\/product_cat?post=6570"},{"taxonomy":"product_tag","embeddable":true,"href":"https:\/\/www.linkseride.com\/fr_fr\/wp-json\/wp\/v2\/product_tag?post=6570"}],"curies":[{"name":"wp","href":"https:\/\/api.w.org\/{rel}","templated":true}]}}