{"id":8752,"date":"2022-11-19T05:47:42","date_gmt":"2022-11-19T05:47:42","guid":{"rendered":"http:\/\/linkseride.com\/?post_type=product&#038;p=8752"},"modified":"2022-11-19T06:20:16","modified_gmt":"2022-11-19T06:20:16","slug":"scooter-electrique-linkseride-cp6","status":"publish","type":"product","link":"https:\/\/www.linkseride.com\/fr_fr\/product\/linkseride-cp6-electric-motorcycle-scooter\/","title":{"rendered":"Linkseride CP6 Scooter \u00e9lectrique \u00e0 moteur \u00e9lectrique EEC Scooter Citycoco \u00e0 pneus larges certifi\u00e9"},"content":{"rendered":"<p>Nous sommes passionn\u00e9s par ce que nous faisons pour notre avenir \u00e9lectrique, notamment <strong><a href=\"https:\/\/www.linkseride.com\/fr_fr\/electric-scooter-manufacturer\/\" target=\"_blank\" rel=\"noopener\">scooters \u00e9lectriques<\/a>, <a href=\"https:\/\/www.linkseride.com\/fr_fr\/fat-tire-scooter-electric\/\" target=\"_blank\" rel=\"noopener\">trottinette \u00e9lectrique \u00e0 gros pneus<\/a>, <a href=\"https:\/\/www.linkseride.com\/fr_fr\/fabricant-de-motos-electriques\/\" target=\"_blank\" rel=\"noopener\">scooter citycoco<\/a>, <a href=\"https:\/\/www.linkseride.com\/fr_fr\/fabricant-de-cyclomoteurs-electriques\/\" target=\"_blank\" rel=\"noopener\">cyclomoteur \u00e9lectrique<\/a><\/strong> etc.<\/p>\n<p>D\u00e9couvrez le scooter \u00e9lectrique CP6 de Linkseride, un scooter Fat Tire Citycoco qui va compl\u00e8tement changer votre vie quotidienne. Le nouveau scooter \u00e9lectrique CP6 est dot\u00e9 d'un moteur d'une puissance maximale de 4000W et d'une batterie d'une capacit\u00e9 de 25 AH ou 55AH, avec une autonomie de 75 \u00e0 165 km. Nous avons \u00e9t\u00e9 convaincus par les caract\u00e9ristiques de ce v\u00e9hicule \u00e9tonnant ! Laissez-vous \u00e9galement impressionner par nos solutions d'e-mobilit\u00e9 et d\u00e9couvrez les nombreux avantages d'un avenir silencieux. Notre \u00e9quipe se fera un plaisir de vous aider !<\/p>\n<p><span style=\"font-size: 16px;\">Contactez-nous pour plus d'informations.<\/span><\/p>\n<h2>Quelles sont les principales caract\u00e9ristiques de ce scooter \u00e9lectrique CP6 ?<\/h2>\n<table width=\"638\">\n<tbody>\n<tr>\n<td style=\"font-weight: 400;\" width=\"114\"><strong>Moteur<\/strong><\/td>\n<td style=\"font-weight: 400;\" width=\"172\">60V2000-4000W<\/td>\n<td style=\"font-weight: 400;\" width=\"114\"><strong>Batterie<\/strong><\/td>\n<td style=\"font-weight: 400;\" width=\"238\">Batterie au lithium amovible<\/td>\n<\/tr>\n<tr>\n<td style=\"font-weight: 400;\" width=\"114\"><strong>Frein<\/strong><\/td>\n<td style=\"font-weight: 400;\" width=\"172\">Freins \u00e0 double disque \u00e0 l'avant et \u00e0 l'arri\u00e8re<\/td>\n<td style=\"font-weight: 400;\" width=\"114\"><strong>Capacit\u00e9 de la batterie<\/strong><\/td>\n<td style=\"font-weight: 400;\" width=\"238\">Batterie 12Ah\/20Ah\/55Ah<\/td>\n<\/tr>\n<tr>\n<td style=\"font-weight: 400;\" width=\"114\"><strong>Lumi\u00e8re<\/strong><\/td>\n<td style=\"font-weight: 400;\" width=\"172\">Phare \u00e0 DEL, clignotant, r\u00e9flecteur arri\u00e8re<\/td>\n<td style=\"font-weight: 400;\" width=\"114\"><strong>Si\u00e8ge<\/strong><\/td>\n<td style=\"font-weight: 400;\" width=\"238\">2 places<\/td>\n<\/tr>\n<tr>\n<td style=\"font-weight: 400;\" width=\"114\"><strong>Affichage<\/strong><\/td>\n<td style=\"font-weight: 400;\" width=\"172\">\u00c9cran LCD<\/td>\n<td style=\"font-weight: 400;\" width=\"114\"><strong>Pneu<\/strong><\/td>\n<td style=\"font-weight: 400;\" width=\"238\">F : 17 pouces, R : 12 pouces<\/td>\n<\/tr>\n<tr>\n<td style=\"font-weight: 400;\" width=\"114\"><strong>Cadre<\/strong><\/td>\n<td style=\"font-weight: 400;\" width=\"172\">Tuyau en acier sans soudure<\/td>\n<td style=\"font-weight: 400;\" width=\"114\"><strong>Vitesse maximale<\/strong><\/td>\n<td style=\"font-weight: 400;\" width=\"238\">85km\/h<\/td>\n<\/tr>\n<tr>\n<td style=\"font-weight: 400;\" width=\"114\"><strong>Suspension<\/strong><\/td>\n<td style=\"font-weight: 400;\" width=\"172\">Fourche avant ; double amortisseur arri\u00e8re \u00e0 ressort<\/td>\n<td style=\"font-weight: 400;\" width=\"114\"><strong>Port\u00e9e maximale<\/strong><\/td>\n<td style=\"font-weight: 400;\" width=\"238\">30-100km <span style=\"font-family: inherit; font-size: 16px; font-weight: 400;\">par charge (en fonction du poids, du terrain, des conditions m\u00e9t\u00e9orologiques, etc.)<\/span><\/td>\n<\/tr>\n<\/tbody>\n<\/table>\n<h2>Qu'est-ce qui est inclus dans cet ensemble de scooters \u00e9lectriques CP6 ?<\/h2>\n<p>1* Scooter CityCoco<br \/>\n1* Manuel de l'utilisateur<br \/>\n1* Chargeur de batterie<br \/>\n1* Sp\u00e9cification<br \/>\n1* Carte de garantie (garantie d'un an pour les principales pi\u00e8ces d\u00e9tach\u00e9es, y compris le moteur, le chargeur et l'emballage de contr\u00f4le)<br \/>\nEn g\u00e9n\u00e9ral, nous emballons les produits dans des bo\u00eetes en carton \u00e0 7 couches, avec un emballage en mousse \u00e0 l'int\u00e9rieur pour les prot\u00e9ger, un cadre en bois ou un cadre en acier est \u00e9galement disponible si n\u00e9cessaire.<br \/>\nnous pouvons emballer les marchandises dans les bo\u00eetes de votre marque apr\u00e8s avoir re\u00e7u vos lettres d'autorisation.<\/p>\n<h2><\/h2>\n<h2>Images plus d\u00e9taill\u00e9es pour CP6 Electric Motorcycle Scooter<\/h2>\n<div id='gallery-1' class='gallery galleryid-8752 gallery-columns-4 gallery-size-full'><figure class='gallery-item'>\n\t\t\t<div class='gallery-icon landscape'>\n\t\t\t\t<img fetchpriority=\"high\" decoding=\"async\" width=\"2000\" height=\"2000\" src=\"https:\/\/www.linkseride.com\/wp-content\/uploads\/2022\/11\/1-headlight.jpg\" class=\"attachment-full size-full\" alt=\"\" srcset=\"https:\/\/www.linkseride.com\/wp-content\/uploads\/2022\/11\/1-headlight.jpg 2000w, https:\/\/www.linkseride.com\/wp-content\/uploads\/2022\/11\/1-headlight-300x300.jpg 300w, https:\/\/www.linkseride.com\/wp-content\/uploads\/2022\/11\/1-headlight-1024x1024.jpg 1024w, https:\/\/www.linkseride.com\/wp-content\/uploads\/2022\/11\/1-headlight-150x150.jpg 150w, https:\/\/www.linkseride.com\/wp-content\/uploads\/2022\/11\/1-headlight-768x768.jpg 768w, https:\/\/www.linkseride.com\/wp-content\/uploads\/2022\/11\/1-headlight-1536x1536.jpg 1536w, https:\/\/www.linkseride.com\/wp-content\/uploads\/2022\/11\/1-headlight-600x600.jpg 600w, https:\/\/www.linkseride.com\/wp-content\/uploads\/2022\/11\/1-headlight-100x100.jpg 100w\" sizes=\"(max-width: 2000px) 100vw, 2000px\" \/>\n\t\t\t<\/div><\/figure><figure class='gallery-item'>\n\t\t\t<div class='gallery-icon landscape'>\n\t\t\t\t<img decoding=\"async\" width=\"2000\" height=\"2000\" src=\"https:\/\/www.linkseride.com\/wp-content\/uploads\/2022\/11\/2-tire.jpg\" class=\"attachment-full size-full\" alt=\"\" srcset=\"https:\/\/www.linkseride.com\/wp-content\/uploads\/2022\/11\/2-tire.jpg 2000w, https:\/\/www.linkseride.com\/wp-content\/uploads\/2022\/11\/2-tire-300x300.jpg 300w, https:\/\/www.linkseride.com\/wp-content\/uploads\/2022\/11\/2-tire-1024x1024.jpg 1024w, https:\/\/www.linkseride.com\/wp-content\/uploads\/2022\/11\/2-tire-150x150.jpg 150w, https:\/\/www.linkseride.com\/wp-content\/uploads\/2022\/11\/2-tire-768x768.jpg 768w, https:\/\/www.linkseride.com\/wp-content\/uploads\/2022\/11\/2-tire-1536x1536.jpg 1536w, https:\/\/www.linkseride.com\/wp-content\/uploads\/2022\/11\/2-tire-600x600.jpg 600w, https:\/\/www.linkseride.com\/wp-content\/uploads\/2022\/11\/2-tire-100x100.jpg 100w\" sizes=\"(max-width: 2000px) 100vw, 2000px\" \/>\n\t\t\t<\/div><\/figure><figure class='gallery-item'>\n\t\t\t<div class='gallery-icon landscape'>\n\t\t\t\t<img decoding=\"async\" width=\"2000\" height=\"2000\" src=\"https:\/\/www.linkseride.com\/wp-content\/uploads\/2022\/11\/3-display.jpg\" class=\"attachment-full size-full\" alt=\"\" srcset=\"https:\/\/www.linkseride.com\/wp-content\/uploads\/2022\/11\/3-display.jpg 2000w, https:\/\/www.linkseride.com\/wp-content\/uploads\/2022\/11\/3-display-300x300.jpg 300w, https:\/\/www.linkseride.com\/wp-content\/uploads\/2022\/11\/3-display-1024x1024.jpg 1024w, https:\/\/www.linkseride.com\/wp-content\/uploads\/2022\/11\/3-display-150x150.jpg 150w, https:\/\/www.linkseride.com\/wp-content\/uploads\/2022\/11\/3-display-768x768.jpg 768w, https:\/\/www.linkseride.com\/wp-content\/uploads\/2022\/11\/3-display-1536x1536.jpg 1536w, https:\/\/www.linkseride.com\/wp-content\/uploads\/2022\/11\/3-display-600x600.jpg 600w, https:\/\/www.linkseride.com\/wp-content\/uploads\/2022\/11\/3-display-100x100.jpg 100w\" sizes=\"(max-width: 2000px) 100vw, 2000px\" \/>\n\t\t\t<\/div><\/figure><figure class='gallery-item'>\n\t\t\t<div class='gallery-icon landscape'>\n\t\t\t\t<img loading=\"lazy\" decoding=\"async\" width=\"2000\" height=\"2000\" src=\"https:\/\/www.linkseride.com\/wp-content\/uploads\/2022\/11\/4-throttle.jpg\" class=\"attachment-full size-full\" alt=\"\" srcset=\"https:\/\/www.linkseride.com\/wp-content\/uploads\/2022\/11\/4-throttle.jpg 2000w, https:\/\/www.linkseride.com\/wp-content\/uploads\/2022\/11\/4-throttle-300x300.jpg 300w, https:\/\/www.linkseride.com\/wp-content\/uploads\/2022\/11\/4-throttle-1024x1024.jpg 1024w, https:\/\/www.linkseride.com\/wp-content\/uploads\/2022\/11\/4-throttle-150x150.jpg 150w, https:\/\/www.linkseride.com\/wp-content\/uploads\/2022\/11\/4-throttle-768x768.jpg 768w, https:\/\/www.linkseride.com\/wp-content\/uploads\/2022\/11\/4-throttle-1536x1536.jpg 1536w, https:\/\/www.linkseride.com\/wp-content\/uploads\/2022\/11\/4-throttle-600x600.jpg 600w, https:\/\/www.linkseride.com\/wp-content\/uploads\/2022\/11\/4-throttle-100x100.jpg 100w\" sizes=\"(max-width: 2000px) 100vw, 2000px\" \/>\n\t\t\t<\/div><\/figure><figure class='gallery-item'>\n\t\t\t<div class='gallery-icon landscape'>\n\t\t\t\t<img loading=\"lazy\" decoding=\"async\" width=\"2000\" height=\"2000\" src=\"https:\/\/www.linkseride.com\/wp-content\/uploads\/2022\/11\/5-tail-light.jpg\" class=\"attachment-full size-full\" alt=\"\" srcset=\"https:\/\/www.linkseride.com\/wp-content\/uploads\/2022\/11\/5-tail-light.jpg 2000w, https:\/\/www.linkseride.com\/wp-content\/uploads\/2022\/11\/5-tail-light-300x300.jpg 300w, https:\/\/www.linkseride.com\/wp-content\/uploads\/2022\/11\/5-tail-light-1024x1024.jpg 1024w, https:\/\/www.linkseride.com\/wp-content\/uploads\/2022\/11\/5-tail-light-150x150.jpg 150w, https:\/\/www.linkseride.com\/wp-content\/uploads\/2022\/11\/5-tail-light-768x768.jpg 768w, https:\/\/www.linkseride.com\/wp-content\/uploads\/2022\/11\/5-tail-light-1536x1536.jpg 1536w, https:\/\/www.linkseride.com\/wp-content\/uploads\/2022\/11\/5-tail-light-600x600.jpg 600w, https:\/\/www.linkseride.com\/wp-content\/uploads\/2022\/11\/5-tail-light-100x100.jpg 100w\" sizes=\"(max-width: 2000px) 100vw, 2000px\" \/>\n\t\t\t<\/div><\/figure><figure class='gallery-item'>\n\t\t\t<div class='gallery-icon landscape'>\n\t\t\t\t<img loading=\"lazy\" decoding=\"async\" width=\"2000\" height=\"2000\" src=\"https:\/\/www.linkseride.com\/wp-content\/uploads\/2022\/11\/6-rear-shock.jpg\" class=\"attachment-full size-full\" alt=\"\" srcset=\"https:\/\/www.linkseride.com\/wp-content\/uploads\/2022\/11\/6-rear-shock.jpg 2000w, https:\/\/www.linkseride.com\/wp-content\/uploads\/2022\/11\/6-rear-shock-300x300.jpg 300w, https:\/\/www.linkseride.com\/wp-content\/uploads\/2022\/11\/6-rear-shock-1024x1024.jpg 1024w, https:\/\/www.linkseride.com\/wp-content\/uploads\/2022\/11\/6-rear-shock-150x150.jpg 150w, https:\/\/www.linkseride.com\/wp-content\/uploads\/2022\/11\/6-rear-shock-768x768.jpg 768w, https:\/\/www.linkseride.com\/wp-content\/uploads\/2022\/11\/6-rear-shock-1536x1536.jpg 1536w, https:\/\/www.linkseride.com\/wp-content\/uploads\/2022\/11\/6-rear-shock-600x600.jpg 600w, https:\/\/www.linkseride.com\/wp-content\/uploads\/2022\/11\/6-rear-shock-100x100.jpg 100w\" sizes=\"(max-width: 2000px) 100vw, 2000px\" \/>\n\t\t\t<\/div><\/figure><figure class='gallery-item'>\n\t\t\t<div class='gallery-icon landscape'>\n\t\t\t\t<img loading=\"lazy\" decoding=\"async\" width=\"2000\" height=\"2000\" src=\"https:\/\/www.linkseride.com\/wp-content\/uploads\/2022\/11\/7-battery.jpg\" class=\"attachment-full size-full\" alt=\"\" srcset=\"https:\/\/www.linkseride.com\/wp-content\/uploads\/2022\/11\/7-battery.jpg 2000w, https:\/\/www.linkseride.com\/wp-content\/uploads\/2022\/11\/7-battery-300x300.jpg 300w, https:\/\/www.linkseride.com\/wp-content\/uploads\/2022\/11\/7-battery-1024x1024.jpg 1024w, https:\/\/www.linkseride.com\/wp-content\/uploads\/2022\/11\/7-battery-150x150.jpg 150w, https:\/\/www.linkseride.com\/wp-content\/uploads\/2022\/11\/7-battery-768x768.jpg 768w, https:\/\/www.linkseride.com\/wp-content\/uploads\/2022\/11\/7-battery-1536x1536.jpg 1536w, https:\/\/www.linkseride.com\/wp-content\/uploads\/2022\/11\/7-battery-600x600.jpg 600w, https:\/\/www.linkseride.com\/wp-content\/uploads\/2022\/11\/7-battery-100x100.jpg 100w\" sizes=\"(max-width: 2000px) 100vw, 2000px\" \/>\n\t\t\t<\/div><\/figure><figure class='gallery-item'>\n\t\t\t<div class='gallery-icon landscape'>\n\t\t\t\t<img loading=\"lazy\" decoding=\"async\" width=\"2000\" height=\"2000\" src=\"https:\/\/www.linkseride.com\/wp-content\/uploads\/2022\/11\/8-footpeg.jpg\" class=\"attachment-full size-full\" alt=\"\" srcset=\"https:\/\/www.linkseride.com\/wp-content\/uploads\/2022\/11\/8-footpeg.jpg 2000w, https:\/\/www.linkseride.com\/wp-content\/uploads\/2022\/11\/8-footpeg-300x300.jpg 300w, https:\/\/www.linkseride.com\/wp-content\/uploads\/2022\/11\/8-footpeg-1024x1024.jpg 1024w, https:\/\/www.linkseride.com\/wp-content\/uploads\/2022\/11\/8-footpeg-150x150.jpg 150w, https:\/\/www.linkseride.com\/wp-content\/uploads\/2022\/11\/8-footpeg-768x768.jpg 768w, https:\/\/www.linkseride.com\/wp-content\/uploads\/2022\/11\/8-footpeg-1536x1536.jpg 1536w, https:\/\/www.linkseride.com\/wp-content\/uploads\/2022\/11\/8-footpeg-600x600.jpg 600w, https:\/\/www.linkseride.com\/wp-content\/uploads\/2022\/11\/8-footpeg-100x100.jpg 100w\" sizes=\"(max-width: 2000px) 100vw, 2000px\" \/>\n\t\t\t<\/div><\/figure>\n\t\t<\/div>\n\n<h2>Quelle est l'option de couleur OEM pour ce scooter \u00e9lectrique CP6 ?<\/h2>\n<div id='gallery-2' class='gallery galleryid-8752 gallery-columns-6 gallery-size-full'><figure class='gallery-item'>\n\t\t\t<div class='gallery-icon landscape'>\n\t\t\t\t<img loading=\"lazy\" decoding=\"async\" width=\"2000\" height=\"2000\" src=\"https:\/\/www.linkseride.com\/wp-content\/uploads\/2022\/11\/electric-motorcycle-scooter-1.jpg\" class=\"attachment-full size-full\" alt=\"scooter \u00e9lectrique\" srcset=\"https:\/\/www.linkseride.com\/wp-content\/uploads\/2022\/11\/electric-motorcycle-scooter-1.jpg 2000w, https:\/\/www.linkseride.com\/wp-content\/uploads\/2022\/11\/electric-motorcycle-scooter-1-300x300.jpg 300w, https:\/\/www.linkseride.com\/wp-content\/uploads\/2022\/11\/electric-motorcycle-scooter-1-1024x1024.jpg 1024w, https:\/\/www.linkseride.com\/wp-content\/uploads\/2022\/11\/electric-motorcycle-scooter-1-150x150.jpg 150w, https:\/\/www.linkseride.com\/wp-content\/uploads\/2022\/11\/electric-motorcycle-scooter-1-768x768.jpg 768w, https:\/\/www.linkseride.com\/wp-content\/uploads\/2022\/11\/electric-motorcycle-scooter-1-1536x1536.jpg 1536w, https:\/\/www.linkseride.com\/wp-content\/uploads\/2022\/11\/electric-motorcycle-scooter-1-600x600.jpg 600w, https:\/\/www.linkseride.com\/wp-content\/uploads\/2022\/11\/electric-motorcycle-scooter-1-100x100.jpg 100w\" sizes=\"(max-width: 2000px) 100vw, 2000px\" \/>\n\t\t\t<\/div><\/figure><figure class='gallery-item'>\n\t\t\t<div class='gallery-icon landscape'>\n\t\t\t\t<img loading=\"lazy\" decoding=\"async\" width=\"2000\" height=\"2000\" src=\"https:\/\/www.linkseride.com\/wp-content\/uploads\/2022\/11\/electric-motorcycle-scooter-2.jpg\" class=\"attachment-full size-full\" alt=\"scooter \u00e9lectrique\" srcset=\"https:\/\/www.linkseride.com\/wp-content\/uploads\/2022\/11\/electric-motorcycle-scooter-2.jpg 2000w, https:\/\/www.linkseride.com\/wp-content\/uploads\/2022\/11\/electric-motorcycle-scooter-2-300x300.jpg 300w, https:\/\/www.linkseride.com\/wp-content\/uploads\/2022\/11\/electric-motorcycle-scooter-2-1024x1024.jpg 1024w, https:\/\/www.linkseride.com\/wp-content\/uploads\/2022\/11\/electric-motorcycle-scooter-2-150x150.jpg 150w, https:\/\/www.linkseride.com\/wp-content\/uploads\/2022\/11\/electric-motorcycle-scooter-2-768x768.jpg 768w, https:\/\/www.linkseride.com\/wp-content\/uploads\/2022\/11\/electric-motorcycle-scooter-2-1536x1536.jpg 1536w, https:\/\/www.linkseride.com\/wp-content\/uploads\/2022\/11\/electric-motorcycle-scooter-2-600x600.jpg 600w, https:\/\/www.linkseride.com\/wp-content\/uploads\/2022\/11\/electric-motorcycle-scooter-2-100x100.jpg 100w\" sizes=\"(max-width: 2000px) 100vw, 2000px\" \/>\n\t\t\t<\/div><\/figure><figure class='gallery-item'>\n\t\t\t<div class='gallery-icon landscape'>\n\t\t\t\t<img loading=\"lazy\" decoding=\"async\" width=\"2000\" height=\"2000\" src=\"https:\/\/www.linkseride.com\/wp-content\/uploads\/2022\/11\/electric-motorcycle-scooter-3.jpg\" class=\"attachment-full size-full\" alt=\"scooter \u00e9lectrique\" srcset=\"https:\/\/www.linkseride.com\/wp-content\/uploads\/2022\/11\/electric-motorcycle-scooter-3.jpg 2000w, https:\/\/www.linkseride.com\/wp-content\/uploads\/2022\/11\/electric-motorcycle-scooter-3-300x300.jpg 300w, https:\/\/www.linkseride.com\/wp-content\/uploads\/2022\/11\/electric-motorcycle-scooter-3-1024x1024.jpg 1024w, https:\/\/www.linkseride.com\/wp-content\/uploads\/2022\/11\/electric-motorcycle-scooter-3-150x150.jpg 150w, https:\/\/www.linkseride.com\/wp-content\/uploads\/2022\/11\/electric-motorcycle-scooter-3-768x768.jpg 768w, https:\/\/www.linkseride.com\/wp-content\/uploads\/2022\/11\/electric-motorcycle-scooter-3-1536x1536.jpg 1536w, https:\/\/www.linkseride.com\/wp-content\/uploads\/2022\/11\/electric-motorcycle-scooter-3-600x600.jpg 600w, https:\/\/www.linkseride.com\/wp-content\/uploads\/2022\/11\/electric-motorcycle-scooter-3-100x100.jpg 100w\" sizes=\"(max-width: 2000px) 100vw, 2000px\" \/>\n\t\t\t<\/div><\/figure><figure class='gallery-item'>\n\t\t\t<div class='gallery-icon landscape'>\n\t\t\t\t<img loading=\"lazy\" decoding=\"async\" width=\"2000\" height=\"2000\" src=\"https:\/\/www.linkseride.com\/wp-content\/uploads\/2022\/11\/electric-motorcycle-scooter-4.jpg\" class=\"attachment-full size-full\" alt=\"scooter \u00e9lectrique\" srcset=\"https:\/\/www.linkseride.com\/wp-content\/uploads\/2022\/11\/electric-motorcycle-scooter-4.jpg 2000w, https:\/\/www.linkseride.com\/wp-content\/uploads\/2022\/11\/electric-motorcycle-scooter-4-300x300.jpg 300w, https:\/\/www.linkseride.com\/wp-content\/uploads\/2022\/11\/electric-motorcycle-scooter-4-1024x1024.jpg 1024w, https:\/\/www.linkseride.com\/wp-content\/uploads\/2022\/11\/electric-motorcycle-scooter-4-150x150.jpg 150w, https:\/\/www.linkseride.com\/wp-content\/uploads\/2022\/11\/electric-motorcycle-scooter-4-768x768.jpg 768w, https:\/\/www.linkseride.com\/wp-content\/uploads\/2022\/11\/electric-motorcycle-scooter-4-1536x1536.jpg 1536w, https:\/\/www.linkseride.com\/wp-content\/uploads\/2022\/11\/electric-motorcycle-scooter-4-600x600.jpg 600w, https:\/\/www.linkseride.com\/wp-content\/uploads\/2022\/11\/electric-motorcycle-scooter-4-100x100.jpg 100w\" sizes=\"(max-width: 2000px) 100vw, 2000px\" \/>\n\t\t\t<\/div><\/figure><figure class='gallery-item'>\n\t\t\t<div class='gallery-icon landscape'>\n\t\t\t\t<img loading=\"lazy\" decoding=\"async\" width=\"2000\" height=\"2000\" src=\"https:\/\/www.linkseride.com\/wp-content\/uploads\/2022\/11\/electric-motorcycle-scooter-5.jpg\" class=\"attachment-full size-full\" alt=\"scooter \u00e9lectrique\" srcset=\"https:\/\/www.linkseride.com\/wp-content\/uploads\/2022\/11\/electric-motorcycle-scooter-5.jpg 2000w, https:\/\/www.linkseride.com\/wp-content\/uploads\/2022\/11\/electric-motorcycle-scooter-5-300x300.jpg 300w, https:\/\/www.linkseride.com\/wp-content\/uploads\/2022\/11\/electric-motorcycle-scooter-5-1024x1024.jpg 1024w, https:\/\/www.linkseride.com\/wp-content\/uploads\/2022\/11\/electric-motorcycle-scooter-5-150x150.jpg 150w, https:\/\/www.linkseride.com\/wp-content\/uploads\/2022\/11\/electric-motorcycle-scooter-5-768x768.jpg 768w, https:\/\/www.linkseride.com\/wp-content\/uploads\/2022\/11\/electric-motorcycle-scooter-5-1536x1536.jpg 1536w, https:\/\/www.linkseride.com\/wp-content\/uploads\/2022\/11\/electric-motorcycle-scooter-5-600x600.jpg 600w, https:\/\/www.linkseride.com\/wp-content\/uploads\/2022\/11\/electric-motorcycle-scooter-5-100x100.jpg 100w\" sizes=\"(max-width: 2000px) 100vw, 2000px\" \/>\n\t\t\t<\/div><\/figure><figure class='gallery-item'>\n\t\t\t<div class='gallery-icon landscape'>\n\t\t\t\t<img loading=\"lazy\" decoding=\"async\" width=\"2000\" height=\"2000\" src=\"https:\/\/www.linkseride.com\/wp-content\/uploads\/2022\/11\/electric-motorcycle-scooter-6.jpg\" class=\"attachment-full size-full\" alt=\"scooter \u00e9lectrique\" srcset=\"https:\/\/www.linkseride.com\/wp-content\/uploads\/2022\/11\/electric-motorcycle-scooter-6.jpg 2000w, https:\/\/www.linkseride.com\/wp-content\/uploads\/2022\/11\/electric-motorcycle-scooter-6-300x300.jpg 300w, https:\/\/www.linkseride.com\/wp-content\/uploads\/2022\/11\/electric-motorcycle-scooter-6-1024x1024.jpg 1024w, https:\/\/www.linkseride.com\/wp-content\/uploads\/2022\/11\/electric-motorcycle-scooter-6-150x150.jpg 150w, https:\/\/www.linkseride.com\/wp-content\/uploads\/2022\/11\/electric-motorcycle-scooter-6-768x768.jpg 768w, https:\/\/www.linkseride.com\/wp-content\/uploads\/2022\/11\/electric-motorcycle-scooter-6-1536x1536.jpg 1536w, https:\/\/www.linkseride.com\/wp-content\/uploads\/2022\/11\/electric-motorcycle-scooter-6-600x600.jpg 600w, https:\/\/www.linkseride.com\/wp-content\/uploads\/2022\/11\/electric-motorcycle-scooter-6-100x100.jpg 100w\" sizes=\"(max-width: 2000px) 100vw, 2000px\" \/>\n\t\t\t<\/div><\/figure>\n\t\t<\/div>\n\n<p>Nous avons \u00e9galement un autre nouveau mod\u00e8le de scooter Citycoco en forme de Harley. Si vous souhaitez plus d'informations, vous pouvez<a href=\"https:\/\/www.linkseride.com\/fr_fr\/fat-tire-scooter-electric\/\" target=\"_blank\" rel=\"noopener\"> Trouvez ici.<\/a><\/p>\n<p>Vous trouverez d'autres vid\u00e9os de pr\u00e9sentation ici : <a href=\"https:\/\/www.youtube.com\/c\/LinksErideTech\" target=\"_blank\" rel=\"noopener\">https:\/\/www.youtube.com\/c\/LinksErideTech<\/a><\/p>\n<div class=\"ast-oembed-container\" style=\"height: 100%;\"><iframe title=\"Linkseride CP 6 Moto \u00e9lectrique EEC Proved Fat Tire Citycoco Scooter\" width=\"500\" height=\"281\" src=\"https:\/\/www.youtube.com\/embed\/GZJXR52V-VM?feature=oembed\" frameborder=\"0\" allow=\"accelerometer; autoplay; clipboard-write; encrypted-media; gyroscope; picture-in-picture; web-share\" referrerpolicy=\"strict-origin-when-cross-origin\" allowfullscreen><\/iframe><\/div>","protected":false},"excerpt":{"rendered":"<p>\u25cf Linkseride CP6 Scooter moto \u00e9lectrique EEC Proved Fat Tire Citycoco Scooter<\/p>\n<p>\u25cf Batterie au lithium 20ah\/40ah en option<\/p>\n<p>\u25cf Moteur puissant de 60v 4000w, vitesse maximale de 80km\/h.<\/p>\n<p>\u25cf Freins \u00e0 double disque \u00e0 l'avant et \u00e0 l'arri\u00e8re<\/p>\n<p>\u25cf OEM disponible pour toutes les couleurs, distributeurs recherch\u00e9s dans le monde entier<\/p>","protected":false},"featured_media":8768,"template":"","meta":{"site-sidebar-layout":"default","site-content-layout":"default","ast-site-content-layout":"default","site-content-style":"default","site-sidebar-style":"default","ast-global-header-display":"","ast-banner-title-visibility":"","ast-main-header-display":"","ast-hfb-above-header-display":"","ast-hfb-below-header-display":"","ast-hfb-mobile-header-display":"","site-post-title":"","ast-breadcrumbs-content":"","ast-featured-img":"","footer-sml-layout":"","ast-disable-related-posts":"","theme-transparent-header-meta":"default","adv-header-id-meta":"","stick-header-meta":"","header-above-stick-meta":"","header-main-stick-meta":"","header-below-stick-meta":"","astra-migrate-meta-layouts":"default","ast-page-background-enabled":"default","ast-page-background-meta":{"desktop":{"background-color":"","background-image":"","background-repeat":"repeat","background-position":"center center","background-size":"auto","background-attachment":"scroll","background-type":"","background-media":"","overlay-type":"","overlay-color":"","overlay-opacity":"","overlay-gradient":""},"tablet":{"background-color":"","background-image":"","background-repeat":"repeat","background-position":"center center","background-size":"auto","background-attachment":"scroll","background-type":"","background-media":"","overlay-type":"","overlay-color":"","overlay-opacity":"","overlay-gradient":""},"mobile":{"background-color":"","background-image":"","background-repeat":"repeat","background-position":"center center","background-size":"auto","background-attachment":"scroll","background-type":"","background-media":"","overlay-type":"","overlay-color":"","overlay-opacity":"","overlay-gradient":""}},"ast-content-background-meta":{"desktop":{"background-color":"var(--ast-global-color-5)","background-image":"","background-repeat":"repeat","background-position":"center center","background-size":"auto","background-attachment":"scroll","background-type":"","background-media":"","overlay-type":"","overlay-color":"","overlay-opacity":"","overlay-gradient":""},"tablet":{"background-color":"var(--ast-global-color-5)","background-image":"","background-repeat":"repeat","background-position":"center center","background-size":"auto","background-attachment":"scroll","background-type":"","background-media":"","overlay-type":"","overlay-color":"","overlay-opacity":"","overlay-gradient":""},"mobile":{"background-color":"var(--ast-global-color-5)","background-image":"","background-repeat":"repeat","background-position":"center center","background-size":"auto","background-attachment":"scroll","background-type":"","background-media":"","overlay-type":"","overlay-color":"","overlay-opacity":"","overlay-gradient":""}}},"product_brand":[],"product_cat":[27,28],"product_tag":[38,50],"class_list":{"0":"post-8752","1":"product","2":"type-product","3":"status-publish","4":"has-post-thumbnail","6":"product_cat-electric-motorcycle","7":"product_cat-electric-scooter","8":"product_tag-citycoco-scooter","9":"product_tag-fat-tire-scooter","10":"desktop-align-left","11":"tablet-align-left","12":"mobile-align-left","14":"first","15":"instock","16":"shipping-taxable","17":"product-type-simple"},"_links":{"self":[{"href":"https:\/\/www.linkseride.com\/fr_fr\/wp-json\/wp\/v2\/product\/8752","targetHints":{"allow":["GET"]}}],"collection":[{"href":"https:\/\/www.linkseride.com\/fr_fr\/wp-json\/wp\/v2\/product"}],"about":[{"href":"https:\/\/www.linkseride.com\/fr_fr\/wp-json\/wp\/v2\/types\/product"}],"wp:featuredmedia":[{"embeddable":true,"href":"https:\/\/www.linkseride.com\/fr_fr\/wp-json\/wp\/v2\/media\/8768"}],"wp:attachment":[{"href":"https:\/\/www.linkseride.com\/fr_fr\/wp-json\/wp\/v2\/media?parent=8752"}],"wp:term":[{"taxonomy":"product_brand","embeddable":true,"href":"https:\/\/www.linkseride.com\/fr_fr\/wp-json\/wp\/v2\/product_brand?post=8752"},{"taxonomy":"product_cat","embeddable":true,"href":"https:\/\/www.linkseride.com\/fr_fr\/wp-json\/wp\/v2\/product_cat?post=8752"},{"taxonomy":"product_tag","embeddable":true,"href":"https:\/\/www.linkseride.com\/fr_fr\/wp-json\/wp\/v2\/product_tag?post=8752"}],"curies":[{"name":"wp","href":"https:\/\/api.w.org\/{rel}","templated":true}]}}