{"id":8898,"date":"2022-12-08T06:45:31","date_gmt":"2022-12-08T06:45:31","guid":{"rendered":"http:\/\/linkseride.com\/?post_type=product&#038;p=8898"},"modified":"2026-01-07T07:12:42","modified_gmt":"2026-01-07T07:12:42","slug":"cp7-electric-trike-scooter-2000w-motor","status":"publish","type":"product","link":"https:\/\/www.linkseride.com\/fr_fr\/product\/cp7-electric-trike-scooter-2000w-motor\/","title":{"rendered":"Scooter \u00e9lectrique CP7 Trike 2000w \u00e0 double moteur haute puissance"},"content":{"rendered":"<h2>Linkseride CP7 Electric Trike Scooter 2000w High-powered Motor<\/h2>\n<p>Nous sommes un fabricant chinois de scooter \u00e9lectrique depuis 2014. Nous sommes passionn\u00e9s par ce que nous faisons avec notre avenir \u00e9lectrique, y compris <strong>les scooters \u00e9lectriques, <a href=\"https:\/\/www.linkseride.com\/fr_fr\/fabricant-de-motos-electriques\/\" target=\"_blank\" rel=\"noopener\">scooter \u00e0 pneus larges<\/a>, <a href=\"https:\/\/www.linkseride.com\/fr_fr\/fabricant-de-motos-electriques\/\" target=\"_blank\" rel=\"noopener\">scooter citycoco<\/a>, <a href=\"https:\/\/www.linkseride.com\/fr_fr\/fabricant-de-cyclomoteurs-electriques\/\" target=\"_blank\" rel=\"noopener\">cyclomoteur \u00e9lectrique<\/a><\/strong> etc.<\/p>\n<p>Ce scooter \u00e9lectrique CP7 est \u00e9quip\u00e9 d'un double moteur 2000w*2, et d'une double batterie 20Ah*2. Ce scooter \u00e9lectrique \u00e0 trois roues est dot\u00e9 d'un dos articul\u00e9, ce qui lui permet de rouler en douceur sur les collines et les terrains de golf. La taille de l'avant et de l'arri\u00e8re est de 10 pouces. L'autonomie maximale est de <a href=\"https:\/\/www.linkseride.com\/fr_fr\/trike-scooter-electric-tricycle-manufacturer\/\" target=\"_blank\" rel=\"noopener\"><b>scooter \u00e9lectrique \u00e0 trois roues<\/b><\/a> peut atteindre 30 \u00e0 45 km avec une seule batterie de 20Ah. Ce scooter \u00e9lectrique \u00e0 trois roues 2000w supporte une double batterie li-ion amovible, la vitesse maximale est de 45 km\/h.<\/p>\n<div id='gallery-1' class='gallery galleryid-8898 gallery-columns-4 gallery-size-full'><figure class='gallery-item'>\n\t\t\t<div class='gallery-icon landscape'>\n\t\t\t\t<img fetchpriority=\"high\" decoding=\"async\" width=\"2000\" height=\"2000\" src=\"https:\/\/www.linkseride.com\/wp-content\/uploads\/2022\/12\/CP7-black-1.jpg\" class=\"attachment-full size-full\" alt=\"trike \u00e9lectrique scooter\" srcset=\"https:\/\/www.linkseride.com\/wp-content\/uploads\/2022\/12\/CP7-black-1.jpg 2000w, https:\/\/www.linkseride.com\/wp-content\/uploads\/2022\/12\/CP7-black-1-300x300.jpg 300w, https:\/\/www.linkseride.com\/wp-content\/uploads\/2022\/12\/CP7-black-1-1024x1024.jpg 1024w, https:\/\/www.linkseride.com\/wp-content\/uploads\/2022\/12\/CP7-black-1-150x150.jpg 150w, https:\/\/www.linkseride.com\/wp-content\/uploads\/2022\/12\/CP7-black-1-768x768.jpg 768w, https:\/\/www.linkseride.com\/wp-content\/uploads\/2022\/12\/CP7-black-1-1536x1536.jpg 1536w, https:\/\/www.linkseride.com\/wp-content\/uploads\/2022\/12\/CP7-black-1-600x600.jpg 600w, https:\/\/www.linkseride.com\/wp-content\/uploads\/2022\/12\/CP7-black-1-100x100.jpg 100w\" sizes=\"(max-width: 2000px) 100vw, 2000px\" \/>\n\t\t\t<\/div><\/figure><figure class='gallery-item'>\n\t\t\t<div class='gallery-icon landscape'>\n\t\t\t\t<img decoding=\"async\" width=\"2000\" height=\"2000\" src=\"https:\/\/www.linkseride.com\/wp-content\/uploads\/2022\/12\/CP7-black-2.jpg\" class=\"attachment-full size-full\" alt=\"trike \u00e9lectrique scooter\" srcset=\"https:\/\/www.linkseride.com\/wp-content\/uploads\/2022\/12\/CP7-black-2.jpg 2000w, https:\/\/www.linkseride.com\/wp-content\/uploads\/2022\/12\/CP7-black-2-300x300.jpg 300w, https:\/\/www.linkseride.com\/wp-content\/uploads\/2022\/12\/CP7-black-2-1024x1024.jpg 1024w, https:\/\/www.linkseride.com\/wp-content\/uploads\/2022\/12\/CP7-black-2-150x150.jpg 150w, https:\/\/www.linkseride.com\/wp-content\/uploads\/2022\/12\/CP7-black-2-768x768.jpg 768w, https:\/\/www.linkseride.com\/wp-content\/uploads\/2022\/12\/CP7-black-2-1536x1536.jpg 1536w, https:\/\/www.linkseride.com\/wp-content\/uploads\/2022\/12\/CP7-black-2-600x600.jpg 600w, https:\/\/www.linkseride.com\/wp-content\/uploads\/2022\/12\/CP7-black-2-100x100.jpg 100w\" sizes=\"(max-width: 2000px) 100vw, 2000px\" \/>\n\t\t\t<\/div><\/figure><figure class='gallery-item'>\n\t\t\t<div class='gallery-icon landscape'>\n\t\t\t\t<img decoding=\"async\" width=\"2000\" height=\"2000\" src=\"https:\/\/www.linkseride.com\/wp-content\/uploads\/2022\/12\/CP7-black-3.jpg\" class=\"attachment-full size-full\" alt=\"trike \u00e9lectrique scooter\" srcset=\"https:\/\/www.linkseride.com\/wp-content\/uploads\/2022\/12\/CP7-black-3.jpg 2000w, https:\/\/www.linkseride.com\/wp-content\/uploads\/2022\/12\/CP7-black-3-300x300.jpg 300w, https:\/\/www.linkseride.com\/wp-content\/uploads\/2022\/12\/CP7-black-3-1024x1024.jpg 1024w, https:\/\/www.linkseride.com\/wp-content\/uploads\/2022\/12\/CP7-black-3-150x150.jpg 150w, https:\/\/www.linkseride.com\/wp-content\/uploads\/2022\/12\/CP7-black-3-768x768.jpg 768w, https:\/\/www.linkseride.com\/wp-content\/uploads\/2022\/12\/CP7-black-3-1536x1536.jpg 1536w, https:\/\/www.linkseride.com\/wp-content\/uploads\/2022\/12\/CP7-black-3-600x600.jpg 600w, https:\/\/www.linkseride.com\/wp-content\/uploads\/2022\/12\/CP7-black-3-100x100.jpg 100w\" sizes=\"(max-width: 2000px) 100vw, 2000px\" \/>\n\t\t\t<\/div><\/figure><figure class='gallery-item'>\n\t\t\t<div class='gallery-icon landscape'>\n\t\t\t\t<img loading=\"lazy\" decoding=\"async\" width=\"2000\" height=\"2000\" src=\"https:\/\/www.linkseride.com\/wp-content\/uploads\/2022\/12\/CP7-black-8.jpg\" class=\"attachment-full size-full\" alt=\"trike \u00e9lectrique scooter\" srcset=\"https:\/\/www.linkseride.com\/wp-content\/uploads\/2022\/12\/CP7-black-8.jpg 2000w, https:\/\/www.linkseride.com\/wp-content\/uploads\/2022\/12\/CP7-black-8-300x300.jpg 300w, https:\/\/www.linkseride.com\/wp-content\/uploads\/2022\/12\/CP7-black-8-1024x1024.jpg 1024w, https:\/\/www.linkseride.com\/wp-content\/uploads\/2022\/12\/CP7-black-8-150x150.jpg 150w, https:\/\/www.linkseride.com\/wp-content\/uploads\/2022\/12\/CP7-black-8-768x768.jpg 768w, https:\/\/www.linkseride.com\/wp-content\/uploads\/2022\/12\/CP7-black-8-1536x1536.jpg 1536w, https:\/\/www.linkseride.com\/wp-content\/uploads\/2022\/12\/CP7-black-8-600x600.jpg 600w, https:\/\/www.linkseride.com\/wp-content\/uploads\/2022\/12\/CP7-black-8-100x100.jpg 100w\" sizes=\"(max-width: 2000px) 100vw, 2000px\" \/>\n\t\t\t<\/div><\/figure>\n\t\t<\/div>\n\n<p><img loading=\"lazy\" decoding=\"async\" class=\"alignnone wp-image-11016 size-full\" src=\"https:\/\/www.linkseride.com\/wp-content\/uploads\/2024\/07\/CP7.png\" alt=\"\" width=\"1280\" height=\"720\" srcset=\"https:\/\/www.linkseride.com\/wp-content\/uploads\/2024\/07\/CP7.png 1280w, https:\/\/www.linkseride.com\/wp-content\/uploads\/2024\/07\/CP7-300x169.png 300w, https:\/\/www.linkseride.com\/wp-content\/uploads\/2024\/07\/CP7-1024x576.png 1024w, https:\/\/www.linkseride.com\/wp-content\/uploads\/2024\/07\/CP7-768x432.png 768w, https:\/\/www.linkseride.com\/wp-content\/uploads\/2024\/07\/CP7-600x338.png 600w\" sizes=\"(max-width: 1280px) 100vw, 1280px\" \/><\/p>\n<h2><\/h2>\n<h2>Quelles sont les caract\u00e9ristiques de ce scooter CP7 Electric Trike Scooter 2000w High-powered Dual Motor ?<\/h2>\n<ul>\n<li>Le double moteur de 2000w*2 offre une excellente capacit\u00e9 \u00e0 gravir les collines.<\/li>\n<li>En option, 2 jeux de batteries lithium-ion \u201cQuick-swap\u201d (40ah) garantissent une autonomie maximale de 70 km.<\/li>\n<li><strong>Fabricant de scooters list\u00e9s D.O.T<\/strong> (Limite de vitesse : 45km\/h), vous pouvez obtenir une immatriculation dans certains \u00e9tats.<\/li>\n<li>Les entrep\u00f4ts am\u00e9ricains sont disponibles en noir et en rouge.<\/li>\n<li>Option 2 places avec mat\u00e9riau amortissant pour am\u00e9liorer les sensations de conduite<\/li>\n<\/ul>\n<table>\n<tbody>\n<tr>\n<td>Puissance du moteur<\/td>\n<td>2000w*2000w<\/td>\n<\/tr>\n<tr>\n<td>Vitesse maximale<\/td>\n<td>45 km\/h<\/td>\n<\/tr>\n<tr>\n<td>Port\u00e9e maximale<\/td>\n<td>50 km par batterie de 20 Ah<\/td>\n<\/tr>\n<tr>\n<td>Capacit\u00e9 de la batterie<\/td>\n<td>60V 20Ah\/60V 40Ah<\/td>\n<\/tr>\n<tr>\n<td>Mat\u00e9riau du cadre<\/td>\n<td>Tube en acier sans soudure<\/td>\n<\/tr>\n<tr>\n<td>Pneu<\/td>\n<td>10 pouces<\/td>\n<\/tr>\n<tr>\n<td>Chargement maximal<\/td>\n<td>200 kg<\/td>\n<\/tr>\n<tr>\n<td>N.W\/G.W<\/td>\n<td>89 kg<\/td>\n<\/tr>\n<tr>\n<td>Autres caract\u00e9ristiques<\/td>\n<td>Porte-t\u00e9l\u00e9phone avec port USB<\/p>\n<p>porte-bagages\/supports arri\u00e8re<\/td>\n<\/tr>\n<\/tbody>\n<\/table>\n<h2>Pourquoi choisir ce type de scooter \u00e9lectrique Trike ?<\/h2>\n<p>Nous avons \u00e9galement d'autres mod\u00e8les de scooters \u00e9lectriques trike, si vous avez besoin de plus d'informations, vous pouvez<a href=\"https:\/\/www.linkseride.com\/fr_fr\/fat-tire-golf-scooter-golf-cart-trouring\/\" target=\"_blank\" rel=\"noopener\"> Trouvez ici.<\/a><\/p>\n<p>Vous trouverez d'autres vid\u00e9os de pr\u00e9sentation ici : <a href=\"https:\/\/www.youtube.com\/c\/LinksErideTech\" target=\"_blank\" rel=\"noopener\">https:\/\/www.youtube.com\/c\/LinksErideTech<\/a><\/p>\n<div class=\"ast-oembed-container\" style=\"height: 100%;\"><iframe title=\"Tout ce que vous devez savoir sur le scooter \u00e9lectrique CP-7 \u00e0 trois roues et double moteur Citycoco Scooter\" width=\"500\" height=\"281\" src=\"https:\/\/www.youtube.com\/embed\/mCniA3BqCDM?feature=oembed&#038;enablejsapi=1&#038;origin=https:\/\/www.linkseride.com\" frameborder=\"0\" allow=\"accelerometer; autoplay; clipboard-write; encrypted-media; gyroscope; picture-in-picture; web-share\" referrerpolicy=\"strict-origin-when-cross-origin\" allowfullscreen><\/iframe><\/div>","protected":false},"excerpt":{"rendered":"<p>\u25cf Scooter \u00e9lectrique Trike 2000w<\/p>\n<p>\u25cf Le double moteur 2000w*2 offre une excellente capacit\u00e9 \u00e0 gravir les collines.<\/p>\n<p>\u25cf Scooter \u00e9lectrique trike avec un\u00a0<span class=\"il\">articulant<\/span>\u00a0<span class=\"il\">retour<\/span> au scooter<\/p>\n<p>\u25cf Option 2 places avec un mat\u00e9riau amortissant pour am\u00e9liorer les sensations de conduite.<\/p>\n<p>\u25cf En option, 2 jeux de batteries lithium-ion \u201cQuick-swap\u201d (40ah) pour assurer une autonomie maximale de 70 km.<\/p>","protected":false},"featured_media":8903,"template":"","meta":{"site-sidebar-layout":"default","site-content-layout":"default","ast-site-content-layout":"default","site-content-style":"default","site-sidebar-style":"default","ast-global-header-display":"","ast-banner-title-visibility":"","ast-main-header-display":"","ast-hfb-above-header-display":"","ast-hfb-below-header-display":"","ast-hfb-mobile-header-display":"","site-post-title":"","ast-breadcrumbs-content":"","ast-featured-img":"","footer-sml-layout":"","ast-disable-related-posts":"","theme-transparent-header-meta":"default","adv-header-id-meta":"","stick-header-meta":"","header-above-stick-meta":"","header-main-stick-meta":"","header-below-stick-meta":"","astra-migrate-meta-layouts":"set","ast-page-background-enabled":"default","ast-page-background-meta":{"desktop":{"background-color":"","background-image":"","background-repeat":"repeat","background-position":"center center","background-size":"auto","background-attachment":"scroll","background-type":"","background-media":"","overlay-type":"","overlay-color":"","overlay-opacity":"","overlay-gradient":""},"tablet":{"background-color":"","background-image":"","background-repeat":"repeat","background-position":"center center","background-size":"auto","background-attachment":"scroll","background-type":"","background-media":"","overlay-type":"","overlay-color":"","overlay-opacity":"","overlay-gradient":""},"mobile":{"background-color":"","background-image":"","background-repeat":"repeat","background-position":"center center","background-size":"auto","background-attachment":"scroll","background-type":"","background-media":"","overlay-type":"","overlay-color":"","overlay-opacity":"","overlay-gradient":""}},"ast-content-background-meta":{"desktop":{"background-color":"var(--ast-global-color-5)","background-image":"","background-repeat":"repeat","background-position":"center center","background-size":"auto","background-attachment":"scroll","background-type":"","background-media":"","overlay-type":"","overlay-color":"","overlay-opacity":"","overlay-gradient":""},"tablet":{"background-color":"var(--ast-global-color-5)","background-image":"","background-repeat":"repeat","background-position":"center center","background-size":"auto","background-attachment":"scroll","background-type":"","background-media":"","overlay-type":"","overlay-color":"","overlay-opacity":"","overlay-gradient":""},"mobile":{"background-color":"var(--ast-global-color-5)","background-image":"","background-repeat":"repeat","background-position":"center center","background-size":"auto","background-attachment":"scroll","background-type":"","background-media":"","overlay-type":"","overlay-color":"","overlay-opacity":"","overlay-gradient":""}}},"product_brand":[],"product_cat":[28],"product_tag":[38],"class_list":{"0":"post-8898","1":"product","2":"type-product","3":"status-publish","4":"has-post-thumbnail","6":"product_cat-electric-scooter","7":"product_tag-citycoco-scooter","8":"desktop-align-left","9":"tablet-align-left","10":"mobile-align-left","12":"first","13":"instock","14":"shipping-taxable","15":"product-type-simple"},"_links":{"self":[{"href":"https:\/\/www.linkseride.com\/fr_fr\/wp-json\/wp\/v2\/product\/8898","targetHints":{"allow":["GET"]}}],"collection":[{"href":"https:\/\/www.linkseride.com\/fr_fr\/wp-json\/wp\/v2\/product"}],"about":[{"href":"https:\/\/www.linkseride.com\/fr_fr\/wp-json\/wp\/v2\/types\/product"}],"wp:featuredmedia":[{"embeddable":true,"href":"https:\/\/www.linkseride.com\/fr_fr\/wp-json\/wp\/v2\/media\/8903"}],"wp:attachment":[{"href":"https:\/\/www.linkseride.com\/fr_fr\/wp-json\/wp\/v2\/media?parent=8898"}],"wp:term":[{"taxonomy":"product_brand","embeddable":true,"href":"https:\/\/www.linkseride.com\/fr_fr\/wp-json\/wp\/v2\/product_brand?post=8898"},{"taxonomy":"product_cat","embeddable":true,"href":"https:\/\/www.linkseride.com\/fr_fr\/wp-json\/wp\/v2\/product_cat?post=8898"},{"taxonomy":"product_tag","embeddable":true,"href":"https:\/\/www.linkseride.com\/fr_fr\/wp-json\/wp\/v2\/product_tag?post=8898"}],"curies":[{"name":"wp","href":"https:\/\/api.w.org\/{rel}","templated":true}]}}