{"id":9246,"date":"2023-03-30T05:36:25","date_gmt":"2023-03-30T05:36:25","guid":{"rendered":"http:\/\/linkseride.com\/?post_type=product&#038;p=9246"},"modified":"2023-08-18T06:45:06","modified_gmt":"2023-08-18T06:45:06","slug":"2023-latest-electic-fat-tire-ebike","status":"publish","type":"product","link":"https:\/\/www.linkseride.com\/fr_fr\/product\/2023-latest-electic-fat-tire-ebike\/","title":{"rendered":"2023 Dernier mod\u00e8le d'Ebike Fat Tire \u00e9lectrique LEB-01"},"content":{"rendered":"<p>Ce v\u00e9lo \u00e9lectrique \u00e0 pneus larges est notre nouveau mod\u00e8le 2023 au look vintage. Avec ses pneus larges de 4 pouces et sa selle large et confortable, vous vous sentirez vraiment \u00e0 l'aise. La batterie lithium-ion est invisible, car elle est int\u00e9gr\u00e9e dans le r\u00e9servoir, ce qui rend ce mod\u00e8le encore plus cool. Avec un moteur 48 V 750 W, vous disposez de toute la puissance n\u00e9cessaire pour parcourir plus de kilom\u00e8tres.<\/p>\n<p>Thanks to its pedal assist input, which includes our most finely equipped torque sensor ever. Power reacts instantly and seamlessly to the motion of your feet.<br \/>\nSome of the key features of the fat tire ebike include:<\/p>\n<ul>\n<li>Equipped with 750w Brushless Rear Hub Motor<\/li>\n<li>Samsung Lithium Ion 48V 20Ah<\/li>\n<li>Over 40miles Range<\/li>\n<li>Rear Derailleur (Shimano) 8 speed<\/li>\n<li>Water Resistance IP65<\/li>\n<li>\u00e9cran LCD<\/li>\n<li>Kenda 26\u2019\u2019x 4.0 tire<\/li>\n<\/ul>\n<table width=\"100%\">\n<tbody>\n<tr>\n<td><img decoding=\"async\" class=\"aligncenter\" src=\"https:\/\/cdn.shopify.com\/s\/files\/1\/2721\/7242\/files\/power_100x100.png?v=1588931357\" alt=\"\" width=\"74\" height=\"74\" \/><\/td>\n<td>\n<h3 style=\"text-align: left;\">\u00a0<strong>MOTEUR DE MOYEU 750 W<\/strong><\/h3>\n<\/td>\n<td>\n<h4><img decoding=\"async\" class=\"aligncenter\" src=\"https:\/\/cdn.shopify.com\/s\/files\/1\/2721\/7242\/files\/1_89318afc-f1b5-47c6-ad35-68a19e133979_100x100.png?v=1588930275\" alt=\"\" width=\"83\" height=\"83\" \/><\/h4>\n<\/td>\n<td>\n<h3>VITESSE MAXIMALE\u00a0<strong>23 MPH<\/strong><\/h3>\n<\/td>\n<\/tr>\n<tr>\n<td><img decoding=\"async\" class=\"aligncenter\" src=\"https:\/\/cdn.shopify.com\/s\/files\/1\/2721\/7242\/files\/battery_100x100.png?v=1588928843\" alt=\"\" width=\"77\" height=\"77\" \/><\/td>\n<td>\n<h3>48 V 12 Ah<\/h3>\n<\/td>\n<td><img loading=\"lazy\" decoding=\"async\" class=\"aligncenter\" src=\"https:\/\/cdn.shopify.com\/s\/files\/1\/2721\/7242\/files\/1_7af7c125-e351-4f03-ab3e-65ee1e3fff60_100x100.png?v=1588930505\" alt=\"\" width=\"89\" height=\"89\" \/><\/td>\n<td>\n<h3><strong>45 MILES<\/strong><\/h3>\n<\/td>\n<\/tr>\n<tr>\n<td>\n<h3><img loading=\"lazy\" decoding=\"async\" class=\"aligncenter\" src=\"https:\/\/cdn.shopify.com\/s\/files\/1\/2721\/7242\/files\/7b98f62f920fff0dd3e96e643c93cc88_100x100.png?v=1588928533\" alt=\"\" width=\"87\" height=\"87\" \/><\/h3>\n<\/td>\n<td>\n<h3><strong>220 livres<\/strong> CHARGE MAXIMALE<\/h3>\n<\/td>\n<td>\n<h4><img loading=\"lazy\" decoding=\"async\" class=\"aligncenter\" src=\"https:\/\/cdn.shopify.com\/s\/files\/1\/2721\/7242\/files\/rider_100x100.png?v=1588930714\" alt=\"\" width=\"92\" height=\"92\" \/><\/h4>\n<\/td>\n<td>\n<h3>TAILLE DU CYCLISTE : 1,70 m \u00e0 2,01 m<\/h3>\n<\/td>\n<\/tr>\n<\/tbody>\n<\/table>\n<p><!--more--><\/p>\n<h3 style=\"text-align: center;\">Plus de sp\u00e9cifications<\/h3>\n<table width=\"534\">\n<tbody>\n<tr>\n<td width=\"92\"><strong>Puissance du moteur<\/strong><\/td>\n<td width=\"175\">48V 750W Rear\u00a0Hub<\/td>\n<td width=\"92\"><strong>D\u00e9railleur<\/strong><\/td>\n<td width=\"175\">D\u00e9railleur Shimano 8 vitesses<\/td>\n<\/tr>\n<tr>\n<td><strong>Vitesse maximale<\/strong><\/td>\n<td width=\"175\">32 km\/h<\/td>\n<td><strong>batterie<\/strong><\/td>\n<td>Samsung 50E-21 700-50000 mh<\/td>\n<\/tr>\n<tr>\n<td><strong>Port\u00e9e maximale<\/strong><\/td>\n<td>60 km<\/td>\n<td><strong>Frein<\/strong><\/td>\n<td>Frein \u00e0 disque hydraulique<\/td>\n<\/tr>\n<tr>\n<td><strong>Temps de charge<\/strong><\/td>\n<td>7 \u00e0 8 heures<\/td>\n<td><strong>Ascension maximale<\/strong><\/td>\n<td>7\u00b0<\/td>\n<\/tr>\n<tr>\n<td><strong>Mat\u00e9riau du cadre<\/strong><\/td>\n<td>Cadre en aluminium 26 pouces<\/td>\n<td><strong>Affichage<\/strong><\/td>\n<td>\u00e9cran LCD<\/td>\n<\/tr>\n<tr>\n<td><strong>Pneu<\/strong><\/td>\n<td>Kenda 26*4,0<\/td>\n<td><strong>taux d'imperm\u00e9abilit\u00e9<\/strong><\/td>\n<td>IP65<\/td>\n<\/tr>\n<\/tbody>\n<\/table>\n<p>Some Detailed Images<\/p>\n<div id='gallery-1' class='gallery galleryid-9246 gallery-columns-5 gallery-size-full'><figure class='gallery-item'>\n\t\t\t<div class='gallery-icon landscape'>\n\t\t\t\t<a href='https:\/\/www.linkseride.com\/fr_fr\/?attachment_id=9252'><img loading=\"lazy\" decoding=\"async\" width=\"1500\" height=\"1500\" src=\"https:\/\/www.linkseride.com\/wp-content\/uploads\/2023\/03\/1.jpg\" class=\"attachment-full size-full\" alt=\"v\u00e9lo \u00e9lectrique \u00e0 pneus larges\" srcset=\"https:\/\/www.linkseride.com\/wp-content\/uploads\/2023\/03\/1.jpg 1500w, https:\/\/www.linkseride.com\/wp-content\/uploads\/2023\/03\/1-300x300.jpg 300w, https:\/\/www.linkseride.com\/wp-content\/uploads\/2023\/03\/1-1024x1024.jpg 1024w, https:\/\/www.linkseride.com\/wp-content\/uploads\/2023\/03\/1-150x150.jpg 150w, https:\/\/www.linkseride.com\/wp-content\/uploads\/2023\/03\/1-768x768.jpg 768w, https:\/\/www.linkseride.com\/wp-content\/uploads\/2023\/03\/1-600x600.jpg 600w, https:\/\/www.linkseride.com\/wp-content\/uploads\/2023\/03\/1-100x100.jpg 100w\" sizes=\"(max-width: 1500px) 100vw, 1500px\" \/><\/a>\n\t\t\t<\/div><\/figure><figure class='gallery-item'>\n\t\t\t<div class='gallery-icon landscape'>\n\t\t\t\t<a href='https:\/\/www.linkseride.com\/fr_fr\/?attachment_id=9253'><img loading=\"lazy\" decoding=\"async\" width=\"1500\" height=\"1500\" src=\"https:\/\/www.linkseride.com\/wp-content\/uploads\/2023\/03\/2.jpg\" class=\"attachment-full size-full\" alt=\"v\u00e9lo \u00e9lectrique \u00e0 pneus larges\" srcset=\"https:\/\/www.linkseride.com\/wp-content\/uploads\/2023\/03\/2.jpg 1500w, https:\/\/www.linkseride.com\/wp-content\/uploads\/2023\/03\/2-300x300.jpg 300w, https:\/\/www.linkseride.com\/wp-content\/uploads\/2023\/03\/2-1024x1024.jpg 1024w, https:\/\/www.linkseride.com\/wp-content\/uploads\/2023\/03\/2-150x150.jpg 150w, https:\/\/www.linkseride.com\/wp-content\/uploads\/2023\/03\/2-768x768.jpg 768w, https:\/\/www.linkseride.com\/wp-content\/uploads\/2023\/03\/2-600x600.jpg 600w, https:\/\/www.linkseride.com\/wp-content\/uploads\/2023\/03\/2-100x100.jpg 100w\" sizes=\"(max-width: 1500px) 100vw, 1500px\" \/><\/a>\n\t\t\t<\/div><\/figure><figure class='gallery-item'>\n\t\t\t<div class='gallery-icon landscape'>\n\t\t\t\t<a href='https:\/\/www.linkseride.com\/fr_fr\/?attachment_id=9254'><img loading=\"lazy\" decoding=\"async\" width=\"1500\" height=\"1500\" src=\"https:\/\/www.linkseride.com\/wp-content\/uploads\/2023\/03\/3.jpg\" class=\"attachment-full size-full\" alt=\"v\u00e9lo \u00e9lectrique \u00e0 pneus larges\" srcset=\"https:\/\/www.linkseride.com\/wp-content\/uploads\/2023\/03\/3.jpg 1500w, https:\/\/www.linkseride.com\/wp-content\/uploads\/2023\/03\/3-300x300.jpg 300w, https:\/\/www.linkseride.com\/wp-content\/uploads\/2023\/03\/3-1024x1024.jpg 1024w, https:\/\/www.linkseride.com\/wp-content\/uploads\/2023\/03\/3-150x150.jpg 150w, https:\/\/www.linkseride.com\/wp-content\/uploads\/2023\/03\/3-768x768.jpg 768w, https:\/\/www.linkseride.com\/wp-content\/uploads\/2023\/03\/3-600x600.jpg 600w, https:\/\/www.linkseride.com\/wp-content\/uploads\/2023\/03\/3-100x100.jpg 100w\" sizes=\"(max-width: 1500px) 100vw, 1500px\" \/><\/a>\n\t\t\t<\/div><\/figure><figure class='gallery-item'>\n\t\t\t<div class='gallery-icon landscape'>\n\t\t\t\t<a href='https:\/\/www.linkseride.com\/fr_fr\/?attachment_id=9255'><img loading=\"lazy\" decoding=\"async\" width=\"1500\" height=\"1500\" src=\"https:\/\/www.linkseride.com\/wp-content\/uploads\/2023\/03\/4.jpg\" class=\"attachment-full size-full\" alt=\"v\u00e9lo \u00e9lectrique \u00e0 pneus larges\" srcset=\"https:\/\/www.linkseride.com\/wp-content\/uploads\/2023\/03\/4.jpg 1500w, https:\/\/www.linkseride.com\/wp-content\/uploads\/2023\/03\/4-300x300.jpg 300w, https:\/\/www.linkseride.com\/wp-content\/uploads\/2023\/03\/4-1024x1024.jpg 1024w, https:\/\/www.linkseride.com\/wp-content\/uploads\/2023\/03\/4-150x150.jpg 150w, https:\/\/www.linkseride.com\/wp-content\/uploads\/2023\/03\/4-768x768.jpg 768w, https:\/\/www.linkseride.com\/wp-content\/uploads\/2023\/03\/4-600x600.jpg 600w, https:\/\/www.linkseride.com\/wp-content\/uploads\/2023\/03\/4-100x100.jpg 100w\" sizes=\"(max-width: 1500px) 100vw, 1500px\" \/><\/a>\n\t\t\t<\/div><\/figure><figure class='gallery-item'>\n\t\t\t<div class='gallery-icon landscape'>\n\t\t\t\t<a href='https:\/\/www.linkseride.com\/fr_fr\/?attachment_id=9256'><img loading=\"lazy\" decoding=\"async\" width=\"1500\" height=\"1500\" src=\"https:\/\/www.linkseride.com\/wp-content\/uploads\/2023\/03\/5.jpg\" class=\"attachment-full size-full\" alt=\"\" srcset=\"https:\/\/www.linkseride.com\/wp-content\/uploads\/2023\/03\/5.jpg 1500w, https:\/\/www.linkseride.com\/wp-content\/uploads\/2023\/03\/5-300x300.jpg 300w, https:\/\/www.linkseride.com\/wp-content\/uploads\/2023\/03\/5-1024x1024.jpg 1024w, https:\/\/www.linkseride.com\/wp-content\/uploads\/2023\/03\/5-150x150.jpg 150w, https:\/\/www.linkseride.com\/wp-content\/uploads\/2023\/03\/5-768x768.jpg 768w, https:\/\/www.linkseride.com\/wp-content\/uploads\/2023\/03\/5-600x600.jpg 600w, https:\/\/www.linkseride.com\/wp-content\/uploads\/2023\/03\/5-100x100.jpg 100w\" sizes=\"(max-width: 1500px) 100vw, 1500px\" \/><\/a>\n\t\t\t<\/div><\/figure>\n\t\t<\/div>\n\n<p>Si vous recherchez d'autres mod\u00e8les de v\u00e9los \u00e9lectriques pliants, vous trouverez des informations d\u00e9taill\u00e9es <a href=\"https:\/\/www.linkseride.com\/fr_fr\/electric-bike-manufacturer\/\" target=\"_blank\" rel=\"noopener\">ici<\/a>.<\/p>\n<p><span style=\"font-size: 16px;\">Vous trouverez d'autres vid\u00e9os de pr\u00e9sentation ici : <\/span><a style=\"font-size: 16px; background-color: #ffffff;\" href=\"https:\/\/www.youtube.com\/c\/LinksErideTech\" target=\"_blank\" rel=\"noopener\">https:\/\/www.youtube.com\/c\/LinksErideTech<\/a><\/p>\n<div class=\"ast-oembed-container\" style=\"height: 100%;\"><iframe title=\"LEB-01 Electric Mountain Bike 750w 1000w 26inch X 4.0\u2033 Fat Tire\" width=\"500\" height=\"281\" src=\"https:\/\/www.youtube.com\/embed\/oR0A9ZJIaew?feature=oembed\" frameborder=\"0\" allow=\"accelerometer; autoplay; clipboard-write; encrypted-media; gyroscope; picture-in-picture; web-share\" referrerpolicy=\"strict-origin-when-cross-origin\" allowfullscreen><\/iframe><\/div>","protected":false},"excerpt":{"rendered":"<p>\u25cf Fat tire ebike is equipped with 750w Brushless Rear Hub Motor<\/p>\n<p>\u25cf La batterie lithium-ion Samsung 48 V 20 Ah garantit une autonomie de plus de 64 km.<\/p>\n<p>\u25cf D\u00e9railleur arri\u00e8re (Shimano) 8 vitesses<\/p>\n<p>\u25cf Indice de protection IP65<\/p>\n<p>\u25cf Pneu Kenda 26 pouces x 4,0<\/p>","protected":false},"featured_media":9265,"template":"","meta":{"site-sidebar-layout":"default","site-content-layout":"default","ast-site-content-layout":"default","site-content-style":"default","site-sidebar-style":"default","ast-global-header-display":"","ast-banner-title-visibility":"","ast-main-header-display":"","ast-hfb-above-header-display":"","ast-hfb-below-header-display":"","ast-hfb-mobile-header-display":"","site-post-title":"","ast-breadcrumbs-content":"","ast-featured-img":"","footer-sml-layout":"","ast-disable-related-posts":"","theme-transparent-header-meta":"default","adv-header-id-meta":"","stick-header-meta":"","header-above-stick-meta":"","header-main-stick-meta":"","header-below-stick-meta":"","astra-migrate-meta-layouts":"default","ast-page-background-enabled":"default","ast-page-background-meta":{"desktop":{"background-color":"","background-image":"","background-repeat":"repeat","background-position":"center center","background-size":"auto","background-attachment":"scroll","background-type":"","background-media":"","overlay-type":"","overlay-color":"","overlay-opacity":"","overlay-gradient":""},"tablet":{"background-color":"","background-image":"","background-repeat":"repeat","background-position":"center center","background-size":"auto","background-attachment":"scroll","background-type":"","background-media":"","overlay-type":"","overlay-color":"","overlay-opacity":"","overlay-gradient":""},"mobile":{"background-color":"","background-image":"","background-repeat":"repeat","background-position":"center center","background-size":"auto","background-attachment":"scroll","background-type":"","background-media":"","overlay-type":"","overlay-color":"","overlay-opacity":"","overlay-gradient":""}},"ast-content-background-meta":{"desktop":{"background-color":"var(--ast-global-color-5)","background-image":"","background-repeat":"repeat","background-position":"center center","background-size":"auto","background-attachment":"scroll","background-type":"","background-media":"","overlay-type":"","overlay-color":"","overlay-opacity":"","overlay-gradient":""},"tablet":{"background-color":"var(--ast-global-color-5)","background-image":"","background-repeat":"repeat","background-position":"center center","background-size":"auto","background-attachment":"scroll","background-type":"","background-media":"","overlay-type":"","overlay-color":"","overlay-opacity":"","overlay-gradient":""},"mobile":{"background-color":"var(--ast-global-color-5)","background-image":"","background-repeat":"repeat","background-position":"center center","background-size":"auto","background-attachment":"scroll","background-type":"","background-media":"","overlay-type":"","overlay-color":"","overlay-opacity":"","overlay-gradient":""}}},"product_brand":[],"product_cat":[29],"product_tag":[],"class_list":{"0":"post-9246","1":"product","2":"type-product","3":"status-publish","4":"has-post-thumbnail","6":"product_cat-electric-bike","7":"desktop-align-left","8":"tablet-align-left","9":"mobile-align-left","11":"first","12":"instock","13":"shipping-taxable","14":"product-type-simple"},"_links":{"self":[{"href":"https:\/\/www.linkseride.com\/fr_fr\/wp-json\/wp\/v2\/product\/9246","targetHints":{"allow":["GET"]}}],"collection":[{"href":"https:\/\/www.linkseride.com\/fr_fr\/wp-json\/wp\/v2\/product"}],"about":[{"href":"https:\/\/www.linkseride.com\/fr_fr\/wp-json\/wp\/v2\/types\/product"}],"wp:featuredmedia":[{"embeddable":true,"href":"https:\/\/www.linkseride.com\/fr_fr\/wp-json\/wp\/v2\/media\/9265"}],"wp:attachment":[{"href":"https:\/\/www.linkseride.com\/fr_fr\/wp-json\/wp\/v2\/media?parent=9246"}],"wp:term":[{"taxonomy":"product_brand","embeddable":true,"href":"https:\/\/www.linkseride.com\/fr_fr\/wp-json\/wp\/v2\/product_brand?post=9246"},{"taxonomy":"product_cat","embeddable":true,"href":"https:\/\/www.linkseride.com\/fr_fr\/wp-json\/wp\/v2\/product_cat?post=9246"},{"taxonomy":"product_tag","embeddable":true,"href":"https:\/\/www.linkseride.com\/fr_fr\/wp-json\/wp\/v2\/product_tag?post=9246"}],"curies":[{"name":"wp","href":"https:\/\/api.w.org\/{rel}","templated":true}]}}