{"id":9581,"date":"2023-10-12T07:54:42","date_gmt":"2023-10-12T07:54:42","guid":{"rendered":"https:\/\/www.linkseride.com\/?post_type=product&#038;p=9581"},"modified":"2023-10-12T08:22:41","modified_gmt":"2023-10-12T08:22:41","slug":"citycoco-chopper-puissant-a-2-roues","status":"publish","type":"product","link":"https:\/\/www.linkseride.com\/fr_fr\/product\/2-wheels-powerful-citycoco-chopper\/","title":{"rendered":"CP-5 2 roues Puissant scooter \u00e9lectrique Citycoco Chopper 1500 W 60 V 20 Ah avec homologation EEC COC"},"content":{"rendered":"<h5><\/h5>\n<h5>Port\u00e9e urbaine de 40 miles<\/h5>\n<p>\u00c9quip\u00e9 d'une batterie lithium haute densit\u00e9 de 60 V et 20 Ah, ce scooter Citycoco offre une autonomie impressionnante de 56 km en milieu urbain ou dans des conditions de circulation discontinue. Il est important de noter que ces chiffres ont \u00e9t\u00e9 obtenus dans des conditions de test optimis\u00e9es et que l'autonomie r\u00e9elle peut varier en fonction de facteurs tels que le poids du conducteur et le terrain. Le chargeur rapide 4 A inclus permet de recharger compl\u00e8tement la batterie en seulement 4 \u00e0 5 heures.<\/p>\n<h5>Conception simplifi\u00e9e<\/h5>\n<p>Le design classique de style Harley respire la simplicit\u00e9, sans fioritures inutiles, ce qui facilite grandement l'entretien.<\/p>\n<h5>Acc\u00e9l\u00e9ration fluide et r\u00e9active<\/h5>\n<p>Gr\u00e2ce \u00e0 son contr\u00f4leur int\u00e9gr\u00e9 de 60 V et 40 A, ce scooter Citycoco offre une excellente stabilit\u00e9 dans le contr\u00f4le de l'alimentation \u00e9lectrique et dispose d'une capacit\u00e9 de sortie de courant \u00e9lev\u00e9e, ce qui permet des r\u00e9glages de vitesse fluides sur ses trois vitesses.<\/p>\n<h5>Confort de conduite exceptionnel<\/h5>\n<p>La fourche \u00e0 amortisseur hydraulique r\u00e9glable et la suspension arri\u00e8re \u00e0 ressort en acier offrent une exp\u00e9rience de conduite confortable et personnalisable. De plus, les pneus larges sans chambre \u00e0 air de 8 pouces r\u00e9duisent non seulement le risque de crevaison, mais am\u00e9liorent \u00e9galement les performances de freinage.<\/p>\n<h5>\u00c9cran LCD complet<\/h5>\n<p>L'\u00e9cran LCD int\u00e9gr\u00e9 affiche de mani\u00e8re pratique les informations cl\u00e9s, notamment la vitesse, le kilom\u00e9trage, la tension et le niveau de puissance. Gr\u00e2ce \u00e0 ces informations \u00e0 port\u00e9e de main, vous pouvez surveiller en permanence les performances et l'autonomie de votre scooter, sans vous soucier d'une \u00e9ventuelle panne de batterie. De plus, l'\u00e9cran d'affichage permet de diagnostiquer les d\u00e9fauts \u00e0 l'aide de codes d'erreur, ce qui simplifie le processus de d\u00e9pannage et de r\u00e9paration.<\/p>\n<h2>Quelles sont les principales caract\u00e9ristiques de ce scooter \u00e9lectrique Citycoco Chopper \u00e0 deux places ?<\/h2>\n<table width=\"638\">\n<tbody>\n<tr>\n<td style=\"font-weight: 400;\" width=\"114\"><strong>Moteur<\/strong><\/td>\n<td style=\"font-weight: 400;\" width=\"172\">1000 W\/1500 W\/2000 W\/3000 W<\/td>\n<td style=\"font-weight: 400;\" width=\"114\"><strong>Batterie<\/strong><\/td>\n<td style=\"font-weight: 400;\" width=\"238\">Batterie au lithium amovible<\/td>\n<\/tr>\n<tr>\n<td style=\"font-weight: 400;\" width=\"114\"><strong>Frein<\/strong><\/td>\n<td style=\"font-weight: 400;\" width=\"172\">Freins \u00e0 disque hydrauliques avant et arri\u00e8re<\/td>\n<td style=\"font-weight: 400;\" width=\"114\"><strong>Capacit\u00e9 de la batterie<\/strong><\/td>\n<td style=\"font-weight: 400;\" width=\"238\">60 V - 12 Ah * 2 \/ 20 Ah * 2<\/td>\n<\/tr>\n<tr>\n<td style=\"font-weight: 400;\" width=\"114\"><strong>Lumi\u00e8re<\/strong><\/td>\n<td style=\"font-weight: 400;\" width=\"172\">Phare \u00e0 DEL, clignotant, r\u00e9flecteur arri\u00e8re<\/td>\n<td style=\"font-weight: 400;\" width=\"114\"><strong>Si\u00e8ge<\/strong><\/td>\n<td style=\"font-weight: 400;\" width=\"238\">2 places<\/td>\n<\/tr>\n<tr>\n<td style=\"font-weight: 400;\" width=\"114\"><strong>Affichage<\/strong><\/td>\n<td style=\"font-weight: 400;\" width=\"172\">\u00c9cran LCD<\/td>\n<td style=\"font-weight: 400;\" width=\"114\"><strong>Pneu<\/strong><\/td>\n<td style=\"font-weight: 400;\" width=\"238\">Pneu large de 12 pouces<\/td>\n<\/tr>\n<tr>\n<td style=\"font-weight: 400;\" width=\"114\"><strong>Cadre<\/strong><\/td>\n<td style=\"font-weight: 400;\" width=\"172\">Tuyau en acier sans soudure<\/td>\n<td style=\"font-weight: 400;\" width=\"114\"><strong>Vitesse maximale<\/strong><\/td>\n<td style=\"font-weight: 400;\" width=\"238\">45 km\/h<\/td>\n<\/tr>\n<tr>\n<td style=\"font-weight: 400;\" width=\"114\"><strong>Suspension<\/strong><\/td>\n<td style=\"font-weight: 400;\" width=\"172\">Fourche avant ; double amortisseur arri\u00e8re \u00e0 ressort<\/td>\n<td style=\"font-weight: 400;\" width=\"114\"><strong>Port\u00e9e maximale<\/strong><\/td>\n<td style=\"font-weight: 400;\" width=\"238\">60 \u00e0 80 km par charge (en fonction du poids, du terrain, des conditions m\u00e9t\u00e9orologiques, etc.)<\/td>\n<\/tr>\n<\/tbody>\n<\/table>\n<p>Nous avons \u00e9galement un autre nouveau mod\u00e8le de scooter Citycoco chopper en forme de Harley. Si vous souhaitez plus d'informations, vous pouvez<a href=\"https:\/\/www.linkseride.com\/fr_fr\/electric-scooter-manufacturer\/\"> Trouvez ici.<\/a><\/p>\n<p>Vous trouverez d'autres vid\u00e9os de pr\u00e9sentation ici :\u00a0<a href=\"https:\/\/www.youtube.com\/channel\/UCw4wsO7M_kRsCHTxcFeqTAA\" target=\"_blank\" rel=\"noopener\">https:\/\/www.youtube.com\/channel\/UCw4wsO7M_kRsCHTxcFeqTAA<\/a><\/p>\n<div class=\"ast-oembed-container\" style=\"height: 100%;\"><iframe title=\"Scooter \u00e9lectrique Citycoco CP5 Certifi\u00e9 EEC COC Deux places\" width=\"500\" height=\"281\" src=\"https:\/\/www.youtube.com\/embed\/WkBVeokNhn8?feature=oembed\" frameborder=\"0\" allow=\"accelerometer; autoplay; clipboard-write; encrypted-media; gyroscope; picture-in-picture; web-share\" referrerpolicy=\"strict-origin-when-cross-origin\" allowfullscreen><\/iframe><\/div>","protected":false},"excerpt":{"rendered":"<p>\u25cf Scooters \u00e9lectriques Linkseride EEC \u00e0 double batterie Citycoco chopper avec deux si\u00e8ges<\/p>\n<p>\u25cf Double batterie pour batterie Li-ion 60 V 20 Ah*2<\/p>\n<p>\u25cf Suspension avant et arri\u00e8re<\/p>\n<p>\u25cf Entrep\u00f4t am\u00e9ricain en stock pour une exp\u00e9dition locale rapide<\/p>","protected":false},"featured_media":9582,"template":"","meta":{"site-sidebar-layout":"default","site-content-layout":"default","ast-site-content-layout":"default","site-content-style":"default","site-sidebar-style":"default","ast-global-header-display":"","ast-banner-title-visibility":"","ast-main-header-display":"","ast-hfb-above-header-display":"","ast-hfb-below-header-display":"","ast-hfb-mobile-header-display":"","site-post-title":"","ast-breadcrumbs-content":"","ast-featured-img":"","footer-sml-layout":"","ast-disable-related-posts":"","theme-transparent-header-meta":"default","adv-header-id-meta":"","stick-header-meta":"","header-above-stick-meta":"","header-main-stick-meta":"","header-below-stick-meta":"","astra-migrate-meta-layouts":"default","ast-page-background-enabled":"default","ast-page-background-meta":{"desktop":{"background-color":"","background-image":"","background-repeat":"repeat","background-position":"center center","background-size":"auto","background-attachment":"scroll","background-type":"","background-media":"","overlay-type":"","overlay-color":"","overlay-opacity":"","overlay-gradient":""},"tablet":{"background-color":"","background-image":"","background-repeat":"repeat","background-position":"center center","background-size":"auto","background-attachment":"scroll","background-type":"","background-media":"","overlay-type":"","overlay-color":"","overlay-opacity":"","overlay-gradient":""},"mobile":{"background-color":"","background-image":"","background-repeat":"repeat","background-position":"center center","background-size":"auto","background-attachment":"scroll","background-type":"","background-media":"","overlay-type":"","overlay-color":"","overlay-opacity":"","overlay-gradient":""}},"ast-content-background-meta":{"desktop":{"background-color":"var(--ast-global-color-5)","background-image":"","background-repeat":"repeat","background-position":"center center","background-size":"auto","background-attachment":"scroll","background-type":"","background-media":"","overlay-type":"","overlay-color":"","overlay-opacity":"","overlay-gradient":""},"tablet":{"background-color":"var(--ast-global-color-5)","background-image":"","background-repeat":"repeat","background-position":"center center","background-size":"auto","background-attachment":"scroll","background-type":"","background-media":"","overlay-type":"","overlay-color":"","overlay-opacity":"","overlay-gradient":""},"mobile":{"background-color":"var(--ast-global-color-5)","background-image":"","background-repeat":"repeat","background-position":"center center","background-size":"auto","background-attachment":"scroll","background-type":"","background-media":"","overlay-type":"","overlay-color":"","overlay-opacity":"","overlay-gradient":""}}},"product_brand":[],"product_cat":[27,28],"product_tag":[38],"class_list":{"0":"post-9581","1":"product","2":"type-product","3":"status-publish","4":"has-post-thumbnail","6":"product_cat-electric-motorcycle","7":"product_cat-electric-scooter","8":"product_tag-citycoco-scooter","9":"desktop-align-left","10":"tablet-align-left","11":"mobile-align-left","13":"first","14":"instock","15":"shipping-taxable","16":"product-type-simple"},"_links":{"self":[{"href":"https:\/\/www.linkseride.com\/fr_fr\/wp-json\/wp\/v2\/product\/9581","targetHints":{"allow":["GET"]}}],"collection":[{"href":"https:\/\/www.linkseride.com\/fr_fr\/wp-json\/wp\/v2\/product"}],"about":[{"href":"https:\/\/www.linkseride.com\/fr_fr\/wp-json\/wp\/v2\/types\/product"}],"wp:featuredmedia":[{"embeddable":true,"href":"https:\/\/www.linkseride.com\/fr_fr\/wp-json\/wp\/v2\/media\/9582"}],"wp:attachment":[{"href":"https:\/\/www.linkseride.com\/fr_fr\/wp-json\/wp\/v2\/media?parent=9581"}],"wp:term":[{"taxonomy":"product_brand","embeddable":true,"href":"https:\/\/www.linkseride.com\/fr_fr\/wp-json\/wp\/v2\/product_brand?post=9581"},{"taxonomy":"product_cat","embeddable":true,"href":"https:\/\/www.linkseride.com\/fr_fr\/wp-json\/wp\/v2\/product_cat?post=9581"},{"taxonomy":"product_tag","embeddable":true,"href":"https:\/\/www.linkseride.com\/fr_fr\/wp-json\/wp\/v2\/product_tag?post=9581"}],"curies":[{"name":"wp","href":"https:\/\/api.w.org\/{rel}","templated":true}]}}