{"id":9591,"date":"2023-10-12T08:23:09","date_gmt":"2023-10-12T08:23:09","guid":{"rendered":"https:\/\/www.linkseride.com\/?post_type=product&#038;p=9591"},"modified":"2023-10-12T08:39:50","modified_gmt":"2023-10-12T08:39:50","slug":"electric-motorcycle-for-adults-4000w","status":"publish","type":"product","link":"https:\/\/www.linkseride.com\/fr_fr\/product\/electric-motorcycle-for-adults-4000w\/","title":{"rendered":"Moto \u00e9lectrique pour adultes 4000W 60v Batterie Lithium Freins \u00e0 disques hydrauliques"},"content":{"rendered":"<div id='gallery-1' class='gallery galleryid-9591 gallery-columns-3 gallery-size-full'><figure class='gallery-item'>\n\t\t\t<div class='gallery-icon landscape'>\n\t\t\t\t<img fetchpriority=\"high\" decoding=\"async\" width=\"1500\" height=\"800\" src=\"https:\/\/www.linkseride.com\/wp-content\/uploads\/2023\/10\/H3b909d99c79748889e2844b0d127a9b3q.jpg\" class=\"attachment-full size-full\" alt=\"Moto \u00e9lectrique pour adultes\" srcset=\"https:\/\/www.linkseride.com\/wp-content\/uploads\/2023\/10\/H3b909d99c79748889e2844b0d127a9b3q.jpg 1500w, https:\/\/www.linkseride.com\/wp-content\/uploads\/2023\/10\/H3b909d99c79748889e2844b0d127a9b3q-300x160.jpg 300w, https:\/\/www.linkseride.com\/wp-content\/uploads\/2023\/10\/H3b909d99c79748889e2844b0d127a9b3q-1024x546.jpg 1024w, https:\/\/www.linkseride.com\/wp-content\/uploads\/2023\/10\/H3b909d99c79748889e2844b0d127a9b3q-768x410.jpg 768w, https:\/\/www.linkseride.com\/wp-content\/uploads\/2023\/10\/H3b909d99c79748889e2844b0d127a9b3q-600x320.jpg 600w\" sizes=\"(max-width: 1500px) 100vw, 1500px\" \/>\n\t\t\t<\/div><\/figure><figure class='gallery-item'>\n\t\t\t<div class='gallery-icon landscape'>\n\t\t\t\t<img decoding=\"async\" width=\"1500\" height=\"800\" src=\"https:\/\/www.linkseride.com\/wp-content\/uploads\/2023\/10\/H4d76754faaf6443897ee05ac6594983eG.jpg\" class=\"attachment-full size-full\" alt=\"Moto \u00e9lectrique pour adultes\" srcset=\"https:\/\/www.linkseride.com\/wp-content\/uploads\/2023\/10\/H4d76754faaf6443897ee05ac6594983eG.jpg 1500w, https:\/\/www.linkseride.com\/wp-content\/uploads\/2023\/10\/H4d76754faaf6443897ee05ac6594983eG-300x160.jpg 300w, https:\/\/www.linkseride.com\/wp-content\/uploads\/2023\/10\/H4d76754faaf6443897ee05ac6594983eG-1024x546.jpg 1024w, https:\/\/www.linkseride.com\/wp-content\/uploads\/2023\/10\/H4d76754faaf6443897ee05ac6594983eG-768x410.jpg 768w, https:\/\/www.linkseride.com\/wp-content\/uploads\/2023\/10\/H4d76754faaf6443897ee05ac6594983eG-600x320.jpg 600w\" sizes=\"(max-width: 1500px) 100vw, 1500px\" \/>\n\t\t\t<\/div><\/figure><figure class='gallery-item'>\n\t\t\t<div class='gallery-icon landscape'>\n\t\t\t\t<img decoding=\"async\" width=\"1500\" height=\"800\" src=\"https:\/\/www.linkseride.com\/wp-content\/uploads\/2023\/10\/He51751a0ef9b47eca1a7253e272ef0fbp.jpg\" class=\"attachment-full size-full\" alt=\"Moto \u00e9lectrique pour adultes\" srcset=\"https:\/\/www.linkseride.com\/wp-content\/uploads\/2023\/10\/He51751a0ef9b47eca1a7253e272ef0fbp.jpg 1500w, https:\/\/www.linkseride.com\/wp-content\/uploads\/2023\/10\/He51751a0ef9b47eca1a7253e272ef0fbp-300x160.jpg 300w, https:\/\/www.linkseride.com\/wp-content\/uploads\/2023\/10\/He51751a0ef9b47eca1a7253e272ef0fbp-1024x546.jpg 1024w, https:\/\/www.linkseride.com\/wp-content\/uploads\/2023\/10\/He51751a0ef9b47eca1a7253e272ef0fbp-768x410.jpg 768w, https:\/\/www.linkseride.com\/wp-content\/uploads\/2023\/10\/He51751a0ef9b47eca1a7253e272ef0fbp-600x320.jpg 600w\" sizes=\"(max-width: 1500px) 100vw, 1500px\" \/>\n\t\t\t<\/div><\/figure>\n\t\t<\/div>\n\n<h2>what is the key features of this Electric Motorcycle for Adults?<\/h2>\n<table width=\"638\">\n<tbody>\n<tr>\n<td style=\"font-weight: 400;\" width=\"114\"><strong>Moteur<\/strong><\/td>\n<td style=\"font-weight: 400;\" width=\"172\">2000W\/3000W Brushless Motor<\/td>\n<td style=\"font-weight: 400;\" width=\"114\"><strong>Batterie<\/strong><\/td>\n<td style=\"font-weight: 400;\" width=\"238\">Batterie au lithium amovible<\/td>\n<\/tr>\n<tr>\n<td style=\"font-weight: 400;\" width=\"114\"><strong>Frein<\/strong><\/td>\n<td style=\"font-weight: 400;\" width=\"172\">Freins \u00e0 disque hydrauliques avant et arri\u00e8re<\/td>\n<td style=\"font-weight: 400;\" width=\"114\"><strong>Capacit\u00e9 de la batterie<\/strong><\/td>\n<td style=\"font-weight: 400;\" width=\"238\">60V 20\/25\/50\/60AH Lithium Battery<\/td>\n<\/tr>\n<tr>\n<td style=\"font-weight: 400;\" width=\"114\"><strong>Lumi\u00e8re<\/strong><\/td>\n<td style=\"font-weight: 400;\" width=\"172\">Phare \u00e0 DEL, clignotant, r\u00e9flecteur arri\u00e8re<\/td>\n<td style=\"font-weight: 400;\" width=\"114\"><strong>Si\u00e8ge<\/strong><\/td>\n<td style=\"font-weight: 400;\" width=\"238\">2 places<\/td>\n<\/tr>\n<tr>\n<td style=\"font-weight: 400;\" width=\"114\"><strong>Affichage<\/strong><\/td>\n<td style=\"font-weight: 400;\" width=\"172\">\u00c9cran LCD<\/td>\n<td style=\"font-weight: 400;\" width=\"114\"><strong>Pneu<\/strong><\/td>\n<td style=\"font-weight: 400;\" width=\"238\">17 Inch Fat Tire<\/td>\n<\/tr>\n<tr>\n<td style=\"font-weight: 400;\" width=\"114\"><strong>Charge maximale<\/strong><\/td>\n<td style=\"font-weight: 400;\" width=\"172\">200 kg<\/td>\n<td style=\"font-weight: 400;\" width=\"114\"><strong>Vitesse maximale<\/strong><\/td>\n<td style=\"font-weight: 400;\" width=\"238\">41-50km\/h, 75km\/h<\/td>\n<\/tr>\n<tr>\n<td style=\"font-weight: 400;\" width=\"114\"><strong>Suspension<\/strong><\/td>\n<td style=\"font-weight: 400;\" width=\"172\">Fourche avant ; double amortisseur arri\u00e8re \u00e0 ressort<\/td>\n<td style=\"font-weight: 400;\" width=\"114\"><strong>Port\u00e9e maximale<\/strong><\/td>\n<td style=\"font-weight: 400;\" width=\"238\">65-70km<\/td>\n<\/tr>\n<\/tbody>\n<\/table>\n<p>Nous avons \u00e9galement un autre nouveau mod\u00e8le de scooter Citycoco chopper en forme de Harley. Si vous souhaitez plus d'informations, vous pouvez<a href=\"https:\/\/www.linkseride.com\/fr_fr\/electric-scooter-manufacturer\/\"> Trouvez ici.<\/a><\/p>\n<p>Vous trouverez d'autres vid\u00e9os de pr\u00e9sentation ici :\u00a0<a href=\"https:\/\/www.youtube.com\/channel\/UCw4wsO7M_kRsCHTxcFeqTAA\" target=\"_blank\" rel=\"noopener\">https:\/\/www.youtube.com\/channel\/UCw4wsO7M_kRsCHTxcFeqTAA<\/a><\/p>\n<div class=\"ast-oembed-container\" style=\"height: 100%;\"><iframe title=\"Hot Sell Electric Scooter Electric Chopper Scooter Electric Motorcycles MH4\" width=\"500\" height=\"281\" src=\"https:\/\/www.youtube.com\/embed\/lV6KDtz2b9E?feature=oembed\" frameborder=\"0\" allow=\"accelerometer; autoplay; clipboard-write; encrypted-media; gyroscope; picture-in-picture; web-share\" referrerpolicy=\"strict-origin-when-cross-origin\" allowfullscreen><\/iframe><\/div>","protected":false},"excerpt":{"rendered":"<p>\u25cf Linkseride Electric Motorcycle for Adults 2023 New Moto Electrica<\/p>\n<p>\u25cf 4000W 60v Lithium Battery Powered Hydraulic Disc Brakes<\/p>\n<p>\u25cf Freins \u00e0 disques hydrauliques avant et arri\u00e8re<\/p>\n<p>\u25cf 17 Inch Big Tire Moped Style<\/p>","protected":false},"featured_media":9595,"template":"","meta":{"site-sidebar-layout":"default","site-content-layout":"default","ast-site-content-layout":"default","site-content-style":"default","site-sidebar-style":"default","ast-global-header-display":"","ast-banner-title-visibility":"","ast-main-header-display":"","ast-hfb-above-header-display":"","ast-hfb-below-header-display":"","ast-hfb-mobile-header-display":"","site-post-title":"","ast-breadcrumbs-content":"","ast-featured-img":"","footer-sml-layout":"","ast-disable-related-posts":"","theme-transparent-header-meta":"default","adv-header-id-meta":"","stick-header-meta":"","header-above-stick-meta":"","header-main-stick-meta":"","header-below-stick-meta":"","astra-migrate-meta-layouts":"default","ast-page-background-enabled":"default","ast-page-background-meta":{"desktop":{"background-color":"","background-image":"","background-repeat":"repeat","background-position":"center center","background-size":"auto","background-attachment":"scroll","background-type":"","background-media":"","overlay-type":"","overlay-color":"","overlay-opacity":"","overlay-gradient":""},"tablet":{"background-color":"","background-image":"","background-repeat":"repeat","background-position":"center center","background-size":"auto","background-attachment":"scroll","background-type":"","background-media":"","overlay-type":"","overlay-color":"","overlay-opacity":"","overlay-gradient":""},"mobile":{"background-color":"","background-image":"","background-repeat":"repeat","background-position":"center center","background-size":"auto","background-attachment":"scroll","background-type":"","background-media":"","overlay-type":"","overlay-color":"","overlay-opacity":"","overlay-gradient":""}},"ast-content-background-meta":{"desktop":{"background-color":"var(--ast-global-color-5)","background-image":"","background-repeat":"repeat","background-position":"center center","background-size":"auto","background-attachment":"scroll","background-type":"","background-media":"","overlay-type":"","overlay-color":"","overlay-opacity":"","overlay-gradient":""},"tablet":{"background-color":"var(--ast-global-color-5)","background-image":"","background-repeat":"repeat","background-position":"center center","background-size":"auto","background-attachment":"scroll","background-type":"","background-media":"","overlay-type":"","overlay-color":"","overlay-opacity":"","overlay-gradient":""},"mobile":{"background-color":"var(--ast-global-color-5)","background-image":"","background-repeat":"repeat","background-position":"center center","background-size":"auto","background-attachment":"scroll","background-type":"","background-media":"","overlay-type":"","overlay-color":"","overlay-opacity":"","overlay-gradient":""}}},"product_brand":[],"product_cat":[27,28],"product_tag":[38],"class_list":{"0":"post-9591","1":"product","2":"type-product","3":"status-publish","4":"has-post-thumbnail","6":"product_cat-electric-motorcycle","7":"product_cat-electric-scooter","8":"product_tag-citycoco-scooter","9":"desktop-align-left","10":"tablet-align-left","11":"mobile-align-left","13":"first","14":"instock","15":"shipping-taxable","16":"product-type-simple"},"_links":{"self":[{"href":"https:\/\/www.linkseride.com\/fr_fr\/wp-json\/wp\/v2\/product\/9591","targetHints":{"allow":["GET"]}}],"collection":[{"href":"https:\/\/www.linkseride.com\/fr_fr\/wp-json\/wp\/v2\/product"}],"about":[{"href":"https:\/\/www.linkseride.com\/fr_fr\/wp-json\/wp\/v2\/types\/product"}],"wp:featuredmedia":[{"embeddable":true,"href":"https:\/\/www.linkseride.com\/fr_fr\/wp-json\/wp\/v2\/media\/9595"}],"wp:attachment":[{"href":"https:\/\/www.linkseride.com\/fr_fr\/wp-json\/wp\/v2\/media?parent=9591"}],"wp:term":[{"taxonomy":"product_brand","embeddable":true,"href":"https:\/\/www.linkseride.com\/fr_fr\/wp-json\/wp\/v2\/product_brand?post=9591"},{"taxonomy":"product_cat","embeddable":true,"href":"https:\/\/www.linkseride.com\/fr_fr\/wp-json\/wp\/v2\/product_cat?post=9591"},{"taxonomy":"product_tag","embeddable":true,"href":"https:\/\/www.linkseride.com\/fr_fr\/wp-json\/wp\/v2\/product_tag?post=9591"}],"curies":[{"name":"wp","href":"https:\/\/api.w.org\/{rel}","templated":true}]}}