{"id":1841,"date":"2020-10-25T02:35:21","date_gmt":"2020-10-25T02:35:21","guid":{"rendered":"http:\/\/linkseride.com\/?post_type=product&#038;p=1841"},"modified":"2021-08-28T08:28:18","modified_gmt":"2021-08-28T08:28:18","slug":"ciclomotore-elettrico-per-adulti-da-4000w-agli-ioni-di-litio","status":"publish","type":"product","link":"https:\/\/www.linkseride.com\/it\/product\/4000w-li-ion-adult-electric-moped\/","title":{"rendered":"LEM-02 Ciclomotore elettrico per adulti Ninja 4000W batteria agli ioni di litio"},"content":{"rendered":"<p>Questa \u00e8 una versione di aggiornamento per 3000w. Questo ciclomotore elettrico per adulti, legale per la circolazione stradale, vi porter\u00e0 uno stile fresco e vi far\u00e0 andare a una riunione come un uomo d'affari. Questo ciclomotore elettrico \u00e8 adatto per l'uso quotidiano come ciclomotore e come modello di business. Il numero di certificato CEE e il numero di telaio sono incisi sulla piastra in alluminio del telaio. Il documento COC, che illustra tutti i dettagli di questo ciclomotore elettrico per adulti, vi sar\u00e0 consegnato insieme al veicolo. Con i documenti di cui sopra, sar\u00e0 molto facile ottenere l'immatricolazione locale.<\/p>\n<div id='gallery-1' class='gallery galleryid-1841 gallery-columns-4 gallery-size-full'><figure class='gallery-item'>\n\t\t\t<div class='gallery-icon landscape'>\n\t\t\t\t<img fetchpriority=\"high\" decoding=\"async\" width=\"645\" height=\"360\" src=\"https:\/\/www.linkseride.com\/wp-content\/uploads\/2020\/10\/11-3.jpg\" class=\"attachment-full size-full\" alt=\"Ciclomotore elettrico per adulti\" srcset=\"https:\/\/www.linkseride.com\/wp-content\/uploads\/2020\/10\/11-3.jpg 645w, https:\/\/www.linkseride.com\/wp-content\/uploads\/2020\/10\/11-3-300x167.jpg 300w, https:\/\/www.linkseride.com\/wp-content\/uploads\/2020\/10\/11-3-600x335.jpg 600w\" sizes=\"(max-width: 645px) 100vw, 645px\" \/>\n\t\t\t<\/div><\/figure><figure class='gallery-item'>\n\t\t\t<div class='gallery-icon landscape'>\n\t\t\t\t<img decoding=\"async\" width=\"645\" height=\"360\" src=\"https:\/\/www.linkseride.com\/wp-content\/uploads\/2020\/10\/10-3.jpg\" class=\"attachment-full size-full\" alt=\"Ciclomotore elettrico per adulti\" srcset=\"https:\/\/www.linkseride.com\/wp-content\/uploads\/2020\/10\/10-3.jpg 645w, https:\/\/www.linkseride.com\/wp-content\/uploads\/2020\/10\/10-3-300x167.jpg 300w, https:\/\/www.linkseride.com\/wp-content\/uploads\/2020\/10\/10-3-600x335.jpg 600w\" sizes=\"(max-width: 645px) 100vw, 645px\" \/>\n\t\t\t<\/div><\/figure><figure class='gallery-item'>\n\t\t\t<div class='gallery-icon landscape'>\n\t\t\t\t<img decoding=\"async\" width=\"645\" height=\"360\" src=\"https:\/\/www.linkseride.com\/wp-content\/uploads\/2020\/10\/9-2.jpg\" class=\"attachment-full size-full\" alt=\"Ciclomotore elettrico per adulti\" srcset=\"https:\/\/www.linkseride.com\/wp-content\/uploads\/2020\/10\/9-2.jpg 645w, https:\/\/www.linkseride.com\/wp-content\/uploads\/2020\/10\/9-2-300x167.jpg 300w, https:\/\/www.linkseride.com\/wp-content\/uploads\/2020\/10\/9-2-600x335.jpg 600w\" sizes=\"(max-width: 645px) 100vw, 645px\" \/>\n\t\t\t<\/div><\/figure><figure class='gallery-item'>\n\t\t\t<div class='gallery-icon landscape'>\n\t\t\t\t<img loading=\"lazy\" decoding=\"async\" width=\"645\" height=\"360\" src=\"https:\/\/www.linkseride.com\/wp-content\/uploads\/2020\/10\/12-2.jpg\" class=\"attachment-full size-full\" alt=\"Ciclomotore elettrico per adulti\" srcset=\"https:\/\/www.linkseride.com\/wp-content\/uploads\/2020\/10\/12-2.jpg 645w, https:\/\/www.linkseride.com\/wp-content\/uploads\/2020\/10\/12-2-300x167.jpg 300w, https:\/\/www.linkseride.com\/wp-content\/uploads\/2020\/10\/12-2-600x335.jpg 600w\" sizes=\"(max-width: 645px) 100vw, 645px\" \/>\n\t\t\t<\/div><\/figure>\n\t\t<\/div>\n\n<h4>Confronto tra 3000W VS 4000W Ciclomotore elettrico per adulti<\/h4>\n<table width=\"402\">\n<tbody>\n<tr>\n<td style=\"font-weight: 400;\" width=\"150\"><strong>Certificato<\/strong><\/td>\n<td style=\"font-weight: 400;\" width=\"201\"><strong>Certificato EURO 5 L1e-B, CEE e COC<\/strong><\/td>\n<td style=\"font-weight: 400;\" width=\"51\"><strong>Certificato EURO 5 L3e-B, CEE e COC<\/strong><\/td>\n<\/tr>\n<tr>\n<td style=\"font-weight: 400;\" width=\"150\"><strong>Articolo n.<\/strong><\/td>\n<td style=\"font-weight: 400;\" width=\"201\"><strong>LEM-02\u00a0<span style=\"color: #ff0000;\">3000W<\/span><\/strong><\/td>\n<td style=\"font-weight: 400;\" width=\"51\"><strong>LEM-02\u00a0<span style=\"color: #ff0000;\">4000W<\/span><\/strong><\/td>\n<\/tr>\n<tr>\n<td style=\"font-weight: 400;\" width=\"150\"><strong>Motore\u00a0<\/strong><\/td>\n<td style=\"font-weight: 400;\" width=\"201\">3000W 60V 12\u201d motore QS senza spazzole<\/td>\n<td style=\"font-weight: 400;\" width=\"51\">4000W 72V 12\u201d motore QS senza spazzole<\/td>\n<\/tr>\n<tr>\n<td style=\"font-weight: 400;\" width=\"150\"><strong>Controllore<\/strong><\/td>\n<td style=\"font-weight: 400;\" width=\"201\">60V 55A di scarica<\/td>\n<td style=\"font-weight: 400;\" width=\"51\">72V 70A di scarica<\/td>\n<\/tr>\n<tr>\n<td style=\"font-weight: 400;\" width=\"150\"><strong>Capacit\u00e0 della batteria<\/strong><\/td>\n<td style=\"font-weight: 400;\" width=\"201\">60V 23,4\/47AH<br \/>\n(Carica completa 72V, tensione nominale 60V)<\/td>\n<td style=\"font-weight: 400;\" width=\"51\">72V40AH (completamente 84V, nominale 72V)<\/td>\n<\/tr>\n<tr>\n<td style=\"font-weight: 400;\" width=\"150\"><strong>Numero di batteria<\/strong><\/td>\n<td style=\"font-weight: 400;\" width=\"201\">1 set o 2 set (23,4Ah per set)<\/td>\n<td style=\"font-weight: 400;\" width=\"51\">1set<\/td>\n<\/tr>\n<tr>\n<td style=\"font-weight: 400;\" width=\"150\"><strong>Peso della batteria<\/strong><\/td>\n<td style=\"font-weight: 400;\" width=\"201\">7,5KG per batteria<\/td>\n<td style=\"font-weight: 400;\" width=\"51\">15KG<\/td>\n<\/tr>\n<tr>\n<td style=\"font-weight: 400;\" width=\"150\"><strong>Caricabatterie\/Tensione di ingresso<\/strong><\/td>\n<td style=\"font-weight: 400;\" width=\"201\">60V6A, 110\/220V, 50-60Hz<\/td>\n<td style=\"font-weight: 400;\" width=\"51\">72V8A, 110\/220V, 50-60Hz<\/td>\n<\/tr>\n<tr>\n<td style=\"font-weight: 400;\" width=\"150\"><strong>Capacit\u00e0 di arrampicata<\/strong><\/td>\n<td style=\"font-weight: 400;\" width=\"201\">25\u00b0<\/td>\n<td style=\"font-weight: 400;\" width=\"51\">30\u00b0<\/td>\n<\/tr>\n<tr>\n<td style=\"font-weight: 400;\" width=\"150\"><strong>Velocit\u00e0 massima<\/strong><\/td>\n<td style=\"font-weight: 400;\" width=\"201\">45 km\/h (28 mph)<\/td>\n<td style=\"font-weight: 400;\" width=\"51\">75 km\/h (45 mph)<\/td>\n<\/tr>\n<tr>\n<td style=\"font-weight: 400;\" width=\"150\"><strong>Autonomia per carica<\/strong><\/td>\n<td style=\"font-weight: 400;\" width=\"201\">40-45 km (1 batteria)<br \/>\n65-70 km (2 batterie)<\/td>\n<td style=\"font-weight: 400;\" width=\"51\">60-65 km (fino a 41 miglia)<\/td>\n<\/tr>\n<\/tbody>\n<\/table>\n<p>Un ulteriore video introduttivo \u00e8 disponibile qui:\u00a0<a href=\"https:\/\/www.youtube.com\/channel\/UCw4wsO7M_kRsCHTxcFeqTAA\" target=\"_blank\" rel=\"noopener\">https:\/\/www.youtube.com\/channel\/UCw4wsO7M_kRsCHTxcFeqTAA<\/a><\/p>\n<div class=\"ast-oembed-container\" style=\"height: 100%;\"><iframe title=\"Cina Scooter elettrici Ninja Road Legal Review 2021\" width=\"500\" height=\"281\" src=\"https:\/\/www.youtube.com\/embed\/_czBZ6OpKLg?feature=oembed\" frameborder=\"0\" allow=\"accelerometer; autoplay; clipboard-write; encrypted-media; gyroscope; picture-in-picture; web-share\" referrerpolicy=\"strict-origin-when-cross-origin\" allowfullscreen><\/iframe><\/div>\n<p>abbiamo anche una versione con motore da 3000w. Si tratta di un ciclomotore elettrico L1e per adulti. <a href=\"https:\/\/www.linkseride.com\/it\/product\/3000w-electric-commuter-scooter\/\" target=\"_blank\" rel=\"noopener\">Fare clic qui per ottenere maggiori dettagli.<\/a><\/p>","protected":false},"excerpt":{"rendered":"<p>Certificati: Certificato CEE, COC e UN38.3<\/p>\n<p>Ciclomotore elettrico per adulti con 2 modalit\u00e0 di guida, a seconda delle esigenze: la modalit\u00e0 a bassa velocit\u00e0 pu\u00f2 espandere il chilometraggio; la modalit\u00e0 sportiva ad alta velocit\u00e0 pu\u00f2 bilanciare potenza e velocit\u00e0.<\/p>\n<p>La batteria agli ioni di litio rimovibile pesa 15 kg ed \u00e8 facile da trasportare e da caricare.<\/p>\n<p>I freni a disco F &amp; R ad alte prestazioni riducono lo spazio di frenata per garantire la sicurezza.<\/p>\n<p>Motore elettrico senza spazzole da 4000W. Velocit\u00e0 massima fino a 75 km\/h (47Mph), equivalente a 125cc.<\/p>\n<p>Colore o disegno personalizzato disponibile<\/p>","protected":false},"featured_media":1842,"template":"","meta":{"site-sidebar-layout":"default","site-content-layout":"default","ast-site-content-layout":"default","site-content-style":"default","site-sidebar-style":"default","ast-global-header-display":"","ast-banner-title-visibility":"","ast-main-header-display":"","ast-hfb-above-header-display":"","ast-hfb-below-header-display":"","ast-hfb-mobile-header-display":"","site-post-title":"","ast-breadcrumbs-content":"","ast-featured-img":"","footer-sml-layout":"","ast-disable-related-posts":"","theme-transparent-header-meta":"default","adv-header-id-meta":"","stick-header-meta":"","header-above-stick-meta":"","header-main-stick-meta":"","header-below-stick-meta":"","astra-migrate-meta-layouts":"default","ast-page-background-enabled":"default","ast-page-background-meta":{"desktop":{"background-color":"","background-image":"","background-repeat":"repeat","background-position":"center center","background-size":"auto","background-attachment":"scroll","background-type":"","background-media":"","overlay-type":"","overlay-color":"","overlay-opacity":"","overlay-gradient":""},"tablet":{"background-color":"","background-image":"","background-repeat":"repeat","background-position":"center center","background-size":"auto","background-attachment":"scroll","background-type":"","background-media":"","overlay-type":"","overlay-color":"","overlay-opacity":"","overlay-gradient":""},"mobile":{"background-color":"","background-image":"","background-repeat":"repeat","background-position":"center center","background-size":"auto","background-attachment":"scroll","background-type":"","background-media":"","overlay-type":"","overlay-color":"","overlay-opacity":"","overlay-gradient":""}},"ast-content-background-meta":{"desktop":{"background-color":"var(--ast-global-color-5)","background-image":"","background-repeat":"repeat","background-position":"center center","background-size":"auto","background-attachment":"scroll","background-type":"","background-media":"","overlay-type":"","overlay-color":"","overlay-opacity":"","overlay-gradient":""},"tablet":{"background-color":"var(--ast-global-color-5)","background-image":"","background-repeat":"repeat","background-position":"center center","background-size":"auto","background-attachment":"scroll","background-type":"","background-media":"","overlay-type":"","overlay-color":"","overlay-opacity":"","overlay-gradient":""},"mobile":{"background-color":"var(--ast-global-color-5)","background-image":"","background-repeat":"repeat","background-position":"center center","background-size":"auto","background-attachment":"scroll","background-type":"","background-media":"","overlay-type":"","overlay-color":"","overlay-opacity":"","overlay-gradient":""}}},"product_brand":[],"product_cat":[26],"product_tag":[],"class_list":{"0":"post-1841","1":"product","2":"type-product","3":"status-publish","4":"has-post-thumbnail","6":"product_cat-electric-moped","7":"desktop-align-left","8":"tablet-align-left","9":"mobile-align-left","11":"first","12":"instock","13":"shipping-taxable","14":"purchasable","15":"product-type-simple"},"_links":{"self":[{"href":"https:\/\/www.linkseride.com\/it\/wp-json\/wp\/v2\/product\/1841","targetHints":{"allow":["GET"]}}],"collection":[{"href":"https:\/\/www.linkseride.com\/it\/wp-json\/wp\/v2\/product"}],"about":[{"href":"https:\/\/www.linkseride.com\/it\/wp-json\/wp\/v2\/types\/product"}],"wp:featuredmedia":[{"embeddable":true,"href":"https:\/\/www.linkseride.com\/it\/wp-json\/wp\/v2\/media\/1842"}],"wp:attachment":[{"href":"https:\/\/www.linkseride.com\/it\/wp-json\/wp\/v2\/media?parent=1841"}],"wp:term":[{"taxonomy":"product_brand","embeddable":true,"href":"https:\/\/www.linkseride.com\/it\/wp-json\/wp\/v2\/product_brand?post=1841"},{"taxonomy":"product_cat","embeddable":true,"href":"https:\/\/www.linkseride.com\/it\/wp-json\/wp\/v2\/product_cat?post=1841"},{"taxonomy":"product_tag","embeddable":true,"href":"https:\/\/www.linkseride.com\/it\/wp-json\/wp\/v2\/product_tag?post=1841"}],"curies":[{"name":"wp","href":"https:\/\/api.w.org\/{rel}","templated":true}]}}