{"id":1876,"date":"2020-10-25T06:49:18","date_gmt":"2020-10-25T06:49:18","guid":{"rendered":"http:\/\/linkseride.com\/?post_type=product&#038;p=1876"},"modified":"2021-09-11T03:31:51","modified_gmt":"2021-09-11T03:31:51","slug":"2000w-commute-scooter-elettrico","status":"publish","type":"product","link":"https:\/\/www.linkseride.com\/it\/product\/2000w-commute-electric-scooter\/","title":{"rendered":"LEM-04 Elfin 2000W scooter elettrico leggero per spostamenti quotidiani"},"content":{"rendered":"<p>Questo piccolo e moderno scooter elettrico cummute svolge un ruolo importante nell'ecosistema dei trasporti. Una buona scelta se avete bisogno di qualcosa di pi\u00f9 leggero da trasportare e controllare. Il motore da 2000W \u00e8 adatto per una velocit\u00e0 massima di 45 km\/h (28Mph). Tra l'altro, \u00e8 un'opzione di ciclomotore elettrico pi\u00f9 economica tra tutte le scelte con le stesse prestazioni.<\/p>\n<div id='gallery-1' class='gallery galleryid-1876 gallery-columns-4 gallery-size-full'><figure class='gallery-item'>\n\t\t\t<div class='gallery-icon landscape'>\n\t\t\t\t<img fetchpriority=\"high\" decoding=\"async\" width=\"645\" height=\"360\" src=\"https:\/\/www.linkseride.com\/wp-content\/uploads\/2020\/10\/1-8.jpg\" class=\"attachment-full size-full\" alt=\"Scooter elettrico Commute\" srcset=\"https:\/\/www.linkseride.com\/wp-content\/uploads\/2020\/10\/1-8.jpg 645w, https:\/\/www.linkseride.com\/wp-content\/uploads\/2020\/10\/1-8-300x167.jpg 300w, https:\/\/www.linkseride.com\/wp-content\/uploads\/2020\/10\/1-8-600x335.jpg 600w\" sizes=\"(max-width: 645px) 100vw, 645px\" \/>\n\t\t\t<\/div><\/figure><figure class='gallery-item'>\n\t\t\t<div class='gallery-icon landscape'>\n\t\t\t\t<img decoding=\"async\" width=\"645\" height=\"360\" src=\"https:\/\/www.linkseride.com\/wp-content\/uploads\/2020\/10\/2-8.jpg\" class=\"attachment-full size-full\" alt=\"Scooter elettrico Commute\" srcset=\"https:\/\/www.linkseride.com\/wp-content\/uploads\/2020\/10\/2-8.jpg 645w, https:\/\/www.linkseride.com\/wp-content\/uploads\/2020\/10\/2-8-300x167.jpg 300w, https:\/\/www.linkseride.com\/wp-content\/uploads\/2020\/10\/2-8-600x335.jpg 600w\" sizes=\"(max-width: 645px) 100vw, 645px\" \/>\n\t\t\t<\/div><\/figure><figure class='gallery-item'>\n\t\t\t<div class='gallery-icon landscape'>\n\t\t\t\t<img decoding=\"async\" width=\"645\" height=\"360\" src=\"https:\/\/www.linkseride.com\/wp-content\/uploads\/2020\/10\/3-8.jpg\" class=\"attachment-full size-full\" alt=\"Scooter elettrico Commute\" srcset=\"https:\/\/www.linkseride.com\/wp-content\/uploads\/2020\/10\/3-8.jpg 645w, https:\/\/www.linkseride.com\/wp-content\/uploads\/2020\/10\/3-8-300x167.jpg 300w, https:\/\/www.linkseride.com\/wp-content\/uploads\/2020\/10\/3-8-600x335.jpg 600w\" sizes=\"(max-width: 645px) 100vw, 645px\" \/>\n\t\t\t<\/div><\/figure><figure class='gallery-item'>\n\t\t\t<div class='gallery-icon landscape'>\n\t\t\t\t<img loading=\"lazy\" decoding=\"async\" width=\"645\" height=\"360\" src=\"https:\/\/www.linkseride.com\/wp-content\/uploads\/2020\/10\/4-5.jpg\" class=\"attachment-full size-full\" alt=\"Scooter elettrico Commute\" srcset=\"https:\/\/www.linkseride.com\/wp-content\/uploads\/2020\/10\/4-5.jpg 645w, https:\/\/www.linkseride.com\/wp-content\/uploads\/2020\/10\/4-5-300x167.jpg 300w, https:\/\/www.linkseride.com\/wp-content\/uploads\/2020\/10\/4-5-600x335.jpg 600w\" sizes=\"(max-width: 645px) 100vw, 645px\" \/>\n\t\t\t<\/div><\/figure>\n\t\t<\/div>\n\n<h4>Caratteristiche dettagliate dello scooter elettrico Commute<\/h4>\n<h5><\/h5>\n<h5>Lampada frontale dal design intelligente con moderno display LCD<\/h5>\n<p>La testata dal design semplice \u00e8 dotata di luci LED qualificate con il marchio E. Abbinato al display LCD, consente di visualizzare chiaramente la velocit\u00e0 durante la guida.<\/p>\n<div id='gallery-2' class='gallery galleryid-1876 gallery-columns-3 gallery-size-full'><figure class='gallery-item'>\n\t\t\t<div class='gallery-icon landscape'>\n\t\t\t\t<img loading=\"lazy\" decoding=\"async\" width=\"645\" height=\"360\" src=\"https:\/\/www.linkseride.com\/wp-content\/uploads\/2020\/10\/1.-front-head.jpg\" class=\"attachment-full size-full\" alt=\"scooter elettrico pendolare\" srcset=\"https:\/\/www.linkseride.com\/wp-content\/uploads\/2020\/10\/1.-front-head.jpg 645w, https:\/\/www.linkseride.com\/wp-content\/uploads\/2020\/10\/1.-front-head-300x167.jpg 300w, https:\/\/www.linkseride.com\/wp-content\/uploads\/2020\/10\/1.-front-head-600x335.jpg 600w\" sizes=\"(max-width: 645px) 100vw, 645px\" \/>\n\t\t\t<\/div><\/figure><figure class='gallery-item'>\n\t\t\t<div class='gallery-icon landscape'>\n\t\t\t\t<img loading=\"lazy\" decoding=\"async\" width=\"645\" height=\"360\" src=\"https:\/\/www.linkseride.com\/wp-content\/uploads\/2020\/10\/1.-header.jpg\" class=\"attachment-full size-full\" alt=\"testata dello scooter elettrico commute\" srcset=\"https:\/\/www.linkseride.com\/wp-content\/uploads\/2020\/10\/1.-header.jpg 645w, https:\/\/www.linkseride.com\/wp-content\/uploads\/2020\/10\/1.-header-300x167.jpg 300w, https:\/\/www.linkseride.com\/wp-content\/uploads\/2020\/10\/1.-header-600x335.jpg 600w\" sizes=\"(max-width: 645px) 100vw, 645px\" \/>\n\t\t\t<\/div><\/figure><figure class='gallery-item'>\n\t\t\t<div class='gallery-icon landscape'>\n\t\t\t\t<img loading=\"lazy\" decoding=\"async\" width=\"645\" height=\"360\" src=\"https:\/\/www.linkseride.com\/wp-content\/uploads\/2020\/10\/1.-LCD-display-1.jpg\" class=\"attachment-full size-full\" alt=\"commutare il display LCD dello scooter elettrico\" srcset=\"https:\/\/www.linkseride.com\/wp-content\/uploads\/2020\/10\/1.-LCD-display-1.jpg 645w, https:\/\/www.linkseride.com\/wp-content\/uploads\/2020\/10\/1.-LCD-display-1-300x167.jpg 300w, https:\/\/www.linkseride.com\/wp-content\/uploads\/2020\/10\/1.-LCD-display-1-600x335.jpg 600w\" sizes=\"(max-width: 645px) 100vw, 645px\" \/>\n\t\t\t<\/div><\/figure>\n\t\t<\/div>\n\n<h5 class=\"h5--accent strong home--uppercase\">10\u2033 Pneumatici tubless in alluminio<\/h5>\n<div class=\"rte\">\n<p>Pneumatico anteriore e posteriore da 10 pollici, che rende questo scooter elettrico cummute pi\u00f9 frendly in peso e altezza del sedile per una ragazza. Motore tubeless al mozzo posteriore, copertura della forcella posteriore in alluminio per creare una sensazione di alta tecnologia.<\/p>\n<div id='gallery-3' class='gallery galleryid-1876 gallery-columns-2 gallery-size-full'><figure class='gallery-item'>\n\t\t\t<div class='gallery-icon landscape'>\n\t\t\t\t<img loading=\"lazy\" decoding=\"async\" width=\"645\" height=\"360\" src=\"https:\/\/www.linkseride.com\/wp-content\/uploads\/2020\/10\/2.-front-tire-2-1.jpg\" class=\"attachment-full size-full\" alt=\"scooter elettrico pendolare\" srcset=\"https:\/\/www.linkseride.com\/wp-content\/uploads\/2020\/10\/2.-front-tire-2-1.jpg 645w, https:\/\/www.linkseride.com\/wp-content\/uploads\/2020\/10\/2.-front-tire-2-1-300x167.jpg 300w, https:\/\/www.linkseride.com\/wp-content\/uploads\/2020\/10\/2.-front-tire-2-1-600x335.jpg 600w\" sizes=\"(max-width: 645px) 100vw, 645px\" \/>\n\t\t\t<\/div><\/figure><figure class='gallery-item'>\n\t\t\t<div class='gallery-icon landscape'>\n\t\t\t\t<img loading=\"lazy\" decoding=\"async\" width=\"645\" height=\"360\" src=\"https:\/\/www.linkseride.com\/wp-content\/uploads\/2020\/10\/2.-rear-tire-1.jpg\" class=\"attachment-full size-full\" alt=\"scooter elettrico pendolare\" srcset=\"https:\/\/www.linkseride.com\/wp-content\/uploads\/2020\/10\/2.-rear-tire-1.jpg 645w, https:\/\/www.linkseride.com\/wp-content\/uploads\/2020\/10\/2.-rear-tire-1-300x167.jpg 300w, https:\/\/www.linkseride.com\/wp-content\/uploads\/2020\/10\/2.-rear-tire-1-600x335.jpg 600w\" sizes=\"(max-width: 645px) 100vw, 645px\" \/>\n\t\t\t<\/div><\/figure>\n\t\t<\/div>\n\n<\/div>\n<h5 class=\"h5--accent strong home--uppercase\">Porta di ricarica per smartphone<\/h5>\n<div class=\"rte\">\n<p>Questo ciclomotore elettrico \u00e8 dotato di porta di ricarica USB sulla parte anteriore. I tasti e i fori delle chiavi sono contrassegnati da simboli di facile comprensione per il controllo.<\/p>\n<h5 class=\"h5--accent strong home--uppercase\">60v 20ah\/26Ah Batteria rimovibile agli ioni di litio<\/h5>\n<div class=\"rte\">\n<p>2 set di batterie agli ioni di litio rimovibili da 60v20Ah sono facili da trasportare e possono essere caricate completamente in 4-6 ore.<\/p>\n<h5 class=\"h5--accent strong home--uppercase\">Cavalletto laterale e centrale con spegnimento elettrico<\/h5>\n<div class=\"rte\">\n<p>Il cavalletto laterale che \u00e8 collegato al controllo di potenza e ha una funzione di spegnimento elettrico per ridurre eventuali incidenti causati da non spegnere il potere. Il supporto centrale \u00e8 abbastanza robusto e pu\u00f2 mantenere la stabilit\u00e0 dello scooter nel garage.<\/p>\n<\/div>\n<\/div>\n<div id='gallery-4' class='gallery galleryid-1876 gallery-columns-3 gallery-size-full'><figure class='gallery-item'>\n\t\t\t<div class='gallery-icon landscape'>\n\t\t\t\t<img loading=\"lazy\" decoding=\"async\" width=\"645\" height=\"360\" src=\"https:\/\/www.linkseride.com\/wp-content\/uploads\/2020\/10\/3.-keys-USB-port.jpg\" class=\"attachment-full size-full\" alt=\"scooter elettrico pendolare\" srcset=\"https:\/\/www.linkseride.com\/wp-content\/uploads\/2020\/10\/3.-keys-USB-port.jpg 645w, https:\/\/www.linkseride.com\/wp-content\/uploads\/2020\/10\/3.-keys-USB-port-300x167.jpg 300w, https:\/\/www.linkseride.com\/wp-content\/uploads\/2020\/10\/3.-keys-USB-port-600x335.jpg 600w\" sizes=\"(max-width: 645px) 100vw, 645px\" \/>\n\t\t\t<\/div><\/figure><figure class='gallery-item'>\n\t\t\t<div class='gallery-icon landscape'>\n\t\t\t\t<img loading=\"lazy\" decoding=\"async\" width=\"645\" height=\"360\" src=\"https:\/\/www.linkseride.com\/wp-content\/uploads\/2020\/10\/3.-battery-cage-and-battery.jpg\" class=\"attachment-full size-full\" alt=\"scooter elettrico pendolare\" srcset=\"https:\/\/www.linkseride.com\/wp-content\/uploads\/2020\/10\/3.-battery-cage-and-battery.jpg 645w, https:\/\/www.linkseride.com\/wp-content\/uploads\/2020\/10\/3.-battery-cage-and-battery-300x167.jpg 300w, https:\/\/www.linkseride.com\/wp-content\/uploads\/2020\/10\/3.-battery-cage-and-battery-600x335.jpg 600w\" sizes=\"(max-width: 645px) 100vw, 645px\" \/>\n\t\t\t<\/div><\/figure><figure class='gallery-item'>\n\t\t\t<div class='gallery-icon landscape'>\n\t\t\t\t<img loading=\"lazy\" decoding=\"async\" width=\"645\" height=\"360\" src=\"https:\/\/www.linkseride.com\/wp-content\/uploads\/2020\/10\/3.-center-support.jpg\" class=\"attachment-full size-full\" alt=\"scooter elettrico pendolare\" srcset=\"https:\/\/www.linkseride.com\/wp-content\/uploads\/2020\/10\/3.-center-support.jpg 645w, https:\/\/www.linkseride.com\/wp-content\/uploads\/2020\/10\/3.-center-support-300x167.jpg 300w, https:\/\/www.linkseride.com\/wp-content\/uploads\/2020\/10\/3.-center-support-600x335.jpg 600w\" sizes=\"(max-width: 645px) 100vw, 645px\" \/>\n\t\t\t<\/div><\/figure>\n\t\t<\/div>\n\n<p>&nbsp;<\/p>\n<\/div>\n<p>Inoltre, \u00e8 possibile vedere che abbiamo aggiornato questo modello con forcella anteriore e posteriore in alluminio con copertura posteriore che rende questo scooter elettrico pendolare sembra grazioso. L'altezza della sella \u00e8 perfettamente adatta a una ragazza. Se avete bisogno di uno scooter da pendolare, scegliete questo!<\/p>\n<p>Un ulteriore video introduttivo \u00e8 disponibile qui:\u00a0<a href=\"https:\/\/www.youtube.com\/channel\/UCw4wsO7M_kRsCHTxcFeqTAA\" target=\"_blank\" rel=\"noopener\">https:\/\/www.youtube.com\/channel\/UCw4wsO7M_kRsCHTxcFeqTAA<\/a><\/p>\n<div class=\"ast-oembed-container\" style=\"height: 100%;\"><iframe title=\"Scooter elettrico cinese Ciclomotore elettrico con 2000W e 45km\/h di velocit\u00e0\" width=\"500\" height=\"281\" src=\"https:\/\/www.youtube.com\/embed\/qLVUC7gtZ_U?feature=oembed\" frameborder=\"0\" allow=\"accelerometer; autoplay; clipboard-write; encrypted-media; gyroscope; picture-in-picture; web-share\" referrerpolicy=\"strict-origin-when-cross-origin\" allowfullscreen><\/iframe><\/div>\n<p>per altre opzioni di biciclette CEE, \u00e8 possibile <a href=\"https:\/\/www.linkseride.com\/it\/prodotto-produttore-di-veicoli-elettrici\/\" target=\"_blank\" rel=\"noopener\">clicca qui.<\/a><\/p>","protected":false},"excerpt":{"rendered":"<p>Certificati: Omologazione stradale con certificato CEE, COC e UN38.3<\/p>\n<p>Scooter elettrico leggero, 64 kg per gli spostamenti quotidiani<\/p>\n<p>Motore senza spazzole da 2000 W. La coppia istantanea fornisce la massima potenza in un batter d'occhio. 5 secondi da 0-45km\/h (28Mph).<\/p>\n<p>Capacit\u00e0 della batteria 60V, 26Ah. A piena carica, una singola batteria pu\u00f2 garantire un viaggio di 60 km (37 miglia).<\/p>\n<p>\u25cf moda morden cruscotto LCD \u00e8 eccezionale per la vista<\/p>\n<p>Opzione colore personalizzato: giallo, rosso, nero, grigio<\/p>\n<p>&nbsp;<\/p>","protected":false},"featured_media":1878,"template":"","meta":{"site-sidebar-layout":"default","site-content-layout":"default","ast-site-content-layout":"default","site-content-style":"default","site-sidebar-style":"default","ast-global-header-display":"","ast-banner-title-visibility":"","ast-main-header-display":"","ast-hfb-above-header-display":"","ast-hfb-below-header-display":"","ast-hfb-mobile-header-display":"","site-post-title":"","ast-breadcrumbs-content":"","ast-featured-img":"","footer-sml-layout":"","ast-disable-related-posts":"","theme-transparent-header-meta":"default","adv-header-id-meta":"","stick-header-meta":"","header-above-stick-meta":"","header-main-stick-meta":"","header-below-stick-meta":"","astra-migrate-meta-layouts":"default","ast-page-background-enabled":"default","ast-page-background-meta":{"desktop":{"background-color":"","background-image":"","background-repeat":"repeat","background-position":"center center","background-size":"auto","background-attachment":"scroll","background-type":"","background-media":"","overlay-type":"","overlay-color":"","overlay-opacity":"","overlay-gradient":""},"tablet":{"background-color":"","background-image":"","background-repeat":"repeat","background-position":"center center","background-size":"auto","background-attachment":"scroll","background-type":"","background-media":"","overlay-type":"","overlay-color":"","overlay-opacity":"","overlay-gradient":""},"mobile":{"background-color":"","background-image":"","background-repeat":"repeat","background-position":"center center","background-size":"auto","background-attachment":"scroll","background-type":"","background-media":"","overlay-type":"","overlay-color":"","overlay-opacity":"","overlay-gradient":""}},"ast-content-background-meta":{"desktop":{"background-color":"var(--ast-global-color-5)","background-image":"","background-repeat":"repeat","background-position":"center center","background-size":"auto","background-attachment":"scroll","background-type":"","background-media":"","overlay-type":"","overlay-color":"","overlay-opacity":"","overlay-gradient":""},"tablet":{"background-color":"var(--ast-global-color-5)","background-image":"","background-repeat":"repeat","background-position":"center center","background-size":"auto","background-attachment":"scroll","background-type":"","background-media":"","overlay-type":"","overlay-color":"","overlay-opacity":"","overlay-gradient":""},"mobile":{"background-color":"var(--ast-global-color-5)","background-image":"","background-repeat":"repeat","background-position":"center center","background-size":"auto","background-attachment":"scroll","background-type":"","background-media":"","overlay-type":"","overlay-color":"","overlay-opacity":"","overlay-gradient":""}}},"product_brand":[],"product_cat":[26],"product_tag":[],"class_list":{"0":"post-1876","1":"product","2":"type-product","3":"status-publish","4":"has-post-thumbnail","6":"product_cat-electric-moped","7":"desktop-align-left","8":"tablet-align-left","9":"mobile-align-left","11":"first","12":"instock","13":"shipping-taxable","14":"purchasable","15":"product-type-simple"},"_links":{"self":[{"href":"https:\/\/www.linkseride.com\/it\/wp-json\/wp\/v2\/product\/1876","targetHints":{"allow":["GET"]}}],"collection":[{"href":"https:\/\/www.linkseride.com\/it\/wp-json\/wp\/v2\/product"}],"about":[{"href":"https:\/\/www.linkseride.com\/it\/wp-json\/wp\/v2\/types\/product"}],"wp:featuredmedia":[{"embeddable":true,"href":"https:\/\/www.linkseride.com\/it\/wp-json\/wp\/v2\/media\/1878"}],"wp:attachment":[{"href":"https:\/\/www.linkseride.com\/it\/wp-json\/wp\/v2\/media?parent=1876"}],"wp:term":[{"taxonomy":"product_brand","embeddable":true,"href":"https:\/\/www.linkseride.com\/it\/wp-json\/wp\/v2\/product_brand?post=1876"},{"taxonomy":"product_cat","embeddable":true,"href":"https:\/\/www.linkseride.com\/it\/wp-json\/wp\/v2\/product_cat?post=1876"},{"taxonomy":"product_tag","embeddable":true,"href":"https:\/\/www.linkseride.com\/it\/wp-json\/wp\/v2\/product_tag?post=1876"}],"curies":[{"name":"wp","href":"https:\/\/api.w.org\/{rel}","templated":true}]}}