{"id":1904,"date":"2020-10-25T07:08:03","date_gmt":"2020-10-25T07:08:03","guid":{"rendered":"http:\/\/linkseride.com\/?post_type=product&#038;p=1904"},"modified":"2021-03-11T08:05:57","modified_gmt":"2021-03-11T08:05:57","slug":"lem-07-scooter-elettrico-per-la-consegna-della-pizza","status":"publish","type":"product","link":"https:\/\/www.linkseride.com\/it\/product\/lem-07-electric-pizza-delivery-scooter\/","title":{"rendered":"LEM-07 3000W Ciclomotore elettrico per consegne Scooter elettrico per consegna pizza"},"content":{"rendered":"<p>Sempre al vostro servizio: Questo \u00e8 il nostro scooter elettrico per la consegna delle pizze. Il motivo per cui tante persone scelgono questo modello? Per la sua capacit\u00e0 di soddisfare le esigenze dei pi\u00f9 severi professionisti delle consegne! Completato con scatole di trasporto di grande spazio. Dotato di motori da 3000w, \u00e8 praticamente tutto ci\u00f2 che serve per arrivare a destinazione velocemente e senza traffico. Le batterie agli ioni di litio sono di varie dimensioni e possono garantire una velocit\u00e0 massima di 45 km\/h e un'autonomia massima di 200 km. Inoltre, la batteria rimovibile \u00e8 facile da ricaricare quando si torna a casa. Inoltre, abbiamo anche opzioni per 2 pneumatici posteriori per migliorare le prestazioni di stabilit\u00e0.<\/p>\n<div id='gallery-1' class='gallery galleryid-1904 gallery-columns-4 gallery-size-medium'><figure class='gallery-item'>\n\t\t\t<div class='gallery-icon landscape'>\n\t\t\t\t<a href='https:\/\/www.linkseride.com\/it\/?attachment_id=1911'><img fetchpriority=\"high\" decoding=\"async\" width=\"300\" height=\"300\" src=\"https:\/\/www.linkseride.com\/wp-content\/uploads\/2020\/10\/pizza-delivery-electric-scooter-7-300x300.jpg\" class=\"attachment-medium size-medium\" alt=\"\" srcset=\"https:\/\/www.linkseride.com\/wp-content\/uploads\/2020\/10\/pizza-delivery-electric-scooter-7-300x300.jpg 300w, https:\/\/www.linkseride.com\/wp-content\/uploads\/2020\/10\/pizza-delivery-electric-scooter-7-1024x1024.jpg 1024w, https:\/\/www.linkseride.com\/wp-content\/uploads\/2020\/10\/pizza-delivery-electric-scooter-7-150x150.jpg 150w, https:\/\/www.linkseride.com\/wp-content\/uploads\/2020\/10\/pizza-delivery-electric-scooter-7-768x768.jpg 768w, https:\/\/www.linkseride.com\/wp-content\/uploads\/2020\/10\/pizza-delivery-electric-scooter-7-600x600.jpg 600w, https:\/\/www.linkseride.com\/wp-content\/uploads\/2020\/10\/pizza-delivery-electric-scooter-7-100x100.jpg 100w, https:\/\/www.linkseride.com\/wp-content\/uploads\/2020\/10\/pizza-delivery-electric-scooter-7.jpg 1040w\" sizes=\"(max-width: 300px) 100vw, 300px\" \/><\/a>\n\t\t\t<\/div><\/figure><figure class='gallery-item'>\n\t\t\t<div class='gallery-icon landscape'>\n\t\t\t\t<a href='https:\/\/www.linkseride.com\/it\/?attachment_id=1910'><img decoding=\"async\" width=\"300\" height=\"300\" src=\"https:\/\/www.linkseride.com\/wp-content\/uploads\/2020\/10\/pizza-delivery-electric-scooter-6-300x300.jpg\" class=\"attachment-medium size-medium\" alt=\"\" srcset=\"https:\/\/www.linkseride.com\/wp-content\/uploads\/2020\/10\/pizza-delivery-electric-scooter-6-300x300.jpg 300w, https:\/\/www.linkseride.com\/wp-content\/uploads\/2020\/10\/pizza-delivery-electric-scooter-6-1024x1024.jpg 1024w, https:\/\/www.linkseride.com\/wp-content\/uploads\/2020\/10\/pizza-delivery-electric-scooter-6-150x150.jpg 150w, https:\/\/www.linkseride.com\/wp-content\/uploads\/2020\/10\/pizza-delivery-electric-scooter-6-768x768.jpg 768w, https:\/\/www.linkseride.com\/wp-content\/uploads\/2020\/10\/pizza-delivery-electric-scooter-6-600x600.jpg 600w, https:\/\/www.linkseride.com\/wp-content\/uploads\/2020\/10\/pizza-delivery-electric-scooter-6-100x100.jpg 100w, https:\/\/www.linkseride.com\/wp-content\/uploads\/2020\/10\/pizza-delivery-electric-scooter-6.jpg 1040w\" sizes=\"(max-width: 300px) 100vw, 300px\" \/><\/a>\n\t\t\t<\/div><\/figure><figure class='gallery-item'>\n\t\t\t<div class='gallery-icon landscape'>\n\t\t\t\t<a href='https:\/\/www.linkseride.com\/it\/?attachment_id=1909'><img decoding=\"async\" width=\"300\" height=\"300\" src=\"https:\/\/www.linkseride.com\/wp-content\/uploads\/2020\/10\/pizza-delivery-electric-scooter-5-300x300.jpg\" class=\"attachment-medium size-medium\" alt=\"\" srcset=\"https:\/\/www.linkseride.com\/wp-content\/uploads\/2020\/10\/pizza-delivery-electric-scooter-5-300x300.jpg 300w, https:\/\/www.linkseride.com\/wp-content\/uploads\/2020\/10\/pizza-delivery-electric-scooter-5-1024x1024.jpg 1024w, https:\/\/www.linkseride.com\/wp-content\/uploads\/2020\/10\/pizza-delivery-electric-scooter-5-150x150.jpg 150w, https:\/\/www.linkseride.com\/wp-content\/uploads\/2020\/10\/pizza-delivery-electric-scooter-5-768x768.jpg 768w, https:\/\/www.linkseride.com\/wp-content\/uploads\/2020\/10\/pizza-delivery-electric-scooter-5-600x600.jpg 600w, https:\/\/www.linkseride.com\/wp-content\/uploads\/2020\/10\/pizza-delivery-electric-scooter-5-100x100.jpg 100w, https:\/\/www.linkseride.com\/wp-content\/uploads\/2020\/10\/pizza-delivery-electric-scooter-5.jpg 1040w\" sizes=\"(max-width: 300px) 100vw, 300px\" \/><\/a>\n\t\t\t<\/div><\/figure><figure class='gallery-item'>\n\t\t\t<div class='gallery-icon landscape'>\n\t\t\t\t<a href='https:\/\/www.linkseride.com\/it\/?attachment_id=1908'><img loading=\"lazy\" decoding=\"async\" width=\"300\" height=\"300\" src=\"https:\/\/www.linkseride.com\/wp-content\/uploads\/2020\/10\/pizza-delivery-electric-scooter-4-300x300.jpg\" class=\"attachment-medium size-medium\" alt=\"\" srcset=\"https:\/\/www.linkseride.com\/wp-content\/uploads\/2020\/10\/pizza-delivery-electric-scooter-4-300x300.jpg 300w, https:\/\/www.linkseride.com\/wp-content\/uploads\/2020\/10\/pizza-delivery-electric-scooter-4-1024x1024.jpg 1024w, https:\/\/www.linkseride.com\/wp-content\/uploads\/2020\/10\/pizza-delivery-electric-scooter-4-150x150.jpg 150w, https:\/\/www.linkseride.com\/wp-content\/uploads\/2020\/10\/pizza-delivery-electric-scooter-4-768x768.jpg 768w, https:\/\/www.linkseride.com\/wp-content\/uploads\/2020\/10\/pizza-delivery-electric-scooter-4-600x600.jpg 600w, https:\/\/www.linkseride.com\/wp-content\/uploads\/2020\/10\/pizza-delivery-electric-scooter-4-100x100.jpg 100w, https:\/\/www.linkseride.com\/wp-content\/uploads\/2020\/10\/pizza-delivery-electric-scooter-4.jpg 1040w\" sizes=\"(max-width: 300px) 100vw, 300px\" \/><\/a>\n\t\t\t<\/div><\/figure>\n\t\t<\/div>\n\n<p>Apriamo lo stampo nuovo di zecca per questo scooter elettrico per la consegna della pizza per assicurarci che sia correttamente progettato e di uso durevole. I certificati CEE e COC saranno forniti se siete interessati ad importare questo modello!<\/p>\n<p>se cercate altri modelli di scooter elettrici, potete trovare <a href=\"https:\/\/www.linkseride.com\/it\/product-electric-vehicle\/\" target=\"_blank\" rel=\"noopener\">qui<\/a>.<\/p>\n<p>&nbsp;<\/p>","protected":false},"excerpt":{"rendered":"<p>Certificati: Omologazione stradale con certificato CEE, COC<\/p>\n<p>Appositamente progettato per la consegna di cibo. persone che hanno bisogno di un grande spazio di archiviazione, come lo scooter elettrico per la consegna della pizza.<\/p>\n<p>Il potente motore brushless da 3000W fornisce una potenza sufficiente a garantire la capacit\u00e0 di salita e le prestazioni di accelerazione.<\/p>\n<p>\u25cf 60V 26Ah\/35Ah\/50Ah\/80Ah pi\u00f9 opzioni di batterie per garantire le capacit\u00e0 di autonomia<\/p>\n<p>Il design del pavimento anteriore piatto consente di riposare durante il lavoro di consegna.<\/p>\n<p>Sono disponibili 2 pneumatici posteriori personalizzati se si desidera una stabilit\u00e0 duratura.<\/p>","protected":false},"featured_media":1905,"template":"","meta":{"site-sidebar-layout":"default","site-content-layout":"default","ast-site-content-layout":"default","site-content-style":"default","site-sidebar-style":"default","ast-global-header-display":"","ast-banner-title-visibility":"","ast-main-header-display":"","ast-hfb-above-header-display":"","ast-hfb-below-header-display":"","ast-hfb-mobile-header-display":"","site-post-title":"","ast-breadcrumbs-content":"","ast-featured-img":"","footer-sml-layout":"","ast-disable-related-posts":"","theme-transparent-header-meta":"default","adv-header-id-meta":"","stick-header-meta":"","header-above-stick-meta":"","header-main-stick-meta":"","header-below-stick-meta":"","astra-migrate-meta-layouts":"default","ast-page-background-enabled":"default","ast-page-background-meta":{"desktop":{"background-color":"","background-image":"","background-repeat":"repeat","background-position":"center center","background-size":"auto","background-attachment":"scroll","background-type":"","background-media":"","overlay-type":"","overlay-color":"","overlay-opacity":"","overlay-gradient":""},"tablet":{"background-color":"","background-image":"","background-repeat":"repeat","background-position":"center center","background-size":"auto","background-attachment":"scroll","background-type":"","background-media":"","overlay-type":"","overlay-color":"","overlay-opacity":"","overlay-gradient":""},"mobile":{"background-color":"","background-image":"","background-repeat":"repeat","background-position":"center center","background-size":"auto","background-attachment":"scroll","background-type":"","background-media":"","overlay-type":"","overlay-color":"","overlay-opacity":"","overlay-gradient":""}},"ast-content-background-meta":{"desktop":{"background-color":"var(--ast-global-color-5)","background-image":"","background-repeat":"repeat","background-position":"center center","background-size":"auto","background-attachment":"scroll","background-type":"","background-media":"","overlay-type":"","overlay-color":"","overlay-opacity":"","overlay-gradient":""},"tablet":{"background-color":"var(--ast-global-color-5)","background-image":"","background-repeat":"repeat","background-position":"center center","background-size":"auto","background-attachment":"scroll","background-type":"","background-media":"","overlay-type":"","overlay-color":"","overlay-opacity":"","overlay-gradient":""},"mobile":{"background-color":"var(--ast-global-color-5)","background-image":"","background-repeat":"repeat","background-position":"center center","background-size":"auto","background-attachment":"scroll","background-type":"","background-media":"","overlay-type":"","overlay-color":"","overlay-opacity":"","overlay-gradient":""}}},"product_brand":[],"product_cat":[26],"product_tag":[],"class_list":{"0":"post-1904","1":"product","2":"type-product","3":"status-publish","4":"has-post-thumbnail","6":"product_cat-electric-moped","7":"desktop-align-left","8":"tablet-align-left","9":"mobile-align-left","11":"first","12":"instock","13":"shipping-taxable","14":"purchasable","15":"product-type-simple"},"_links":{"self":[{"href":"https:\/\/www.linkseride.com\/it\/wp-json\/wp\/v2\/product\/1904","targetHints":{"allow":["GET"]}}],"collection":[{"href":"https:\/\/www.linkseride.com\/it\/wp-json\/wp\/v2\/product"}],"about":[{"href":"https:\/\/www.linkseride.com\/it\/wp-json\/wp\/v2\/types\/product"}],"wp:featuredmedia":[{"embeddable":true,"href":"https:\/\/www.linkseride.com\/it\/wp-json\/wp\/v2\/media\/1905"}],"wp:attachment":[{"href":"https:\/\/www.linkseride.com\/it\/wp-json\/wp\/v2\/media?parent=1904"}],"wp:term":[{"taxonomy":"product_brand","embeddable":true,"href":"https:\/\/www.linkseride.com\/it\/wp-json\/wp\/v2\/product_brand?post=1904"},{"taxonomy":"product_cat","embeddable":true,"href":"https:\/\/www.linkseride.com\/it\/wp-json\/wp\/v2\/product_cat?post=1904"},{"taxonomy":"product_tag","embeddable":true,"href":"https:\/\/www.linkseride.com\/it\/wp-json\/wp\/v2\/product_tag?post=1904"}],"curies":[{"name":"wp","href":"https:\/\/api.w.org\/{rel}","templated":true}]}}