{"id":1951,"date":"2020-10-25T11:50:36","date_gmt":"2020-10-25T11:50:36","guid":{"rendered":"http:\/\/linkseride.com\/?post_type=product&#038;p=1951"},"modified":"2022-12-16T03:41:31","modified_gmt":"2022-12-16T03:41:31","slug":"lec-02-2000w-scooter-elettrico-harley","status":"publish","type":"product","link":"https:\/\/www.linkseride.com\/it\/product\/lec-02-2000w-electric-harley-scooter\/","title":{"rendered":"LEC-M1 2000W Retro Scooter elettrico a due ruote Harley Citycoco"},"content":{"rendered":"<p>Il monopattino elettrico a due ruote Citycoco \u00e8 il compagno perfetto per la citt\u00e0 o la spiaggia, con una velocit\u00e0 massima di 45 km\/h (28 miglia\/h) e un'autonomia di 60 km (37 miglia). Le caratteristiche includono sistema audio Bluetooth, con radio, telaio verniciato a polvere per una lunga durata, accensione senza chiave, allarme con blocco ruota di immobilizzazione, batteria a sgancio rapido per la ricarica ovunque. Scegliete il motore Harley per esplorare nuove strade senza il rumore.<\/p>\n<h2>Scoprite alcune caratteristiche dettagliate del nostro scooter elettrico Harley M1.<\/h2>\n<div id='gallery-1' class='gallery galleryid-1951 gallery-columns-3 gallery-size-full'><figure class='gallery-item'>\n\t\t\t<div class='gallery-icon landscape'>\n\t\t\t\t<img fetchpriority=\"high\" decoding=\"async\" width=\"1024\" height=\"768\" src=\"https:\/\/www.linkseride.com\/wp-content\/uploads\/2020\/10\/1-3.jpg\" class=\"attachment-full size-full\" alt=\"\" srcset=\"https:\/\/www.linkseride.com\/wp-content\/uploads\/2020\/10\/1-3.jpg 1024w, https:\/\/www.linkseride.com\/wp-content\/uploads\/2020\/10\/1-3-300x225.jpg 300w, https:\/\/www.linkseride.com\/wp-content\/uploads\/2020\/10\/1-3-768x576.jpg 768w, https:\/\/www.linkseride.com\/wp-content\/uploads\/2020\/10\/1-3-600x450.jpg 600w\" sizes=\"(max-width: 1024px) 100vw, 1024px\" \/>\n\t\t\t<\/div><\/figure><figure class='gallery-item'>\n\t\t\t<div class='gallery-icon landscape'>\n\t\t\t\t<img decoding=\"async\" width=\"853\" height=\"640\" src=\"https:\/\/www.linkseride.com\/wp-content\/uploads\/2020\/10\/2-2.jpg\" class=\"attachment-full size-full\" alt=\"\" srcset=\"https:\/\/www.linkseride.com\/wp-content\/uploads\/2020\/10\/2-2.jpg 853w, https:\/\/www.linkseride.com\/wp-content\/uploads\/2020\/10\/2-2-300x225.jpg 300w, https:\/\/www.linkseride.com\/wp-content\/uploads\/2020\/10\/2-2-768x576.jpg 768w, https:\/\/www.linkseride.com\/wp-content\/uploads\/2020\/10\/2-2-600x450.jpg 600w\" sizes=\"(max-width: 853px) 100vw, 853px\" \/>\n\t\t\t<\/div><\/figure><figure class='gallery-item'>\n\t\t\t<div class='gallery-icon landscape'>\n\t\t\t\t<img decoding=\"async\" width=\"1024\" height=\"768\" src=\"https:\/\/www.linkseride.com\/wp-content\/uploads\/2020\/10\/3-3.jpg\" class=\"attachment-full size-full\" alt=\"\" srcset=\"https:\/\/www.linkseride.com\/wp-content\/uploads\/2020\/10\/3-3.jpg 1024w, https:\/\/www.linkseride.com\/wp-content\/uploads\/2020\/10\/3-3-300x225.jpg 300w, https:\/\/www.linkseride.com\/wp-content\/uploads\/2020\/10\/3-3-768x576.jpg 768w, https:\/\/www.linkseride.com\/wp-content\/uploads\/2020\/10\/3-3-600x450.jpg 600w\" sizes=\"(max-width: 1024px) 100vw, 1024px\" \/>\n\t\t\t<\/div><\/figure>\n\t\t<\/div>\n\n<p>Larghezza del manubrio: 78 cm<br \/>\nAltezza: 109 cm<br \/>\nLunghezza: 203 cm<br \/>\nPotenza del motore: motore brushless con mozzo da 2000W\/3000W<br \/>\n<strong>Capacit\u00e0 della batteria: batteria agli ioni di litio da 60V 12Ah\/20Ah\/30Ah<\/strong><br \/>\nCapacit\u00e0 di carico: &gt;180kgs\/396Ibs<br \/>\nTempo di ricarica: 6-8 ore<br \/>\n<strong>Velocit\u00e0 massima: 50km\/h per 2000W<\/strong><br \/>\n<strong>Autonomia per carica: 35km-12Ah \/ 55KM-20Ah<\/strong><br \/>\nFreno: Freno a disco anteriore e posteriore<br \/>\nAltezza del sedile: 58 cm<br \/>\nCapacit\u00e0 di arrampicata: &gt;18 gradi<br \/>\nColore disponibile: Blu, rosso, rosa, giallo, verde, nero, ecc.<br \/>\n<strong>Pacchetto: Imballaggio in cartone<\/strong><br \/>\nPeso netto: 80 kg<br \/>\nPeso lordo: 92 kg<br \/>\nDimensioni del cartone: 192\u00d737,5x77cm\/1pc<br \/>\nContenitore: 42pcs\/20GP, 87pcs\/40GP,102pcs\/40\u2019HQ<\/p>\n<h2>Sono disponibili valigie e borse per lo scooter elettrico Harley.<\/h2>\n<div id='gallery-2' class='gallery galleryid-1951 gallery-columns-2 gallery-size-full'><figure class='gallery-item'>\n\t\t\t<div class='gallery-icon landscape'>\n\t\t\t\t<img loading=\"lazy\" decoding=\"async\" width=\"1024\" height=\"768\" src=\"https:\/\/www.linkseride.com\/wp-content\/uploads\/2020\/10\/4-1.jpg\" class=\"attachment-full size-full\" alt=\"Scooter elettrico Harley\" srcset=\"https:\/\/www.linkseride.com\/wp-content\/uploads\/2020\/10\/4-1.jpg 1024w, https:\/\/www.linkseride.com\/wp-content\/uploads\/2020\/10\/4-1-300x225.jpg 300w, https:\/\/www.linkseride.com\/wp-content\/uploads\/2020\/10\/4-1-768x576.jpg 768w, https:\/\/www.linkseride.com\/wp-content\/uploads\/2020\/10\/4-1-600x450.jpg 600w\" sizes=\"(max-width: 1024px) 100vw, 1024px\" \/>\n\t\t\t<\/div><\/figure><figure class='gallery-item'>\n\t\t\t<div class='gallery-icon landscape'>\n\t\t\t\t<img loading=\"lazy\" decoding=\"async\" width=\"1024\" height=\"683\" src=\"https:\/\/www.linkseride.com\/wp-content\/uploads\/2020\/10\/5678.jpg\" class=\"attachment-full size-full\" alt=\"Scooter elettrico Harley\" srcset=\"https:\/\/www.linkseride.com\/wp-content\/uploads\/2020\/10\/5678.jpg 1024w, https:\/\/www.linkseride.com\/wp-content\/uploads\/2020\/10\/5678-300x200.jpg 300w, https:\/\/www.linkseride.com\/wp-content\/uploads\/2020\/10\/5678-768x512.jpg 768w, https:\/\/www.linkseride.com\/wp-content\/uploads\/2020\/10\/5678-600x400.jpg 600w\" sizes=\"(max-width: 1024px) 100vw, 1024px\" \/>\n\t\t\t<\/div><\/figure>\n\t\t<\/div>\n\n<div id='gallery-3' class='gallery galleryid-1951 gallery-columns-2 gallery-size-full'><figure class='gallery-item'>\n\t\t\t<div class='gallery-icon landscape'>\n\t\t\t\t<img loading=\"lazy\" decoding=\"async\" width=\"1024\" height=\"768\" src=\"https:\/\/www.linkseride.com\/wp-content\/uploads\/2020\/10\/6-2.jpg\" class=\"attachment-full size-full\" alt=\"Scooter elettrico Harley\" srcset=\"https:\/\/www.linkseride.com\/wp-content\/uploads\/2020\/10\/6-2.jpg 1024w, https:\/\/www.linkseride.com\/wp-content\/uploads\/2020\/10\/6-2-300x225.jpg 300w, https:\/\/www.linkseride.com\/wp-content\/uploads\/2020\/10\/6-2-768x576.jpg 768w, https:\/\/www.linkseride.com\/wp-content\/uploads\/2020\/10\/6-2-600x450.jpg 600w\" sizes=\"(max-width: 1024px) 100vw, 1024px\" \/>\n\t\t\t<\/div><\/figure><figure class='gallery-item'>\n\t\t\t<div class='gallery-icon landscape'>\n\t\t\t\t<img loading=\"lazy\" decoding=\"async\" width=\"1024\" height=\"768\" src=\"https:\/\/www.linkseride.com\/wp-content\/uploads\/2020\/10\/5-1.jpg\" class=\"attachment-full size-full\" alt=\"Citycoco Scooter elettrico all&#039;ingrosso\" srcset=\"https:\/\/www.linkseride.com\/wp-content\/uploads\/2020\/10\/5-1.jpg 1024w, https:\/\/www.linkseride.com\/wp-content\/uploads\/2020\/10\/5-1-300x225.jpg 300w, https:\/\/www.linkseride.com\/wp-content\/uploads\/2020\/10\/5-1-768x576.jpg 768w, https:\/\/www.linkseride.com\/wp-content\/uploads\/2020\/10\/5-1-600x450.jpg 600w\" sizes=\"(max-width: 1024px) 100vw, 1024px\" \/>\n\t\t\t<\/div><\/figure>\n\t\t<\/div>\n\n<h2>Qual \u00e8 la differenza maggiore tra M1 e <a href=\"https:\/\/www.linkseride.com\/it\/product\/scooter-elettrico-citycoco-m1p-fat-tire\/\" target=\"_blank\" rel=\"noopener\">M1P<\/a> scooter elettrico harley?<\/h2>\n<h5>prima di tutto, la sospensione posteriore.<\/h5>\n<p><img loading=\"lazy\" decoding=\"async\" class=\"aligncenter wp-image-3665 size-full\" src=\"http:\/\/linkseride.com\/wp-content\/uploads\/2020\/10\/QQ20210620-141834.png\" alt=\"\" width=\"707\" height=\"360\" srcset=\"https:\/\/www.linkseride.com\/wp-content\/uploads\/2020\/10\/QQ20210620-141834.png 707w, https:\/\/www.linkseride.com\/wp-content\/uploads\/2020\/10\/QQ20210620-141834-300x153.png 300w, https:\/\/www.linkseride.com\/wp-content\/uploads\/2020\/10\/QQ20210620-141834-600x306.png 600w\" sizes=\"(max-width: 707px) 100vw, 707px\" \/><\/p>\n<h5>secondo, le luci.<\/h5>\n<p><img loading=\"lazy\" decoding=\"async\" class=\"aligncenter wp-image-3666 size-full\" src=\"http:\/\/linkseride.com\/wp-content\/uploads\/2020\/10\/QQ20210620-141911.png\" alt=\"\" width=\"706\" height=\"325\" srcset=\"https:\/\/www.linkseride.com\/wp-content\/uploads\/2020\/10\/QQ20210620-141911.png 706w, https:\/\/www.linkseride.com\/wp-content\/uploads\/2020\/10\/QQ20210620-141911-300x138.png 300w, https:\/\/www.linkseride.com\/wp-content\/uploads\/2020\/10\/QQ20210620-141911-600x276.png 600w\" sizes=\"(max-width: 706px) 100vw, 706px\" \/><\/p>\n<p>Abbiamo anche un altro nuovo modello a forma di harley, se avete bisogno di maggiori informazioni, potete<a href=\"https:\/\/www.linkseride.com\/it\/produttore-di-motocicli-elettrici\/\" target=\"_blank\" rel=\"noopener\"> trovate qui.<\/a><\/p>\n<p><a href=\"https:\/\/www.youtube.com\/channel\/UCw4wsO7M_kRsCHTxcFeqTAA\" target=\"_blank\" rel=\"noopener\">canale youtube<\/a> per la presentazione del nostro prodotto:<\/p>\n<div class=\"ast-oembed-container\" style=\"height: 100%;\"><iframe title=\"Tutto quello che c&#039;\u00e8 da sapere prima di acquistare lo scooter elettrico M1P\" width=\"500\" height=\"281\" src=\"https:\/\/www.youtube.com\/embed\/KE1jDJdzs4Q?feature=oembed\" frameborder=\"0\" allow=\"accelerometer; autoplay; clipboard-write; encrypted-media; gyroscope; picture-in-picture; web-share\" referrerpolicy=\"strict-origin-when-cross-origin\" allowfullscreen><\/iframe><\/div>\n<p>&nbsp;<\/p>\n<p>Scoprite qui le nostre linee di produzione.<\/p>\n<div id='gallery-4' class='gallery galleryid-1951 gallery-columns-4 gallery-size-full'><figure class='gallery-item'>\n\t\t\t<div class='gallery-icon landscape'>\n\t\t\t\t<img loading=\"lazy\" decoding=\"async\" width=\"1024\" height=\"683\" src=\"https:\/\/www.linkseride.com\/wp-content\/uploads\/2020\/10\/factory-4.jpg\" class=\"attachment-full size-full\" alt=\"Fabbrica di scooter elettrici Harley\" srcset=\"https:\/\/www.linkseride.com\/wp-content\/uploads\/2020\/10\/factory-4.jpg 1024w, https:\/\/www.linkseride.com\/wp-content\/uploads\/2020\/10\/factory-4-300x200.jpg 300w, https:\/\/www.linkseride.com\/wp-content\/uploads\/2020\/10\/factory-4-768x512.jpg 768w, https:\/\/www.linkseride.com\/wp-content\/uploads\/2020\/10\/factory-4-600x400.jpg 600w\" sizes=\"(max-width: 1024px) 100vw, 1024px\" \/>\n\t\t\t<\/div><\/figure><figure class='gallery-item'>\n\t\t\t<div class='gallery-icon landscape'>\n\t\t\t\t<img loading=\"lazy\" decoding=\"async\" width=\"1024\" height=\"683\" src=\"https:\/\/www.linkseride.com\/wp-content\/uploads\/2020\/10\/factory-3.jpg\" class=\"attachment-full size-full\" alt=\"Fabbrica di scooter elettrici Harley Fabbrica di scooter in Cina\" srcset=\"https:\/\/www.linkseride.com\/wp-content\/uploads\/2020\/10\/factory-3.jpg 1024w, https:\/\/www.linkseride.com\/wp-content\/uploads\/2020\/10\/factory-3-300x200.jpg 300w, https:\/\/www.linkseride.com\/wp-content\/uploads\/2020\/10\/factory-3-768x512.jpg 768w, https:\/\/www.linkseride.com\/wp-content\/uploads\/2020\/10\/factory-3-600x400.jpg 600w\" sizes=\"(max-width: 1024px) 100vw, 1024px\" \/>\n\t\t\t<\/div><\/figure><figure class='gallery-item'>\n\t\t\t<div class='gallery-icon landscape'>\n\t\t\t\t<img loading=\"lazy\" decoding=\"async\" width=\"1024\" height=\"683\" src=\"https:\/\/www.linkseride.com\/wp-content\/uploads\/2020\/10\/factory-2.jpg\" class=\"attachment-full size-full\" alt=\"Fabbrica di scooter elettrici Harley\" srcset=\"https:\/\/www.linkseride.com\/wp-content\/uploads\/2020\/10\/factory-2.jpg 1024w, https:\/\/www.linkseride.com\/wp-content\/uploads\/2020\/10\/factory-2-300x200.jpg 300w, https:\/\/www.linkseride.com\/wp-content\/uploads\/2020\/10\/factory-2-768x512.jpg 768w, https:\/\/www.linkseride.com\/wp-content\/uploads\/2020\/10\/factory-2-600x400.jpg 600w\" sizes=\"(max-width: 1024px) 100vw, 1024px\" \/>\n\t\t\t<\/div><\/figure><figure class='gallery-item'>\n\t\t\t<div class='gallery-icon landscape'>\n\t\t\t\t<img loading=\"lazy\" decoding=\"async\" width=\"1024\" height=\"683\" src=\"https:\/\/www.linkseride.com\/wp-content\/uploads\/2020\/10\/factory-1.jpg\" class=\"attachment-full size-full\" alt=\"Fabbrica di scooter elettrici Harley Scooter Cina fabbrica scooter elettrico all&#039;ingrosso\" srcset=\"https:\/\/www.linkseride.com\/wp-content\/uploads\/2020\/10\/factory-1.jpg 1024w, https:\/\/www.linkseride.com\/wp-content\/uploads\/2020\/10\/factory-1-300x200.jpg 300w, https:\/\/www.linkseride.com\/wp-content\/uploads\/2020\/10\/factory-1-768x512.jpg 768w, https:\/\/www.linkseride.com\/wp-content\/uploads\/2020\/10\/factory-1-600x400.jpg 600w\" sizes=\"(max-width: 1024px) 100vw, 1024px\" \/>\n\t\t\t<\/div><\/figure>\n\t\t<\/div>\n\n<p>&nbsp;<\/p>\n<p>imballaggio e carico:<\/p>\n<div id='gallery-5' class='gallery galleryid-1951 gallery-columns-2 gallery-size-full'><figure class='gallery-item'>\n\t\t\t<div class='gallery-icon landscape'>\n\t\t\t\t<img loading=\"lazy\" decoding=\"async\" width=\"1024\" height=\"683\" src=\"https:\/\/www.linkseride.com\/wp-content\/uploads\/2020\/10\/loading-2.jpg\" class=\"attachment-full size-full\" alt=\"ruota grassa scooter elettrico Cina scooter fabbrica scooter elettrico all&#039;ingrosso\" srcset=\"https:\/\/www.linkseride.com\/wp-content\/uploads\/2020\/10\/loading-2.jpg 1024w, https:\/\/www.linkseride.com\/wp-content\/uploads\/2020\/10\/loading-2-300x200.jpg 300w, https:\/\/www.linkseride.com\/wp-content\/uploads\/2020\/10\/loading-2-768x512.jpg 768w, https:\/\/www.linkseride.com\/wp-content\/uploads\/2020\/10\/loading-2-600x400.jpg 600w\" sizes=\"(max-width: 1024px) 100vw, 1024px\" \/>\n\t\t\t<\/div><\/figure><figure class='gallery-item'>\n\t\t\t<div class='gallery-icon landscape'>\n\t\t\t\t<img loading=\"lazy\" decoding=\"async\" width=\"1024\" height=\"683\" src=\"https:\/\/www.linkseride.com\/wp-content\/uploads\/2020\/10\/loading-1.jpg\" class=\"attachment-full size-full\" alt=\"Fabbrica di scooter elettrici Harley Fabbrica di scooter in Cina\" srcset=\"https:\/\/www.linkseride.com\/wp-content\/uploads\/2020\/10\/loading-1.jpg 1024w, https:\/\/www.linkseride.com\/wp-content\/uploads\/2020\/10\/loading-1-300x200.jpg 300w, https:\/\/www.linkseride.com\/wp-content\/uploads\/2020\/10\/loading-1-768x512.jpg 768w, https:\/\/www.linkseride.com\/wp-content\/uploads\/2020\/10\/loading-1-600x400.jpg 600w\" sizes=\"(max-width: 1024px) 100vw, 1024px\" \/>\n\t\t\t<\/div><\/figure>\n\t\t<\/div>","protected":false},"excerpt":{"rendered":"<p>Certificati: Omologazione stradale con certificato CEE, COC<\/p>\n<p>\u25cf 2020 nuovo contratto di locazione per scooter elettrico harley citycoco<\/p>\n<p>I pneumatici larghi e grassi consentono a questo scooter di mantenersi in equilibrio da solo. Anche se \u00e8 dotato di un cavalletto, non ne avrete bisogno.<\/p>\n<p>Il motore brushless da 2000w fornisce a questo scooter elettrico per adulti una velocit\u00e0 massima di 28 miglia orarie.<\/p>\n<p>Scooter per adulti con faro anteriore e posteriore a led per essere sicuri di vedere e di essere visti.<\/p>\n<p>Il sistema di visualizzazione dell'alimentazione a cristalli liquidi \u00e8 pi\u00f9 evidente per mostrare lo stato della batteria all'utente.<\/p>","protected":false},"featured_media":3640,"template":"","meta":{"site-sidebar-layout":"default","site-content-layout":"default","ast-site-content-layout":"default","site-content-style":"default","site-sidebar-style":"default","ast-global-header-display":"","ast-banner-title-visibility":"","ast-main-header-display":"","ast-hfb-above-header-display":"","ast-hfb-below-header-display":"","ast-hfb-mobile-header-display":"","site-post-title":"","ast-breadcrumbs-content":"","ast-featured-img":"","footer-sml-layout":"","ast-disable-related-posts":"","theme-transparent-header-meta":"default","adv-header-id-meta":"","stick-header-meta":"","header-above-stick-meta":"","header-main-stick-meta":"","header-below-stick-meta":"","astra-migrate-meta-layouts":"default","ast-page-background-enabled":"default","ast-page-background-meta":{"desktop":{"background-color":"","background-image":"","background-repeat":"repeat","background-position":"center center","background-size":"auto","background-attachment":"scroll","background-type":"","background-media":"","overlay-type":"","overlay-color":"","overlay-opacity":"","overlay-gradient":""},"tablet":{"background-color":"","background-image":"","background-repeat":"repeat","background-position":"center center","background-size":"auto","background-attachment":"scroll","background-type":"","background-media":"","overlay-type":"","overlay-color":"","overlay-opacity":"","overlay-gradient":""},"mobile":{"background-color":"","background-image":"","background-repeat":"repeat","background-position":"center center","background-size":"auto","background-attachment":"scroll","background-type":"","background-media":"","overlay-type":"","overlay-color":"","overlay-opacity":"","overlay-gradient":""}},"ast-content-background-meta":{"desktop":{"background-color":"var(--ast-global-color-5)","background-image":"","background-repeat":"repeat","background-position":"center center","background-size":"auto","background-attachment":"scroll","background-type":"","background-media":"","overlay-type":"","overlay-color":"","overlay-opacity":"","overlay-gradient":""},"tablet":{"background-color":"var(--ast-global-color-5)","background-image":"","background-repeat":"repeat","background-position":"center center","background-size":"auto","background-attachment":"scroll","background-type":"","background-media":"","overlay-type":"","overlay-color":"","overlay-opacity":"","overlay-gradient":""},"mobile":{"background-color":"var(--ast-global-color-5)","background-image":"","background-repeat":"repeat","background-position":"center center","background-size":"auto","background-attachment":"scroll","background-type":"","background-media":"","overlay-type":"","overlay-color":"","overlay-opacity":"","overlay-gradient":""}}},"product_brand":[],"product_cat":[27],"product_tag":[],"class_list":{"0":"post-1951","1":"product","2":"type-product","3":"status-publish","4":"has-post-thumbnail","6":"product_cat-electric-motorcycle","7":"desktop-align-left","8":"tablet-align-left","9":"mobile-align-left","11":"first","12":"instock","13":"shipping-taxable","14":"product-type-simple"},"_links":{"self":[{"href":"https:\/\/www.linkseride.com\/it\/wp-json\/wp\/v2\/product\/1951","targetHints":{"allow":["GET"]}}],"collection":[{"href":"https:\/\/www.linkseride.com\/it\/wp-json\/wp\/v2\/product"}],"about":[{"href":"https:\/\/www.linkseride.com\/it\/wp-json\/wp\/v2\/types\/product"}],"wp:featuredmedia":[{"embeddable":true,"href":"https:\/\/www.linkseride.com\/it\/wp-json\/wp\/v2\/media\/3640"}],"wp:attachment":[{"href":"https:\/\/www.linkseride.com\/it\/wp-json\/wp\/v2\/media?parent=1951"}],"wp:term":[{"taxonomy":"product_brand","embeddable":true,"href":"https:\/\/www.linkseride.com\/it\/wp-json\/wp\/v2\/product_brand?post=1951"},{"taxonomy":"product_cat","embeddable":true,"href":"https:\/\/www.linkseride.com\/it\/wp-json\/wp\/v2\/product_cat?post=1951"},{"taxonomy":"product_tag","embeddable":true,"href":"https:\/\/www.linkseride.com\/it\/wp-json\/wp\/v2\/product_tag?post=1951"}],"curies":[{"name":"wp","href":"https:\/\/api.w.org\/{rel}","templated":true}]}}