{"id":2790,"date":"2020-12-05T09:29:32","date_gmt":"2020-12-05T09:29:32","guid":{"rendered":"http:\/\/linkseride.com\/?post_type=product&#038;p=2790"},"modified":"2022-09-24T08:46:09","modified_gmt":"2022-09-24T08:46:09","slug":"lec-10-3000w-bicicletta-elettrica-a-motore","status":"publish","type":"product","link":"https:\/\/www.linkseride.com\/it\/product\/lec-10-3000w-electric-motor-bike\/","title":{"rendered":"LEC-10 3000W Motore Elettrico Bicicletta Urbana per Adulti"},"content":{"rendered":"<p>Si tratta di una moto elettrica che attira l'attenzione ancora prima di partire.  La nostra fabbrica produce questo modello in modo che assomigli quasi a una moto tradizionale, con un look classico e una forma naturale. Il design della sella offre una guida piacevole, sia che siate alla guida o che viaggiate come passeggeri. Questa moto elettrica \u00e8 facile da guidare, basta ruotare il manubrio e vi porter\u00e0 rapidamente da A a B. Ha una velocit\u00e0 massima di 75 km\/h (47 mph) e pu\u00f2 essere ricaricata facilmente con la batteria agli ioni di litio.<\/p>\n<p><img fetchpriority=\"high\" decoding=\"async\" class=\"alignnone wp-image-8683 size-full\" src=\"http:\/\/linkseride.com\/wp-content\/uploads\/2020\/12\/WX20220924-164511.png\" alt=\"moto elettrica\" width=\"1675\" height=\"822\" srcset=\"https:\/\/www.linkseride.com\/wp-content\/uploads\/2020\/12\/WX20220924-164511.png 1675w, https:\/\/www.linkseride.com\/wp-content\/uploads\/2020\/12\/WX20220924-164511-300x147.png 300w, https:\/\/www.linkseride.com\/wp-content\/uploads\/2020\/12\/WX20220924-164511-1024x503.png 1024w, https:\/\/www.linkseride.com\/wp-content\/uploads\/2020\/12\/WX20220924-164511-768x377.png 768w, https:\/\/www.linkseride.com\/wp-content\/uploads\/2020\/12\/WX20220924-164511-1536x754.png 1536w, https:\/\/www.linkseride.com\/wp-content\/uploads\/2020\/12\/WX20220924-164511-600x294.png 600w\" sizes=\"(max-width: 1675px) 100vw, 1675px\" \/><\/p>","protected":false},"excerpt":{"rendered":"<p>\u25cf Moto elettrica qualificata con certificato E-mark<\/p>\n<p>\u25cf I freni a disco anteriori e posteriori garantiscono una potenza frenante forte e affidabile.<\/p>\n<p>\u25cf Pneumatici: anteriori e posteriori 130-70\/12 pneumatici a vuoto<\/p>\n<p>\u25cf 100 km (65 miglia) per ricarica, velocit\u00e0 massima 75 km\/h (47 mph)<\/p>\n<p>\u25cf La sella ampia e imbottita garantisce un comfort e uno stile incomparabili al pilota e al passeggero.<\/p>\n<p>\u25cf \u00c8 disponibile la personalizzazione!<\/p>","protected":false},"featured_media":8677,"template":"","meta":{"site-sidebar-layout":"default","site-content-layout":"default","ast-site-content-layout":"default","site-content-style":"default","site-sidebar-style":"default","ast-global-header-display":"","ast-banner-title-visibility":"","ast-main-header-display":"","ast-hfb-above-header-display":"","ast-hfb-below-header-display":"","ast-hfb-mobile-header-display":"","site-post-title":"","ast-breadcrumbs-content":"","ast-featured-img":"","footer-sml-layout":"","ast-disable-related-posts":"","theme-transparent-header-meta":"default","adv-header-id-meta":"","stick-header-meta":"","header-above-stick-meta":"","header-main-stick-meta":"","header-below-stick-meta":"","astra-migrate-meta-layouts":"default","ast-page-background-enabled":"default","ast-page-background-meta":{"desktop":{"background-color":"","background-image":"","background-repeat":"repeat","background-position":"center center","background-size":"auto","background-attachment":"scroll","background-type":"","background-media":"","overlay-type":"","overlay-color":"","overlay-opacity":"","overlay-gradient":""},"tablet":{"background-color":"","background-image":"","background-repeat":"repeat","background-position":"center center","background-size":"auto","background-attachment":"scroll","background-type":"","background-media":"","overlay-type":"","overlay-color":"","overlay-opacity":"","overlay-gradient":""},"mobile":{"background-color":"","background-image":"","background-repeat":"repeat","background-position":"center center","background-size":"auto","background-attachment":"scroll","background-type":"","background-media":"","overlay-type":"","overlay-color":"","overlay-opacity":"","overlay-gradient":""}},"ast-content-background-meta":{"desktop":{"background-color":"var(--ast-global-color-5)","background-image":"","background-repeat":"repeat","background-position":"center center","background-size":"auto","background-attachment":"scroll","background-type":"","background-media":"","overlay-type":"","overlay-color":"","overlay-opacity":"","overlay-gradient":""},"tablet":{"background-color":"var(--ast-global-color-5)","background-image":"","background-repeat":"repeat","background-position":"center center","background-size":"auto","background-attachment":"scroll","background-type":"","background-media":"","overlay-type":"","overlay-color":"","overlay-opacity":"","overlay-gradient":""},"mobile":{"background-color":"var(--ast-global-color-5)","background-image":"","background-repeat":"repeat","background-position":"center center","background-size":"auto","background-attachment":"scroll","background-type":"","background-media":"","overlay-type":"","overlay-color":"","overlay-opacity":"","overlay-gradient":""}}},"product_brand":[],"product_cat":[27],"product_tag":[],"class_list":{"0":"post-2790","1":"product","2":"type-product","3":"status-publish","4":"has-post-thumbnail","6":"product_cat-electric-motorcycle","7":"desktop-align-left","8":"tablet-align-left","9":"mobile-align-left","11":"first","12":"instock","13":"shipping-taxable","14":"purchasable","15":"product-type-simple"},"_links":{"self":[{"href":"https:\/\/www.linkseride.com\/it\/wp-json\/wp\/v2\/product\/2790","targetHints":{"allow":["GET"]}}],"collection":[{"href":"https:\/\/www.linkseride.com\/it\/wp-json\/wp\/v2\/product"}],"about":[{"href":"https:\/\/www.linkseride.com\/it\/wp-json\/wp\/v2\/types\/product"}],"wp:featuredmedia":[{"embeddable":true,"href":"https:\/\/www.linkseride.com\/it\/wp-json\/wp\/v2\/media\/8677"}],"wp:attachment":[{"href":"https:\/\/www.linkseride.com\/it\/wp-json\/wp\/v2\/media?parent=2790"}],"wp:term":[{"taxonomy":"product_brand","embeddable":true,"href":"https:\/\/www.linkseride.com\/it\/wp-json\/wp\/v2\/product_brand?post=2790"},{"taxonomy":"product_cat","embeddable":true,"href":"https:\/\/www.linkseride.com\/it\/wp-json\/wp\/v2\/product_cat?post=2790"},{"taxonomy":"product_tag","embeddable":true,"href":"https:\/\/www.linkseride.com\/it\/wp-json\/wp\/v2\/product_tag?post=2790"}],"curies":[{"name":"wp","href":"https:\/\/api.w.org\/{rel}","templated":true}]}}