{"id":3514,"date":"2021-06-16T07:45:15","date_gmt":"2021-06-16T07:45:15","guid":{"rendered":"http:\/\/linkseride.com\/?post_type=product&#038;p=3514"},"modified":"2026-01-08T09:13:54","modified_gmt":"2026-01-08T09:13:54","slug":"m6g-carrello-da-golf-elettrico-scooter-ciclomotore","status":"publish","type":"product","link":"https:\/\/www.linkseride.com\/it\/product\/m6g-electric-golf-cart-scooter-moped\/","title":{"rendered":"M6G elettrico Golf Cart Scooter Single Rider Golf Moped"},"content":{"rendered":"<p>Siamo appassionati di ci\u00f2 che stiamo facendo con il nostro futuro elettrico, tra cui <strong>scooter elettrici, <a href=\"https:\/\/www.linkseride.com\/it\/produttore-di-motocicli-elettrici\/\" target=\"_blank\" rel=\"noopener\">scooter a ruote grasse<\/a>, <a href=\"https:\/\/www.linkseride.com\/it\/produttore-di-motocicli-elettrici\/\" target=\"_blank\" rel=\"noopener\">scooter citycoco<\/a>, <a href=\"https:\/\/www.linkseride.com\/it\/produttore-di-ciclomotori-elettrici\/\" target=\"_blank\" rel=\"noopener\">ciclomotore elettrico<\/a><\/strong> e cos\u00ec via.<\/p>\n<p>Questo scooter elettrico a due ruote per golf cart utilizza una batteria al litio e il peso leggero e il baricentro basso consentono una guida confortevole e ben bilanciata. Links M6G 2000W 60V Electric Golf cart Scooter \u00e8 dotato di un motore QS da 2000W, costruito per la vita selvaggia e in grado di raggiungere un'incredibile efficienza senza precedenti di 92%. Il controller integrato da 60 V e 55 A consente di ottenere un'accelerazione a breve termine, fino a 37 miglia orarie.<\/p>\n<div id='gallery-1' class='gallery galleryid-3514 gallery-columns-2 gallery-size-full'><figure class='gallery-item'>\n\t\t\t<div class='gallery-icon landscape'>\n\t\t\t\t<a href=\"https:\/\/www.linkseride.com\/it\/?attachment_id=3522\"><img fetchpriority=\"high\" decoding=\"async\" width=\"1024\" height=\"768\" src=\"https:\/\/www.linkseride.com\/wp-content\/uploads\/2021\/06\/4-6.jpg\" class=\"attachment-full size-full\" alt=\"\" srcset=\"https:\/\/www.linkseride.com\/wp-content\/uploads\/2021\/06\/4-6.jpg 1024w, https:\/\/www.linkseride.com\/wp-content\/uploads\/2021\/06\/4-6-300x225.jpg 300w, https:\/\/www.linkseride.com\/wp-content\/uploads\/2021\/06\/4-6-768x576.jpg 768w, https:\/\/www.linkseride.com\/wp-content\/uploads\/2021\/06\/4-6-600x450.jpg 600w\" sizes=\"(max-width: 1024px) 100vw, 1024px\" \/><\/a>\n\t\t\t<\/div><\/figure><figure class='gallery-item'>\n\t\t\t<div class='gallery-icon landscape'>\n\t\t\t\t<a href=\"https:\/\/www.linkseride.com\/it\/?attachment_id=3527\"><img decoding=\"async\" width=\"1024\" height=\"768\" src=\"https:\/\/www.linkseride.com\/wp-content\/uploads\/2021\/06\/3-6.jpg\" class=\"attachment-full size-full\" alt=\"produttore di motocicli elettrici\" srcset=\"https:\/\/www.linkseride.com\/wp-content\/uploads\/2021\/06\/3-6.jpg 1024w, https:\/\/www.linkseride.com\/wp-content\/uploads\/2021\/06\/3-6-300x225.jpg 300w, https:\/\/www.linkseride.com\/wp-content\/uploads\/2021\/06\/3-6-768x576.jpg 768w, https:\/\/www.linkseride.com\/wp-content\/uploads\/2021\/06\/3-6-600x450.jpg 600w\" sizes=\"(max-width: 1024px) 100vw, 1024px\" \/><\/a>\n\t\t\t<\/div><\/figure>\n\t\t<\/div>\n\n<h2>quali sono le caratteristiche di questo monopattino elettrico M6G?<\/h2>\n<div class=\"rte\">\n<div class=\"rte\">\n<div id='gallery-2' class='gallery galleryid-3514 gallery-columns-2 gallery-size-full'><figure class='gallery-item'>\n\t\t\t<div class='gallery-icon landscape'>\n\t\t\t\t<a href=\"https:\/\/www.linkseride.com\/wp-content\/uploads\/2021\/06\/5-7.jpg\"><img decoding=\"async\" width=\"1024\" height=\"768\" src=\"https:\/\/www.linkseride.com\/wp-content\/uploads\/2021\/06\/5-7.jpg\" class=\"attachment-full size-full\" alt=\"produttore di motocicli elettrici\" srcset=\"https:\/\/www.linkseride.com\/wp-content\/uploads\/2021\/06\/5-7.jpg 1024w, https:\/\/www.linkseride.com\/wp-content\/uploads\/2021\/06\/5-7-300x225.jpg 300w, https:\/\/www.linkseride.com\/wp-content\/uploads\/2021\/06\/5-7-768x576.jpg 768w, https:\/\/www.linkseride.com\/wp-content\/uploads\/2021\/06\/5-7-600x450.jpg 600w\" sizes=\"(max-width: 1024px) 100vw, 1024px\" \/><\/a>\n\t\t\t<\/div><\/figure><figure class='gallery-item'>\n\t\t\t<div class='gallery-icon landscape'>\n\t\t\t\t<a href=\"https:\/\/www.linkseride.com\/wp-content\/uploads\/2021\/06\/2-8.jpg\"><img loading=\"lazy\" decoding=\"async\" width=\"1024\" height=\"768\" src=\"https:\/\/www.linkseride.com\/wp-content\/uploads\/2021\/06\/2-8.jpg\" class=\"attachment-full size-full\" alt=\"\" srcset=\"https:\/\/www.linkseride.com\/wp-content\/uploads\/2021\/06\/2-8.jpg 1024w, https:\/\/www.linkseride.com\/wp-content\/uploads\/2021\/06\/2-8-300x225.jpg 300w, https:\/\/www.linkseride.com\/wp-content\/uploads\/2021\/06\/2-8-768x576.jpg 768w, https:\/\/www.linkseride.com\/wp-content\/uploads\/2021\/06\/2-8-600x450.jpg 600w\" sizes=\"(max-width: 1024px) 100vw, 1024px\" \/><\/a>\n\t\t\t<\/div><\/figure>\n\t\t<\/div>\n\n<ul>\n<li style=\"list-style-type: none;\">\n<ul>\n<li>Ammortizzatori idraulici di qualit\u00e0 superiore per una guida fluida e controllata.<\/li>\n<li><strong>NUOVO E MIGLIORATO<\/strong>\u00a0<strong>Batteria da 20AH<\/strong>, tempo di ricarica in 4-6 ore<\/li>\n<li>caricabatterie standard da 5ah<\/li>\n<li>funzione di spegnimento del cavalletto<\/li>\n<li>Freni a disco idraulici elettronici-ABS<\/li>\n<li>Sedile premium, con imbottitura extra per una guida pi\u00f9 confortevole<\/li>\n<li><strong>Nuovo 2000 W<\/strong> Motore elettrico al mozzo posteriore ad alta potenza<\/li>\n<\/ul>\n<\/li>\n<\/ul>\n<p>&nbsp;<\/p>\n<p><img loading=\"lazy\" decoding=\"async\" class=\"alignnone wp-image-11010 size-full\" src=\"https:\/\/www.linkseride.com\/wp-content\/uploads\/2021\/06\/\u4f60\u7684\u6bb5\u843d\u6587\u5b57-3.png\" alt=\"\" width=\"1280\" height=\"720\" srcset=\"https:\/\/www.linkseride.com\/wp-content\/uploads\/2021\/06\/\u4f60\u7684\u6bb5\u843d\u6587\u5b57-3.png 1280w, https:\/\/www.linkseride.com\/wp-content\/uploads\/2021\/06\/\u4f60\u7684\u6bb5\u843d\u6587\u5b57-3-300x169.png 300w, https:\/\/www.linkseride.com\/wp-content\/uploads\/2021\/06\/\u4f60\u7684\u6bb5\u843d\u6587\u5b57-3-1024x576.png 1024w, https:\/\/www.linkseride.com\/wp-content\/uploads\/2021\/06\/\u4f60\u7684\u6bb5\u843d\u6587\u5b57-3-768x432.png 768w, https:\/\/www.linkseride.com\/wp-content\/uploads\/2021\/06\/\u4f60\u7684\u6bb5\u843d\u6587\u5b57-3-600x338.png 600w\" sizes=\"(max-width: 1280px) 100vw, 1280px\" \/><\/p>\n<table style=\"font-size: 16px;\" width=\"565\">\n<tbody>\n<tr>\n<td width=\"131\">Altezza del sedile<\/td>\n<td width=\"95\">28.7\u201d<\/td>\n<td width=\"119\">Altezza del manubrio<\/td>\n<td width=\"219\">43.7\u2033<\/td>\n<\/tr>\n<tr>\n<td>Lunghezza totale<\/td>\n<td>78.7\u201d<\/td>\n<td>Larghezza del manubrio<\/td>\n<td>39.4\u2033<\/td>\n<\/tr>\n<tr>\n<td>Lunghezza della sospensione posteriore<\/td>\n<td>9.84\u201d<\/td>\n<td>Dimensioni del poggiapiedi<\/td>\n<td>9.84\u2033* 4.72\u2033<\/td>\n<\/tr>\n<tr>\n<td>Lunghezza del cavalletto<\/td>\n<td>9.65\u201d<\/td>\n<td>Dimensione del controllore<\/td>\n<td>7.09\u2033 *3.62\u2033*2.17\u2033<\/td>\n<\/tr>\n<tr>\n<td>Box refrigerante<\/td>\n<td>15.4\u201d*11.4\u201d*9.4\u201d<\/td>\n<td>Porta sacca da golf<\/td>\n<td>Lunghezza: 24,4\u2033\/diametro interno: 9,4\u2033.<\/td>\n<\/tr>\n<tr>\n<td>Sella<\/td>\n<td>14.2\u201d*10.2\u201d<\/td>\n<td>Valigia da golf<\/td>\n<td>13\u2033*4.3\u2033<\/td>\n<\/tr>\n<tr>\n<td rowspan=\"3\">Gradevolezza<\/td>\n<td rowspan=\"3\">30\u00b0<\/td>\n<td rowspan=\"3\">Pressione degli pneumatici<\/td>\n<td>Anteriore: 200kPa<\/td>\n<\/tr>\n<tr>\n<td>Posteriore: 250 kPa<\/td>\n<\/tr>\n<tr>\n<td>(Nota: la pressione degli pneumatici non deve superare i 250kPa).<\/td>\n<\/tr>\n<tr>\n<td>Peso lordo<\/td>\n<td>191,8 libbre<\/td>\n<td>Peso netto<\/td>\n<td>68 libbre<\/td>\n<\/tr>\n<tr>\n<td>Carico massimo<\/td>\n<td>440 libbre<\/td>\n<td>Altezza consigliata per il pilota<\/td>\n<td>Oltre il metro e ottanta<\/td>\n<\/tr>\n<\/tbody>\n<\/table>\n<div id='gallery-3' class='gallery galleryid-3514 gallery-columns-2 gallery-size-full'><figure class='gallery-item'>\n\t\t\t<div class='gallery-icon landscape'>\n\t\t\t\t<a href=\"https:\/\/www.linkseride.com\/wp-content\/uploads\/2021\/06\/1-8.jpg\"><img loading=\"lazy\" decoding=\"async\" width=\"1024\" height=\"768\" src=\"https:\/\/www.linkseride.com\/wp-content\/uploads\/2021\/06\/1-8.jpg\" class=\"attachment-full size-full\" alt=\"Cina scooter fabbrica scooter elettrico all&#039;ingrosso\" srcset=\"https:\/\/www.linkseride.com\/wp-content\/uploads\/2021\/06\/1-8.jpg 1024w, https:\/\/www.linkseride.com\/wp-content\/uploads\/2021\/06\/1-8-300x225.jpg 300w, https:\/\/www.linkseride.com\/wp-content\/uploads\/2021\/06\/1-8-768x576.jpg 768w, https:\/\/www.linkseride.com\/wp-content\/uploads\/2021\/06\/1-8-600x450.jpg 600w\" sizes=\"(max-width: 1024px) 100vw, 1024px\" \/><\/a>\n\t\t\t<\/div><\/figure><figure class='gallery-item'>\n\t\t\t<div class='gallery-icon landscape'>\n\t\t\t\t<a href=\"https:\/\/www.linkseride.com\/wp-content\/uploads\/2021\/06\/6-6.jpg\"><img loading=\"lazy\" decoding=\"async\" width=\"1024\" height=\"768\" src=\"https:\/\/www.linkseride.com\/wp-content\/uploads\/2021\/06\/6-6.jpg\" class=\"attachment-full size-full\" alt=\"\" srcset=\"https:\/\/www.linkseride.com\/wp-content\/uploads\/2021\/06\/6-6.jpg 1024w, https:\/\/www.linkseride.com\/wp-content\/uploads\/2021\/06\/6-6-300x225.jpg 300w, https:\/\/www.linkseride.com\/wp-content\/uploads\/2021\/06\/6-6-768x576.jpg 768w, https:\/\/www.linkseride.com\/wp-content\/uploads\/2021\/06\/6-6-600x450.jpg 600w\" sizes=\"(max-width: 1024px) 100vw, 1024px\" \/><\/a>\n\t\t\t<\/div><\/figure>\n\t\t<\/div>\n\n<\/div>\n<\/div>\n<h2>Perch\u00e9 sempre pi\u00f9 persone scelgono questo tipo di monopattino per golf cart?<\/h2>\n<p>I golfisti amano il fatto che il movimento dei single rider offra alle persone la possibilit\u00e0 di guidare i loro veicoli preferiti senza dover percorrere migliaia di chilometri. Lo swing di un single rider \u00e8 solo l'inizio, poich\u00e9 \u00e8 anche in grado di utilizzare le proprie biciclette personalizzate per raggiungere i propri obiettivi. Le persone amano imparare e avere il controllo della propria forma fisica pedalando o camminando sui percorsi.<\/p>\n<p>Abbiamo anche un altro nuovo modello di scooter citycoco a forma di harley, se avete bisogno di maggiori informazioni, potete<a href=\"https:\/\/www.linkseride.com\/it\/produttore-di-motocicli-elettrici\/\" target=\"_blank\" rel=\"noopener\"> trovate qui.<\/a><\/p>\n<div class=\"ast-oembed-container\" style=\"height: 100%;\"><iframe title=\"Tutto quello che c&#039;\u00e8 da sapere sul monopattino elettrico da golf M6G Monopattino da golf a cavaliere singolo\" width=\"500\" height=\"281\" src=\"https:\/\/www.youtube.com\/embed\/k1dTA5CThus?feature=oembed&#038;enablejsapi=1&#038;origin=https:\/\/www.linkseride.com\" frameborder=\"0\" allow=\"accelerometer; autoplay; clipboard-write; encrypted-media; gyroscope; picture-in-picture; web-share\" referrerpolicy=\"strict-origin-when-cross-origin\" allowfullscreen><\/iframe><\/div>","protected":false},"excerpt":{"rendered":"<p>M6g elettrico carrello da golf Scooter 100% elettrico cos\u00ec facile da controllare<\/p>\n<p>Doppia batteria agli ioni di litio da 20ah per oltre 60 km con una carica.<\/p>\n<p>Il motore da 2000 W offre una buona potenza per superare la maggior parte delle colline.<\/p>\n<p>Include un portaborse, una borsa termica, una piattaforma per scorecard, tee e bevande. (la sacca da golf \u00e8 esclusa)<\/p>","protected":false},"featured_media":6633,"template":"","meta":{"site-sidebar-layout":"default","site-content-layout":"default","ast-site-content-layout":"default","site-content-style":"default","site-sidebar-style":"default","ast-global-header-display":"","ast-banner-title-visibility":"","ast-main-header-display":"","ast-hfb-above-header-display":"","ast-hfb-below-header-display":"","ast-hfb-mobile-header-display":"","site-post-title":"","ast-breadcrumbs-content":"","ast-featured-img":"","footer-sml-layout":"","ast-disable-related-posts":"","theme-transparent-header-meta":"default","adv-header-id-meta":"","stick-header-meta":"","header-above-stick-meta":"","header-main-stick-meta":"","header-below-stick-meta":"","astra-migrate-meta-layouts":"set","ast-page-background-enabled":"default","ast-page-background-meta":{"desktop":{"background-color":"","background-image":"","background-repeat":"repeat","background-position":"center center","background-size":"auto","background-attachment":"scroll","background-type":"","background-media":"","overlay-type":"","overlay-color":"","overlay-opacity":"","overlay-gradient":""},"tablet":{"background-color":"","background-image":"","background-repeat":"repeat","background-position":"center center","background-size":"auto","background-attachment":"scroll","background-type":"","background-media":"","overlay-type":"","overlay-color":"","overlay-opacity":"","overlay-gradient":""},"mobile":{"background-color":"","background-image":"","background-repeat":"repeat","background-position":"center center","background-size":"auto","background-attachment":"scroll","background-type":"","background-media":"","overlay-type":"","overlay-color":"","overlay-opacity":"","overlay-gradient":""}},"ast-content-background-meta":{"desktop":{"background-color":"var(--ast-global-color-5)","background-image":"","background-repeat":"repeat","background-position":"center center","background-size":"auto","background-attachment":"scroll","background-type":"","background-media":"","overlay-type":"","overlay-color":"","overlay-opacity":"","overlay-gradient":""},"tablet":{"background-color":"var(--ast-global-color-5)","background-image":"","background-repeat":"repeat","background-position":"center center","background-size":"auto","background-attachment":"scroll","background-type":"","background-media":"","overlay-type":"","overlay-color":"","overlay-opacity":"","overlay-gradient":""},"mobile":{"background-color":"var(--ast-global-color-5)","background-image":"","background-repeat":"repeat","background-position":"center center","background-size":"auto","background-attachment":"scroll","background-type":"","background-media":"","overlay-type":"","overlay-color":"","overlay-opacity":"","overlay-gradient":""}}},"product_brand":[],"product_cat":[45],"product_tag":[38],"class_list":{"0":"post-3514","1":"product","2":"type-product","3":"status-publish","4":"has-post-thumbnail","6":"product_cat-electric-golf-scooter","7":"product_tag-citycoco-scooter","8":"desktop-align-left","9":"tablet-align-left","10":"mobile-align-left","12":"first","13":"instock","14":"shipping-taxable","15":"product-type-simple"},"_links":{"self":[{"href":"https:\/\/www.linkseride.com\/it\/wp-json\/wp\/v2\/product\/3514","targetHints":{"allow":["GET"]}}],"collection":[{"href":"https:\/\/www.linkseride.com\/it\/wp-json\/wp\/v2\/product"}],"about":[{"href":"https:\/\/www.linkseride.com\/it\/wp-json\/wp\/v2\/types\/product"}],"wp:featuredmedia":[{"embeddable":true,"href":"https:\/\/www.linkseride.com\/it\/wp-json\/wp\/v2\/media\/6633"}],"wp:attachment":[{"href":"https:\/\/www.linkseride.com\/it\/wp-json\/wp\/v2\/media?parent=3514"}],"wp:term":[{"taxonomy":"product_brand","embeddable":true,"href":"https:\/\/www.linkseride.com\/it\/wp-json\/wp\/v2\/product_brand?post=3514"},{"taxonomy":"product_cat","embeddable":true,"href":"https:\/\/www.linkseride.com\/it\/wp-json\/wp\/v2\/product_cat?post=3514"},{"taxonomy":"product_tag","embeddable":true,"href":"https:\/\/www.linkseride.com\/it\/wp-json\/wp\/v2\/product_tag?post=3514"}],"curies":[{"name":"wp","href":"https:\/\/api.w.org\/{rel}","templated":true}]}}