{"id":5048,"date":"2021-11-29T11:59:00","date_gmt":"2021-11-29T11:59:00","guid":{"rendered":"http:\/\/linkseride.com\/?post_type=product&#038;p=5048"},"modified":"2021-12-05T14:25:37","modified_gmt":"2021-12-05T14:25:37","slug":"mountain-bike-con-pneumatici-larghi-am200","status":"publish","type":"product","link":"https:\/\/www.linkseride.com\/it\/product\/am200-fat-tire-mountain-bike\/","title":{"rendered":"AM200 Fat Tire Mountain Bike a sospensione completa"},"content":{"rendered":"<table width=\"100%\">\n<tbody>\n<tr>\n<td><img decoding=\"async\" class=\"aligncenter\" src=\"https:\/\/cdn.shopify.com\/s\/files\/1\/2721\/7242\/files\/power_100x100.png?v=1588931357\" alt=\"\" width=\"74\" height=\"74\" \/><\/td>\n<td>\n<h3 style=\"text-align: left;\">\u00a0<strong>MOTORE MOZZO 750W<\/strong><\/h3>\n<\/td>\n<td>\n<h4><img decoding=\"async\" class=\"aligncenter\" src=\"https:\/\/cdn.shopify.com\/s\/files\/1\/2721\/7242\/files\/1_89318afc-f1b5-47c6-ad35-68a19e133979_100x100.png?v=1588930275\" alt=\"\" width=\"83\" height=\"83\" \/><\/h4>\n<\/td>\n<td>\n<h3>VELOCIT\u00c0 MASSIMA\u00a0<strong>28 MPH<\/strong><\/h3>\n<\/td>\n<\/tr>\n<tr>\n<td><img decoding=\"async\" class=\"aligncenter\" src=\"https:\/\/cdn.shopify.com\/s\/files\/1\/2721\/7242\/files\/battery_100x100.png?v=1588928843\" alt=\"\" width=\"77\" height=\"77\" \/><\/td>\n<td>\n<h3>48 V 12 Ah<\/h3>\n<\/td>\n<td><img loading=\"lazy\" decoding=\"async\" class=\"aligncenter\" src=\"https:\/\/cdn.shopify.com\/s\/files\/1\/2721\/7242\/files\/1_7af7c125-e351-4f03-ab3e-65ee1e3fff60_100x100.png?v=1588930505\" alt=\"\" width=\"89\" height=\"89\" \/><\/td>\n<td>\n<h3><strong>65 MIGLIA<\/strong><\/h3>\n<\/td>\n<\/tr>\n<tr>\n<td>\n<h3><img loading=\"lazy\" decoding=\"async\" class=\"aligncenter\" src=\"https:\/\/cdn.shopify.com\/s\/files\/1\/2721\/7242\/files\/7b98f62f920fff0dd3e96e643c93cc88_100x100.png?v=1588928533\" alt=\"\" width=\"87\" height=\"87\" \/><\/h3>\n<\/td>\n<td>\n<h3><strong>280 libbre<\/strong> CARICO MASSIMO<\/h3>\n<\/td>\n<td>\n<h4><img loading=\"lazy\" decoding=\"async\" class=\"aligncenter\" src=\"https:\/\/cdn.shopify.com\/s\/files\/1\/2721\/7242\/files\/rider_100x100.png?v=1588930714\" alt=\"\" width=\"92\" height=\"92\" \/><\/h4>\n<\/td>\n<td>\n<h3>ALTEZZA DEL CICLISTA: 170-200 cm<\/h3>\n<\/td>\n<\/tr>\n<\/tbody>\n<\/table>\n<p><!--more--><\/p>\n<h3><\/h3>\n<h3 style=\"text-align: center;\"><strong>COSA \u00c8 INCLUSO\u00a0<\/strong><\/h3>\n<table width=\"100%\">\n<tbody>\n<tr>\n<td>La bicicletta in s\u00e9<\/td>\n<td>Luce anteriore e luce freno integrate<\/td>\n<\/tr>\n<tr>\n<td>Caricatore e batteria<\/td>\n<td>Manuale d'uso<\/td>\n<\/tr>\n<\/tbody>\n<\/table>\n<div id='gallery-1' class='gallery galleryid-5048 gallery-columns-1 gallery-size-full'><figure class='gallery-item'>\n\t\t\t<div class='gallery-icon landscape'>\n\t\t\t\t<img loading=\"lazy\" decoding=\"async\" width=\"900\" height=\"900\" src=\"https:\/\/www.linkseride.com\/wp-content\/uploads\/2021\/11\/AM200_66b6b956-9a5b-486e-9673-11c736d7cde2.jpeg\" class=\"attachment-full size-full\" alt=\"mountain bike con ruote grasse\" srcset=\"https:\/\/www.linkseride.com\/wp-content\/uploads\/2021\/11\/AM200_66b6b956-9a5b-486e-9673-11c736d7cde2.jpeg 900w, https:\/\/www.linkseride.com\/wp-content\/uploads\/2021\/11\/AM200_66b6b956-9a5b-486e-9673-11c736d7cde2-300x300.jpeg 300w, https:\/\/www.linkseride.com\/wp-content\/uploads\/2021\/11\/AM200_66b6b956-9a5b-486e-9673-11c736d7cde2-150x150.jpeg 150w, https:\/\/www.linkseride.com\/wp-content\/uploads\/2021\/11\/AM200_66b6b956-9a5b-486e-9673-11c736d7cde2-768x768.jpeg 768w, https:\/\/www.linkseride.com\/wp-content\/uploads\/2021\/11\/AM200_66b6b956-9a5b-486e-9673-11c736d7cde2-600x600.jpeg 600w, https:\/\/www.linkseride.com\/wp-content\/uploads\/2021\/11\/AM200_66b6b956-9a5b-486e-9673-11c736d7cde2-100x100.jpeg 100w\" sizes=\"(max-width: 900px) 100vw, 900px\" \/>\n\t\t\t<\/div><\/figure>\n\t\t<\/div>\n\n<h3><\/h3>\n<h3 style=\"text-align: center;\"><strong>SPECIFICA<\/strong><\/h3>\n<table width=\"100%\">\n<tbody>\n<tr>\n<td>Motore: Motore posteriore senza spazzole da 750 W<\/td>\n<td>Batteria: batteria al litio LG da 48 V 12 H<\/td>\n<\/tr>\n<tr>\n<td>Caricabatterie: 54,6V 2,0Ah<\/td>\n<td>Controllore: Controllore intelligente da 18A<\/td>\n<\/tr>\n<tr>\n<td>Telaio: telaio in lega di alluminio<\/td>\n<td>Pneumatici: pneumatici CST 26\u2033*4\u2033 per neve, pianura, autostrada, aree urbane<\/td>\n<\/tr>\n<tr>\n<td>Ruota: cerchio in lega da 26\u201d e raggi<\/td>\n<td>Forcella anteriore: sospensione pneumatica bloccabile in alluminio, T: 120 mm<\/td>\n<\/tr>\n<tr>\n<td>Sospensioni: Sospensione integrale<\/td>\n<td>Freno: Freno a disco idraulico<\/td>\n<\/tr>\n<tr>\n<td>Deragliatore: Deragliatore posteriore Shimano a 9 velocit\u00e0<\/td>\n<td>Display: Display LCD a colori<\/td>\n<\/tr>\n<tr>\n<td>Acceleratore: Pollice<\/td>\n<td>Funzioni extra: Cruise Control; Modalit\u00e0 Walk<\/td>\n<\/tr>\n<tr>\n<td>Velocit\u00e0: 24-28 miglia all'ora<\/td>\n<td>Autonomia: 30-35 miglia (modalit\u00e0 elettrica), 55-65 miglia (modalit\u00e0 PAS)<\/td>\n<\/tr>\n<tr>\n<td>Carico consigliato: 280 libbre<\/td>\n<td>N.W.\/G.W: 60 libbre\/81 libbre<\/td>\n<\/tr>\n<tr>\n<td>Dimensioni imballo: 156*26*82 cm<\/td>\n<td><\/td>\n<\/tr>\n<tr>\n<td><\/td>\n<td><\/td>\n<\/tr>\n<\/tbody>\n<\/table>\n<p>Un ulteriore video introduttivo \u00e8 disponibile qui: <a href=\"https:\/\/www.youtube.com\/c\/LinksErideTech\" target=\"_blank\" rel=\"noopener\">https:\/\/www.youtube.com\/c\/LinksErideTech<\/a><\/p>\n<p>Se state cercando altri modelli di biciclette elettriche pieghevoli, potete trovare informazioni dettagliate <a href=\"https:\/\/www.linkseride.com\/it\/produttore-di-biciclette-elettriche\/\" target=\"_blank\" rel=\"noopener\">qui<\/a>.<\/p>","protected":false},"excerpt":{"rendered":"<p>\u25cf mountain bike con pneumatici larghi e sospensioni complete<\/p>\n<p>\u25cf 12 mesi di garanzia per i componenti elettronici<\/p>\n<p>\u25cf La batteria AM200 da 48 V e 14 Ah raggiunge un'autonomia di 40-60 miglia per ricarica con il sistema PAS.<\/p>\n<p>\u25cfIl motore brushless ad alta velocit\u00e0 potenziato da 750 W pu\u00f2 raggiungere velocit\u00e0 fino a 26-28 MPH in 10 secondi.<\/p>","protected":false},"featured_media":5050,"template":"","meta":{"site-sidebar-layout":"default","site-content-layout":"default","ast-site-content-layout":"default","site-content-style":"default","site-sidebar-style":"default","ast-global-header-display":"","ast-banner-title-visibility":"","ast-main-header-display":"","ast-hfb-above-header-display":"","ast-hfb-below-header-display":"","ast-hfb-mobile-header-display":"","site-post-title":"","ast-breadcrumbs-content":"","ast-featured-img":"","footer-sml-layout":"","ast-disable-related-posts":"","theme-transparent-header-meta":"default","adv-header-id-meta":"","stick-header-meta":"","header-above-stick-meta":"","header-main-stick-meta":"","header-below-stick-meta":"","astra-migrate-meta-layouts":"default","ast-page-background-enabled":"default","ast-page-background-meta":{"desktop":{"background-color":"","background-image":"","background-repeat":"repeat","background-position":"center center","background-size":"auto","background-attachment":"scroll","background-type":"","background-media":"","overlay-type":"","overlay-color":"","overlay-opacity":"","overlay-gradient":""},"tablet":{"background-color":"","background-image":"","background-repeat":"repeat","background-position":"center center","background-size":"auto","background-attachment":"scroll","background-type":"","background-media":"","overlay-type":"","overlay-color":"","overlay-opacity":"","overlay-gradient":""},"mobile":{"background-color":"","background-image":"","background-repeat":"repeat","background-position":"center center","background-size":"auto","background-attachment":"scroll","background-type":"","background-media":"","overlay-type":"","overlay-color":"","overlay-opacity":"","overlay-gradient":""}},"ast-content-background-meta":{"desktop":{"background-color":"var(--ast-global-color-5)","background-image":"","background-repeat":"repeat","background-position":"center center","background-size":"auto","background-attachment":"scroll","background-type":"","background-media":"","overlay-type":"","overlay-color":"","overlay-opacity":"","overlay-gradient":""},"tablet":{"background-color":"var(--ast-global-color-5)","background-image":"","background-repeat":"repeat","background-position":"center center","background-size":"auto","background-attachment":"scroll","background-type":"","background-media":"","overlay-type":"","overlay-color":"","overlay-opacity":"","overlay-gradient":""},"mobile":{"background-color":"var(--ast-global-color-5)","background-image":"","background-repeat":"repeat","background-position":"center center","background-size":"auto","background-attachment":"scroll","background-type":"","background-media":"","overlay-type":"","overlay-color":"","overlay-opacity":"","overlay-gradient":""}}},"product_brand":[],"product_cat":[29],"product_tag":[],"class_list":{"0":"post-5048","1":"product","2":"type-product","3":"status-publish","4":"has-post-thumbnail","6":"product_cat-electric-bike","7":"desktop-align-left","8":"tablet-align-left","9":"mobile-align-left","11":"first","12":"instock","13":"shipping-taxable","14":"purchasable","15":"product-type-simple"},"_links":{"self":[{"href":"https:\/\/www.linkseride.com\/it\/wp-json\/wp\/v2\/product\/5048","targetHints":{"allow":["GET"]}}],"collection":[{"href":"https:\/\/www.linkseride.com\/it\/wp-json\/wp\/v2\/product"}],"about":[{"href":"https:\/\/www.linkseride.com\/it\/wp-json\/wp\/v2\/types\/product"}],"wp:featuredmedia":[{"embeddable":true,"href":"https:\/\/www.linkseride.com\/it\/wp-json\/wp\/v2\/media\/5050"}],"wp:attachment":[{"href":"https:\/\/www.linkseride.com\/it\/wp-json\/wp\/v2\/media?parent=5048"}],"wp:term":[{"taxonomy":"product_brand","embeddable":true,"href":"https:\/\/www.linkseride.com\/it\/wp-json\/wp\/v2\/product_brand?post=5048"},{"taxonomy":"product_cat","embeddable":true,"href":"https:\/\/www.linkseride.com\/it\/wp-json\/wp\/v2\/product_cat?post=5048"},{"taxonomy":"product_tag","embeddable":true,"href":"https:\/\/www.linkseride.com\/it\/wp-json\/wp\/v2\/product_tag?post=5048"}],"curies":[{"name":"wp","href":"https:\/\/api.w.org\/{rel}","templated":true}]}}