{"id":9257,"date":"2023-03-30T06:00:54","date_gmt":"2023-03-30T06:00:54","guid":{"rendered":"http:\/\/linkseride.com\/?post_type=product&#038;p=9257"},"modified":"2023-06-14T08:38:11","modified_gmt":"2023-06-14T08:38:11","slug":"bicicletta-elettrica-a-ruote-grasse-1000w-26-pollici","status":"publish","type":"product","link":"https:\/\/www.linkseride.com\/it\/product\/fat-tire-electric-bike-1000w-26inch\/","title":{"rendered":"Bicicletta elettrica Fat Tire 1000w 26inch X 4.0\u2033 Fat Tire"},"content":{"rendered":"<p>Questa fat tire ebike \u00e8 il nostro nuovo modello 2023 con aspetto da bici vintage. Con i suoi 4,0 pollici di pneumatici grassi e l'ampia sella confortevole, vi sentirete davvero a vostro agio. La batteria agli ioni di litio non si vede da nessuna parte perch\u00e9 si trova all'interno del serbatoio, rendendo questo design ancora pi\u00f9 cool. Con un motore da 48V 750W avrete a disposizione tutta la potenza necessaria per percorrere pi\u00f9 chilometri.<\/p>\n<table width=\"100%\">\n<tbody>\n<tr>\n<td><img decoding=\"async\" class=\"aligncenter\" src=\"https:\/\/cdn.shopify.com\/s\/files\/1\/2721\/7242\/files\/power_100x100.png?v=1588931357\" alt=\"\" width=\"74\" height=\"74\" \/><\/td>\n<td>\n<h3 style=\"text-align: left;\">\u00a0<strong>MOTORE MOZZO 750W<\/strong><\/h3>\n<\/td>\n<td>\n<h4><img decoding=\"async\" class=\"aligncenter\" src=\"https:\/\/cdn.shopify.com\/s\/files\/1\/2721\/7242\/files\/1_89318afc-f1b5-47c6-ad35-68a19e133979_100x100.png?v=1588930275\" alt=\"\" width=\"83\" height=\"83\" \/><\/h4>\n<\/td>\n<td>\n<h3>VELOCIT\u00c0 MASSIMA\u00a0<strong>23 MPH<\/strong><\/h3>\n<\/td>\n<\/tr>\n<tr>\n<td><img decoding=\"async\" class=\"aligncenter\" src=\"https:\/\/cdn.shopify.com\/s\/files\/1\/2721\/7242\/files\/battery_100x100.png?v=1588928843\" alt=\"\" width=\"77\" height=\"77\" \/><\/td>\n<td>\n<h3>48 V 12 Ah<\/h3>\n<\/td>\n<td><img loading=\"lazy\" decoding=\"async\" class=\"aligncenter\" src=\"https:\/\/cdn.shopify.com\/s\/files\/1\/2721\/7242\/files\/1_7af7c125-e351-4f03-ab3e-65ee1e3fff60_100x100.png?v=1588930505\" alt=\"\" width=\"89\" height=\"89\" \/><\/td>\n<td>\n<h3><strong>45 MIGLIA<\/strong><\/h3>\n<\/td>\n<\/tr>\n<tr>\n<td>\n<h3><img loading=\"lazy\" decoding=\"async\" class=\"aligncenter\" src=\"https:\/\/cdn.shopify.com\/s\/files\/1\/2721\/7242\/files\/7b98f62f920fff0dd3e96e643c93cc88_100x100.png?v=1588928533\" alt=\"\" width=\"87\" height=\"87\" \/><\/h3>\n<\/td>\n<td>\n<h3><strong>220 LIBBRE<\/strong> CARICO MASSIMO<\/h3>\n<\/td>\n<td>\n<h4><img loading=\"lazy\" decoding=\"async\" class=\"aligncenter\" src=\"https:\/\/cdn.shopify.com\/s\/files\/1\/2721\/7242\/files\/rider_100x100.png?v=1588930714\" alt=\"\" width=\"92\" height=\"92\" \/><\/h4>\n<\/td>\n<td>\n<h3>ALTEZZA DEL CICLISTA: 170-200 cm<\/h3>\n<\/td>\n<\/tr>\n<\/tbody>\n<\/table>\n<p><!--more--><\/p>\n<h3 style=\"text-align: center;\">Altre specifiche<\/h3>\n<table width=\"534\">\n<tbody>\n<tr>\n<td width=\"92\"><strong>Potenza motore<\/strong><\/td>\n<td width=\"175\">Mozzo posteriore da 48V 1000w o 750W<\/td>\n<td width=\"92\"><strong>Deragliatore<\/strong><\/td>\n<td width=\"175\">Deragliatore Shimano a 8 velocit\u00e0<\/td>\n<\/tr>\n<tr>\n<td><strong>Velocit\u00e0 massima<\/strong><\/td>\n<td width=\"175\">32 km\/h<\/td>\n<td><strong>batteria<\/strong><\/td>\n<td>Samsung 50E-21 700-50000mh<\/td>\n<\/tr>\n<tr>\n<td><strong>Portata massima<\/strong><\/td>\n<td>60 km<\/td>\n<td><strong>Freno<\/strong><\/td>\n<td>Freno a disco idraulico<\/td>\n<\/tr>\n<tr>\n<td><strong>Tempo di carica<\/strong><\/td>\n<td>7-8 ore<\/td>\n<td><strong>Salita massima<\/strong><\/td>\n<td>7\u00b0<\/td>\n<\/tr>\n<tr>\n<td><strong>Materiale del telaio<\/strong><\/td>\n<td>Telaio in alluminio da 26 pollici<\/td>\n<td><strong>Display<\/strong><\/td>\n<td>Display LCD<\/td>\n<\/tr>\n<tr>\n<td><strong>Pneumatico<\/strong><\/td>\n<td>Kenda 26*4.0<\/td>\n<td><strong>tasso di impermeabilit\u00e0<\/strong><\/td>\n<td>IP65<\/td>\n<\/tr>\n<\/tbody>\n<\/table>\n<p>Se cercate altri modelli di biciclette elettriche con pneumatici grassi, potete trovare informazioni dettagliate <a href=\"https:\/\/www.linkseride.com\/it\/produttore-di-biciclette-elettriche\/\" target=\"_blank\" rel=\"noopener\">qui<\/a>.<\/p>\n<p><span style=\"font-size: 16px;\">Un ulteriore video introduttivo \u00e8 disponibile qui: <\/span><a style=\"font-size: 16px; background-color: #ffffff;\" href=\"https:\/\/www.youtube.com\/c\/LinksErideTech\" target=\"_blank\" rel=\"noopener\">https:\/\/www.youtube.com\/c\/LinksErideTech<\/a><\/p>\n<div class=\"ast-oembed-container\" style=\"height: 100%;\"><iframe title=\"Linkseride Fat Tire Electric Bike 1000w 26inch X 4.0\u2033 Fat Tire\" width=\"500\" height=\"281\" src=\"https:\/\/www.youtube.com\/embed\/MWK_I7jvp2k?feature=oembed\" frameborder=\"0\" allow=\"accelerometer; autoplay; clipboard-write; encrypted-media; gyroscope; picture-in-picture; web-share\" referrerpolicy=\"strict-origin-when-cross-origin\" allowfullscreen><\/iframe><\/div>","protected":false},"excerpt":{"rendered":"<p>Bicicletta elettrica per ruote grasse 1000w, 750w, 500w disponibile Motore posteriore hub senza spazzole<\/p>\n<p>Gli \u25cf ioni di litio Samsung 48V 20Ah garantiscono un'autonomia di oltre 40 miglia<\/p>\n<p>Deragliatore posteriore (Shimano) a 8 velocit\u00e0<\/p>\n<p>Resistenza all'acqua IP65<\/p>\n<p>Pneumatico Kenda 26\u2019\u2019x 4.0<\/p>","protected":false},"featured_media":9264,"template":"","meta":{"site-sidebar-layout":"default","site-content-layout":"default","ast-site-content-layout":"default","site-content-style":"default","site-sidebar-style":"default","ast-global-header-display":"","ast-banner-title-visibility":"","ast-main-header-display":"","ast-hfb-above-header-display":"","ast-hfb-below-header-display":"","ast-hfb-mobile-header-display":"","site-post-title":"","ast-breadcrumbs-content":"","ast-featured-img":"","footer-sml-layout":"","ast-disable-related-posts":"","theme-transparent-header-meta":"default","adv-header-id-meta":"","stick-header-meta":"","header-above-stick-meta":"","header-main-stick-meta":"","header-below-stick-meta":"","astra-migrate-meta-layouts":"default","ast-page-background-enabled":"default","ast-page-background-meta":{"desktop":{"background-color":"","background-image":"","background-repeat":"repeat","background-position":"center center","background-size":"auto","background-attachment":"scroll","background-type":"","background-media":"","overlay-type":"","overlay-color":"","overlay-opacity":"","overlay-gradient":""},"tablet":{"background-color":"","background-image":"","background-repeat":"repeat","background-position":"center center","background-size":"auto","background-attachment":"scroll","background-type":"","background-media":"","overlay-type":"","overlay-color":"","overlay-opacity":"","overlay-gradient":""},"mobile":{"background-color":"","background-image":"","background-repeat":"repeat","background-position":"center center","background-size":"auto","background-attachment":"scroll","background-type":"","background-media":"","overlay-type":"","overlay-color":"","overlay-opacity":"","overlay-gradient":""}},"ast-content-background-meta":{"desktop":{"background-color":"var(--ast-global-color-5)","background-image":"","background-repeat":"repeat","background-position":"center center","background-size":"auto","background-attachment":"scroll","background-type":"","background-media":"","overlay-type":"","overlay-color":"","overlay-opacity":"","overlay-gradient":""},"tablet":{"background-color":"var(--ast-global-color-5)","background-image":"","background-repeat":"repeat","background-position":"center center","background-size":"auto","background-attachment":"scroll","background-type":"","background-media":"","overlay-type":"","overlay-color":"","overlay-opacity":"","overlay-gradient":""},"mobile":{"background-color":"var(--ast-global-color-5)","background-image":"","background-repeat":"repeat","background-position":"center center","background-size":"auto","background-attachment":"scroll","background-type":"","background-media":"","overlay-type":"","overlay-color":"","overlay-opacity":"","overlay-gradient":""}}},"product_brand":[],"product_cat":[29],"product_tag":[],"class_list":{"0":"post-9257","1":"product","2":"type-product","3":"status-publish","4":"has-post-thumbnail","6":"product_cat-electric-bike","7":"desktop-align-left","8":"tablet-align-left","9":"mobile-align-left","11":"first","12":"instock","13":"shipping-taxable","14":"product-type-simple"},"_links":{"self":[{"href":"https:\/\/www.linkseride.com\/it\/wp-json\/wp\/v2\/product\/9257","targetHints":{"allow":["GET"]}}],"collection":[{"href":"https:\/\/www.linkseride.com\/it\/wp-json\/wp\/v2\/product"}],"about":[{"href":"https:\/\/www.linkseride.com\/it\/wp-json\/wp\/v2\/types\/product"}],"wp:featuredmedia":[{"embeddable":true,"href":"https:\/\/www.linkseride.com\/it\/wp-json\/wp\/v2\/media\/9264"}],"wp:attachment":[{"href":"https:\/\/www.linkseride.com\/it\/wp-json\/wp\/v2\/media?parent=9257"}],"wp:term":[{"taxonomy":"product_brand","embeddable":true,"href":"https:\/\/www.linkseride.com\/it\/wp-json\/wp\/v2\/product_brand?post=9257"},{"taxonomy":"product_cat","embeddable":true,"href":"https:\/\/www.linkseride.com\/it\/wp-json\/wp\/v2\/product_cat?post=9257"},{"taxonomy":"product_tag","embeddable":true,"href":"https:\/\/www.linkseride.com\/it\/wp-json\/wp\/v2\/product_tag?post=9257"}],"curies":[{"name":"wp","href":"https:\/\/api.w.org\/{rel}","templated":true}]}}