{"id":3490,"date":"2021-06-16T06:37:52","date_gmt":"2021-06-16T06:37:52","guid":{"rendered":"http:\/\/linkseride.com\/?post_type=product&#038;p=3490"},"modified":"2022-12-16T03:35:53","modified_gmt":"2022-12-16T03:35:53","slug":"m6-grote-band-elektrische-scooter-straatbrommer","status":"publish","type":"product","link":"https:\/\/www.linkseride.com\/nl\/product\/m6-big-tire-electric-scooter-street-moped\/","title":{"rendered":"M6 Grote Banden Elektrische Scooter Straat Brommer Dikke Band 2000W 3000W"},"content":{"rendered":"<p>We zijn gepassioneerd over wat we doen met onze elektrische toekomst, waaronder <strong>elektrische scooters, <a href=\"https:\/\/www.linkseride.com\/nl\/fabrikant-van-elektrische-motorfietsen\/\" target=\"_blank\" rel=\"noopener\">vette band scooter<\/a>, <a href=\"https:\/\/www.linkseride.com\/nl\/fabrikant-van-elektrische-motorfietsen\/\" target=\"_blank\" rel=\"noopener\">scooter citycoco<\/a>, <a href=\"https:\/\/www.linkseride.com\/nl\/fabrikant-elektrische-bromfietsen\/\" target=\"_blank\" rel=\"noopener\">elektrische bromfiets<\/a><\/strong> enz.<\/p>\n<p>Het idee van onze M6 Big Tire elektrische scooter is gebaseerd op de M6G glof scooter. Hij is licht van gewicht en kan tot 60-70 km afleggen met \u00e9\u00e9n keer opladen. Met dit ontwerp hebben we veel meer aanpassingsidee\u00ebn door een passagiersstoel toe te voegen, of een stoel met rugleuning.<\/p>\n<div id='gallery-1' class='gallery galleryid-3490 gallery-columns-2 gallery-size-full'><figure class='gallery-item'>\n\t\t\t<div class='gallery-icon landscape'>\n\t\t\t\t<a href=\"https:\/\/www.linkseride.com\/nl\/?attachment_id=3503\"><img fetchpriority=\"high\" decoding=\"async\" width=\"1024\" height=\"683\" src=\"https:\/\/www.linkseride.com\/wp-content\/uploads\/2021\/06\/1-6.jpg\" class=\"attachment-full size-full\" alt=\"grote band elektrische scooter\" srcset=\"https:\/\/www.linkseride.com\/wp-content\/uploads\/2021\/06\/1-6.jpg 1024w, https:\/\/www.linkseride.com\/wp-content\/uploads\/2021\/06\/1-6-300x200.jpg 300w, https:\/\/www.linkseride.com\/wp-content\/uploads\/2021\/06\/1-6-768x512.jpg 768w, https:\/\/www.linkseride.com\/wp-content\/uploads\/2021\/06\/1-6-600x400.jpg 600w\" sizes=\"(max-width: 1024px) 100vw, 1024px\" \/><\/a>\n\t\t\t<\/div><\/figure><figure class='gallery-item'>\n\t\t\t<div class='gallery-icon landscape'>\n\t\t\t\t<a href=\"https:\/\/www.linkseride.com\/nl\/?attachment_id=3504\"><img decoding=\"async\" width=\"1024\" height=\"683\" src=\"https:\/\/www.linkseride.com\/wp-content\/uploads\/2021\/06\/2-6.jpg\" class=\"attachment-full size-full\" alt=\"grote band elektrische scooter china scooter fabriek elektrische scooter groothandel\" srcset=\"https:\/\/www.linkseride.com\/wp-content\/uploads\/2021\/06\/2-6.jpg 1024w, https:\/\/www.linkseride.com\/wp-content\/uploads\/2021\/06\/2-6-300x200.jpg 300w, https:\/\/www.linkseride.com\/wp-content\/uploads\/2021\/06\/2-6-768x512.jpg 768w, https:\/\/www.linkseride.com\/wp-content\/uploads\/2021\/06\/2-6-600x400.jpg 600w\" sizes=\"(max-width: 1024px) 100vw, 1024px\" \/><\/a>\n\t\t\t<\/div><\/figure>\n\t\t<\/div>\n\n<h2>Wat zijn de belangrijkste kenmerken van deze M6 Big Tire elektrische scooter?<\/h2>\n<div class=\"rte\">\n<div class=\"rte\">\n<div id='gallery-2' class='gallery galleryid-3490 gallery-columns-2 gallery-size-full'><figure class='gallery-item'>\n\t\t\t<div class='gallery-icon landscape'>\n\t\t\t\t<a href=\"https:\/\/www.linkseride.com\/wp-content\/uploads\/2021\/06\/3-4.jpg\"><img decoding=\"async\" width=\"1024\" height=\"683\" src=\"https:\/\/www.linkseride.com\/wp-content\/uploads\/2021\/06\/3-4.jpg\" class=\"attachment-full size-full\" alt=\"grote band elektrische scooter\" srcset=\"https:\/\/www.linkseride.com\/wp-content\/uploads\/2021\/06\/3-4.jpg 1024w, https:\/\/www.linkseride.com\/wp-content\/uploads\/2021\/06\/3-4-300x200.jpg 300w, https:\/\/www.linkseride.com\/wp-content\/uploads\/2021\/06\/3-4-768x512.jpg 768w, https:\/\/www.linkseride.com\/wp-content\/uploads\/2021\/06\/3-4-600x400.jpg 600w\" sizes=\"(max-width: 1024px) 100vw, 1024px\" \/><\/a>\n\t\t\t<\/div><\/figure><figure class='gallery-item'>\n\t\t\t<div class='gallery-icon landscape'>\n\t\t\t\t<a href=\"https:\/\/www.linkseride.com\/wp-content\/uploads\/2021\/06\/4-4.jpg\"><img loading=\"lazy\" decoding=\"async\" width=\"1024\" height=\"683\" src=\"https:\/\/www.linkseride.com\/wp-content\/uploads\/2021\/06\/4-4.jpg\" class=\"attachment-full size-full\" alt=\"grote band elektrische scooter\" srcset=\"https:\/\/www.linkseride.com\/wp-content\/uploads\/2021\/06\/4-4.jpg 1024w, https:\/\/www.linkseride.com\/wp-content\/uploads\/2021\/06\/4-4-300x200.jpg 300w, https:\/\/www.linkseride.com\/wp-content\/uploads\/2021\/06\/4-4-768x512.jpg 768w, https:\/\/www.linkseride.com\/wp-content\/uploads\/2021\/06\/4-4-600x400.jpg 600w\" sizes=\"(max-width: 1024px) 100vw, 1024px\" \/><\/a>\n\t\t\t<\/div><\/figure>\n\t\t<\/div>\n\n<p><strong>SNEL &amp; FUN<\/strong> Met een 2000W \/ 3000W motor, draaigashendel en 3 snelheden tot 46,6 mph, is de M2 Fat tire elektrische scooter een geweldige manier om te genieten van woon-werkverkeer in de stad. Met 20AH \/30AH \/40Ah \/50Ah batterijformaat opties, is je beste leven binnen bereik.<\/p>\n<div id='gallery-3' class='gallery galleryid-3490 gallery-columns-2 gallery-size-full'><figure class='gallery-item'>\n\t\t\t<div class='gallery-icon landscape'>\n\t\t\t\t<a href=\"https:\/\/www.linkseride.com\/wp-content\/uploads\/2021\/06\/5-5.jpg\"><img loading=\"lazy\" decoding=\"async\" width=\"1024\" height=\"683\" src=\"https:\/\/www.linkseride.com\/wp-content\/uploads\/2021\/06\/5-5.jpg\" class=\"attachment-full size-full\" alt=\"grote band elektrische scooter\" srcset=\"https:\/\/www.linkseride.com\/wp-content\/uploads\/2021\/06\/5-5.jpg 1024w, https:\/\/www.linkseride.com\/wp-content\/uploads\/2021\/06\/5-5-300x200.jpg 300w, https:\/\/www.linkseride.com\/wp-content\/uploads\/2021\/06\/5-5-768x512.jpg 768w, https:\/\/www.linkseride.com\/wp-content\/uploads\/2021\/06\/5-5-600x400.jpg 600w\" sizes=\"(max-width: 1024px) 100vw, 1024px\" \/><\/a>\n\t\t\t<\/div><\/figure><figure class='gallery-item'>\n\t\t\t<div class='gallery-icon landscape'>\n\t\t\t\t<a href=\"https:\/\/www.linkseride.com\/wp-content\/uploads\/2021\/06\/6-4.jpg\"><img loading=\"lazy\" decoding=\"async\" width=\"1024\" height=\"683\" src=\"https:\/\/www.linkseride.com\/wp-content\/uploads\/2021\/06\/6-4.jpg\" class=\"attachment-full size-full\" alt=\"grote band elektrische scooter\" srcset=\"https:\/\/www.linkseride.com\/wp-content\/uploads\/2021\/06\/6-4.jpg 1024w, https:\/\/www.linkseride.com\/wp-content\/uploads\/2021\/06\/6-4-300x200.jpg 300w, https:\/\/www.linkseride.com\/wp-content\/uploads\/2021\/06\/6-4-768x512.jpg 768w, https:\/\/www.linkseride.com\/wp-content\/uploads\/2021\/06\/6-4-600x400.jpg 600w\" sizes=\"(max-width: 1024px) 100vw, 1024px\" \/><\/a>\n\t\t\t<\/div><\/figure>\n\t\t<\/div>\n\n<p><strong>VEILIG &amp; COMFORTABEL<\/strong>\u00a0De fiets heeft een schijfrem voor, achter en op het zadel; elke remassemblage is gemaakt van aluminium met een lichtgewicht carbon-fiber frame en lichte wielen van hoge kwaliteit. Dankzij de grote dics remmen voor en achter. De achterremmen zijn tijdens de installatie ook ge\u00fcpgraded met extra rubber en grotere remblokken, waardoor dit een leukere cruiser is dan zijn voorganger.<\/p>\n<div id='gallery-4' class='gallery galleryid-3490 gallery-columns-3 gallery-size-full'><figure class='gallery-item'>\n\t\t\t<div class='gallery-icon landscape'>\n\t\t\t\t<a href=\"https:\/\/www.linkseride.com\/wp-content\/uploads\/2021\/06\/7-4.jpg\"><img loading=\"lazy\" decoding=\"async\" width=\"1024\" height=\"683\" src=\"https:\/\/www.linkseride.com\/wp-content\/uploads\/2021\/06\/7-4.jpg\" class=\"attachment-full size-full\" alt=\"grote band elektrische scooter\" srcset=\"https:\/\/www.linkseride.com\/wp-content\/uploads\/2021\/06\/7-4.jpg 1024w, https:\/\/www.linkseride.com\/wp-content\/uploads\/2021\/06\/7-4-300x200.jpg 300w, https:\/\/www.linkseride.com\/wp-content\/uploads\/2021\/06\/7-4-768x512.jpg 768w, https:\/\/www.linkseride.com\/wp-content\/uploads\/2021\/06\/7-4-600x400.jpg 600w\" sizes=\"(max-width: 1024px) 100vw, 1024px\" \/><\/a>\n\t\t\t<\/div><\/figure><figure class='gallery-item'>\n\t\t\t<div class='gallery-icon landscape'>\n\t\t\t\t<a href=\"https:\/\/www.linkseride.com\/wp-content\/uploads\/2021\/06\/8-4.jpg\"><img loading=\"lazy\" decoding=\"async\" width=\"1024\" height=\"683\" src=\"https:\/\/www.linkseride.com\/wp-content\/uploads\/2021\/06\/8-4.jpg\" class=\"attachment-full size-full\" alt=\"grote band elektrische scooter\" srcset=\"https:\/\/www.linkseride.com\/wp-content\/uploads\/2021\/06\/8-4.jpg 1024w, https:\/\/www.linkseride.com\/wp-content\/uploads\/2021\/06\/8-4-300x200.jpg 300w, https:\/\/www.linkseride.com\/wp-content\/uploads\/2021\/06\/8-4-768x512.jpg 768w, https:\/\/www.linkseride.com\/wp-content\/uploads\/2021\/06\/8-4-600x400.jpg 600w\" sizes=\"(max-width: 1024px) 100vw, 1024px\" \/><\/a>\n\t\t\t<\/div><\/figure><figure class='gallery-item'>\n\t\t\t<div class='gallery-icon landscape'>\n\t\t\t\t<a href=\"https:\/\/www.linkseride.com\/wp-content\/uploads\/2021\/06\/9-3.jpg\"><img loading=\"lazy\" decoding=\"async\" width=\"1024\" height=\"683\" src=\"https:\/\/www.linkseride.com\/wp-content\/uploads\/2021\/06\/9-3.jpg\" class=\"attachment-full size-full\" alt=\"grote band elektrische scooter\" srcset=\"https:\/\/www.linkseride.com\/wp-content\/uploads\/2021\/06\/9-3.jpg 1024w, https:\/\/www.linkseride.com\/wp-content\/uploads\/2021\/06\/9-3-300x200.jpg 300w, https:\/\/www.linkseride.com\/wp-content\/uploads\/2021\/06\/9-3-768x512.jpg 768w, https:\/\/www.linkseride.com\/wp-content\/uploads\/2021\/06\/9-3-600x400.jpg 600w\" sizes=\"(max-width: 1024px) 100vw, 1024px\" \/><\/a>\n\t\t\t<\/div><\/figure>\n\t\t<\/div>\n\n<p><strong>GEMAK <\/strong>\u00a0De grote voetsteun biedt comfort tijdens het rijden op deze M6 Big Tire elektrische scooter.<\/p>\n<div id='gallery-5' class='gallery galleryid-3490 gallery-columns-2 gallery-size-full'><figure class='gallery-item'>\n\t\t\t<div class='gallery-icon landscape'>\n\t\t\t\t<a href=\"https:\/\/www.linkseride.com\/wp-content\/uploads\/2021\/06\/11-3.jpg\"><img loading=\"lazy\" decoding=\"async\" width=\"1024\" height=\"683\" src=\"https:\/\/www.linkseride.com\/wp-content\/uploads\/2021\/06\/11-3.jpg\" class=\"attachment-full size-full\" alt=\"\" srcset=\"https:\/\/www.linkseride.com\/wp-content\/uploads\/2021\/06\/11-3.jpg 1024w, https:\/\/www.linkseride.com\/wp-content\/uploads\/2021\/06\/11-3-300x200.jpg 300w, https:\/\/www.linkseride.com\/wp-content\/uploads\/2021\/06\/11-3-768x512.jpg 768w, https:\/\/www.linkseride.com\/wp-content\/uploads\/2021\/06\/11-3-600x400.jpg 600w\" sizes=\"(max-width: 1024px) 100vw, 1024px\" \/><\/a>\n\t\t\t<\/div><\/figure><figure class='gallery-item'>\n\t\t\t<div class='gallery-icon landscape'>\n\t\t\t\t<a href=\"https:\/\/www.linkseride.com\/wp-content\/uploads\/2021\/06\/10-3.jpg\"><img loading=\"lazy\" decoding=\"async\" width=\"1024\" height=\"683\" src=\"https:\/\/www.linkseride.com\/wp-content\/uploads\/2021\/06\/10-3.jpg\" class=\"attachment-full size-full\" alt=\"grote band elektrische scooter\" srcset=\"https:\/\/www.linkseride.com\/wp-content\/uploads\/2021\/06\/10-3.jpg 1024w, https:\/\/www.linkseride.com\/wp-content\/uploads\/2021\/06\/10-3-300x200.jpg 300w, https:\/\/www.linkseride.com\/wp-content\/uploads\/2021\/06\/10-3-768x512.jpg 768w, https:\/\/www.linkseride.com\/wp-content\/uploads\/2021\/06\/10-3-600x400.jpg 600w\" sizes=\"(max-width: 1024px) 100vw, 1024px\" \/><\/a>\n\t\t\t<\/div><\/figure>\n\t\t<\/div>\n\n<\/div>\n<\/div>\n<p>We hebben ook een ander nieuw harley-vormig citycoco scootermodel, als je meer informatie nodig hebt, kun je<a href=\"https:\/\/www.linkseride.com\/nl\/fabrikant-van-elektrische-motorfietsen\/\" target=\"_blank\" rel=\"noopener\"> vind je hier.<\/a><\/p>\n<div class=\"ast-oembed-container\" style=\"height: 100%;\"><iframe title=\"M6 Grote Banden Elektrische Autoped Straat Brommer Dikke Band 2000W 3000W 65km\/h EEC COC Groothandelsprijs\" width=\"500\" height=\"281\" src=\"https:\/\/www.youtube.com\/embed\/QevR2hN8wUc?feature=oembed\" frameborder=\"0\" allow=\"accelerometer; autoplay; clipboard-write; encrypted-media; gyroscope; picture-in-picture; web-share\" referrerpolicy=\"strict-origin-when-cross-origin\" allowfullscreen><\/iframe><\/div>","protected":false},"excerpt":{"rendered":"<p>M6 Big Tire elektrische scooter combineert naadloos stijl met eco-slimme functie<\/p>\n<p>Met een laadvermogen van 440 pond kunnen maximaal twee berijders in stijl instappen.<\/p>\n<p>Fat Tire Scooter weegt 150 lbs met 30AH batterij.<\/p>\n<p>Optionele keuze: 1 of 2 zitplaatsen mogelijk, rugleuning met opbergvak mogelijk<\/p>\n<p><strong>\u25cf <\/strong>5A snellader, kan volledig worden opgeladen in 5~6 uur<\/p>","protected":false},"featured_media":3491,"template":"","meta":{"site-sidebar-layout":"default","site-content-layout":"default","ast-site-content-layout":"default","site-content-style":"default","site-sidebar-style":"default","ast-global-header-display":"","ast-banner-title-visibility":"","ast-main-header-display":"","ast-hfb-above-header-display":"","ast-hfb-below-header-display":"","ast-hfb-mobile-header-display":"","site-post-title":"","ast-breadcrumbs-content":"","ast-featured-img":"","footer-sml-layout":"","ast-disable-related-posts":"","theme-transparent-header-meta":"default","adv-header-id-meta":"","stick-header-meta":"","header-above-stick-meta":"","header-main-stick-meta":"","header-below-stick-meta":"","astra-migrate-meta-layouts":"default","ast-page-background-enabled":"default","ast-page-background-meta":{"desktop":{"background-color":"","background-image":"","background-repeat":"repeat","background-position":"center center","background-size":"auto","background-attachment":"scroll","background-type":"","background-media":"","overlay-type":"","overlay-color":"","overlay-opacity":"","overlay-gradient":""},"tablet":{"background-color":"","background-image":"","background-repeat":"repeat","background-position":"center center","background-size":"auto","background-attachment":"scroll","background-type":"","background-media":"","overlay-type":"","overlay-color":"","overlay-opacity":"","overlay-gradient":""},"mobile":{"background-color":"","background-image":"","background-repeat":"repeat","background-position":"center center","background-size":"auto","background-attachment":"scroll","background-type":"","background-media":"","overlay-type":"","overlay-color":"","overlay-opacity":"","overlay-gradient":""}},"ast-content-background-meta":{"desktop":{"background-color":"var(--ast-global-color-5)","background-image":"","background-repeat":"repeat","background-position":"center center","background-size":"auto","background-attachment":"scroll","background-type":"","background-media":"","overlay-type":"","overlay-color":"","overlay-opacity":"","overlay-gradient":""},"tablet":{"background-color":"var(--ast-global-color-5)","background-image":"","background-repeat":"repeat","background-position":"center center","background-size":"auto","background-attachment":"scroll","background-type":"","background-media":"","overlay-type":"","overlay-color":"","overlay-opacity":"","overlay-gradient":""},"mobile":{"background-color":"var(--ast-global-color-5)","background-image":"","background-repeat":"repeat","background-position":"center center","background-size":"auto","background-attachment":"scroll","background-type":"","background-media":"","overlay-type":"","overlay-color":"","overlay-opacity":"","overlay-gradient":""}}},"product_brand":[],"product_cat":[27,28],"product_tag":[38],"class_list":{"0":"post-3490","1":"product","2":"type-product","3":"status-publish","4":"has-post-thumbnail","6":"product_cat-electric-motorcycle","7":"product_cat-electric-scooter","8":"product_tag-citycoco-scooter","9":"desktop-align-left","10":"tablet-align-left","11":"mobile-align-left","13":"first","14":"instock","15":"shipping-taxable","16":"product-type-simple"},"_links":{"self":[{"href":"https:\/\/www.linkseride.com\/nl\/wp-json\/wp\/v2\/product\/3490","targetHints":{"allow":["GET"]}}],"collection":[{"href":"https:\/\/www.linkseride.com\/nl\/wp-json\/wp\/v2\/product"}],"about":[{"href":"https:\/\/www.linkseride.com\/nl\/wp-json\/wp\/v2\/types\/product"}],"wp:featuredmedia":[{"embeddable":true,"href":"https:\/\/www.linkseride.com\/nl\/wp-json\/wp\/v2\/media\/3491"}],"wp:attachment":[{"href":"https:\/\/www.linkseride.com\/nl\/wp-json\/wp\/v2\/media?parent=3490"}],"wp:term":[{"taxonomy":"product_brand","embeddable":true,"href":"https:\/\/www.linkseride.com\/nl\/wp-json\/wp\/v2\/product_brand?post=3490"},{"taxonomy":"product_cat","embeddable":true,"href":"https:\/\/www.linkseride.com\/nl\/wp-json\/wp\/v2\/product_cat?post=3490"},{"taxonomy":"product_tag","embeddable":true,"href":"https:\/\/www.linkseride.com\/nl\/wp-json\/wp\/v2\/product_tag?post=3490"}],"curies":[{"name":"wp","href":"https:\/\/api.w.org\/{rel}","templated":true}]}}