{"id":6570,"date":"2022-04-18T03:24:58","date_gmt":"2022-04-18T03:24:58","guid":{"rendered":"http:\/\/linkseride.com\/?post_type=product&#038;p=6570"},"modified":"2026-01-07T06:39:41","modified_gmt":"2026-01-07T06:39:41","slug":"linkseride-x6-one-person-golf-scooter","status":"publish","type":"product","link":"https:\/\/www.linkseride.com\/nl\/product\/linkseride-x6-one-person-golf-scooter\/","title":{"rendered":"Linkseride X7-2.0 \u00e9\u00e9npersoons golfscooter dikke band met upgrade achterrek"},"content":{"rendered":"<h2>Linkseride X7-2.0 \u00e9\u00e9npersoons golfscooter dikke band met upgrade achterrek<\/h2>\n<p>We zijn gepassioneerd over wat we doen met onze elektrische toekomst, waaronder <strong><a href=\"https:\/\/www.linkseride.com\/nl\/fabrikant-elektrische-scooters\/\" target=\"_blank\" rel=\"noopener\">elektrische scooters<\/a>, <a href=\"https:\/\/www.linkseride.com\/nl\/fabrikant-van-elektrische-motorfietsen\/\" target=\"_blank\" rel=\"noopener\">vette band scooter<\/a>, <a href=\"https:\/\/www.linkseride.com\/nl\/fabrikant-van-elektrische-motorfietsen\/\" target=\"_blank\" rel=\"noopener\">scooter citycoco<\/a>, <a href=\"https:\/\/www.linkseride.com\/nl\/fabrikant-elektrische-bromfietsen\/\" target=\"_blank\" rel=\"noopener\">elektrische bromfiets<\/a><\/strong> enz.<\/p>\n<p>Deze tweewiel elektrische golfkar scooter maakt gebruik van een lithium batterij, en het lichte gewicht en lage zwaartepunt zorgt voor een comfortabele, goed uitgebalanceerde rit. Links M6G 2000W 60V Elektrische Golfkar Scooter wordt geleverd met een 2000W QS Motor, gebouwd voor het wild en kan tot een verbazingwekkende ongekende 92% hoog rendement. De 60V 55A ge\u00efntegreerde controller bereikt acceleratie op korte termijn, tot 37Mph.<\/p>\n<div id='gallery-1' class='gallery galleryid-6570 gallery-columns-4 gallery-size-full'><figure class='gallery-item'>\n\t\t\t<div class='gallery-icon landscape'>\n\t\t\t\t<img fetchpriority=\"high\" decoding=\"async\" width=\"1280\" height=\"1280\" src=\"https:\/\/www.linkseride.com\/wp-content\/uploads\/2022\/04\/one-person-golf-scooter7.jpg\" class=\"attachment-full size-full\" alt=\"\" srcset=\"https:\/\/www.linkseride.com\/wp-content\/uploads\/2022\/04\/one-person-golf-scooter7.jpg 1280w, https:\/\/www.linkseride.com\/wp-content\/uploads\/2022\/04\/one-person-golf-scooter7-300x300.jpg 300w, https:\/\/www.linkseride.com\/wp-content\/uploads\/2022\/04\/one-person-golf-scooter7-1024x1024.jpg 1024w, https:\/\/www.linkseride.com\/wp-content\/uploads\/2022\/04\/one-person-golf-scooter7-150x150.jpg 150w, https:\/\/www.linkseride.com\/wp-content\/uploads\/2022\/04\/one-person-golf-scooter7-768x768.jpg 768w, https:\/\/www.linkseride.com\/wp-content\/uploads\/2022\/04\/one-person-golf-scooter7-12x12.jpg 12w, https:\/\/www.linkseride.com\/wp-content\/uploads\/2022\/04\/one-person-golf-scooter7-600x600.jpg 600w, https:\/\/www.linkseride.com\/wp-content\/uploads\/2022\/04\/one-person-golf-scooter7-100x100.jpg 100w\" sizes=\"(max-width: 1280px) 100vw, 1280px\" \/>\n\t\t\t<\/div><\/figure><figure class='gallery-item'>\n\t\t\t<div class='gallery-icon landscape'>\n\t\t\t\t<img decoding=\"async\" width=\"1280\" height=\"1280\" src=\"https:\/\/www.linkseride.com\/wp-content\/uploads\/2022\/04\/one-person-golf-scooter8.jpg\" class=\"attachment-full size-full\" alt=\"\" srcset=\"https:\/\/www.linkseride.com\/wp-content\/uploads\/2022\/04\/one-person-golf-scooter8.jpg 1280w, https:\/\/www.linkseride.com\/wp-content\/uploads\/2022\/04\/one-person-golf-scooter8-300x300.jpg 300w, https:\/\/www.linkseride.com\/wp-content\/uploads\/2022\/04\/one-person-golf-scooter8-1024x1024.jpg 1024w, https:\/\/www.linkseride.com\/wp-content\/uploads\/2022\/04\/one-person-golf-scooter8-150x150.jpg 150w, https:\/\/www.linkseride.com\/wp-content\/uploads\/2022\/04\/one-person-golf-scooter8-768x768.jpg 768w, https:\/\/www.linkseride.com\/wp-content\/uploads\/2022\/04\/one-person-golf-scooter8-12x12.jpg 12w, https:\/\/www.linkseride.com\/wp-content\/uploads\/2022\/04\/one-person-golf-scooter8-600x600.jpg 600w, https:\/\/www.linkseride.com\/wp-content\/uploads\/2022\/04\/one-person-golf-scooter8-100x100.jpg 100w\" sizes=\"(max-width: 1280px) 100vw, 1280px\" \/>\n\t\t\t<\/div><\/figure><figure class='gallery-item'>\n\t\t\t<div class='gallery-icon landscape'>\n\t\t\t\t<img decoding=\"async\" width=\"1280\" height=\"1280\" src=\"https:\/\/www.linkseride.com\/wp-content\/uploads\/2022\/04\/one-person-golf-scooter6.jpg\" class=\"attachment-full size-full\" alt=\"\" srcset=\"https:\/\/www.linkseride.com\/wp-content\/uploads\/2022\/04\/one-person-golf-scooter6.jpg 1280w, https:\/\/www.linkseride.com\/wp-content\/uploads\/2022\/04\/one-person-golf-scooter6-300x300.jpg 300w, https:\/\/www.linkseride.com\/wp-content\/uploads\/2022\/04\/one-person-golf-scooter6-1024x1024.jpg 1024w, https:\/\/www.linkseride.com\/wp-content\/uploads\/2022\/04\/one-person-golf-scooter6-150x150.jpg 150w, https:\/\/www.linkseride.com\/wp-content\/uploads\/2022\/04\/one-person-golf-scooter6-768x768.jpg 768w, https:\/\/www.linkseride.com\/wp-content\/uploads\/2022\/04\/one-person-golf-scooter6-12x12.jpg 12w, https:\/\/www.linkseride.com\/wp-content\/uploads\/2022\/04\/one-person-golf-scooter6-600x600.jpg 600w, https:\/\/www.linkseride.com\/wp-content\/uploads\/2022\/04\/one-person-golf-scooter6-100x100.jpg 100w\" sizes=\"(max-width: 1280px) 100vw, 1280px\" \/>\n\t\t\t<\/div><\/figure><figure class='gallery-item'>\n\t\t\t<div class='gallery-icon landscape'>\n\t\t\t\t<img loading=\"lazy\" decoding=\"async\" width=\"1280\" height=\"1280\" src=\"https:\/\/www.linkseride.com\/wp-content\/uploads\/2022\/04\/one-person-golf-scooter10.jpg\" class=\"attachment-full size-full\" alt=\"golfscooter voor \u00e9\u00e9n persoon\" srcset=\"https:\/\/www.linkseride.com\/wp-content\/uploads\/2022\/04\/one-person-golf-scooter10.jpg 1280w, https:\/\/www.linkseride.com\/wp-content\/uploads\/2022\/04\/one-person-golf-scooter10-300x300.jpg 300w, https:\/\/www.linkseride.com\/wp-content\/uploads\/2022\/04\/one-person-golf-scooter10-1024x1024.jpg 1024w, https:\/\/www.linkseride.com\/wp-content\/uploads\/2022\/04\/one-person-golf-scooter10-150x150.jpg 150w, https:\/\/www.linkseride.com\/wp-content\/uploads\/2022\/04\/one-person-golf-scooter10-768x768.jpg 768w, https:\/\/www.linkseride.com\/wp-content\/uploads\/2022\/04\/one-person-golf-scooter10-12x12.jpg 12w, https:\/\/www.linkseride.com\/wp-content\/uploads\/2022\/04\/one-person-golf-scooter10-600x600.jpg 600w, https:\/\/www.linkseride.com\/wp-content\/uploads\/2022\/04\/one-person-golf-scooter10-100x100.jpg 100w\" sizes=\"(max-width: 1280px) 100vw, 1280px\" \/>\n\t\t\t<\/div><\/figure>\n\t\t<\/div>\n\n<p><img loading=\"lazy\" decoding=\"async\" class=\"alignnone wp-image-11018 size-full\" src=\"https:\/\/www.linkseride.com\/wp-content\/uploads\/2022\/04\/X6X7-1.png\" alt=\"\" width=\"1280\" height=\"720\" srcset=\"https:\/\/www.linkseride.com\/wp-content\/uploads\/2022\/04\/X6X7-1.png 1280w, https:\/\/www.linkseride.com\/wp-content\/uploads\/2022\/04\/X6X7-1-300x169.png 300w, https:\/\/www.linkseride.com\/wp-content\/uploads\/2022\/04\/X6X7-1-1024x576.png 1024w, https:\/\/www.linkseride.com\/wp-content\/uploads\/2022\/04\/X6X7-1-768x432.png 768w, https:\/\/www.linkseride.com\/wp-content\/uploads\/2022\/04\/X6X7-1-600x338.png 600w\" sizes=\"(max-width: 1280px) 100vw, 1280px\" \/><\/p>\n<h2>Different Rear Rack Options with the\u00a0 X7 two wheeler One Person Golf Scooter<\/h2>\n<table style=\"border-collapse: collapse; width: 1139px; height: 565px;\" border=\"0\" width=\"307\" cellspacing=\"0\" cellpadding=\"0\">\n<tbody>\n<tr style=\"height: 68.00pt;\">\n<td class=\"et3\" style=\"height: 68pt; width: 102.45pt; text-align: center;\" width=\"102\" height=\"68\">\n<h5>X7 tweewieler golf<\/h5>\n<h5>(standaard)<\/h5>\n<\/td>\n<td class=\"et3\" style=\"width: 102.45pt; text-align: center;\" width=\"102\"><strong>X7 1.0 tweewieler golf<\/strong><\/td>\n<td class=\"et3\" style=\"width: 102.45pt; text-align: center;\" width=\"102\">\n<h5><strong>X7 2.0 tweewieler golf<\/strong><\/h5>\n<h5>(standaard)<\/h5>\n<\/td>\n<\/tr>\n<tr style=\"height: 16.80pt;\">\n<td class=\"et3\" style=\"height: 16.80pt; width: 102.45pt;\" width=\"102\" height=\"16\"><img loading=\"lazy\" decoding=\"async\" class=\"size-medium wp-image-11412 aligncenter\" src=\"https:\/\/www.linkseride.com\/wp-content\/uploads\/2022\/04\/one-person-golf-scooter-1-300x300.jpg\" alt=\"golfscooter voor \u00e9\u00e9n persoon\" width=\"300\" height=\"300\" srcset=\"https:\/\/www.linkseride.com\/wp-content\/uploads\/2022\/04\/one-person-golf-scooter-1-300x300.jpg 300w, https:\/\/www.linkseride.com\/wp-content\/uploads\/2022\/04\/one-person-golf-scooter-1-1024x1024.jpg 1024w, https:\/\/www.linkseride.com\/wp-content\/uploads\/2022\/04\/one-person-golf-scooter-1-150x150.jpg 150w, https:\/\/www.linkseride.com\/wp-content\/uploads\/2022\/04\/one-person-golf-scooter-1-768x768.jpg 768w, https:\/\/www.linkseride.com\/wp-content\/uploads\/2022\/04\/one-person-golf-scooter-1-12x12.jpg 12w, https:\/\/www.linkseride.com\/wp-content\/uploads\/2022\/04\/one-person-golf-scooter-1-600x600.jpg 600w, https:\/\/www.linkseride.com\/wp-content\/uploads\/2022\/04\/one-person-golf-scooter-1-100x100.jpg 100w, https:\/\/www.linkseride.com\/wp-content\/uploads\/2022\/04\/one-person-golf-scooter-1.jpg 1040w\" sizes=\"(max-width: 300px) 100vw, 300px\" \/><\/td>\n<td class=\"et3\" style=\"width: 102.45pt;\" width=\"102\"><img loading=\"lazy\" decoding=\"async\" class=\"size-medium wp-image-11413 aligncenter\" src=\"https:\/\/www.linkseride.com\/wp-content\/uploads\/2022\/04\/one-person-golf-scooter-2-300x300.jpg\" alt=\"golfscooter voor \u00e9\u00e9n persoon\" width=\"300\" height=\"300\" srcset=\"https:\/\/www.linkseride.com\/wp-content\/uploads\/2022\/04\/one-person-golf-scooter-2-300x300.jpg 300w, https:\/\/www.linkseride.com\/wp-content\/uploads\/2022\/04\/one-person-golf-scooter-2-1024x1024.jpg 1024w, https:\/\/www.linkseride.com\/wp-content\/uploads\/2022\/04\/one-person-golf-scooter-2-150x150.jpg 150w, https:\/\/www.linkseride.com\/wp-content\/uploads\/2022\/04\/one-person-golf-scooter-2-768x768.jpg 768w, https:\/\/www.linkseride.com\/wp-content\/uploads\/2022\/04\/one-person-golf-scooter-2-12x12.jpg 12w, https:\/\/www.linkseride.com\/wp-content\/uploads\/2022\/04\/one-person-golf-scooter-2-600x600.jpg 600w, https:\/\/www.linkseride.com\/wp-content\/uploads\/2022\/04\/one-person-golf-scooter-2-100x100.jpg 100w, https:\/\/www.linkseride.com\/wp-content\/uploads\/2022\/04\/one-person-golf-scooter-2.jpg 1040w\" sizes=\"(max-width: 300px) 100vw, 300px\" \/><\/td>\n<td class=\"et3\" style=\"width: 102.45pt;\" width=\"102\"><img loading=\"lazy\" decoding=\"async\" class=\"size-medium wp-image-11406 aligncenter\" src=\"https:\/\/www.linkseride.com\/wp-content\/uploads\/2022\/04\/one-person-golf-scooter10-300x300.jpg\" alt=\"golfscooter voor \u00e9\u00e9n persoon\" width=\"300\" height=\"300\" srcset=\"https:\/\/www.linkseride.com\/wp-content\/uploads\/2022\/04\/one-person-golf-scooter10-300x300.jpg 300w, https:\/\/www.linkseride.com\/wp-content\/uploads\/2022\/04\/one-person-golf-scooter10-1024x1024.jpg 1024w, https:\/\/www.linkseride.com\/wp-content\/uploads\/2022\/04\/one-person-golf-scooter10-150x150.jpg 150w, https:\/\/www.linkseride.com\/wp-content\/uploads\/2022\/04\/one-person-golf-scooter10-768x768.jpg 768w, https:\/\/www.linkseride.com\/wp-content\/uploads\/2022\/04\/one-person-golf-scooter10-12x12.jpg 12w, https:\/\/www.linkseride.com\/wp-content\/uploads\/2022\/04\/one-person-golf-scooter10-600x600.jpg 600w, https:\/\/www.linkseride.com\/wp-content\/uploads\/2022\/04\/one-person-golf-scooter10-100x100.jpg 100w, https:\/\/www.linkseride.com\/wp-content\/uploads\/2022\/04\/one-person-golf-scooter10.jpg 1280w\" sizes=\"(max-width: 300px) 100vw, 300px\" \/><\/td>\n<\/tr>\n<tr style=\"height: 16.80pt;\">\n<td class=\"et3\" style=\"height: 16.80pt; width: 102.45pt;\" width=\"102\" height=\"16\">Opmerking: standaard X7 scooter (2 zitplaatsen) met toevoeging van het golfrek. 2 rack opties om uit te kiezen. Gedetailleerde foto's graag bevestigen met ons verkoopteam. E-mail: <a href=\"mailto:info@linkseride.com\">info@linkseride.com<\/a><\/td>\n<td class=\"et3\" style=\"width: 102.45pt;\" width=\"102\">Opmerking: OEM-ontwerp met enkel zadel. Achtermand toevoegen voor koelbox. OEM-golfrek.<\/td>\n<td class=\"et3\" style=\"width: 102.45pt;\" width=\"102\">Opmerking: Upgrade opbergrek achter met golfrek achter. Enkele zitplaats maar met grotere afmetingen voor een betere ervaring.<\/td>\n<\/tr>\n<\/tbody>\n<\/table>\n<p>&nbsp;<\/p>\n<h2>what is the features of this X7-2.0 One Person Golf Scooter<\/h2>\n<ul>\n<li>Upgrade rear rack with is more friendly to user<\/li>\n<li><strong>NIEUW &amp; VERBETERD<\/strong>\u00a0<strong>20AH batterij <\/strong>biedt 18+ holes range<\/li>\n<li>standaard 5ah oplader, oplaadtijd in 4-6 uur<\/li>\n<li>kickstand uitschakelfunctie<\/li>\n<li>comfortable coushioned seats<\/li>\n<li>golf verschillende golf rack optioneel voor OEM<\/li>\n<\/ul>\n<table>\n<tbody>\n<tr>\n<td>Motorvermogen<\/td>\n<td>1500w\/2000w<\/td>\n<\/tr>\n<tr>\n<td>Maximale snelheid<\/td>\n<td>45 km\/u<\/td>\n<\/tr>\n<tr>\n<td>Max. bereik<\/td>\n<td>60 km<\/td>\n<\/tr>\n<tr>\n<td>Batterijcapaciteit<\/td>\n<td>60V12Ah\/20Ah<\/td>\n<\/tr>\n<tr>\n<td>Materiaal frame<\/td>\n<td>Naadloze stalen buis<\/td>\n<\/tr>\n<tr>\n<td>Velgen<\/td>\n<td>8inch<\/td>\n<\/tr>\n<tr>\n<td>Max belading<\/td>\n<td>200 kg<\/td>\n<\/tr>\n<tr>\n<td>Maximaal klimmen<\/td>\n<td>30\u00b0<\/td>\n<\/tr>\n<tr>\n<td>Rem<\/td>\n<td>Hydraulische schijfrem voor en achter<\/td>\n<\/tr>\n<tr>\n<td>Verpakkingsgrootte<\/td>\n<td>191x37x85cm<\/td>\n<\/tr>\n<tr>\n<td>N.W\/G.W<\/td>\n<td>89 kg<\/td>\n<\/tr>\n<\/tbody>\n<\/table>\n<div class=\"rte\">\n<div class=\"rte\">\n<p>&nbsp;<\/p>\n<\/div>\n<\/div>\n<h2>Why choosing this kind of X7 2.0 One Person Golf Scooter?<\/h2>\n<p>Golfers love how the single rider movement provides people the option of riding their favorite vehicles without having to travel thousands of miles. During the pandemic time, everybody needs to keep social distance by using personal electric transportation in parties.<\/p>\n<p>We hebben ook andere elektrische single rider golfscooter modellen, als je meer informatie nodig hebt, kun je<a href=\"https:\/\/www.linkseride.com\/nl\/vette-band-golf-scooter-golf-cart-trouring\/\" target=\"_blank\" rel=\"noopener\"> vind je hier.<\/a><\/p>\n<p>Meer introductievideo's vind je hier: <a href=\"https:\/\/www.youtube.com\/c\/LinksErideTech\" target=\"_blank\" rel=\"noopener\">https:\/\/www.youtube.com\/c\/LinksErideTech<\/a><\/p>\n<div class=\"ast-oembed-container\" style=\"height: 100%;\"><iframe title=\"Linkseride X7 Single Rider Elektrische Golf Scooter Tweewieler Scooter\" width=\"500\" height=\"281\" src=\"https:\/\/www.youtube.com\/embed\/peoTQBpCvrg?feature=oembed&#038;enablejsapi=1&#038;origin=https:\/\/www.linkseride.com\" frameborder=\"0\" allow=\"accelerometer; autoplay; clipboard-write; encrypted-media; gyroscope; picture-in-picture; web-share\" referrerpolicy=\"strict-origin-when-cross-origin\" allowfullscreen><\/iframe><\/div>","protected":false},"excerpt":{"rendered":"<p>\u25cf One person golf scooter with 2000w rated power electric hub motor<\/p>\n<p>\u25cf <strong>NIEUW &amp; VERBETERD<\/strong>\u00a0<strong>20AH batterij <\/strong>biedt 18+ holes range<\/p>\n<p>Standaard 5ah oplader, oplaadtijd in 4-6 uur<\/p>\n<p>\u25cf golf different golf rack optional for OEM<\/p>","protected":false},"featured_media":11407,"template":"","meta":{"site-sidebar-layout":"default","site-content-layout":"default","ast-site-content-layout":"default","site-content-style":"default","site-sidebar-style":"default","ast-global-header-display":"","ast-banner-title-visibility":"","ast-main-header-display":"","ast-hfb-above-header-display":"","ast-hfb-below-header-display":"","ast-hfb-mobile-header-display":"","site-post-title":"","ast-breadcrumbs-content":"","ast-featured-img":"","footer-sml-layout":"","ast-disable-related-posts":"","theme-transparent-header-meta":"default","adv-header-id-meta":"","stick-header-meta":"","header-above-stick-meta":"","header-main-stick-meta":"","header-below-stick-meta":"","astra-migrate-meta-layouts":"set","ast-page-background-enabled":"default","ast-page-background-meta":{"desktop":{"background-color":"","background-image":"","background-repeat":"repeat","background-position":"center center","background-size":"auto","background-attachment":"scroll","background-type":"","background-media":"","overlay-type":"","overlay-color":"","overlay-opacity":"","overlay-gradient":""},"tablet":{"background-color":"","background-image":"","background-repeat":"repeat","background-position":"center center","background-size":"auto","background-attachment":"scroll","background-type":"","background-media":"","overlay-type":"","overlay-color":"","overlay-opacity":"","overlay-gradient":""},"mobile":{"background-color":"","background-image":"","background-repeat":"repeat","background-position":"center center","background-size":"auto","background-attachment":"scroll","background-type":"","background-media":"","overlay-type":"","overlay-color":"","overlay-opacity":"","overlay-gradient":""}},"ast-content-background-meta":{"desktop":{"background-color":"var(--ast-global-color-5)","background-image":"","background-repeat":"repeat","background-position":"center center","background-size":"auto","background-attachment":"scroll","background-type":"","background-media":"","overlay-type":"","overlay-color":"","overlay-opacity":"","overlay-gradient":""},"tablet":{"background-color":"var(--ast-global-color-5)","background-image":"","background-repeat":"repeat","background-position":"center center","background-size":"auto","background-attachment":"scroll","background-type":"","background-media":"","overlay-type":"","overlay-color":"","overlay-opacity":"","overlay-gradient":""},"mobile":{"background-color":"var(--ast-global-color-5)","background-image":"","background-repeat":"repeat","background-position":"center center","background-size":"auto","background-attachment":"scroll","background-type":"","background-media":"","overlay-type":"","overlay-color":"","overlay-opacity":"","overlay-gradient":""}}},"product_brand":[],"product_cat":[45],"product_tag":[38],"class_list":{"0":"post-6570","1":"product","2":"type-product","3":"status-publish","4":"has-post-thumbnail","6":"product_cat-electric-golf-scooter","7":"product_tag-citycoco-scooter","8":"desktop-align-left","9":"tablet-align-left","10":"mobile-align-left","12":"first","13":"instock","14":"shipping-taxable","15":"product-type-simple"},"_links":{"self":[{"href":"https:\/\/www.linkseride.com\/nl\/wp-json\/wp\/v2\/product\/6570","targetHints":{"allow":["GET"]}}],"collection":[{"href":"https:\/\/www.linkseride.com\/nl\/wp-json\/wp\/v2\/product"}],"about":[{"href":"https:\/\/www.linkseride.com\/nl\/wp-json\/wp\/v2\/types\/product"}],"wp:featuredmedia":[{"embeddable":true,"href":"https:\/\/www.linkseride.com\/nl\/wp-json\/wp\/v2\/media\/11407"}],"wp:attachment":[{"href":"https:\/\/www.linkseride.com\/nl\/wp-json\/wp\/v2\/media?parent=6570"}],"wp:term":[{"taxonomy":"product_brand","embeddable":true,"href":"https:\/\/www.linkseride.com\/nl\/wp-json\/wp\/v2\/product_brand?post=6570"},{"taxonomy":"product_cat","embeddable":true,"href":"https:\/\/www.linkseride.com\/nl\/wp-json\/wp\/v2\/product_cat?post=6570"},{"taxonomy":"product_tag","embeddable":true,"href":"https:\/\/www.linkseride.com\/nl\/wp-json\/wp\/v2\/product_tag?post=6570"}],"curies":[{"name":"wp","href":"https:\/\/api.w.org\/{rel}","templated":true}]}}