{"id":6577,"date":"2022-04-18T07:48:30","date_gmt":"2022-04-18T07:48:30","guid":{"rendered":"http:\/\/linkseride.com\/?post_type=product&#038;p=6577"},"modified":"2026-01-07T06:51:12","modified_gmt":"2026-01-07T06:51:12","slug":"x7-eenpersoons-golfscooter","status":"publish","type":"product","link":"https:\/\/www.linkseride.com\/nl\/product\/x7-single-person-golf-scooter\/","title":{"rendered":"Linkseride X7 Golf Scooter voor \u00e9\u00e9n persoon Scooter op twee wielen"},"content":{"rendered":"<h2>Linkseride X7 Golf Scooter voor \u00e9\u00e9n persoon<\/h2>\n<p>We zijn gepassioneerd over wat we doen met onze elektrische toekomst, waaronder <strong>elektrische scooters, <a href=\"https:\/\/www.linkseride.com\/nl\/fabrikant-van-elektrische-motorfietsen\/\" target=\"_blank\" rel=\"noopener\">vette band scooter<\/a>, <a href=\"https:\/\/www.linkseride.com\/nl\/fabrikant-van-elektrische-motorfietsen\/\" target=\"_blank\" rel=\"noopener\">scooter citycoco<\/a>, <a href=\"https:\/\/www.linkseride.com\/nl\/fabrikant-elektrische-bromfietsen\/\" target=\"_blank\" rel=\"noopener\">elektrische bromfiets<\/a><\/strong> enz.<\/p>\n<p>Deze tweewiel single person golfscooter maakt gebruik van een verwisselbare lithium accu, en de brede voetsteun zorgt voor een comfortabele, evenwichtige rit.<\/p>\n<div id='gallery-1' class='gallery galleryid-6577 gallery-columns-2 gallery-size-full'><figure class='gallery-item'>\n\t\t\t<div class='gallery-icon landscape'>\n\t\t\t\t<img fetchpriority=\"high\" decoding=\"async\" width=\"1200\" height=\"1200\" src=\"https:\/\/www.linkseride.com\/wp-content\/uploads\/2022\/04\/linkseridetwowheelgolfscooterX7-1.jpg\" class=\"attachment-full size-full\" alt=\"\u00e9\u00e9npersoons golfscooter\" srcset=\"https:\/\/www.linkseride.com\/wp-content\/uploads\/2022\/04\/linkseridetwowheelgolfscooterX7-1.jpg 1200w, https:\/\/www.linkseride.com\/wp-content\/uploads\/2022\/04\/linkseridetwowheelgolfscooterX7-1-300x300.jpg 300w, https:\/\/www.linkseride.com\/wp-content\/uploads\/2022\/04\/linkseridetwowheelgolfscooterX7-1-1024x1024.jpg 1024w, https:\/\/www.linkseride.com\/wp-content\/uploads\/2022\/04\/linkseridetwowheelgolfscooterX7-1-150x150.jpg 150w, https:\/\/www.linkseride.com\/wp-content\/uploads\/2022\/04\/linkseridetwowheelgolfscooterX7-1-768x768.jpg 768w, https:\/\/www.linkseride.com\/wp-content\/uploads\/2022\/04\/linkseridetwowheelgolfscooterX7-1-600x600.jpg 600w, https:\/\/www.linkseride.com\/wp-content\/uploads\/2022\/04\/linkseridetwowheelgolfscooterX7-1-100x100.jpg 100w\" sizes=\"(max-width: 1200px) 100vw, 1200px\" \/>\n\t\t\t<\/div><\/figure><figure class='gallery-item'>\n\t\t\t<div class='gallery-icon landscape'>\n\t\t\t\t<img decoding=\"async\" width=\"1200\" height=\"1200\" src=\"https:\/\/www.linkseride.com\/wp-content\/uploads\/2022\/04\/linkseridetwowheelgolfscooterX7-5.jpg\" class=\"attachment-full size-full\" alt=\"\u00e9\u00e9npersoons golfscooter\" srcset=\"https:\/\/www.linkseride.com\/wp-content\/uploads\/2022\/04\/linkseridetwowheelgolfscooterX7-5.jpg 1200w, https:\/\/www.linkseride.com\/wp-content\/uploads\/2022\/04\/linkseridetwowheelgolfscooterX7-5-300x300.jpg 300w, https:\/\/www.linkseride.com\/wp-content\/uploads\/2022\/04\/linkseridetwowheelgolfscooterX7-5-1024x1024.jpg 1024w, https:\/\/www.linkseride.com\/wp-content\/uploads\/2022\/04\/linkseridetwowheelgolfscooterX7-5-150x150.jpg 150w, https:\/\/www.linkseride.com\/wp-content\/uploads\/2022\/04\/linkseridetwowheelgolfscooterX7-5-768x768.jpg 768w, https:\/\/www.linkseride.com\/wp-content\/uploads\/2022\/04\/linkseridetwowheelgolfscooterX7-5-600x600.jpg 600w, https:\/\/www.linkseride.com\/wp-content\/uploads\/2022\/04\/linkseridetwowheelgolfscooterX7-5-100x100.jpg 100w\" sizes=\"(max-width: 1200px) 100vw, 1200px\" \/>\n\t\t\t<\/div><\/figure>\n\t\t<\/div>\n\n<h2><\/h2>\n<h2><img decoding=\"async\" class=\"alignnone wp-image-11018 size-full\" src=\"https:\/\/www.linkseride.com\/wp-content\/uploads\/2022\/04\/X6X7-1.png\" alt=\"\" width=\"1280\" height=\"720\" srcset=\"https:\/\/www.linkseride.com\/wp-content\/uploads\/2022\/04\/X6X7-1.png 1280w, https:\/\/www.linkseride.com\/wp-content\/uploads\/2022\/04\/X6X7-1-300x169.png 300w, https:\/\/www.linkseride.com\/wp-content\/uploads\/2022\/04\/X6X7-1-1024x576.png 1024w, https:\/\/www.linkseride.com\/wp-content\/uploads\/2022\/04\/X6X7-1-768x432.png 768w, https:\/\/www.linkseride.com\/wp-content\/uploads\/2022\/04\/X6X7-1-600x338.png 600w\" sizes=\"(max-width: 1280px) 100vw, 1280px\" \/><\/h2>\n<h2>Verschillende achterrekopties voor deze X7 \u00e9\u00e9npersoons golfscooter?<\/h2>\n<table style=\"border-collapse: collapse; width: 1137px; height: 575px;\" border=\"0\" width=\"307\" cellspacing=\"0\" cellpadding=\"0\">\n<tbody>\n<tr style=\"height: 68.00pt;\">\n<td class=\"et3\" style=\"height: 68pt; width: 102.45pt; text-align: center;\" width=\"102\" height=\"68\">\n<h5><strong>X7 tweewieler golf<\/strong><\/h5>\n<p>(standaard)<\/td>\n<td class=\"et3\" style=\"width: 102.45pt; text-align: center;\" width=\"102\">\n<h5><strong>X7 1.0 tweewieler golf<\/strong><\/h5>\n<\/td>\n<td class=\"et3\" style=\"width: 102.45pt; text-align: center;\" width=\"102\">\n<h5><strong>X7 2.0 tweewieler golf<\/strong><\/h5>\n<p>(standaard)<\/td>\n<\/tr>\n<tr style=\"height: 16.80pt;\">\n<td class=\"et3\" style=\"height: 16.80pt; width: 102.45pt;\" width=\"102\" height=\"16\"><img loading=\"lazy\" decoding=\"async\" class=\"size-medium wp-image-11412 aligncenter\" src=\"https:\/\/www.linkseride.com\/wp-content\/uploads\/2022\/04\/one-person-golf-scooter-1-300x300.jpg\" alt=\"E\u00e9npersoons-golfscooter\" width=\"300\" height=\"300\" srcset=\"https:\/\/www.linkseride.com\/wp-content\/uploads\/2022\/04\/one-person-golf-scooter-1-300x300.jpg 300w, https:\/\/www.linkseride.com\/wp-content\/uploads\/2022\/04\/one-person-golf-scooter-1-1024x1024.jpg 1024w, https:\/\/www.linkseride.com\/wp-content\/uploads\/2022\/04\/one-person-golf-scooter-1-150x150.jpg 150w, https:\/\/www.linkseride.com\/wp-content\/uploads\/2022\/04\/one-person-golf-scooter-1-768x768.jpg 768w, https:\/\/www.linkseride.com\/wp-content\/uploads\/2022\/04\/one-person-golf-scooter-1-12x12.jpg 12w, https:\/\/www.linkseride.com\/wp-content\/uploads\/2022\/04\/one-person-golf-scooter-1-600x600.jpg 600w, https:\/\/www.linkseride.com\/wp-content\/uploads\/2022\/04\/one-person-golf-scooter-1-100x100.jpg 100w, https:\/\/www.linkseride.com\/wp-content\/uploads\/2022\/04\/one-person-golf-scooter-1.jpg 1040w\" sizes=\"(max-width: 300px) 100vw, 300px\" \/><\/td>\n<td class=\"et3\" style=\"width: 102.45pt;\" width=\"102\"><img loading=\"lazy\" decoding=\"async\" class=\"size-medium wp-image-11413 aligncenter\" src=\"https:\/\/www.linkseride.com\/wp-content\/uploads\/2022\/04\/one-person-golf-scooter-2-300x300.jpg\" alt=\"E\u00e9npersoons-golfscooter\" width=\"300\" height=\"300\" srcset=\"https:\/\/www.linkseride.com\/wp-content\/uploads\/2022\/04\/one-person-golf-scooter-2-300x300.jpg 300w, https:\/\/www.linkseride.com\/wp-content\/uploads\/2022\/04\/one-person-golf-scooter-2-1024x1024.jpg 1024w, https:\/\/www.linkseride.com\/wp-content\/uploads\/2022\/04\/one-person-golf-scooter-2-150x150.jpg 150w, https:\/\/www.linkseride.com\/wp-content\/uploads\/2022\/04\/one-person-golf-scooter-2-768x768.jpg 768w, https:\/\/www.linkseride.com\/wp-content\/uploads\/2022\/04\/one-person-golf-scooter-2-12x12.jpg 12w, https:\/\/www.linkseride.com\/wp-content\/uploads\/2022\/04\/one-person-golf-scooter-2-600x600.jpg 600w, https:\/\/www.linkseride.com\/wp-content\/uploads\/2022\/04\/one-person-golf-scooter-2-100x100.jpg 100w, https:\/\/www.linkseride.com\/wp-content\/uploads\/2022\/04\/one-person-golf-scooter-2.jpg 1040w\" sizes=\"(max-width: 300px) 100vw, 300px\" \/><\/td>\n<td class=\"et3\" style=\"width: 102.45pt;\" width=\"102\"><img loading=\"lazy\" decoding=\"async\" class=\"size-medium wp-image-11406 aligncenter\" src=\"https:\/\/www.linkseride.com\/wp-content\/uploads\/2022\/04\/one-person-golf-scooter10-300x300.jpg\" alt=\"golfscooter voor \u00e9\u00e9n persoon\" width=\"300\" height=\"300\" srcset=\"https:\/\/www.linkseride.com\/wp-content\/uploads\/2022\/04\/one-person-golf-scooter10-300x300.jpg 300w, https:\/\/www.linkseride.com\/wp-content\/uploads\/2022\/04\/one-person-golf-scooter10-1024x1024.jpg 1024w, https:\/\/www.linkseride.com\/wp-content\/uploads\/2022\/04\/one-person-golf-scooter10-150x150.jpg 150w, https:\/\/www.linkseride.com\/wp-content\/uploads\/2022\/04\/one-person-golf-scooter10-768x768.jpg 768w, https:\/\/www.linkseride.com\/wp-content\/uploads\/2022\/04\/one-person-golf-scooter10-12x12.jpg 12w, https:\/\/www.linkseride.com\/wp-content\/uploads\/2022\/04\/one-person-golf-scooter10-600x600.jpg 600w, https:\/\/www.linkseride.com\/wp-content\/uploads\/2022\/04\/one-person-golf-scooter10-100x100.jpg 100w, https:\/\/www.linkseride.com\/wp-content\/uploads\/2022\/04\/one-person-golf-scooter10.jpg 1280w\" sizes=\"(max-width: 300px) 100vw, 300px\" \/><\/td>\n<\/tr>\n<tr style=\"height: 168.00pt;\">\n<td class=\"et3\" style=\"height: 168.00pt; width: 102.45pt;\" width=\"102\" height=\"168\">Opmerking: standaard X7 scooter (2 zitplaatsen) met toevoeging van het golfrek. 2 rack opties om uit te kiezen. Gedetailleerde foto's graag bevestigen met ons verkoopteam. E-mail: <a href=\"mailto:info@linkseride.com\">info@linkseride.com<\/a><\/td>\n<td class=\"et3\" style=\"width: 102.45pt;\" width=\"102\">Opmerking: OEM-ontwerp met enkel zadel. Achtermand toevoegen voor koelbox. OEM-golfrek.<\/td>\n<td class=\"et3\" style=\"width: 102.45pt;\" width=\"102\">Opmerking: Upgrade opbergrek achter met golfrek achter. Enkele zitplaats maar met grotere afmetingen voor een betere ervaring.<\/td>\n<\/tr>\n<\/tbody>\n<\/table>\n<h2>Wat zijn de kenmerken van deze X7 Golf Scooter voor \u00e9\u00e9n persoon?<\/h2>\n<ul>\n<li>2000w nominaal vermogen elektrische naafmotor<\/li>\n<li><strong>60v<\/strong>\u00a0<strong>20AH batterij <\/strong>biedt 18+ holes range<\/li>\n<li>standaard 5ah oplader, oplaadtijd in 4-6 uur<\/li>\n<li>Optie voor 2 zitplaatsen met gedempt materiaal voor een beter rijgevoel<\/li>\n<li>golf verschillende golf rack optioneel voor OEM<\/li>\n<\/ul>\n<table>\n<tbody>\n<tr>\n<td>Motorvermogen<\/td>\n<td>2000w<\/td>\n<\/tr>\n<tr>\n<td>Maximale snelheid<\/td>\n<td>45 km\/u<\/td>\n<\/tr>\n<tr>\n<td>Max. bereik<\/td>\n<td>60 km<\/td>\n<\/tr>\n<tr>\n<td>Batterijcapaciteit<\/td>\n<td>60V 20Ah<\/td>\n<\/tr>\n<tr>\n<td>Materiaal frame<\/td>\n<td>Naadloze stalen buis<\/td>\n<\/tr>\n<tr>\n<td>Velgen<\/td>\n<td>8inch<\/td>\n<\/tr>\n<tr>\n<td>Max belading<\/td>\n<td>200 kg<\/td>\n<\/tr>\n<tr>\n<td>Maximaal klimmen<\/td>\n<td>30\u00b0<\/td>\n<\/tr>\n<tr>\n<td>Rem<\/td>\n<td>Hydraulische schijfrem voor en achter<\/td>\n<\/tr>\n<tr>\n<td>Verpakkingsgrootte<\/td>\n<td>191x37x85cm<\/td>\n<\/tr>\n<tr>\n<td>N.W\/G.W<\/td>\n<td>89 kg<\/td>\n<\/tr>\n<\/tbody>\n<\/table>\n<h2>Waarom kiezen voor deze soort One Person Golf Scooter?<\/h2>\n<p>We hebben ook andere elektrische single rider golfscooter modellen, als je meer informatie nodig hebt, kun je<a href=\"https:\/\/www.linkseride.com\/nl\/vette-band-golf-scooter-golf-cart-trouring\/\" target=\"_blank\" rel=\"noopener\"> vind je hier.<\/a><\/p>\n<p>Meer introductievideo's vind je hier: <a href=\"https:\/\/www.youtube.com\/c\/LinksErideTech\" target=\"_blank\" rel=\"noopener\">https:\/\/www.youtube.com\/c\/LinksErideTech<\/a><\/p>\n<div class=\"ast-oembed-container\" style=\"height: 100%;\"><iframe title=\"Linkseride X7 Single Rider Elektrische Golf Scooter Tweewieler Scooter\" width=\"500\" height=\"281\" src=\"https:\/\/www.youtube.com\/embed\/peoTQBpCvrg?feature=oembed&#038;enablejsapi=1&#038;origin=https:\/\/www.linkseride.com\" frameborder=\"0\" allow=\"accelerometer; autoplay; clipboard-write; encrypted-media; gyroscope; picture-in-picture; web-share\" referrerpolicy=\"strict-origin-when-cross-origin\" allowfullscreen><\/iframe><\/div>","protected":false},"excerpt":{"rendered":"<p>X7 \u00e9\u00e9npersoons golfscooter met 2000w elektrische naafmotor<\/p>\n<p>60v 20AH batterij biedt 18+ holes bereik<\/p>\n<p>Standaard 5ah oplader, oplaadtijd in 4-6 uur<\/p>\n<p>Optie met 2 zitplaatsen met gedempt materiaal voor een beter rijgevoel<\/p>","protected":false},"featured_media":6589,"template":"","meta":{"site-sidebar-layout":"default","site-content-layout":"default","ast-site-content-layout":"default","site-content-style":"default","site-sidebar-style":"default","ast-global-header-display":"","ast-banner-title-visibility":"","ast-main-header-display":"","ast-hfb-above-header-display":"","ast-hfb-below-header-display":"","ast-hfb-mobile-header-display":"","site-post-title":"","ast-breadcrumbs-content":"","ast-featured-img":"","footer-sml-layout":"","ast-disable-related-posts":"","theme-transparent-header-meta":"default","adv-header-id-meta":"","stick-header-meta":"","header-above-stick-meta":"","header-main-stick-meta":"","header-below-stick-meta":"","astra-migrate-meta-layouts":"set","ast-page-background-enabled":"default","ast-page-background-meta":{"desktop":{"background-color":"","background-image":"","background-repeat":"repeat","background-position":"center center","background-size":"auto","background-attachment":"scroll","background-type":"","background-media":"","overlay-type":"","overlay-color":"","overlay-opacity":"","overlay-gradient":""},"tablet":{"background-color":"","background-image":"","background-repeat":"repeat","background-position":"center center","background-size":"auto","background-attachment":"scroll","background-type":"","background-media":"","overlay-type":"","overlay-color":"","overlay-opacity":"","overlay-gradient":""},"mobile":{"background-color":"","background-image":"","background-repeat":"repeat","background-position":"center center","background-size":"auto","background-attachment":"scroll","background-type":"","background-media":"","overlay-type":"","overlay-color":"","overlay-opacity":"","overlay-gradient":""}},"ast-content-background-meta":{"desktop":{"background-color":"var(--ast-global-color-5)","background-image":"","background-repeat":"repeat","background-position":"center center","background-size":"auto","background-attachment":"scroll","background-type":"","background-media":"","overlay-type":"","overlay-color":"","overlay-opacity":"","overlay-gradient":""},"tablet":{"background-color":"var(--ast-global-color-5)","background-image":"","background-repeat":"repeat","background-position":"center center","background-size":"auto","background-attachment":"scroll","background-type":"","background-media":"","overlay-type":"","overlay-color":"","overlay-opacity":"","overlay-gradient":""},"mobile":{"background-color":"var(--ast-global-color-5)","background-image":"","background-repeat":"repeat","background-position":"center center","background-size":"auto","background-attachment":"scroll","background-type":"","background-media":"","overlay-type":"","overlay-color":"","overlay-opacity":"","overlay-gradient":""}}},"product_brand":[],"product_cat":[45],"product_tag":[38,47,48],"class_list":{"0":"post-6577","1":"product","2":"type-product","3":"status-publish","4":"has-post-thumbnail","6":"product_cat-electric-golf-scooter","7":"product_tag-citycoco-scooter","8":"product_tag-golf-scooter","9":"product_tag-single-rider-golf-scooter","10":"desktop-align-left","11":"tablet-align-left","12":"mobile-align-left","14":"first","15":"instock","16":"shipping-taxable","17":"product-type-simple"},"_links":{"self":[{"href":"https:\/\/www.linkseride.com\/nl\/wp-json\/wp\/v2\/product\/6577","targetHints":{"allow":["GET"]}}],"collection":[{"href":"https:\/\/www.linkseride.com\/nl\/wp-json\/wp\/v2\/product"}],"about":[{"href":"https:\/\/www.linkseride.com\/nl\/wp-json\/wp\/v2\/types\/product"}],"wp:featuredmedia":[{"embeddable":true,"href":"https:\/\/www.linkseride.com\/nl\/wp-json\/wp\/v2\/media\/6589"}],"wp:attachment":[{"href":"https:\/\/www.linkseride.com\/nl\/wp-json\/wp\/v2\/media?parent=6577"}],"wp:term":[{"taxonomy":"product_brand","embeddable":true,"href":"https:\/\/www.linkseride.com\/nl\/wp-json\/wp\/v2\/product_brand?post=6577"},{"taxonomy":"product_cat","embeddable":true,"href":"https:\/\/www.linkseride.com\/nl\/wp-json\/wp\/v2\/product_cat?post=6577"},{"taxonomy":"product_tag","embeddable":true,"href":"https:\/\/www.linkseride.com\/nl\/wp-json\/wp\/v2\/product_tag?post=6577"}],"curies":[{"name":"wp","href":"https:\/\/api.w.org\/{rel}","templated":true}]}}