{"id":5380,"date":"2022-01-14T09:05:15","date_gmt":"2022-01-14T09:05:15","guid":{"rendered":"http:\/\/linkseride.com\/?page_id=5380"},"modified":"2024-11-27T07:28:37","modified_gmt":"2024-11-27T07:28:37","slug":"estudo-de-caso","status":"publish","type":"page","link":"https:\/\/www.linkseride.com\/pt\/case-study\/","title":{"rendered":"Estudo de caso"},"content":{"rendered":"<div data-elementor-type=\"wp-page\" data-elementor-id=\"5380\" class=\"elementor elementor-5380\" data-elementor-post-type=\"page\">\n\t\t\t\t\t\t<section class=\"elementor-section elementor-top-section elementor-element elementor-element-53ea1da elementor-section-boxed elementor-section-height-default elementor-section-height-default\" data-id=\"53ea1da\" data-element_type=\"section\" data-e-type=\"section\" data-settings=\"{&quot;background_background&quot;:&quot;classic&quot;}\">\n\t\t\t\t\t\t<div class=\"elementor-container elementor-column-gap-default\">\n\t\t\t\t\t<div class=\"elementor-column elementor-col-100 elementor-top-column elementor-element elementor-element-c0d596a\" data-id=\"c0d596a\" data-element_type=\"column\" data-e-type=\"column\">\n\t\t\t<div class=\"elementor-widget-wrap elementor-element-populated\">\n\t\t\t\t\t\t<div class=\"elementor-element elementor-element-5b475e9 elementor-widget elementor-widget-heading\" data-id=\"5b475e9\" data-element_type=\"widget\" data-e-type=\"widget\" data-widget_type=\"heading.default\">\n\t\t\t\t<div class=\"elementor-widget-container\">\n\t\t\t\t\t<h1 class=\"elementor-heading-title elementor-size-default\">Estudo de caso<\/h1>\t\t\t\t<\/div>\n\t\t\t\t<\/div>\n\t\t\t\t\t<\/div>\n\t\t<\/div>\n\t\t\t\t\t<\/div>\n\t\t<\/section>\n\t\t\t\t<section class=\"elementor-section elementor-top-section elementor-element elementor-element-7adf94d elementor-section-boxed elementor-section-height-default elementor-section-height-default\" data-id=\"7adf94d\" data-element_type=\"section\" data-e-type=\"section\">\n\t\t\t\t\t\t<div class=\"elementor-container elementor-column-gap-default\">\n\t\t\t\t\t<div class=\"elementor-column elementor-col-100 elementor-top-column elementor-element elementor-element-b7eaf13\" data-id=\"b7eaf13\" data-element_type=\"column\" data-e-type=\"column\">\n\t\t\t<div class=\"elementor-widget-wrap elementor-element-populated\">\n\t\t\t\t\t\t<div class=\"elementor-element elementor-element-a223f8c elementor-grid-3 elementor-grid-tablet-2 elementor-grid-mobile-1 elementor-posts--thumbnail-top elementor-widget elementor-widget-posts\" data-id=\"a223f8c\" data-element_type=\"widget\" data-e-type=\"widget\" data-settings=\"{&quot;classic_columns&quot;:&quot;3&quot;,&quot;classic_columns_tablet&quot;:&quot;2&quot;,&quot;classic_columns_mobile&quot;:&quot;1&quot;,&quot;classic_row_gap&quot;:{&quot;unit&quot;:&quot;px&quot;,&quot;size&quot;:35,&quot;sizes&quot;:[]},&quot;classic_row_gap_tablet&quot;:{&quot;unit&quot;:&quot;px&quot;,&quot;size&quot;:&quot;&quot;,&quot;sizes&quot;:[]},&quot;classic_row_gap_mobile&quot;:{&quot;unit&quot;:&quot;px&quot;,&quot;size&quot;:&quot;&quot;,&quot;sizes&quot;:[]}}\" data-widget_type=\"posts.classic\">\n\t\t\t\t<div class=\"elementor-widget-container\">\n\t\t\t\t\t\t\t<div class=\"elementor-posts-container elementor-posts elementor-posts--skin-classic elementor-grid\" role=\"list\">\n\t\t\t\t<article class=\"elementor-post elementor-grid-item post-9391 post type-post status-publish format-standard has-post-thumbnail hentry category-case-study\" role=\"listitem\">\n\t\t\t\t<a class=\"elementor-post__thumbnail__link\" href=\"https:\/\/www.linkseride.com\/pt\/support-with-electric-scooter-dropshipping\/\" tabindex=\"-1\">\n\t\t\t<div class=\"elementor-post__thumbnail\"><img fetchpriority=\"high\" decoding=\"async\" width=\"300\" height=\"169\" src=\"https:\/\/www.linkseride.com\/wp-content\/uploads\/2023\/04\/Electric-Scooter-Dropshipping-300x169.png\" class=\"attachment-medium size-medium wp-image-9403\" alt=\"Entrega direta de patinetes el\u00e9tricos\" srcset=\"https:\/\/www.linkseride.com\/wp-content\/uploads\/2023\/04\/Electric-Scooter-Dropshipping-300x169.png 300w, https:\/\/www.linkseride.com\/wp-content\/uploads\/2023\/04\/Electric-Scooter-Dropshipping-1024x576.png 1024w, https:\/\/www.linkseride.com\/wp-content\/uploads\/2023\/04\/Electric-Scooter-Dropshipping-768x432.png 768w, https:\/\/www.linkseride.com\/wp-content\/uploads\/2023\/04\/Electric-Scooter-Dropshipping-600x338.png 600w, https:\/\/www.linkseride.com\/wp-content\/uploads\/2023\/04\/Electric-Scooter-Dropshipping.png 1280w\" sizes=\"(max-width: 300px) 100vw, 300px\" \/><\/div>\n\t\t<\/a>\n\t\t\t\t<div class=\"elementor-post__text\">\n\t\t\t\t<h3 class=\"elementor-post__title\">\n\t\t\t<a href=\"https:\/\/www.linkseride.com\/pt\/support-with-electric-scooter-dropshipping\/\">\n\t\t\t\tEstudo de caso: como a Linkseride apoia o neg\u00f3cio de dropshipping de patinetes el\u00e9tricos\t\t\t<\/a>\n\t\t<\/h3>\n\t\t\t\t<div class=\"elementor-post__meta-data\">\n\t\t\t\t\t<span class=\"elementor-post-date\">\n\t\t\t19 de abril de 2023\t\t<\/span>\n\t\t\t\t<span class=\"elementor-post-avatar\">\n\t\t\tNenhum coment\u00e1rio\t\t<\/span>\n\t\t\t\t<\/div>\n\t\t\t\t<div class=\"elementor-post__excerpt\">\n\t\t\t<p>Vis\u00e3o geral Um cliente especializado em servi\u00e7os completos de dropshipping, mas novo no setor de dropshipping de patinetes el\u00e9tricos. Eles pensaram em expandir sua linha de produtos para<\/p>\n\t\t<\/div>\n\t\t\n\t\t<a class=\"elementor-post__read-more\" href=\"https:\/\/www.linkseride.com\/pt\/support-with-electric-scooter-dropshipping\/\" aria-label=\"Leia mais sobre Case Study: How Linkseride Support with Electric Scooter Dropshipping\u00a0Business\" tabindex=\"-1\">\n\t\t\tLeia mais \u00bb\t\t<\/a>\n\n\t\t\t\t<\/div>\n\t\t\t\t<\/article>\n\t\t\t\t<article class=\"elementor-post elementor-grid-item post-8427 post type-post status-publish format-standard has-post-thumbnail hentry category-case-study\" role=\"listitem\">\n\t\t\t\t<a class=\"elementor-post__thumbnail__link\" href=\"https:\/\/www.linkseride.com\/pt\/case-study-single-rider-electric-golf-scooter-options\/\" tabindex=\"-1\">\n\t\t\t<div class=\"elementor-post__thumbnail\"><img decoding=\"async\" width=\"300\" height=\"225\" src=\"https:\/\/www.linkseride.com\/wp-content\/uploads\/2022\/08\/golf-playing-golf-golfers-1270852-300x225.jpg\" class=\"attachment-medium size-medium wp-image-8436\" alt=\"scooter el\u00e9trica para golfe\" srcset=\"https:\/\/www.linkseride.com\/wp-content\/uploads\/2022\/08\/golf-playing-golf-golfers-1270852-300x225.jpg 300w, https:\/\/www.linkseride.com\/wp-content\/uploads\/2022\/08\/golf-playing-golf-golfers-1270852-1024x768.jpg 1024w, https:\/\/www.linkseride.com\/wp-content\/uploads\/2022\/08\/golf-playing-golf-golfers-1270852-768x576.jpg 768w, https:\/\/www.linkseride.com\/wp-content\/uploads\/2022\/08\/golf-playing-golf-golfers-1270852-600x450.jpg 600w, https:\/\/www.linkseride.com\/wp-content\/uploads\/2022\/08\/golf-playing-golf-golfers-1270852.jpg 1280w\" sizes=\"(max-width: 300px) 100vw, 300px\" \/><\/div>\n\t\t<\/a>\n\t\t\t\t<div class=\"elementor-post__text\">\n\t\t\t\t<h3 class=\"elementor-post__title\">\n\t\t\t<a href=\"https:\/\/www.linkseride.com\/pt\/case-study-single-rider-electric-golf-scooter-options\/\">\n\t\t\t\tEstudo de caso: Op\u00e7\u00f5es de scooters el\u00e9tricas para golfe para um \u00fanico passageiro\ufffc\t\t\t<\/a>\n\t\t<\/h3>\n\t\t\t\t<div class=\"elementor-post__meta-data\">\n\t\t\t\t\t<span class=\"elementor-post-date\">\n\t\t\t22 de agosto de 2022\t\t<\/span>\n\t\t\t\t<span class=\"elementor-post-avatar\">\n\t\t\tNenhum coment\u00e1rio\t\t<\/span>\n\t\t\t\t<\/div>\n\t\t\t\t<div class=\"elementor-post__excerpt\">\n\t\t\t<p>Vis\u00e3o geral Nossos clientes s\u00e3o grandes f\u00e3s de golfe h\u00e1 muitos anos e utilizam os tradicionais carrinhos de golfe de quatro rodas para seus neg\u00f3cios. Este \u00e9 o primeiro<\/p>\n\t\t<\/div>\n\t\t\n\t\t<a class=\"elementor-post__read-more\" href=\"https:\/\/www.linkseride.com\/pt\/case-study-single-rider-electric-golf-scooter-options\/\" aria-label=\"Leia mais sobre Case\u00a0study: Single Rider Electric Golf Scooter Options\ufffc\" tabindex=\"-1\">\n\t\t\tLeia mais \u00bb\t\t<\/a>\n\n\t\t\t\t<\/div>\n\t\t\t\t<\/article>\n\t\t\t\t<article class=\"elementor-post elementor-grid-item post-8296 post type-post status-publish format-standard has-post-thumbnail hentry category-case-study tag-case-study\" role=\"listitem\">\n\t\t\t\t<a class=\"elementor-post__thumbnail__link\" href=\"https:\/\/www.linkseride.com\/pt\/how-linkseride-support-with-scooter-wholesalers\/\" tabindex=\"-1\">\n\t\t\t<div class=\"elementor-post__thumbnail\"><img decoding=\"async\" width=\"300\" height=\"200\" src=\"https:\/\/www.linkseride.com\/wp-content\/uploads\/2022\/07\/meeting-workplace-team-5395615-300x200.jpg\" class=\"attachment-medium size-medium wp-image-8304\" alt=\"reuni\u00e3o, local de trabalho, equipe-5395615.jpg\" srcset=\"https:\/\/www.linkseride.com\/wp-content\/uploads\/2022\/07\/meeting-workplace-team-5395615-300x200.jpg 300w, https:\/\/www.linkseride.com\/wp-content\/uploads\/2022\/07\/meeting-workplace-team-5395615-1024x682.jpg 1024w, https:\/\/www.linkseride.com\/wp-content\/uploads\/2022\/07\/meeting-workplace-team-5395615-768x512.jpg 768w, https:\/\/www.linkseride.com\/wp-content\/uploads\/2022\/07\/meeting-workplace-team-5395615-600x400.jpg 600w, https:\/\/www.linkseride.com\/wp-content\/uploads\/2022\/07\/meeting-workplace-team-5395615.jpg 1280w\" sizes=\"(max-width: 300px) 100vw, 300px\" \/><\/div>\n\t\t<\/a>\n\t\t\t\t<div class=\"elementor-post__text\">\n\t\t\t\t<h3 class=\"elementor-post__title\">\n\t\t\t<a href=\"https:\/\/www.linkseride.com\/pt\/how-linkseride-support-with-scooter-wholesalers\/\">\n\t\t\t\tEstudo de caso: Como a Linkseride apoia os neg\u00f3cios dos atacadistas\t\t\t<\/a>\n\t\t<\/h3>\n\t\t\t\t<div class=\"elementor-post__meta-data\">\n\t\t\t\t\t<span class=\"elementor-post-date\">\n\t\t\t21 de julho de 2022\t\t<\/span>\n\t\t\t\t<span class=\"elementor-post-avatar\">\n\t\t\tNenhum coment\u00e1rio\t\t<\/span>\n\t\t\t\t<\/div>\n\t\t\t\t<div class=\"elementor-post__excerpt\">\n\t\t\t<p>Vis\u00e3o geral O cliente \u00e9 um atacadista nacional de bicicletas el\u00e9tricas na Am\u00e9rica do Norte, fornecendo bicicletas el\u00e9tricas e possuindo sua pr\u00f3pria rede de lojas locais. Embora conte com<\/p>\n\t\t<\/div>\n\t\t\n\t\t<a class=\"elementor-post__read-more\" href=\"https:\/\/www.linkseride.com\/pt\/how-linkseride-support-with-scooter-wholesalers\/\" aria-label=\"Leia mais sobre Case Study: How Linkseride Support with Wholesalers\u00a0Business\" tabindex=\"-1\">\n\t\t\tLeia mais \u00bb\t\t<\/a>\n\n\t\t\t\t<\/div>\n\t\t\t\t<\/article>\n\t\t\t\t<article class=\"elementor-post elementor-grid-item post-7994 post type-post status-publish format-standard has-post-thumbnail hentry category-case-study\" role=\"listitem\">\n\t\t\t\t<a class=\"elementor-post__thumbnail__link\" href=\"https:\/\/www.linkseride.com\/pt\/case-study-how-linkseride-support-with-startups-business\/\" tabindex=\"-1\">\n\t\t\t<div class=\"elementor-post__thumbnail\"><img loading=\"lazy\" decoding=\"async\" width=\"300\" height=\"199\" src=\"https:\/\/www.linkseride.com\/wp-content\/uploads\/2022\/07\/entrepreneur-startup-woman-593357-300x199.jpg\" class=\"attachment-medium size-medium wp-image-8003\" alt=\"empreendedora, startup, mulher-593357.jpg\" srcset=\"https:\/\/www.linkseride.com\/wp-content\/uploads\/2022\/07\/entrepreneur-startup-woman-593357-300x199.jpg 300w, https:\/\/www.linkseride.com\/wp-content\/uploads\/2022\/07\/entrepreneur-startup-woman-593357-1024x678.jpg 1024w, https:\/\/www.linkseride.com\/wp-content\/uploads\/2022\/07\/entrepreneur-startup-woman-593357-768x508.jpg 768w, https:\/\/www.linkseride.com\/wp-content\/uploads\/2022\/07\/entrepreneur-startup-woman-593357-600x397.jpg 600w, https:\/\/www.linkseride.com\/wp-content\/uploads\/2022\/07\/entrepreneur-startup-woman-593357.jpg 1280w\" sizes=\"(max-width: 300px) 100vw, 300px\" \/><\/div>\n\t\t<\/a>\n\t\t\t\t<div class=\"elementor-post__text\">\n\t\t\t\t<h3 class=\"elementor-post__title\">\n\t\t\t<a href=\"https:\/\/www.linkseride.com\/pt\/case-study-how-linkseride-support-with-startups-business\/\">\n\t\t\t\tEstudo de caso: Como a Linkseride apoia as startups Neg\u00f3cios\ufffc\t\t\t<\/a>\n\t\t<\/h3>\n\t\t\t\t<div class=\"elementor-post__meta-data\">\n\t\t\t\t\t<span class=\"elementor-post-date\">\n\t\t\t7 de julho de 2022\t\t<\/span>\n\t\t\t\t<span class=\"elementor-post-avatar\">\n\t\t\tNenhum coment\u00e1rio\t\t<\/span>\n\t\t\t\t<\/div>\n\t\t\t\t<div class=\"elementor-post__excerpt\">\n\t\t\t<p>Vis\u00e3o geral Um cliente europeu deseja criar uma startup com produtos de alta tecnologia para patinetes el\u00e9tricos como seu foco principal. Eles apresentaram suas ideias a uma alian\u00e7a de fabricantes, mas foram rejeitados por<\/p>\n\t\t<\/div>\n\t\t\n\t\t<a class=\"elementor-post__read-more\" href=\"https:\/\/www.linkseride.com\/pt\/case-study-how-linkseride-support-with-startups-business\/\" aria-label=\"Leia mais sobre Case Study: How Linkseride Support with Startups\u00a0Business\ufffc\" tabindex=\"-1\">\n\t\t\tLeia mais \u00bb\t\t<\/a>\n\n\t\t\t\t<\/div>\n\t\t\t\t<\/article>\n\t\t\t\t<article class=\"elementor-post elementor-grid-item post-6923 post type-post status-publish format-standard has-post-thumbnail hentry category-case-study\" role=\"listitem\">\n\t\t\t\t<a class=\"elementor-post__thumbnail__link\" href=\"https:\/\/www.linkseride.com\/pt\/case-study-linkseride-electric-delivery-scooter-solution\/\" tabindex=\"-1\">\n\t\t\t<div class=\"elementor-post__thumbnail\"><img loading=\"lazy\" decoding=\"async\" width=\"300\" height=\"75\" src=\"https:\/\/www.linkseride.com\/wp-content\/uploads\/2022\/06\/electric-delivery-scooter-pizza-delivery-moped-300x75.png\" class=\"attachment-medium size-medium wp-image-6943\" alt=\"scooter el\u00e9trica para entrega de pizza motocicleta para entrega de pizza\" srcset=\"https:\/\/www.linkseride.com\/wp-content\/uploads\/2022\/06\/electric-delivery-scooter-pizza-delivery-moped-300x75.png 300w, https:\/\/www.linkseride.com\/wp-content\/uploads\/2022\/06\/electric-delivery-scooter-pizza-delivery-moped-1024x256.png 1024w, https:\/\/www.linkseride.com\/wp-content\/uploads\/2022\/06\/electric-delivery-scooter-pizza-delivery-moped-768x192.png 768w, https:\/\/www.linkseride.com\/wp-content\/uploads\/2022\/06\/electric-delivery-scooter-pizza-delivery-moped-600x150.png 600w, https:\/\/www.linkseride.com\/wp-content\/uploads\/2022\/06\/electric-delivery-scooter-pizza-delivery-moped.png 1200w\" sizes=\"(max-width: 300px) 100vw, 300px\" \/><\/div>\n\t\t<\/a>\n\t\t\t\t<div class=\"elementor-post__text\">\n\t\t\t\t<h3 class=\"elementor-post__title\">\n\t\t\t<a href=\"https:\/\/www.linkseride.com\/pt\/case-study-linkseride-electric-delivery-scooter-solution\/\">\n\t\t\t\tEstudo de caso: Solu\u00e7\u00e3o de scooters para entregas da Linkseride Efleet\ufffc\t\t\t<\/a>\n\t\t<\/h3>\n\t\t\t\t<div class=\"elementor-post__meta-data\">\n\t\t\t\t\t<span class=\"elementor-post-date\">\n\t\t\t7 de junho de 2022\t\t<\/span>\n\t\t\t\t<span class=\"elementor-post-avatar\">\n\t\t\tNenhum coment\u00e1rio\t\t<\/span>\n\t\t\t\t<\/div>\n\t\t\t\t<div class=\"elementor-post__excerpt\">\n\t\t\t<p>Vis\u00e3o geral Com o passar do tempo, as entregas r\u00e1pidas est\u00e3o enfrentando exig\u00eancias cada vez maiores, \u00e0 medida que o com\u00e9rcio eletr\u00f4nico cresce. Enquanto isso, a pandemia da COVID-19 trouxe grandes mudan\u00e7as.<\/p>\n\t\t<\/div>\n\t\t\n\t\t<a class=\"elementor-post__read-more\" href=\"https:\/\/www.linkseride.com\/pt\/case-study-linkseride-electric-delivery-scooter-solution\/\" aria-label=\"Leia mais sobre Case Study: Linkseride Efleet Delivery Scooter Solution\ufffc\" tabindex=\"-1\">\n\t\t\tLeia mais \u00bb\t\t<\/a>\n\n\t\t\t\t<\/div>\n\t\t\t\t<\/article>\n\t\t\t\t<article class=\"elementor-post elementor-grid-item post-5985 post type-post status-publish format-standard has-post-thumbnail hentry category-case-study\" role=\"listitem\">\n\t\t\t\t<a class=\"elementor-post__thumbnail__link\" href=\"https:\/\/www.linkseride.com\/pt\/case-study-why-choose-the-electric-fat-tire-scooter-from-linkseride\/\" tabindex=\"-1\">\n\t\t\t<div class=\"elementor-post__thumbnail\"><img loading=\"lazy\" decoding=\"async\" width=\"300\" height=\"257\" src=\"https:\/\/www.linkseride.com\/wp-content\/uploads\/2022\/02\/case-study-300x257.jpg\" class=\"attachment-medium size-medium wp-image-6070\" alt=\"\" srcset=\"https:\/\/www.linkseride.com\/wp-content\/uploads\/2022\/02\/case-study-300x257.jpg 300w, https:\/\/www.linkseride.com\/wp-content\/uploads\/2022\/02\/case-study-768x659.jpg 768w, https:\/\/www.linkseride.com\/wp-content\/uploads\/2022\/02\/case-study-600x515.jpg 600w, https:\/\/www.linkseride.com\/wp-content\/uploads\/2022\/02\/case-study.jpg 895w\" sizes=\"(max-width: 300px) 100vw, 300px\" \/><\/div>\n\t\t<\/a>\n\t\t\t\t<div class=\"elementor-post__text\">\n\t\t\t\t<h3 class=\"elementor-post__title\">\n\t\t\t<a href=\"https:\/\/www.linkseride.com\/pt\/case-study-why-choose-the-electric-fat-tire-scooter-from-linkseride\/\">\n\t\t\t\tEstudo de caso: por que escolher a scooter el\u00e9trica com pneus largos da Linkseride\t\t\t<\/a>\n\t\t<\/h3>\n\t\t\t\t<div class=\"elementor-post__meta-data\">\n\t\t\t\t\t<span class=\"elementor-post-date\">\n\t\t\t18 de fevereiro de 2022\t\t<\/span>\n\t\t\t\t<span class=\"elementor-post-avatar\">\n\t\t\tNenhum coment\u00e1rio\t\t<\/span>\n\t\t\t\t<\/div>\n\t\t\t\t<div class=\"elementor-post__excerpt\">\n\t\t\t<p>Um dos desafios do com\u00e9rcio internacional atualmente \u00e9 a autenticidade. Devido \u00e0 pandemia da COVID-19, vendedores e compradores n\u00e3o podem se encontrar, mar<\/p>\n\t\t<\/div>\n\t\t\n\t\t<a class=\"elementor-post__read-more\" href=\"https:\/\/www.linkseride.com\/pt\/case-study-why-choose-the-electric-fat-tire-scooter-from-linkseride\/\" aria-label=\"Leia mais sobre Case study: why choose the electric fat tire scooter from Linkseride\" tabindex=\"-1\">\n\t\t\tLeia mais \u00bb\t\t<\/a>\n\n\t\t\t\t<\/div>\n\t\t\t\t<\/article>\n\t\t\t\t<\/div>\n\t\t\n\t\t\t\t\t\t<\/div>\n\t\t\t\t<\/div>\n\t\t\t\t\t<\/div>\n\t\t<\/div>\n\t\t\t\t\t<\/div>\n\t\t<\/section>\n\t\t\t\t<\/div>","protected":false},"excerpt":{"rendered":"<p>Estudo de caso<\/p>","protected":false},"author":2,"featured_media":0,"parent":0,"menu_order":0,"comment_status":"closed","ping_status":"closed","template":"","meta":{"site-sidebar-layout":"no-sidebar","site-content-layout":"page-builder","ast-site-content-layout":"default","site-content-style":"default","site-sidebar-style":"default","ast-global-header-display":"","ast-banner-title-visibility":"","ast-main-header-display":"","ast-hfb-above-header-display":"","ast-hfb-below-header-display":"","ast-hfb-mobile-header-display":"","site-post-title":"disabled","ast-breadcrumbs-content":"","ast-featured-img":"disabled","footer-sml-layout":"","ast-disable-related-posts":"","theme-transparent-header-meta":"","adv-header-id-meta":"","stick-header-meta":"","header-above-stick-meta":"","header-main-stick-meta":"","header-below-stick-meta":"","astra-migrate-meta-layouts":"default","ast-page-background-enabled":"default","ast-page-background-meta":{"desktop":{"background-color":"","background-image":"","background-repeat":"repeat","background-position":"center center","background-size":"auto","background-attachment":"scroll","background-type":"","background-media":"","overlay-type":"","overlay-color":"","overlay-opacity":"","overlay-gradient":""},"tablet":{"background-color":"","background-image":"","background-repeat":"repeat","background-position":"center center","background-size":"auto","background-attachment":"scroll","background-type":"","background-media":"","overlay-type":"","overlay-color":"","overlay-opacity":"","overlay-gradient":""},"mobile":{"background-color":"","background-image":"","background-repeat":"repeat","background-position":"center center","background-size":"auto","background-attachment":"scroll","background-type":"","background-media":"","overlay-type":"","overlay-color":"","overlay-opacity":"","overlay-gradient":""}},"ast-content-background-meta":{"desktop":{"background-color":"var(--ast-global-color-5)","background-image":"","background-repeat":"repeat","background-position":"center center","background-size":"auto","background-attachment":"scroll","background-type":"","background-media":"","overlay-type":"","overlay-color":"","overlay-opacity":"","overlay-gradient":""},"tablet":{"background-color":"var(--ast-global-color-5)","background-image":"","background-repeat":"repeat","background-position":"center center","background-size":"auto","background-attachment":"scroll","background-type":"","background-media":"","overlay-type":"","overlay-color":"","overlay-opacity":"","overlay-gradient":""},"mobile":{"background-color":"var(--ast-global-color-5)","background-image":"","background-repeat":"repeat","background-position":"center center","background-size":"auto","background-attachment":"scroll","background-type":"","background-media":"","overlay-type":"","overlay-color":"","overlay-opacity":"","overlay-gradient":""}},"footnotes":""},"class_list":["post-5380","page","type-page","status-publish","hentry"],"_links":{"self":[{"href":"https:\/\/www.linkseride.com\/pt\/wp-json\/wp\/v2\/pages\/5380","targetHints":{"allow":["GET"]}}],"collection":[{"href":"https:\/\/www.linkseride.com\/pt\/wp-json\/wp\/v2\/pages"}],"about":[{"href":"https:\/\/www.linkseride.com\/pt\/wp-json\/wp\/v2\/types\/page"}],"author":[{"embeddable":true,"href":"https:\/\/www.linkseride.com\/pt\/wp-json\/wp\/v2\/users\/2"}],"replies":[{"embeddable":true,"href":"https:\/\/www.linkseride.com\/pt\/wp-json\/wp\/v2\/comments?post=5380"}],"version-history":[{"count":82,"href":"https:\/\/www.linkseride.com\/pt\/wp-json\/wp\/v2\/pages\/5380\/revisions"}],"predecessor-version":[{"id":11081,"href":"https:\/\/www.linkseride.com\/pt\/wp-json\/wp\/v2\/pages\/5380\/revisions\/11081"}],"wp:attachment":[{"href":"https:\/\/www.linkseride.com\/pt\/wp-json\/wp\/v2\/media?parent=5380"}],"curies":[{"name":"wp","href":"https:\/\/api.w.org\/{rel}","templated":true}]}}