{"id":10858,"date":"2024-07-15T02:28:09","date_gmt":"2024-07-15T02:28:09","guid":{"rendered":"https:\/\/www.linkseride.com\/?post_type=product&#038;p=10858"},"modified":"2024-07-17T06:24:36","modified_gmt":"2024-07-17T06:24:36","slug":"scooter-eletrico-de-tres-rodas-linkseride","status":"publish","type":"product","link":"https:\/\/www.linkseride.com\/pt\/product\/linkseride-three-wheel-electric-scooter\/","title":{"rendered":"Linkseride X7 Popular Adulto Fat Tire Mobility Scooter El\u00e9trica de Tr\u00eas Rodas"},"content":{"rendered":"<h2>Linkseride X7 Popular Adulto Fat Tire Mobility Scooter El\u00e9trica de Tr\u00eas Rodas<\/h2>\n<p>Somos apaixonados pelo que estamos fazendo com nosso futuro el\u00e9trico, incluindo <strong>scooters el\u00e9tricas, <a href=\"https:\/\/www.linkseride.com\/pt\/fabricante-de-motocicletas-eletricas\/\" target=\"_blank\" rel=\"noopener\">patinete com pneus largos<\/a>, <a href=\"https:\/\/www.linkseride.com\/pt\/fabricante-de-motocicletas-eletricas\/\" target=\"_blank\" rel=\"noopener\">scooter citycoco<\/a>, <a href=\"https:\/\/www.linkseride.com\/pt\/fabricante-de-ciclomotores-eletricos\/\" target=\"_blank\" rel=\"noopener\">ciclomotor el\u00e9trico<\/a><\/strong> e etc.<\/p>\n<p>Esta scooter el\u00e9trica de 3 rodas para adultos \u00e9 o seu transporte di\u00e1rio para um passeio divertido e f\u00e1cil e tem muito espa\u00e7o de armazenamento durante o passeio.<\/p>\n<div id='gallery-1' class='gallery galleryid-10858 gallery-columns-2 gallery-size-full'><figure class='gallery-item'>\n\t\t\t<div class='gallery-icon landscape'>\n\t\t\t\t<img fetchpriority=\"high\" decoding=\"async\" width=\"540\" height=\"540\" src=\"https:\/\/www.linkseride.com\/wp-content\/uploads\/2024\/07\/3_c248a1bf-4a04-44c7-aeb0-0078e3395a38_540x-1.jpg\" class=\"attachment-full size-full\" alt=\"\" srcset=\"https:\/\/www.linkseride.com\/wp-content\/uploads\/2024\/07\/3_c248a1bf-4a04-44c7-aeb0-0078e3395a38_540x-1.jpg 540w, https:\/\/www.linkseride.com\/wp-content\/uploads\/2024\/07\/3_c248a1bf-4a04-44c7-aeb0-0078e3395a38_540x-1-300x300.jpg 300w, https:\/\/www.linkseride.com\/wp-content\/uploads\/2024\/07\/3_c248a1bf-4a04-44c7-aeb0-0078e3395a38_540x-1-150x150.jpg 150w, https:\/\/www.linkseride.com\/wp-content\/uploads\/2024\/07\/3_c248a1bf-4a04-44c7-aeb0-0078e3395a38_540x-1-100x100.jpg 100w\" sizes=\"(max-width: 540px) 100vw, 540px\" \/>\n\t\t\t<\/div><\/figure><figure class='gallery-item'>\n\t\t\t<div class='gallery-icon landscape'>\n\t\t\t\t<img decoding=\"async\" width=\"540\" height=\"540\" src=\"https:\/\/www.linkseride.com\/wp-content\/uploads\/2024\/07\/4_21177c97-66ee-4228-b233-c11b3f4fbee6_540x.jpg\" class=\"attachment-full size-full\" alt=\"scooter el\u00e9trico de tr\u00eas rodas\" srcset=\"https:\/\/www.linkseride.com\/wp-content\/uploads\/2024\/07\/4_21177c97-66ee-4228-b233-c11b3f4fbee6_540x.jpg 540w, https:\/\/www.linkseride.com\/wp-content\/uploads\/2024\/07\/4_21177c97-66ee-4228-b233-c11b3f4fbee6_540x-300x300.jpg 300w, https:\/\/www.linkseride.com\/wp-content\/uploads\/2024\/07\/4_21177c97-66ee-4228-b233-c11b3f4fbee6_540x-150x150.jpg 150w, https:\/\/www.linkseride.com\/wp-content\/uploads\/2024\/07\/4_21177c97-66ee-4228-b233-c11b3f4fbee6_540x-100x100.jpg 100w\" sizes=\"(max-width: 540px) 100vw, 540px\" \/>\n\t\t\t<\/div><\/figure>\n\t\t<\/div>\n\n<div id='gallery-2' class='gallery galleryid-10858 gallery-columns-2 gallery-size-full'><figure class='gallery-item'>\n\t\t\t<div class='gallery-icon landscape'>\n\t\t\t\t<img decoding=\"async\" width=\"500\" height=\"375\" src=\"https:\/\/www.linkseride.com\/wp-content\/uploads\/2024\/07\/6.jpg\" class=\"attachment-full size-full\" alt=\"\" srcset=\"https:\/\/www.linkseride.com\/wp-content\/uploads\/2024\/07\/6.jpg 500w, https:\/\/www.linkseride.com\/wp-content\/uploads\/2024\/07\/6-300x225.jpg 300w\" sizes=\"(max-width: 500px) 100vw, 500px\" \/>\n\t\t\t<\/div><\/figure><figure class='gallery-item'>\n\t\t\t<div class='gallery-icon landscape'>\n\t\t\t\t<img loading=\"lazy\" decoding=\"async\" width=\"540\" height=\"405\" src=\"https:\/\/www.linkseride.com\/wp-content\/uploads\/2024\/07\/5.jpg\" class=\"attachment-full size-full\" alt=\"Fabricante de scooters de tr\u00eas rodas\" srcset=\"https:\/\/www.linkseride.com\/wp-content\/uploads\/2024\/07\/5.jpg 540w, https:\/\/www.linkseride.com\/wp-content\/uploads\/2024\/07\/5-300x225.jpg 300w\" sizes=\"(max-width: 540px) 100vw, 540px\" \/>\n\t\t\t<\/div><\/figure>\n\t\t<\/div>\n\n<h2>Quais s\u00e3o os recursos da scooter el\u00e9trica de 3 rodas X7?<\/h2>\n<ul>\n<li>Motor de cubo el\u00e9trico com pot\u00eancia nominal de 1500w\/2000w<\/li>\n<li><strong>60v<\/strong> <strong>\u00a0bateria <\/strong>fornece alcance m\u00e1ximo de 40 milhas<\/li>\n<li>Uso diferente com a scooter trike de 3 rodas, seja para adultos ou para scooter el\u00e9trica de 3 rodas<\/li>\n<li>Op\u00e7\u00e3o de 2 lugares com material almofadado para melhorar a sensa\u00e7\u00e3o de condu\u00e7\u00e3o<\/li>\n<li>O visor LCD mostra o veloc\u00edmetro, a quilometragem, a tens\u00e3o e o n\u00edvel de pot\u00eancia<\/li>\n<\/ul>\n<table>\n<tbody>\n<tr>\n<td>Pot\u00eancia do motor<\/td>\n<td>1500w\/2000w<\/td>\n<\/tr>\n<tr>\n<td>Velocidade m\u00e1xima<\/td>\n<td>45 km\/h<\/td>\n<\/tr>\n<tr>\n<td>Alcance m\u00e1ximo<\/td>\n<td>40 km<\/td>\n<\/tr>\n<tr>\n<td>Capacidade da bateria<\/td>\n<td>60V 12Ah \/60V 20Ah<\/td>\n<\/tr>\n<tr>\n<td>Material da estrutura<\/td>\n<td>Tubo de a\u00e7o sem costura<\/td>\n<\/tr>\n<tr>\n<td>Tamanho do pneu<\/td>\n<td>215\/40-8 v\u00e1cuo Sem c\u00e2mara<\/td>\n<\/tr>\n<tr>\n<td>Carga m\u00e1xima<\/td>\n<td>200 kg<\/td>\n<\/tr>\n<tr>\n<td>N.W\/G.W<\/td>\n<td>70 kg<\/td>\n<\/tr>\n<tr>\n<td>Outros recursos<\/td>\n<td>Suporte para telefone com porta USB<\/p>\n<p>Alto-falante Bluetooth<\/p>\n<p>Bolsa de selim<\/td>\n<\/tr>\n<\/tbody>\n<\/table>\n<h2>Por que escolher esse tipo de scooter el\u00e9trico de tr\u00eas rodas?<\/h2>\n<p>Tamb\u00e9m temos outros modelos de scooters el\u00e9tricas para golfe para um \u00fanico passageiro. Se precisar de mais informa\u00e7\u00f5es, voc\u00ea pode<a href=\"https:\/\/www.linkseride.com\/pt\/fat-tire-golf-scooter-golf-cart-trouring\/\" target=\"_blank\" rel=\"noopener\"> Encontre aqui.<\/a><\/p>\n<p>Mais v\u00eddeos introdut\u00f3rios podem ser encontrados aqui: <a href=\"https:\/\/www.youtube.com\/c\/LinksErideTech\" target=\"_blank\" rel=\"noopener\">https:\/\/www.youtube.com\/c\/LinksErideTech<\/a><\/p>\n<div class=\"ast-oembed-container\" style=\"height: 100%;\"><iframe title=\"Scooter el\u00e9trica CP 3 Citycoco Super 3 rodas Scooter EEC COC 25km\/h ou 45km\/h\" width=\"500\" height=\"281\" src=\"https:\/\/www.youtube.com\/embed\/ic0scxsVikQ?feature=oembed&#038;enablejsapi=1&#038;origin=https:\/\/www.linkseride.com\" frameborder=\"0\" allow=\"accelerometer; autoplay; clipboard-write; encrypted-media; gyroscope; picture-in-picture; web-share\" referrerpolicy=\"strict-origin-when-cross-origin\" allowfullscreen><\/iframe><\/div>","protected":false},"excerpt":{"rendered":"<p>X7 scooter el\u00e9trico de tr\u00eas rodas com motor el\u00e9trico de cubo com pot\u00eancia nominal de 2000w<\/p>\n<p>\u25cf <strong>60v 12Ah\/20Ah<\/strong>\u00a0<strong>\u00a0bateria <\/strong>fornece alcance m\u00e1ximo de 40 milhas<\/p>\n<p>Uso diferente com a scooter trike de tr\u00eas rodas, seja para adultos ou para scooter el\u00e9trica de tr\u00eas rodas<\/p>\n<p>\u25cf Op\u00e7\u00e3o de 2 lugares com material almofadado para melhorar a sensa\u00e7\u00e3o de condu\u00e7\u00e3o<\/p>\n<p>\u25cf O visor LCD mostra o veloc\u00edmetro, a quilometragem, a voltagem e o n\u00edvel de pot\u00eancia.<\/p>","protected":false},"featured_media":10864,"template":"","meta":{"site-sidebar-layout":"default","site-content-layout":"default","ast-site-content-layout":"default","site-content-style":"default","site-sidebar-style":"default","ast-global-header-display":"","ast-banner-title-visibility":"","ast-main-header-display":"","ast-hfb-above-header-display":"","ast-hfb-below-header-display":"","ast-hfb-mobile-header-display":"","site-post-title":"","ast-breadcrumbs-content":"","ast-featured-img":"","footer-sml-layout":"","ast-disable-related-posts":"","theme-transparent-header-meta":"default","adv-header-id-meta":"","stick-header-meta":"","header-above-stick-meta":"","header-main-stick-meta":"","header-below-stick-meta":"","astra-migrate-meta-layouts":"set","ast-page-background-enabled":"default","ast-page-background-meta":{"desktop":{"background-color":"","background-image":"","background-repeat":"repeat","background-position":"center center","background-size":"auto","background-attachment":"scroll","background-type":"","background-media":"","overlay-type":"","overlay-color":"","overlay-opacity":"","overlay-gradient":""},"tablet":{"background-color":"","background-image":"","background-repeat":"repeat","background-position":"center center","background-size":"auto","background-attachment":"scroll","background-type":"","background-media":"","overlay-type":"","overlay-color":"","overlay-opacity":"","overlay-gradient":""},"mobile":{"background-color":"","background-image":"","background-repeat":"repeat","background-position":"center center","background-size":"auto","background-attachment":"scroll","background-type":"","background-media":"","overlay-type":"","overlay-color":"","overlay-opacity":"","overlay-gradient":""}},"ast-content-background-meta":{"desktop":{"background-color":"var(--ast-global-color-5)","background-image":"","background-repeat":"repeat","background-position":"center center","background-size":"auto","background-attachment":"scroll","background-type":"","background-media":"","overlay-type":"","overlay-color":"","overlay-opacity":"","overlay-gradient":""},"tablet":{"background-color":"var(--ast-global-color-5)","background-image":"","background-repeat":"repeat","background-position":"center center","background-size":"auto","background-attachment":"scroll","background-type":"","background-media":"","overlay-type":"","overlay-color":"","overlay-opacity":"","overlay-gradient":""},"mobile":{"background-color":"var(--ast-global-color-5)","background-image":"","background-repeat":"repeat","background-position":"center center","background-size":"auto","background-attachment":"scroll","background-type":"","background-media":"","overlay-type":"","overlay-color":"","overlay-opacity":"","overlay-gradient":""}}},"product_brand":[],"product_cat":[28],"product_tag":[38,47,48],"class_list":{"0":"post-10858","1":"product","2":"type-product","3":"status-publish","4":"has-post-thumbnail","6":"product_cat-electric-scooter","7":"product_tag-citycoco-scooter","8":"product_tag-golf-scooter","9":"product_tag-single-rider-golf-scooter","10":"desktop-align-left","11":"tablet-align-left","12":"mobile-align-left","14":"first","15":"instock","16":"shipping-taxable","17":"product-type-simple"},"_links":{"self":[{"href":"https:\/\/www.linkseride.com\/pt\/wp-json\/wp\/v2\/product\/10858","targetHints":{"allow":["GET"]}}],"collection":[{"href":"https:\/\/www.linkseride.com\/pt\/wp-json\/wp\/v2\/product"}],"about":[{"href":"https:\/\/www.linkseride.com\/pt\/wp-json\/wp\/v2\/types\/product"}],"wp:featuredmedia":[{"embeddable":true,"href":"https:\/\/www.linkseride.com\/pt\/wp-json\/wp\/v2\/media\/10864"}],"wp:attachment":[{"href":"https:\/\/www.linkseride.com\/pt\/wp-json\/wp\/v2\/media?parent=10858"}],"wp:term":[{"taxonomy":"product_brand","embeddable":true,"href":"https:\/\/www.linkseride.com\/pt\/wp-json\/wp\/v2\/product_brand?post=10858"},{"taxonomy":"product_cat","embeddable":true,"href":"https:\/\/www.linkseride.com\/pt\/wp-json\/wp\/v2\/product_cat?post=10858"},{"taxonomy":"product_tag","embeddable":true,"href":"https:\/\/www.linkseride.com\/pt\/wp-json\/wp\/v2\/product_tag?post=10858"}],"curies":[{"name":"wp","href":"https:\/\/api.w.org\/{rel}","templated":true}]}}