{"id":10906,"date":"2024-07-18T03:14:25","date_gmt":"2024-07-18T03:14:25","guid":{"rendered":"https:\/\/www.linkseride.com\/?post_type=product&#038;p=10906"},"modified":"2024-07-18T05:55:48","modified_gmt":"2024-07-18T05:55:48","slug":"let-04-electric-powered-cargo-truck","status":"publish","type":"product","link":"https:\/\/www.linkseride.com\/pt\/product\/let-04-electric-powered-cargo-truck\/","title":{"rendered":"Linkseride LET-04 Cheap Price With Strong Power Electric Powered Cargo Truck"},"content":{"rendered":"<h2>Linkseride LET-04 Cheap Price With Strong Power Electric Powered Cargo Truck<\/h2>\n<p>Somos apaixonados pelo que estamos fazendo com nosso futuro el\u00e9trico, incluindo <strong>scooters el\u00e9tricas, <a href=\"https:\/\/www.linkseride.com\/pt\/electric-motorcycle-manufacturer\/\" target=\"_blank\" rel=\"noopener\">patinete com pneus largos<\/a>, <a href=\"https:\/\/www.linkseride.com\/pt\/electric-motorcycle-manufacturer\/\" target=\"_blank\" rel=\"noopener\">scooter citycoco<\/a>, <a href=\"https:\/\/www.linkseride.com\/pt\/electric-moped-manufacturer\/\" target=\"_blank\" rel=\"noopener\">ciclomotor el\u00e9trico<\/a><\/strong> e etc.<\/p>\n<p>This electric powered cargo truck make driving more safe,make works more easier,make life better.<\/p>\n<p>&nbsp;<\/p>\n<div id='gallery-1' class='gallery galleryid-10906 gallery-columns-2 gallery-size-full'><figure class='gallery-item'>\n\t\t\t<div class='gallery-icon landscape'>\n\t\t\t\t<img fetchpriority=\"high\" decoding=\"async\" width=\"1040\" height=\"1040\" src=\"https:\/\/www.linkseride.com\/wp-content\/uploads\/2024\/07\/1-3.jpg\" class=\"attachment-full size-full\" alt=\"Electric Powered Cargo Truck\" srcset=\"https:\/\/www.linkseride.com\/wp-content\/uploads\/2024\/07\/1-3.jpg 1040w, https:\/\/www.linkseride.com\/wp-content\/uploads\/2024\/07\/1-3-300x300.jpg 300w, https:\/\/www.linkseride.com\/wp-content\/uploads\/2024\/07\/1-3-1024x1024.jpg 1024w, https:\/\/www.linkseride.com\/wp-content\/uploads\/2024\/07\/1-3-150x150.jpg 150w, https:\/\/www.linkseride.com\/wp-content\/uploads\/2024\/07\/1-3-768x768.jpg 768w, https:\/\/www.linkseride.com\/wp-content\/uploads\/2024\/07\/1-3-600x600.jpg 600w, https:\/\/www.linkseride.com\/wp-content\/uploads\/2024\/07\/1-3-100x100.jpg 100w\" sizes=\"(max-width: 1040px) 100vw, 1040px\" \/>\n\t\t\t<\/div><\/figure><figure class='gallery-item'>\n\t\t\t<div class='gallery-icon landscape'>\n\t\t\t\t<img decoding=\"async\" width=\"1040\" height=\"1040\" src=\"https:\/\/www.linkseride.com\/wp-content\/uploads\/2024\/07\/2-5.jpg\" class=\"attachment-full size-full\" alt=\"\" srcset=\"https:\/\/www.linkseride.com\/wp-content\/uploads\/2024\/07\/2-5.jpg 1040w, https:\/\/www.linkseride.com\/wp-content\/uploads\/2024\/07\/2-5-300x300.jpg 300w, https:\/\/www.linkseride.com\/wp-content\/uploads\/2024\/07\/2-5-1024x1024.jpg 1024w, https:\/\/www.linkseride.com\/wp-content\/uploads\/2024\/07\/2-5-150x150.jpg 150w, https:\/\/www.linkseride.com\/wp-content\/uploads\/2024\/07\/2-5-768x768.jpg 768w, https:\/\/www.linkseride.com\/wp-content\/uploads\/2024\/07\/2-5-600x600.jpg 600w, https:\/\/www.linkseride.com\/wp-content\/uploads\/2024\/07\/2-5-100x100.jpg 100w\" sizes=\"(max-width: 1040px) 100vw, 1040px\" \/>\n\t\t\t<\/div><\/figure>\n\t\t<\/div>\n\n<div id='gallery-2' class='gallery galleryid-10906 gallery-columns-2 gallery-size-full'><figure class='gallery-item'>\n\t\t\t<div class='gallery-icon landscape'>\n\t\t\t\t<img decoding=\"async\" width=\"1040\" height=\"1040\" src=\"https:\/\/www.linkseride.com\/wp-content\/uploads\/2024\/07\/5-3.jpg\" class=\"attachment-full size-full\" alt=\"\" srcset=\"https:\/\/www.linkseride.com\/wp-content\/uploads\/2024\/07\/5-3.jpg 1040w, https:\/\/www.linkseride.com\/wp-content\/uploads\/2024\/07\/5-3-300x300.jpg 300w, https:\/\/www.linkseride.com\/wp-content\/uploads\/2024\/07\/5-3-1024x1024.jpg 1024w, https:\/\/www.linkseride.com\/wp-content\/uploads\/2024\/07\/5-3-150x150.jpg 150w, https:\/\/www.linkseride.com\/wp-content\/uploads\/2024\/07\/5-3-768x768.jpg 768w, https:\/\/www.linkseride.com\/wp-content\/uploads\/2024\/07\/5-3-600x600.jpg 600w, https:\/\/www.linkseride.com\/wp-content\/uploads\/2024\/07\/5-3-100x100.jpg 100w\" sizes=\"(max-width: 1040px) 100vw, 1040px\" \/>\n\t\t\t<\/div><\/figure><figure class='gallery-item'>\n\t\t\t<div class='gallery-icon landscape'>\n\t\t\t\t<img loading=\"lazy\" decoding=\"async\" width=\"1040\" height=\"1040\" src=\"https:\/\/www.linkseride.com\/wp-content\/uploads\/2024\/07\/7-1.jpg\" class=\"attachment-full size-full\" alt=\"Electric Powered Cargo Truck\" srcset=\"https:\/\/www.linkseride.com\/wp-content\/uploads\/2024\/07\/7-1.jpg 1040w, https:\/\/www.linkseride.com\/wp-content\/uploads\/2024\/07\/7-1-300x300.jpg 300w, https:\/\/www.linkseride.com\/wp-content\/uploads\/2024\/07\/7-1-1024x1024.jpg 1024w, https:\/\/www.linkseride.com\/wp-content\/uploads\/2024\/07\/7-1-150x150.jpg 150w, https:\/\/www.linkseride.com\/wp-content\/uploads\/2024\/07\/7-1-768x768.jpg 768w, https:\/\/www.linkseride.com\/wp-content\/uploads\/2024\/07\/7-1-600x600.jpg 600w, https:\/\/www.linkseride.com\/wp-content\/uploads\/2024\/07\/7-1-100x100.jpg 100w\" sizes=\"(max-width: 1040px) 100vw, 1040px\" \/>\n\t\t\t<\/div><\/figure>\n\t\t<\/div>\n\n<h2>what is the features of this LET-04 Electric Powered Cargo Truck<\/h2>\n<ul>\n<li>800w-1500w rated power electric hub motor<\/li>\n<li><strong>60v 20Ah-52Ah<\/strong> <strong>\u00a0bateria <\/strong>fornece alcance m\u00e1ximo de 40 milhas<\/li>\n<li>different usage with the electric powered cargo truck, either for adults or for electric powered cargo truck<\/li>\n<li>Op\u00e7\u00e3o de 2 lugares com material almofadado para melhorar a sensa\u00e7\u00e3o de condu\u00e7\u00e3o<\/li>\n<li>O visor LCD mostra o veloc\u00edmetro, a quilometragem, a tens\u00e3o e o n\u00edvel de pot\u00eancia<br \/>\n<table width=\"389\">\n<tbody>\n<tr>\n<td width=\"161\">Pot\u00eancia do motor<\/td>\n<td width=\"228\">800w-1500w<\/td>\n<\/tr>\n<tr>\n<td>Velocidade m\u00e1xima<\/td>\n<td width=\"228\">35-40km\/h<\/td>\n<\/tr>\n<tr>\n<td>Bateria<\/td>\n<td>60V 20Ah-52Ah lead acid<\/td>\n<\/tr>\n<tr>\n<td>Charge\u00a0time<\/td>\n<td>6-8hrs<\/td>\n<\/tr>\n<tr>\n<td>Material da estrutura<\/td>\n<td>steel<\/td>\n<\/tr>\n<tr>\n<td>Aros<\/td>\n<td>F: 350-12, R: 375-12<\/td>\n<\/tr>\n<tr>\n<td>Carga m\u00e1xima<\/td>\n<td>500-600kgs<\/td>\n<\/tr>\n<tr>\n<td>Escalada m\u00e1xima<\/td>\n<td>30\u00b0<\/td>\n<\/tr>\n<tr>\n<td>Freio \u5239\u8f66<\/td>\n<td>F &amp; R drum brake<\/td>\n<\/tr>\n<tr>\n<td>Tamanho do ve\u00edculo C x L x A (mm)<\/td>\n<td>2970*1000*1350mm<\/td>\n<\/tr>\n<tr>\n<td>Cargo box size (mm)<\/td>\n<td>1500*1000*300mm<\/td>\n<\/tr>\n<\/tbody>\n<\/table>\n<\/li>\n<\/ul>\n<h2>Why choosing this kind of Electric Powered Cargo Truck?<\/h2>\n<p>Tamb\u00e9m temos outros modelos de scooters el\u00e9tricas para golfe para um \u00fanico passageiro. Se precisar de mais informa\u00e7\u00f5es, voc\u00ea pode<a href=\"https:\/\/www.linkseride.com\/pt\/fat-tire-golf-scooter-golf-cart-trouring\/\" target=\"_blank\" rel=\"noopener\"> Encontre aqui.<\/a><\/p>\n<p>Mais v\u00eddeos introdut\u00f3rios podem ser encontrados aqui: <a href=\"https:\/\/www.youtube.com\/c\/LinksErideTech\" target=\"_blank\" rel=\"noopener\">https:\/\/www.youtube.com\/c\/LinksErideTech<\/a><\/p>","protected":false},"excerpt":{"rendered":"<p>\u25cf LET-04 electric powered cargo truck with 800w-1500w rated power electric hub motor<\/p>\n<p>\u25cf <strong>60v 20Ah<\/strong>-52Ah<strong>\u00a0bateria <\/strong>fornece alcance m\u00e1ximo de 40 milhas<\/p>\n<p>\u25cf different usage with the electric powered cargo truck, either for adults or for electric powered cargo truck<\/p>\n<p>\u25cf Op\u00e7\u00e3o de 2 lugares com material almofadado para melhorar a sensa\u00e7\u00e3o de condu\u00e7\u00e3o<\/p>\n<p>\u25cf O visor LCD mostra o veloc\u00edmetro, a quilometragem, a voltagem e o n\u00edvel de pot\u00eancia.<\/p>","protected":false},"featured_media":10907,"template":"","meta":{"site-sidebar-layout":"default","site-content-layout":"default","ast-site-content-layout":"default","site-content-style":"default","site-sidebar-style":"default","ast-global-header-display":"","ast-banner-title-visibility":"","ast-main-header-display":"","ast-hfb-above-header-display":"","ast-hfb-below-header-display":"","ast-hfb-mobile-header-display":"","site-post-title":"","ast-breadcrumbs-content":"","ast-featured-img":"","footer-sml-layout":"","ast-disable-related-posts":"","theme-transparent-header-meta":"default","adv-header-id-meta":"","stick-header-meta":"","header-above-stick-meta":"","header-main-stick-meta":"","header-below-stick-meta":"","astra-migrate-meta-layouts":"set","ast-page-background-enabled":"default","ast-page-background-meta":{"desktop":{"background-color":"","background-image":"","background-repeat":"repeat","background-position":"center center","background-size":"auto","background-attachment":"scroll","background-type":"","background-media":"","overlay-type":"","overlay-color":"","overlay-opacity":"","overlay-gradient":""},"tablet":{"background-color":"","background-image":"","background-repeat":"repeat","background-position":"center center","background-size":"auto","background-attachment":"scroll","background-type":"","background-media":"","overlay-type":"","overlay-color":"","overlay-opacity":"","overlay-gradient":""},"mobile":{"background-color":"","background-image":"","background-repeat":"repeat","background-position":"center center","background-size":"auto","background-attachment":"scroll","background-type":"","background-media":"","overlay-type":"","overlay-color":"","overlay-opacity":"","overlay-gradient":""}},"ast-content-background-meta":{"desktop":{"background-color":"var(--ast-global-color-5)","background-image":"","background-repeat":"repeat","background-position":"center center","background-size":"auto","background-attachment":"scroll","background-type":"","background-media":"","overlay-type":"","overlay-color":"","overlay-opacity":"","overlay-gradient":""},"tablet":{"background-color":"var(--ast-global-color-5)","background-image":"","background-repeat":"repeat","background-position":"center center","background-size":"auto","background-attachment":"scroll","background-type":"","background-media":"","overlay-type":"","overlay-color":"","overlay-opacity":"","overlay-gradient":""},"mobile":{"background-color":"var(--ast-global-color-5)","background-image":"","background-repeat":"repeat","background-position":"center center","background-size":"auto","background-attachment":"scroll","background-type":"","background-media":"","overlay-type":"","overlay-color":"","overlay-opacity":"","overlay-gradient":""}}},"product_brand":[],"product_cat":[28],"product_tag":[38,47,48],"class_list":{"0":"post-10906","1":"product","2":"type-product","3":"status-publish","4":"has-post-thumbnail","6":"product_cat-electric-scooter","7":"product_tag-citycoco-scooter","8":"product_tag-golf-scooter","9":"product_tag-single-rider-golf-scooter","10":"desktop-align-left","11":"tablet-align-left","12":"mobile-align-left","14":"first","15":"instock","16":"shipping-taxable","17":"product-type-simple"},"_links":{"self":[{"href":"https:\/\/www.linkseride.com\/pt\/wp-json\/wp\/v2\/product\/10906","targetHints":{"allow":["GET"]}}],"collection":[{"href":"https:\/\/www.linkseride.com\/pt\/wp-json\/wp\/v2\/product"}],"about":[{"href":"https:\/\/www.linkseride.com\/pt\/wp-json\/wp\/v2\/types\/product"}],"wp:featuredmedia":[{"embeddable":true,"href":"https:\/\/www.linkseride.com\/pt\/wp-json\/wp\/v2\/media\/10907"}],"wp:attachment":[{"href":"https:\/\/www.linkseride.com\/pt\/wp-json\/wp\/v2\/media?parent=10906"}],"wp:term":[{"taxonomy":"product_brand","embeddable":true,"href":"https:\/\/www.linkseride.com\/pt\/wp-json\/wp\/v2\/product_brand?post=10906"},{"taxonomy":"product_cat","embeddable":true,"href":"https:\/\/www.linkseride.com\/pt\/wp-json\/wp\/v2\/product_cat?post=10906"},{"taxonomy":"product_tag","embeddable":true,"href":"https:\/\/www.linkseride.com\/pt\/wp-json\/wp\/v2\/product_tag?post=10906"}],"curies":[{"name":"wp","href":"https:\/\/api.w.org\/{rel}","templated":true}]}}