{"id":10912,"date":"2024-07-18T03:50:40","date_gmt":"2024-07-18T03:50:40","guid":{"rendered":"https:\/\/www.linkseride.com\/?post_type=product&#038;p=10912"},"modified":"2024-07-24T09:03:22","modified_gmt":"2024-07-24T09:03:22","slug":"riquixa-eletrico-de-200-km-de-alcance","status":"publish","type":"product","link":"https:\/\/www.linkseride.com\/pt\/product\/electric-rickshaw-200km-long-range\/","title":{"rendered":"Riquix\u00e1 el\u00e9trico Linkseride LER-1 altamente eficaz, com longo alcance de 120 km para passageiros"},"content":{"rendered":"<h2>Riquix\u00e1 el\u00e9trico Linkseride LER-1 altamente eficaz com longo alcance de 200 km<\/h2>\n<p>Somos apaixonados pelo que estamos fazendo com nosso futuro el\u00e9trico, incluindo <strong><a href=\"https:\/\/www.linkseride.com\/pt\/trike-scooter-electric-tricycle-manufacturer\/\">triciclo el\u00e9trico<\/a>, <a href=\"https:\/\/www.linkseride.com\/pt\/scooter-eletrico-de-pneu-gordo\/\">patinete com pneus largos<\/a>, <a href=\"https:\/\/www.linkseride.com\/pt\/fabricante-de-motocicletas-eletricas\/\" target=\"_blank\" rel=\"noopener\">scooter citycoco<\/a>, <a href=\"https:\/\/www.linkseride.com\/pt\/fabricante-de-ciclomotores-eletricos\/\" target=\"_blank\" rel=\"noopener\">ciclomotor el\u00e9trico<\/a><\/strong> e etc.<\/p>\n<p>Apresentamos o LER-1 Electric Rickshaw, a solu\u00e7\u00e3o definitiva para o transporte urbano sustent\u00e1vel e eficiente de passageiros. Projetado com um potente motor de 1200-2000 W e uma bateria avan\u00e7ada com capacidade de 80Ah-160Ah, o LER-1 oferece uma impressionante autonomia de at\u00e9 120 km com uma \u00fanica carga. Esse riquix\u00e1 el\u00e9trico altamente eficaz combina durabilidade com conforto, apresentando uma cabine espa\u00e7osa projetada para a conveni\u00eancia dos passageiros. Sua opera\u00e7\u00e3o ecologicamente correta garante zero emiss\u00f5es, tornando-o a escolha ideal para ambientes urbanos modernos. Melhore seu servi\u00e7o de transporte com o riquix\u00e1 el\u00e9trico LER-1 e experimente efici\u00eancia e confiabilidade inigual\u00e1veis.<\/p>\n<div id='gallery-1' class='gallery galleryid-10912 gallery-columns-2 gallery-size-full'><figure class='gallery-item'>\n\t\t\t<div class='gallery-icon landscape'>\n\t\t\t\t<img fetchpriority=\"high\" decoding=\"async\" width=\"1040\" height=\"1040\" src=\"https:\/\/www.linkseride.com\/wp-content\/uploads\/2024\/07\/1-4.jpg\" class=\"attachment-full size-full\" alt=\"riquix\u00e1 el\u00e9trico\" srcset=\"https:\/\/www.linkseride.com\/wp-content\/uploads\/2024\/07\/1-4.jpg 1040w, https:\/\/www.linkseride.com\/wp-content\/uploads\/2024\/07\/1-4-300x300.jpg 300w, https:\/\/www.linkseride.com\/wp-content\/uploads\/2024\/07\/1-4-1024x1024.jpg 1024w, https:\/\/www.linkseride.com\/wp-content\/uploads\/2024\/07\/1-4-150x150.jpg 150w, https:\/\/www.linkseride.com\/wp-content\/uploads\/2024\/07\/1-4-768x768.jpg 768w, https:\/\/www.linkseride.com\/wp-content\/uploads\/2024\/07\/1-4-600x600.jpg 600w, https:\/\/www.linkseride.com\/wp-content\/uploads\/2024\/07\/1-4-100x100.jpg 100w\" sizes=\"(max-width: 1040px) 100vw, 1040px\" \/>\n\t\t\t<\/div><\/figure><figure class='gallery-item'>\n\t\t\t<div class='gallery-icon landscape'>\n\t\t\t\t<img decoding=\"async\" width=\"1040\" height=\"1040\" src=\"https:\/\/www.linkseride.com\/wp-content\/uploads\/2024\/07\/2-6.jpg\" class=\"attachment-full size-full\" alt=\"riquix\u00e1 el\u00e9trico\" srcset=\"https:\/\/www.linkseride.com\/wp-content\/uploads\/2024\/07\/2-6.jpg 1040w, https:\/\/www.linkseride.com\/wp-content\/uploads\/2024\/07\/2-6-300x300.jpg 300w, https:\/\/www.linkseride.com\/wp-content\/uploads\/2024\/07\/2-6-1024x1024.jpg 1024w, https:\/\/www.linkseride.com\/wp-content\/uploads\/2024\/07\/2-6-150x150.jpg 150w, https:\/\/www.linkseride.com\/wp-content\/uploads\/2024\/07\/2-6-768x768.jpg 768w, https:\/\/www.linkseride.com\/wp-content\/uploads\/2024\/07\/2-6-600x600.jpg 600w, https:\/\/www.linkseride.com\/wp-content\/uploads\/2024\/07\/2-6-100x100.jpg 100w\" sizes=\"(max-width: 1040px) 100vw, 1040px\" \/>\n\t\t\t<\/div><\/figure>\n\t\t<\/div>\n\n<h2>Quais s\u00e3o as caracter\u00edsticas do riquix\u00e1 el\u00e9trico LER-1?<\/h2>\n<ul>\n<li>Motor de cubo el\u00e9trico com pot\u00eancia nominal de 1500w\/2000w<\/li>\n<li><strong>60v<\/strong><strong>\u00a0bateria <\/strong>fornece alcance m\u00e1ximo de 40 milhas<\/li>\n<li>ideia de uso do riquix\u00e1 el\u00e9trico para adultos<\/li>\n<li>Op\u00e7\u00e3o de 6 assentos com material almofadado para melhorar a sensa\u00e7\u00e3o de pilotagem<\/li>\n<li>O visor LCD mostra o veloc\u00edmetro, a quilometragem, a tens\u00e3o e o n\u00edvel de pot\u00eancia<br \/>\n<table width=\"389\">\n<tbody>\n<tr>\n<td width=\"161\">Pot\u00eancia do motor<\/td>\n<td width=\"228\">60V\/72V\/1500W\/2000W<\/td>\n<\/tr>\n<tr>\n<td>Velocidade m\u00e1xima<\/td>\n<td width=\"228\">40-55Km\/h<\/td>\n<\/tr>\n<tr>\n<td>Bateria<\/td>\n<td>80-160Ah<\/td>\n<\/tr>\n<tr>\n<td>Alcance m\u00e1ximo<\/td>\n<td>60-200KM<\/td>\n<\/tr>\n<tr>\n<td>passageiro com motorista<\/td>\n<td>6<\/td>\n<\/tr>\n<tr>\n<td>Dist\u00e2ncia do solo<\/td>\n<td>150 mm<\/td>\n<\/tr>\n<tr>\n<td>Aros<\/td>\n<td>400-12<\/td>\n<\/tr>\n<tr>\n<td>Carga m\u00e1xima<\/td>\n<td>1000 kg<\/td>\n<\/tr>\n<tr>\n<td>Freio \u5239\u8f66<\/td>\n<td>tambor de freio<\/td>\n<\/tr>\n<tr>\n<td>Tamanho do ve\u00edculo C x L x A (mm)<\/td>\n<td>2900*1200*1700mm<\/td>\n<\/tr>\n<\/tbody>\n<\/table>\n<\/li>\n<\/ul>\n<h2>Por que escolher esse tipo de riquix\u00e1 el\u00e9trico de longo alcance para 6 passageiros?<\/h2>\n<p>&nbsp;<\/p>\n<p>Tamb\u00e9m temos outros modelos de scooters el\u00e9tricas para golfe para um \u00fanico passageiro. Se precisar de mais informa\u00e7\u00f5es, voc\u00ea pode<a href=\"https:\/\/www.linkseride.com\/pt\/trike-scooter-electric-tricycle-manufacturer\/\" target=\"_blank\" rel=\"noopener\"> Encontre aqui.<\/a><\/p>\n<p>Mais v\u00eddeos introdut\u00f3rios podem ser encontrados aqui: <a href=\"https:\/\/www.youtube.com\/c\/LinksErideTech\" target=\"_blank\" rel=\"noopener\">https:\/\/www.youtube.com\/c\/LinksErideTech<\/a><\/p>","protected":false},"excerpt":{"rendered":"<p>Riquix\u00e1 el\u00e9trico LER-1 com motor de cubo el\u00e9trico com pot\u00eancia nominal de 1500w\/2000w<\/p>\n<p>\u25cf <strong>60v\/72v<\/strong><strong>\u00a0bateria <\/strong>fornece alcance m\u00e1ximo de 60 a 200 km<\/p>\n<p>Op\u00e7\u00e3o de 6 assentos com material almofadado para melhorar a sensa\u00e7\u00e3o de pilotagem<\/p>\n<p>\u25cf O visor LCD mostra o veloc\u00edmetro, a quilometragem, a voltagem e o n\u00edvel de pot\u00eancia.<\/p>","protected":false},"featured_media":10913,"template":"","meta":{"site-sidebar-layout":"default","site-content-layout":"default","ast-site-content-layout":"default","site-content-style":"default","site-sidebar-style":"default","ast-global-header-display":"","ast-banner-title-visibility":"","ast-main-header-display":"","ast-hfb-above-header-display":"","ast-hfb-below-header-display":"","ast-hfb-mobile-header-display":"","site-post-title":"","ast-breadcrumbs-content":"","ast-featured-img":"","footer-sml-layout":"","ast-disable-related-posts":"","theme-transparent-header-meta":"default","adv-header-id-meta":"","stick-header-meta":"","header-above-stick-meta":"","header-main-stick-meta":"","header-below-stick-meta":"","astra-migrate-meta-layouts":"set","ast-page-background-enabled":"default","ast-page-background-meta":{"desktop":{"background-color":"","background-image":"","background-repeat":"repeat","background-position":"center center","background-size":"auto","background-attachment":"scroll","background-type":"","background-media":"","overlay-type":"","overlay-color":"","overlay-opacity":"","overlay-gradient":""},"tablet":{"background-color":"","background-image":"","background-repeat":"repeat","background-position":"center center","background-size":"auto","background-attachment":"scroll","background-type":"","background-media":"","overlay-type":"","overlay-color":"","overlay-opacity":"","overlay-gradient":""},"mobile":{"background-color":"","background-image":"","background-repeat":"repeat","background-position":"center center","background-size":"auto","background-attachment":"scroll","background-type":"","background-media":"","overlay-type":"","overlay-color":"","overlay-opacity":"","overlay-gradient":""}},"ast-content-background-meta":{"desktop":{"background-color":"var(--ast-global-color-5)","background-image":"","background-repeat":"repeat","background-position":"center center","background-size":"auto","background-attachment":"scroll","background-type":"","background-media":"","overlay-type":"","overlay-color":"","overlay-opacity":"","overlay-gradient":""},"tablet":{"background-color":"var(--ast-global-color-5)","background-image":"","background-repeat":"repeat","background-position":"center center","background-size":"auto","background-attachment":"scroll","background-type":"","background-media":"","overlay-type":"","overlay-color":"","overlay-opacity":"","overlay-gradient":""},"mobile":{"background-color":"var(--ast-global-color-5)","background-image":"","background-repeat":"repeat","background-position":"center center","background-size":"auto","background-attachment":"scroll","background-type":"","background-media":"","overlay-type":"","overlay-color":"","overlay-opacity":"","overlay-gradient":""}}},"product_brand":[],"product_cat":[28],"product_tag":[38,47,48],"class_list":{"0":"post-10912","1":"product","2":"type-product","3":"status-publish","4":"has-post-thumbnail","6":"product_cat-electric-scooter","7":"product_tag-citycoco-scooter","8":"product_tag-golf-scooter","9":"product_tag-single-rider-golf-scooter","10":"desktop-align-left","11":"tablet-align-left","12":"mobile-align-left","14":"first","15":"instock","16":"shipping-taxable","17":"product-type-simple"},"_links":{"self":[{"href":"https:\/\/www.linkseride.com\/pt\/wp-json\/wp\/v2\/product\/10912","targetHints":{"allow":["GET"]}}],"collection":[{"href":"https:\/\/www.linkseride.com\/pt\/wp-json\/wp\/v2\/product"}],"about":[{"href":"https:\/\/www.linkseride.com\/pt\/wp-json\/wp\/v2\/types\/product"}],"wp:featuredmedia":[{"embeddable":true,"href":"https:\/\/www.linkseride.com\/pt\/wp-json\/wp\/v2\/media\/10913"}],"wp:attachment":[{"href":"https:\/\/www.linkseride.com\/pt\/wp-json\/wp\/v2\/media?parent=10912"}],"wp:term":[{"taxonomy":"product_brand","embeddable":true,"href":"https:\/\/www.linkseride.com\/pt\/wp-json\/wp\/v2\/product_brand?post=10912"},{"taxonomy":"product_cat","embeddable":true,"href":"https:\/\/www.linkseride.com\/pt\/wp-json\/wp\/v2\/product_cat?post=10912"},{"taxonomy":"product_tag","embeddable":true,"href":"https:\/\/www.linkseride.com\/pt\/wp-json\/wp\/v2\/product_tag?post=10912"}],"curies":[{"name":"wp","href":"https:\/\/api.w.org\/{rel}","templated":true}]}}