{"id":11148,"date":"2025-05-19T08:27:12","date_gmt":"2025-05-19T08:27:12","guid":{"rendered":"https:\/\/www.linkseride.com\/?post_type=product&#038;p=11148"},"modified":"2025-05-23T06:22:28","modified_gmt":"2025-05-23T06:22:28","slug":"mini-citycoco-cheap-electric-scooter","status":"publish","type":"product","link":"https:\/\/www.linkseride.com\/pt\/product\/mini-citycoco-cheap-electric-scooter\/","title":{"rendered":"Mini Citycoco MINI-M8 Cheap Electric Scooter Short Wheelbase Brazilian Market"},"content":{"rendered":"<h2>Mini Citycoco MINI-M8 Cheap Electric Scooter Short Wheelbase Brazilian Market<\/h2>\n<p>Somos apaixonados pelo que estamos fazendo com nosso futuro el\u00e9trico, incluindo <strong><a href=\"https:\/\/www.linkseride.com\/pt\/fabricante-de-scooters-eletricos\/\" target=\"_blank\" rel=\"noopener\">scooters el\u00e9tricos<\/a>, <a href=\"https:\/\/www.linkseride.com\/pt\/scooter-eletrico-de-pneu-gordo\/\" target=\"_blank\" rel=\"noopener\">patinete el\u00e9trico com pneus largos<\/a>, <a href=\"https:\/\/www.linkseride.com\/pt\/fabricante-de-motocicletas-eletricas\/\" target=\"_blank\" rel=\"noopener\">scooter citycoco<\/a>, <a href=\"https:\/\/www.linkseride.com\/pt\/fabricante-de-ciclomotores-eletricos\/\" target=\"_blank\" rel=\"noopener\">ciclomotor el\u00e9trico<\/a><\/strong> e etc.<\/p>\n<p>Mini Citycoco X9 Cheap Electric Scooter Short Wheelbase Brazilian Market with Two Seats. This model is the basic model of Citycoco scooter which also have 2 seats options.<\/p>\n<h2>What is the key features of this Mini Citycoco X9 Cheap Electric Scooter Short Wheelbase Brazilian Market?<\/h2>\n<table style=\"font-size: 16px; font-style: normal;\">\n<tbody>\n<tr>\n<td width=\"265\">TAMANHO DO VE\u00cdCULO<\/td>\n<td width=\"333\">1500 x 630 x 920 mm<\/td>\n<\/tr>\n<tr>\n<td width=\"265\">TAMANHO DA EMBALAGEM<\/td>\n<td width=\"333\">1250*400*750 mm<\/td>\n<\/tr>\n<tr>\n<td width=\"156\">MATERIAL<\/td>\n<td width=\"265\">Frame material<\/td>\n<td width=\"333\">ferro<\/td>\n<\/tr>\n<tr>\n<td colspan=\"1\" rowspan=\"2\" width=\"156\">MAIN<\/td>\n<td width=\"265\">VELOCIDADE (km\/h)<\/td>\n<td width=\"333\"><\/td>\n<\/tr>\n<tr>\n<td width=\"265\">CHOQUE<\/td>\n<td width=\"333\">DUPLO<\/td>\n<\/tr>\n<tr>\n<td colspan=\"1\" rowspan=\"4\" width=\"156\">BATTERY<\/td>\n<td width=\"265\">RATED VOLTAGE\uff08V\uff09<\/td>\n<td width=\"333\">60 V<\/td>\n<\/tr>\n<tr>\n<td width=\"265\">CAPACIDADE\uff08mAh\uff09<\/td>\n<td width=\"333\">12AH              20AH<\/td>\n<\/tr>\n<tr>\n<td width=\"265\">Alcance\uff08km\uff09<\/td>\n<td width=\"333\">25-30 km        40-45 km<\/td>\n<\/tr>\n<tr>\n<td width=\"265\">SMART BMS<\/td>\n<td width=\"333\">Prote\u00e7\u00e3o contra sobrecarga \/ Prote\u00e7\u00e3o contra baixa tens\u00e3o \/ Prote\u00e7\u00e3o contra alta temperatura<\/td>\n<\/tr>\n<tr>\n<td colspan=\"1\" rowspan=\"3\" width=\"156\">MOTOR<\/td>\n<td width=\"265\">POT\u00caNCIA NOMINAL (W)<\/td>\n<td width=\"333\">1000 W<\/td>\n<\/tr>\n<tr>\n<td width=\"265\">GRADIENTE<\/td>\n<td width=\"333\">\u226440\u00b0<\/td>\n<\/tr>\n<tr>\n<td width=\"265\">CERTIFICADO<\/td>\n<td width=\"333\">CE, ROHS<\/td>\n<\/tr>\n<tr>\n<td colspan=\"1\" rowspan=\"5\" width=\"156\">CHARGER<\/td>\n<td width=\"265\">Tempo de carregamento<\/td>\n<td width=\"333\">4-6 horas<\/td>\n<\/tr>\n<tr>\n<td width=\"265\">TENS\u00c3O DE ENTRADA (V)<\/td>\n<td width=\"333\">100 ~ 240 V<\/td>\n<\/tr>\n<tr>\n<td width=\"265\">TENS\u00c3O DE SA\u00cdDA (V)<\/td>\n<td width=\"333\">67,2 V<\/td>\n<\/tr>\n<tr>\n<td width=\"265\">CORRENTE NOMINAL (A)<\/td>\n<td width=\"333\">2A<\/td>\n<\/tr>\n<tr>\n<td width=\"265\">CERTIFICADO<\/td>\n<td width=\"333\">CE, UL, SAA<\/td>\n<\/tr>\n<tr>\n<td colspan=\"1\" rowspan=\"2\" width=\"156\">PNEU<\/td>\n<td width=\"265\">Pneu dianteiro<\/td>\n<td width=\"333\">10 polegadas<\/td>\n<\/tr>\n<tr>\n<td width=\"265\">Pneu traseiro<\/td>\n<td width=\"333\">10 polegadas<\/td>\n<\/tr>\n<tr>\n<td width=\"156\">BRAKE<\/td>\n<td width=\"265\">FREIO: (Dianteiro $rear)<\/td>\n<td width=\"333\">Freio a disco hidr\u00e1ulico<\/td>\n<\/tr>\n<tr>\n<td width=\"156\">WEIGHT<\/td>\n<td width=\"265\">N.W<\/td>\n<td width=\"333\">55 kg<\/td>\n<\/tr>\n<\/tbody>\n<\/table>\n<p>Tamb\u00e9m temos outro novo modelo de scooter Citycoco em formato de harley. Se precisar de mais informa\u00e7\u00f5es, voc\u00ea pode<a href=\"https:\/\/www.linkseride.com\/pt\/fabricante-de-scooters-eletricos\/\" target=\"_blank\" rel=\"noopener\"> Encontre aqui.<\/a><\/p>\n<p>More introduction video you could find here:\u00a0 https:\/\/www.youtube.com\/@LinksErideTech<\/p>\n<div class=\"ast-oembed-container\" style=\"height: 100%;\"><iframe title=\"Linkseride Electric Citycoco Scooter Factory Tour for Production\" width=\"500\" height=\"281\" src=\"https:\/\/www.youtube.com\/embed\/p-1JrDoZQBs?feature=oembed&#038;enablejsapi=1&#038;origin=https:\/\/www.linkseride.com\" frameborder=\"0\" allow=\"accelerometer; autoplay; clipboard-write; encrypted-media; gyroscope; picture-in-picture; web-share\" referrerpolicy=\"strict-origin-when-cross-origin\" allowfullscreen><\/iframe><\/div>","protected":false},"excerpt":{"rendered":"<p>\u25cf Mini Citycoco M8 Cheap Electric Scooter Short Wheelbase Brazilian Market with Two Seats<\/p>\n<p>\u25cf Dual battery for 60V12Ah or 60V20Ah li-ion battery<\/p>\n<p>Suspens\u00e3o dianteira e traseira<\/p>\n<p>\u25cf 3 different generations for you to choose from<\/p>","protected":false},"featured_media":11157,"template":"","meta":{"site-sidebar-layout":"default","site-content-layout":"default","ast-site-content-layout":"default","site-content-style":"default","site-sidebar-style":"default","ast-global-header-display":"","ast-banner-title-visibility":"","ast-main-header-display":"","ast-hfb-above-header-display":"","ast-hfb-below-header-display":"","ast-hfb-mobile-header-display":"","site-post-title":"","ast-breadcrumbs-content":"","ast-featured-img":"","footer-sml-layout":"","ast-disable-related-posts":"","theme-transparent-header-meta":"default","adv-header-id-meta":"","stick-header-meta":"","header-above-stick-meta":"","header-main-stick-meta":"","header-below-stick-meta":"","astra-migrate-meta-layouts":"set","ast-page-background-enabled":"default","ast-page-background-meta":{"desktop":{"background-color":"","background-image":"","background-repeat":"repeat","background-position":"center center","background-size":"auto","background-attachment":"scroll","background-type":"","background-media":"","overlay-type":"","overlay-color":"","overlay-opacity":"","overlay-gradient":""},"tablet":{"background-color":"","background-image":"","background-repeat":"repeat","background-position":"center center","background-size":"auto","background-attachment":"scroll","background-type":"","background-media":"","overlay-type":"","overlay-color":"","overlay-opacity":"","overlay-gradient":""},"mobile":{"background-color":"","background-image":"","background-repeat":"repeat","background-position":"center center","background-size":"auto","background-attachment":"scroll","background-type":"","background-media":"","overlay-type":"","overlay-color":"","overlay-opacity":"","overlay-gradient":""}},"ast-content-background-meta":{"desktop":{"background-color":"var(--ast-global-color-5)","background-image":"","background-repeat":"repeat","background-position":"center center","background-size":"auto","background-attachment":"scroll","background-type":"","background-media":"","overlay-type":"","overlay-color":"","overlay-opacity":"","overlay-gradient":""},"tablet":{"background-color":"var(--ast-global-color-5)","background-image":"","background-repeat":"repeat","background-position":"center center","background-size":"auto","background-attachment":"scroll","background-type":"","background-media":"","overlay-type":"","overlay-color":"","overlay-opacity":"","overlay-gradient":""},"mobile":{"background-color":"var(--ast-global-color-5)","background-image":"","background-repeat":"repeat","background-position":"center center","background-size":"auto","background-attachment":"scroll","background-type":"","background-media":"","overlay-type":"","overlay-color":"","overlay-opacity":"","overlay-gradient":""}}},"product_brand":[],"product_cat":[27,28],"product_tag":[38],"class_list":{"0":"post-11148","1":"product","2":"type-product","3":"status-publish","4":"has-post-thumbnail","6":"product_cat-electric-motorcycle","7":"product_cat-electric-scooter","8":"product_tag-citycoco-scooter","9":"desktop-align-left","10":"tablet-align-left","11":"mobile-align-left","13":"first","14":"instock","15":"shipping-taxable","16":"product-type-simple"},"_links":{"self":[{"href":"https:\/\/www.linkseride.com\/pt\/wp-json\/wp\/v2\/product\/11148","targetHints":{"allow":["GET"]}}],"collection":[{"href":"https:\/\/www.linkseride.com\/pt\/wp-json\/wp\/v2\/product"}],"about":[{"href":"https:\/\/www.linkseride.com\/pt\/wp-json\/wp\/v2\/types\/product"}],"wp:featuredmedia":[{"embeddable":true,"href":"https:\/\/www.linkseride.com\/pt\/wp-json\/wp\/v2\/media\/11157"}],"wp:attachment":[{"href":"https:\/\/www.linkseride.com\/pt\/wp-json\/wp\/v2\/media?parent=11148"}],"wp:term":[{"taxonomy":"product_brand","embeddable":true,"href":"https:\/\/www.linkseride.com\/pt\/wp-json\/wp\/v2\/product_brand?post=11148"},{"taxonomy":"product_cat","embeddable":true,"href":"https:\/\/www.linkseride.com\/pt\/wp-json\/wp\/v2\/product_cat?post=11148"},{"taxonomy":"product_tag","embeddable":true,"href":"https:\/\/www.linkseride.com\/pt\/wp-json\/wp\/v2\/product_tag?post=11148"}],"curies":[{"name":"wp","href":"https:\/\/api.w.org\/{rel}","templated":true}]}}