{"id":11176,"date":"2025-05-20T04:34:59","date_gmt":"2025-05-20T04:34:59","guid":{"rendered":"https:\/\/www.linkseride.com\/?post_type=product&#038;p=11176"},"modified":"2025-05-23T05:57:09","modified_gmt":"2025-05-23T05:57:09","slug":"scooter-eletrica-m10-citycoco-e","status":"publish","type":"product","link":"https:\/\/www.linkseride.com\/pt\/product\/m10-electric-citycoco-e-scooter\/","title":{"rendered":"2025 Electric Citycoco E-Scooter Novas atualiza\u00e7\u00f5es Modelo de eixo curto adequado para o Brasil 2000W"},"content":{"rendered":"<h2>2025 Electric Citycoco E-Scooter Novas atualiza\u00e7\u00f5es Modelo de eixo curto adequado para o Brasil 2000W<\/h2>\n<p>Somos apaixonados pelo que estamos fazendo com nosso futuro el\u00e9trico, incluindo <strong>scooters el\u00e9tricas, <a href=\"https:\/\/www.linkseride.com\/pt\/fabricante-de-motocicletas-eletricas\/\" target=\"_blank\" rel=\"noopener\">patinete com pneus largos<\/a>, <a href=\"https:\/\/www.linkseride.com\/pt\/fabricante-de-motocicletas-eletricas\/\" target=\"_blank\" rel=\"noopener\">scooter citycoco<\/a>, <a href=\"https:\/\/www.linkseride.com\/pt\/fabricante-de-ciclomotores-eletricos\/\" target=\"_blank\" rel=\"noopener\">ciclomotor el\u00e9trico<\/a><\/strong> e etc.<\/p>\n<p>Esta Scooter El\u00e9trica Brasil Mini Scooter Citycoco 1500W torna sua vida di\u00e1ria mais segura, divertida e confort\u00e1vel!<\/p>\n<h2>Quais s\u00e3o os recursos dessa E-Scooter el\u00e9trica Citycoco?<\/h2>\n<table width=\"849\">\n<tbody>\n<tr>\n<td width=\"153\"><strong>TAMANHO\u00a0<\/strong><\/td>\n<td width=\"248\">1500 x 630 x 920 mm<\/td>\n<td width=\"168\"><strong>POT\u00caNCIA NOMINAL (W)<\/strong><\/td>\n<td width=\"279\">1000 W<\/td>\n<\/tr>\n<tr>\n<td width=\"153\"><strong>DIMENS\u00d5ES DO PACHKING\u00a0<\/strong><\/td>\n<td width=\"248\">1250*400*750 mm<\/td>\n<td width=\"168\"><strong>GRADIENTE<\/strong><\/td>\n<td width=\"279\">\u226440\u00b0<\/td>\n<\/tr>\n<tr>\n<td width=\"153\"><strong>Material da estrutura\uff1a<\/strong><\/td>\n<td width=\"248\">ferro<\/td>\n<td width=\"168\"><strong>CERTIFICADO<\/strong><\/td>\n<td width=\"279\">CE, ROHS<\/td>\n<\/tr>\n<tr>\n<td width=\"153\"><strong>VELOCIDADE (km\/h)<\/strong><\/td>\n<td width=\"248\">limite de 32 km\/h, libera\u00e7\u00e3o de 45 km\/h<\/td>\n<td width=\"168\"><strong>Tempo de carregamento<\/strong><\/td>\n<td width=\"279\">4-6 horas<\/td>\n<\/tr>\n<tr>\n<td width=\"153\"><strong>CHOQUE\u00a0<\/strong><\/td>\n<td width=\"248\">DUPLO<\/td>\n<td width=\"168\"><strong>TENS\u00c3O DE ENTRADA (V)<\/strong><\/td>\n<td width=\"279\">100 ~ 240 V<\/td>\n<\/tr>\n<tr>\n<td width=\"153\"><strong>TENS\u00c3O NOMINAL (V)<\/strong><\/td>\n<td width=\"248\">60 V<\/td>\n<td width=\"168\"><strong>TENS\u00c3O DE SA\u00cdDA (V)<\/strong><\/td>\n<td width=\"279\">67,2 V<\/td>\n<\/tr>\n<tr>\n<td width=\"153\"><strong>CAPACIDADE\uff08mAh\uff09<\/strong><\/td>\n<td width=\"248\">12AH              20AH<\/td>\n<td width=\"168\"><strong>CORRENTE NOMINAL (A)<\/strong><\/td>\n<td width=\"279\">2A<\/td>\n<\/tr>\n<tr>\n<td width=\"153\"><strong>Alcance\uff08km\uff09<\/strong><\/td>\n<td width=\"248\">25-30 km        40-45 km<\/td>\n<td width=\"168\"><strong>CERTIFICADO<\/strong><\/td>\n<td width=\"279\">CE, UL, SAA<\/td>\n<\/tr>\n<tr>\n<td width=\"153\"><strong>SMART BMS<\/strong><\/td>\n<td width=\"248\">Prote\u00e7\u00e3o contra sobrecarga \/ Prote\u00e7\u00e3o contra baixa tens\u00e3o \/ Prote\u00e7\u00e3o contra alta temperatura<\/td>\n<td width=\"168\"><strong>PNEU<\/strong><\/td>\n<td width=\"279\">Pneu sem c\u00e2mara de 10 polegadas F &amp; R<\/td>\n<\/tr>\n<tr>\n<td width=\"153\"><strong>FREIO \uff1a\uff08Frontal e traseiro)<\/strong><\/td>\n<td width=\"248\">Freio a disco hidr\u00e1ulico<\/td>\n<td width=\"168\"><strong>N.W<\/strong><\/td>\n<td width=\"279\">55 kg<\/td>\n<\/tr>\n<\/tbody>\n<\/table>\n<p>Tamb\u00e9m temos outros modelos de e-scooter el\u00e9trica citycoco. Se precisar de mais informa\u00e7\u00f5es, voc\u00ea pode<a href=\"https:\/\/www.linkseride.com\/pt\/fabricante-de-scooters-eletricos\/\" target=\"_blank\" rel=\"noopener\"> Encontre aqui.<\/a><\/p>\n<p>Mais v\u00eddeos introdut\u00f3rios podem ser encontrados aqui: <a href=\"https:\/\/www.youtube.com\/c\/LinksErideTech\" target=\"_blank\" rel=\"noopener\">https:\/\/www.youtube.com\/c\/LinksErideTech<\/a><\/p>\n<p>&nbsp;<\/p>","protected":false},"excerpt":{"rendered":"<p>E-Scooter el\u00e9trica Citycoco com motor de cubo el\u00e9trico de 1000w de pot\u00eancia nominal<\/p>\n<p>\u25cf <strong>60 V\/12 Ah 20 Ah<\/strong>\u00a0<strong>\u00a0bateria <\/strong>fornece alcance m\u00e1ximo de 40 milhas<\/p>\n<p>Dist\u00e2ncia entre eixos curta de 1,3 m legalizada para estradas<\/p>\n<p>\u25cf O visor LCD mostra o veloc\u00edmetro, a quilometragem, a voltagem e o n\u00edvel de pot\u00eancia.<\/p>","protected":false},"featured_media":11209,"template":"","meta":{"site-sidebar-layout":"default","site-content-layout":"default","ast-site-content-layout":"default","site-content-style":"default","site-sidebar-style":"default","ast-global-header-display":"","ast-banner-title-visibility":"","ast-main-header-display":"","ast-hfb-above-header-display":"","ast-hfb-below-header-display":"","ast-hfb-mobile-header-display":"","site-post-title":"","ast-breadcrumbs-content":"","ast-featured-img":"","footer-sml-layout":"","ast-disable-related-posts":"","theme-transparent-header-meta":"default","adv-header-id-meta":"","stick-header-meta":"","header-above-stick-meta":"","header-main-stick-meta":"","header-below-stick-meta":"","astra-migrate-meta-layouts":"set","ast-page-background-enabled":"default","ast-page-background-meta":{"desktop":{"background-color":"","background-image":"","background-repeat":"repeat","background-position":"center center","background-size":"auto","background-attachment":"scroll","background-type":"","background-media":"","overlay-type":"","overlay-color":"","overlay-opacity":"","overlay-gradient":""},"tablet":{"background-color":"","background-image":"","background-repeat":"repeat","background-position":"center center","background-size":"auto","background-attachment":"scroll","background-type":"","background-media":"","overlay-type":"","overlay-color":"","overlay-opacity":"","overlay-gradient":""},"mobile":{"background-color":"","background-image":"","background-repeat":"repeat","background-position":"center center","background-size":"auto","background-attachment":"scroll","background-type":"","background-media":"","overlay-type":"","overlay-color":"","overlay-opacity":"","overlay-gradient":""}},"ast-content-background-meta":{"desktop":{"background-color":"var(--ast-global-color-5)","background-image":"","background-repeat":"repeat","background-position":"center center","background-size":"auto","background-attachment":"scroll","background-type":"","background-media":"","overlay-type":"","overlay-color":"","overlay-opacity":"","overlay-gradient":""},"tablet":{"background-color":"var(--ast-global-color-5)","background-image":"","background-repeat":"repeat","background-position":"center center","background-size":"auto","background-attachment":"scroll","background-type":"","background-media":"","overlay-type":"","overlay-color":"","overlay-opacity":"","overlay-gradient":""},"mobile":{"background-color":"var(--ast-global-color-5)","background-image":"","background-repeat":"repeat","background-position":"center center","background-size":"auto","background-attachment":"scroll","background-type":"","background-media":"","overlay-type":"","overlay-color":"","overlay-opacity":"","overlay-gradient":""}}},"product_brand":[],"product_cat":[28],"product_tag":[38,47,48],"class_list":{"0":"post-11176","1":"product","2":"type-product","3":"status-publish","4":"has-post-thumbnail","6":"product_cat-electric-scooter","7":"product_tag-citycoco-scooter","8":"product_tag-golf-scooter","9":"product_tag-single-rider-golf-scooter","10":"desktop-align-left","11":"tablet-align-left","12":"mobile-align-left","14":"first","15":"instock","16":"shipping-taxable","17":"product-type-simple"},"_links":{"self":[{"href":"https:\/\/www.linkseride.com\/pt\/wp-json\/wp\/v2\/product\/11176","targetHints":{"allow":["GET"]}}],"collection":[{"href":"https:\/\/www.linkseride.com\/pt\/wp-json\/wp\/v2\/product"}],"about":[{"href":"https:\/\/www.linkseride.com\/pt\/wp-json\/wp\/v2\/types\/product"}],"wp:featuredmedia":[{"embeddable":true,"href":"https:\/\/www.linkseride.com\/pt\/wp-json\/wp\/v2\/media\/11209"}],"wp:attachment":[{"href":"https:\/\/www.linkseride.com\/pt\/wp-json\/wp\/v2\/media?parent=11176"}],"wp:term":[{"taxonomy":"product_brand","embeddable":true,"href":"https:\/\/www.linkseride.com\/pt\/wp-json\/wp\/v2\/product_brand?post=11176"},{"taxonomy":"product_cat","embeddable":true,"href":"https:\/\/www.linkseride.com\/pt\/wp-json\/wp\/v2\/product_cat?post=11176"},{"taxonomy":"product_tag","embeddable":true,"href":"https:\/\/www.linkseride.com\/pt\/wp-json\/wp\/v2\/product_tag?post=11176"}],"curies":[{"name":"wp","href":"https:\/\/api.w.org\/{rel}","templated":true}]}}