{"id":11192,"date":"2025-05-20T04:42:50","date_gmt":"2025-05-20T04:42:50","guid":{"rendered":"https:\/\/www.linkseride.com\/?post_type=product&#038;p=11192"},"modified":"2026-02-28T02:53:08","modified_gmt":"2026-02-28T02:53:08","slug":"scooter-eletrica-citycoco-barata","status":"publish","type":"product","link":"https:\/\/www.linkseride.com\/pt\/product\/cheap-electric-citycoco-scooter\/","title":{"rendered":"Scooter el\u00e9trica Citycoco barata com dist\u00e2ncia entre eixos de 1,3 m Scooter el\u00e9trica brasileira 60 V"},"content":{"rendered":"<h2>Scooter el\u00e9trica Citycoco barata com dist\u00e2ncia entre eixos de 1,3 m Scooter el\u00e9trica brasileira 60 V<\/h2>\n<p>Somos apaixonados pelo que estamos fazendo com nosso futuro el\u00e9trico, incluindo <strong>scooters el\u00e9tricas, <a href=\"https:\/\/www.linkseride.com\/pt\/electric-motorcycle-manufacturer\/\" target=\"_blank\" rel=\"noopener\">patinete com pneus largos<\/a>, <a href=\"https:\/\/www.linkseride.com\/pt\/electric-motorcycle-manufacturer\/\" target=\"_blank\" rel=\"noopener\">scooter citycoco<\/a>, <a href=\"https:\/\/www.linkseride.com\/pt\/electric-moped-manufacturer\/\" target=\"_blank\" rel=\"noopener\">ciclomotor el\u00e9trico<\/a><\/strong> e etc.<\/p>\n<p>Esta Scooter El\u00e9trica Brasil Mini Scooter Citycoco 1500W torna sua vida di\u00e1ria mais segura, divertida e confort\u00e1vel!<\/p>\n<h2>Quais s\u00e3o as caracter\u00edsticas desta scooter el\u00e9trica Citycoco barata com dist\u00e2ncia entre eixos de 1,3 m?<\/h2>\n<table>\n<tbody>\n<tr>\n<td width=\"265\">TAMANHO DO VE\u00cdCULO<\/td>\n<td width=\"333\">1500 x 630 x 920 mm<\/td>\n<\/tr>\n<tr>\n<td width=\"265\">TAMANHO DA EMBALAGEM<\/td>\n<td width=\"333\">1250*400*750 mm<\/td>\n<\/tr>\n<tr>\n<td width=\"265\">MATERIAL DA ESTRUTURA<\/td>\n<td width=\"333\">ferro<\/td>\n<\/tr>\n<tr>\n<td width=\"265\">VELOCIDADE (km\/h)<\/td>\n<td width=\"333\">limite de 32 km\/h, libera\u00e7\u00e3o de 45 km\/h<\/td>\n<\/tr>\n<tr>\n<td width=\"265\">CHOQUE<\/td>\n<td width=\"333\">DUPLO<\/td>\n<\/tr>\n<tr>\n<td width=\"265\">TENS\u00c3O NOMINAL (V)<\/td>\n<td width=\"333\">60 V<\/td>\n<\/tr>\n<tr>\n<td width=\"265\">CAPACIDADE (mAh)<\/td>\n<td width=\"333\">12AH              20AH<\/td>\n<\/tr>\n<tr>\n<td width=\"265\">ALCANCE (km)<\/td>\n<td width=\"333\">25-30 km        40-45 km<\/td>\n<\/tr>\n<tr>\n<td width=\"265\">SMART BMS<\/td>\n<td width=\"333\">Prote\u00e7\u00e3o contra sobrecarga \/ Prote\u00e7\u00e3o contra baixa tens\u00e3o \/ Prote\u00e7\u00e3o contra alta temperatura<\/td>\n<\/tr>\n<tr>\n<td width=\"265\">POT\u00caNCIA NOMINAL (W)<\/td>\n<td width=\"333\">1000 W<\/td>\n<\/tr>\n<tr>\n<td width=\"265\">GRADIENTE<\/td>\n<td width=\"333\">\u226440\u00b0<\/td>\n<\/tr>\n<tr>\n<td width=\"265\">CERTIFICADO<\/td>\n<td width=\"333\">CE, ROHS<\/td>\n<\/tr>\n<tr>\n<td width=\"265\">Tempo de carregamento<\/td>\n<td width=\"333\">4-6 horas<\/td>\n<\/tr>\n<tr>\n<td width=\"265\">TENS\u00c3O DE ENTRADA (V)<\/td>\n<td width=\"333\">100 ~ 240 V<\/td>\n<\/tr>\n<tr>\n<td width=\"265\">TENS\u00c3O DE SA\u00cdDA (V)<\/td>\n<td width=\"333\">67,2 V<\/td>\n<\/tr>\n<tr>\n<td width=\"265\">CORRENTE NOMINAL (A)<\/td>\n<td width=\"333\">2A<\/td>\n<\/tr>\n<tr>\n<td width=\"265\">CERTIFICADO<\/td>\n<td width=\"333\">CE, UL, SAA<\/td>\n<\/tr>\n<tr>\n<td width=\"265\">Pneu dianteiro<\/td>\n<td width=\"333\">Pneu sem c\u00e2mara de ar 225\/40-8 polegadas<\/td>\n<\/tr>\n<tr>\n<td width=\"265\">Pneu traseiro<\/td>\n<td width=\"333\">Pneu sem c\u00e2mara de ar 225\/40-8 polegadas<\/td>\n<\/tr>\n<tr>\n<td width=\"265\">FREIO: (Dianteiro $rear)<\/td>\n<td width=\"333\">Freio a disco hidr\u00e1ulico<\/td>\n<\/tr>\n<tr>\n<td width=\"265\">N.W<\/td>\n<td width=\"333\">55 kg<\/td>\n<\/tr>\n<\/tbody>\n<\/table>\n<p>Tamb\u00e9m temos outros modelos de scooters el\u00e9tricas com dist\u00e2ncia entre eixos curta. Se precisar de mais informa\u00e7\u00f5es, voc\u00ea pode<a href=\"https:\/\/www.linkseride.com\/pt\/fabricante-de-scooters-eletricos\/\"> Encontre aqui.<\/a><\/p>\n<p>Mais v\u00eddeos introdut\u00f3rios podem ser encontrados aqui: <a href=\"https:\/\/www.youtube.com\/c\/LinksErideTech\" target=\"_blank\" rel=\"noopener\">https:\/\/www.youtube.com\/c\/LinksErideTech<\/a><\/p>\n<div class=\"ast-oembed-container\" style=\"height: 100%;\"><iframe title=\"Scooter el\u00e9trica barata Citycoco com dist\u00e2ncia entre eixos curta de 1,3 m\" width=\"500\" height=\"281\" src=\"https:\/\/www.youtube.com\/embed\/hnkQSUD2KzU?feature=oembed&#038;enablejsapi=1&#038;origin=https:\/\/www.linkseride.com\" frameborder=\"0\" allow=\"accelerometer; autoplay; clipboard-write; encrypted-media; gyroscope; picture-in-picture; web-share\" referrerpolicy=\"strict-origin-when-cross-origin\" allowfullscreen><\/iframe><\/div>","protected":false},"excerpt":{"rendered":"<p>\u25cf Motor el\u00e9trico Citycoc barato com pot\u00eancia nominal de 1000 W<\/p>\n<p>\u25cf <strong>60 V\/12 Ah 20 Ah<\/strong>\u00a0<strong>\u00a0bateria <\/strong>fornece alcance m\u00e1ximo de 40 milhas<\/p>\n<p>\u25cf uso diferente com o carrinho de golfe el\u00e9trico de tr\u00eas rodas, seja para adultos ou para carrinhos de golfe el\u00e9tricos de tr\u00eas rodas<\/p>\n<p>\u25cf Op\u00e7\u00e3o de 1 lugar com material almofadado para melhorar a sensa\u00e7\u00e3o de condu\u00e7\u00e3o<\/p>\n<p>\u25cf O visor LCD mostra o veloc\u00edmetro, a quilometragem, a voltagem e o n\u00edvel de pot\u00eancia.<\/p>","protected":false},"featured_media":11200,"template":"","meta":{"site-sidebar-layout":"default","site-content-layout":"default","ast-site-content-layout":"default","site-content-style":"default","site-sidebar-style":"default","ast-global-header-display":"","ast-banner-title-visibility":"","ast-main-header-display":"","ast-hfb-above-header-display":"","ast-hfb-below-header-display":"","ast-hfb-mobile-header-display":"","site-post-title":"","ast-breadcrumbs-content":"","ast-featured-img":"","footer-sml-layout":"","ast-disable-related-posts":"","theme-transparent-header-meta":"default","adv-header-id-meta":"","stick-header-meta":"","header-above-stick-meta":"","header-main-stick-meta":"","header-below-stick-meta":"","astra-migrate-meta-layouts":"set","ast-page-background-enabled":"default","ast-page-background-meta":{"desktop":{"background-color":"","background-image":"","background-repeat":"repeat","background-position":"center center","background-size":"auto","background-attachment":"scroll","background-type":"","background-media":"","overlay-type":"","overlay-color":"","overlay-opacity":"","overlay-gradient":""},"tablet":{"background-color":"","background-image":"","background-repeat":"repeat","background-position":"center center","background-size":"auto","background-attachment":"scroll","background-type":"","background-media":"","overlay-type":"","overlay-color":"","overlay-opacity":"","overlay-gradient":""},"mobile":{"background-color":"","background-image":"","background-repeat":"repeat","background-position":"center center","background-size":"auto","background-attachment":"scroll","background-type":"","background-media":"","overlay-type":"","overlay-color":"","overlay-opacity":"","overlay-gradient":""}},"ast-content-background-meta":{"desktop":{"background-color":"var(--ast-global-color-5)","background-image":"","background-repeat":"repeat","background-position":"center center","background-size":"auto","background-attachment":"scroll","background-type":"","background-media":"","overlay-type":"","overlay-color":"","overlay-opacity":"","overlay-gradient":""},"tablet":{"background-color":"var(--ast-global-color-5)","background-image":"","background-repeat":"repeat","background-position":"center center","background-size":"auto","background-attachment":"scroll","background-type":"","background-media":"","overlay-type":"","overlay-color":"","overlay-opacity":"","overlay-gradient":""},"mobile":{"background-color":"var(--ast-global-color-5)","background-image":"","background-repeat":"repeat","background-position":"center center","background-size":"auto","background-attachment":"scroll","background-type":"","background-media":"","overlay-type":"","overlay-color":"","overlay-opacity":"","overlay-gradient":""}}},"product_brand":[],"product_cat":[28],"product_tag":[38],"class_list":{"0":"post-11192","1":"product","2":"type-product","3":"status-publish","4":"has-post-thumbnail","6":"product_cat-electric-scooter","7":"product_tag-citycoco-scooter","8":"desktop-align-left","9":"tablet-align-left","10":"mobile-align-left","12":"first","13":"instock","14":"shipping-taxable","15":"product-type-simple"},"_links":{"self":[{"href":"https:\/\/www.linkseride.com\/pt\/wp-json\/wp\/v2\/product\/11192","targetHints":{"allow":["GET"]}}],"collection":[{"href":"https:\/\/www.linkseride.com\/pt\/wp-json\/wp\/v2\/product"}],"about":[{"href":"https:\/\/www.linkseride.com\/pt\/wp-json\/wp\/v2\/types\/product"}],"wp:featuredmedia":[{"embeddable":true,"href":"https:\/\/www.linkseride.com\/pt\/wp-json\/wp\/v2\/media\/11200"}],"wp:attachment":[{"href":"https:\/\/www.linkseride.com\/pt\/wp-json\/wp\/v2\/media?parent=11192"}],"wp:term":[{"taxonomy":"product_brand","embeddable":true,"href":"https:\/\/www.linkseride.com\/pt\/wp-json\/wp\/v2\/product_brand?post=11192"},{"taxonomy":"product_cat","embeddable":true,"href":"https:\/\/www.linkseride.com\/pt\/wp-json\/wp\/v2\/product_cat?post=11192"},{"taxonomy":"product_tag","embeddable":true,"href":"https:\/\/www.linkseride.com\/pt\/wp-json\/wp\/v2\/product_tag?post=11192"}],"curies":[{"name":"wp","href":"https:\/\/api.w.org\/{rel}","templated":true}]}}