{"id":1733,"date":"2020-10-23T06:23:15","date_gmt":"2020-10-23T06:23:15","guid":{"rendered":"http:\/\/linkseride.com\/?post_type=product&#038;p=1733"},"modified":"2021-08-28T06:09:38","modified_gmt":"2021-08-28T06:09:38","slug":"scooter-eletrica-classica-ev2000w","status":"publish","type":"product","link":"https:\/\/www.linkseride.com\/pt\/product\/classic-ev2000w-electric-motor-scooter\/","title":{"rendered":"LEM-01 Classic EV2000W Scooter el\u00e9trica com motor estilo Vespa"},"content":{"rendered":"<p>H\u00e1 muitos tipos de scooters eletr\u00f4nicas, e essa scooter el\u00e9trica de estilo retr\u00f4 lembra facilmente a imagem do famoso filme Roman Holiday. Usamos instrumentos mec\u00e2nicos cl\u00e1ssicos para manter a sensa\u00e7\u00e3o do estilo cl\u00e1ssico dos anos 1960. O novo e inovador sistema de energia el\u00e9trica faz com que ela tenha emiss\u00e3o zero, o que \u00e9 ecologicamente correto para a nossa m\u00e3e natureza. Com esse ciclomotor el\u00e9trico de 2000 W, voc\u00ea pode facilmente se livrar do imposto de circula\u00e7\u00e3o, das taxas de estacionamento e da gasolina, bem como da dor de cabe\u00e7a do engarrafamento. \u00c9 uma \u00f3tima op\u00e7\u00e3o para o transporte pessoal el\u00e9trico.<\/p>\n<div id='gallery-1' class='gallery galleryid-1733 gallery-columns-4 gallery-size-full'><figure class='gallery-item'>\n\t\t\t<div class='gallery-icon landscape'>\n\t\t\t\t<img fetchpriority=\"high\" decoding=\"async\" width=\"645\" height=\"360\" src=\"https:\/\/www.linkseride.com\/wp-content\/uploads\/2020\/10\/2-5.jpg\" class=\"attachment-full size-full\" alt=\"scooter com motor el\u00e9trico\" srcset=\"https:\/\/www.linkseride.com\/wp-content\/uploads\/2020\/10\/2-5.jpg 645w, https:\/\/www.linkseride.com\/wp-content\/uploads\/2020\/10\/2-5-300x167.jpg 300w, https:\/\/www.linkseride.com\/wp-content\/uploads\/2020\/10\/2-5-600x335.jpg 600w\" sizes=\"(max-width: 645px) 100vw, 645px\" \/>\n\t\t\t<\/div><\/figure><figure class='gallery-item'>\n\t\t\t<div class='gallery-icon landscape'>\n\t\t\t\t<img decoding=\"async\" width=\"645\" height=\"360\" src=\"https:\/\/www.linkseride.com\/wp-content\/uploads\/2020\/10\/4-4.jpg\" class=\"attachment-full size-full\" alt=\"scooter com motor el\u00e9trico\" srcset=\"https:\/\/www.linkseride.com\/wp-content\/uploads\/2020\/10\/4-4.jpg 645w, https:\/\/www.linkseride.com\/wp-content\/uploads\/2020\/10\/4-4-300x167.jpg 300w, https:\/\/www.linkseride.com\/wp-content\/uploads\/2020\/10\/4-4-600x335.jpg 600w\" sizes=\"(max-width: 645px) 100vw, 645px\" \/>\n\t\t\t<\/div><\/figure><figure class='gallery-item'>\n\t\t\t<div class='gallery-icon landscape'>\n\t\t\t\t<img decoding=\"async\" width=\"645\" height=\"360\" src=\"https:\/\/www.linkseride.com\/wp-content\/uploads\/2020\/10\/5-3.jpg\" class=\"attachment-full size-full\" alt=\"scooter com motor el\u00e9trico\" srcset=\"https:\/\/www.linkseride.com\/wp-content\/uploads\/2020\/10\/5-3.jpg 645w, https:\/\/www.linkseride.com\/wp-content\/uploads\/2020\/10\/5-3-300x167.jpg 300w, https:\/\/www.linkseride.com\/wp-content\/uploads\/2020\/10\/5-3-600x335.jpg 600w\" sizes=\"(max-width: 645px) 100vw, 645px\" \/>\n\t\t\t<\/div><\/figure><figure class='gallery-item'>\n\t\t\t<div class='gallery-icon landscape'>\n\t\t\t\t<img loading=\"lazy\" decoding=\"async\" width=\"645\" height=\"360\" src=\"https:\/\/www.linkseride.com\/wp-content\/uploads\/2020\/10\/6-5.jpg\" class=\"attachment-full size-full\" alt=\"scooter com motor el\u00e9trico\" srcset=\"https:\/\/www.linkseride.com\/wp-content\/uploads\/2020\/10\/6-5.jpg 645w, https:\/\/www.linkseride.com\/wp-content\/uploads\/2020\/10\/6-5-300x167.jpg 300w, https:\/\/www.linkseride.com\/wp-content\/uploads\/2020\/10\/6-5-600x335.jpg 600w\" sizes=\"(max-width: 645px) 100vw, 645px\" \/>\n\t\t\t<\/div><\/figure>\n\t\t<\/div>\n\n<h4>Caracter\u00edsticas detalhadas da scooter el\u00e9trica<\/h4>\n<h5>Tela e amortecedor frontal com design retr\u00f4<\/h5>\n<p>A maioria dos clientes escolhe o estilo tradicional do visor do instrumento mec\u00e2nico cl\u00e1ssico, que reflete a vibra\u00e7\u00e3o dos anos 1960 para essa scooter el\u00e9trica<\/p>\n<h5 class=\"h5--accent strong home--uppercase\">Assento de espuma confort\u00e1vel<\/h5>\n<div class=\"rte\">\n<p>O estofamento de espuma de alta densidade o torna ideal para longas viagens. Livre-se dos solavancos repentinos e obtenha a liberdade de dirigir. Tr\u00eas cores diferentes dispon\u00edveis para voc\u00ea escolher<\/p>\n<h5 class=\"h5--accent strong home--uppercase\">Pneus sem c\u00e2mara de ar de alum\u00ednio de 12 polegadas<\/h5>\n<div class=\"rte\">\n<p>Os pneus sem c\u00e2mara t\u00eam melhor veda\u00e7\u00e3o e estabilidade, o que pode reduzir muito o risco de estouro do pneu. O design do tal\u00e3o mais largo e mais espesso garante que os pneus sem c\u00e2mara tenham menos probabilidade de estourar e proteger o aro. Duas cores de pneus para escolher (preto\/preto e branco)<\/p>\n<div id='gallery-2' class='gallery galleryid-1733 gallery-columns-3 gallery-size-full'><figure class='gallery-item'>\n\t\t\t<div class='gallery-icon landscape'>\n\t\t\t\t<img loading=\"lazy\" decoding=\"async\" width=\"645\" height=\"360\" src=\"https:\/\/www.linkseride.com\/wp-content\/uploads\/2020\/10\/header-1\u526f\u672c.jpg\" class=\"attachment-full size-full\" alt=\"scooter com motor el\u00e9trico\" srcset=\"https:\/\/www.linkseride.com\/wp-content\/uploads\/2020\/10\/header-1\u526f\u672c.jpg 645w, https:\/\/www.linkseride.com\/wp-content\/uploads\/2020\/10\/header-1\u526f\u672c-300x167.jpg 300w, https:\/\/www.linkseride.com\/wp-content\/uploads\/2020\/10\/header-1\u526f\u672c-600x335.jpg 600w\" sizes=\"(max-width: 645px) 100vw, 645px\" \/>\n\t\t\t<\/div><\/figure><figure class='gallery-item'>\n\t\t\t<div class='gallery-icon landscape'>\n\t\t\t\t<img loading=\"lazy\" decoding=\"async\" width=\"645\" height=\"360\" src=\"https:\/\/www.linkseride.com\/wp-content\/uploads\/2020\/10\/saddle.jpg\" class=\"attachment-full size-full\" alt=\"scooter com motor el\u00e9trico\" srcset=\"https:\/\/www.linkseride.com\/wp-content\/uploads\/2020\/10\/saddle.jpg 645w, https:\/\/www.linkseride.com\/wp-content\/uploads\/2020\/10\/saddle-300x167.jpg 300w, https:\/\/www.linkseride.com\/wp-content\/uploads\/2020\/10\/saddle-600x335.jpg 600w\" sizes=\"(max-width: 645px) 100vw, 645px\" \/>\n\t\t\t<\/div><\/figure><figure class='gallery-item'>\n\t\t\t<div class='gallery-icon landscape'>\n\t\t\t\t<img loading=\"lazy\" decoding=\"async\" width=\"645\" height=\"360\" src=\"https:\/\/www.linkseride.com\/wp-content\/uploads\/2020\/10\/front-tire.jpg\" class=\"attachment-full size-full\" alt=\"scooter com motor el\u00e9trico\" srcset=\"https:\/\/www.linkseride.com\/wp-content\/uploads\/2020\/10\/front-tire.jpg 645w, https:\/\/www.linkseride.com\/wp-content\/uploads\/2020\/10\/front-tire-300x167.jpg 300w, https:\/\/www.linkseride.com\/wp-content\/uploads\/2020\/10\/front-tire-600x335.jpg 600w\" sizes=\"(max-width: 645px) 100vw, 645px\" \/>\n\t\t\t<\/div><\/figure>\n\t\t<\/div>\n\n<\/div>\n<\/div>\n<h5 class=\"h5--accent strong home--uppercase\">Porta de carregamento r\u00e1pido<\/h5>\n<div class=\"rte\">\n<p>Voc\u00ea pode carregar a bateria retirando-a do compartimento da bateria ou por meio da porta de carregamento r\u00e1pido, conforme a imagem abaixo.<\/p>\n<\/div>\n<div class=\"rte\">\n<div class=\"rte\">\n<div class=\"rte\">\n<h5 class=\"h5--accent strong home--uppercase\">Bateria remov\u00edvel de \u00edons de l\u00edtio<\/h5>\n<div class=\"rte\">\n<p>2 conjuntos de bateria de \u00edons de l\u00edtio remov\u00edvel de 60v20Ah s\u00e3o f\u00e1ceis de transportar e s\u00e3o carregados em 4 a 6 horas. O peso de 8 kg para cada conjunto \u00e9 f\u00e1cil de transportar.<\/p>\n<h5 class=\"h5--accent strong home--uppercase\">Kickstand com desligamento el\u00e9trico<\/h5>\n<div class=\"rte\">\n<p>O suporte que est\u00e1 conectado ao controle de energia e tem uma fun\u00e7\u00e3o de desligamento el\u00e9trico para reduzir acidentes causados pelo n\u00e3o desligamento da energia.<\/p>\n<div id='gallery-3' class='gallery galleryid-1733 gallery-columns-3 gallery-size-full'><figure class='gallery-item'>\n\t\t\t<div class='gallery-icon landscape'>\n\t\t\t\t<img loading=\"lazy\" decoding=\"async\" width=\"645\" height=\"360\" src=\"https:\/\/www.linkseride.com\/wp-content\/uploads\/2020\/10\/fast-charge.jpg\" class=\"attachment-full size-full\" alt=\"scooter com motor el\u00e9trico\" srcset=\"https:\/\/www.linkseride.com\/wp-content\/uploads\/2020\/10\/fast-charge.jpg 645w, https:\/\/www.linkseride.com\/wp-content\/uploads\/2020\/10\/fast-charge-300x167.jpg 300w, https:\/\/www.linkseride.com\/wp-content\/uploads\/2020\/10\/fast-charge-600x335.jpg 600w\" sizes=\"(max-width: 645px) 100vw, 645px\" \/>\n\t\t\t<\/div><\/figure><figure class='gallery-item'>\n\t\t\t<div class='gallery-icon landscape'>\n\t\t\t\t<img loading=\"lazy\" decoding=\"async\" width=\"645\" height=\"360\" src=\"https:\/\/www.linkseride.com\/wp-content\/uploads\/2020\/10\/battery.jpg\" class=\"attachment-full size-full\" alt=\"scooter com motor el\u00e9trico\" srcset=\"https:\/\/www.linkseride.com\/wp-content\/uploads\/2020\/10\/battery.jpg 645w, https:\/\/www.linkseride.com\/wp-content\/uploads\/2020\/10\/battery-300x167.jpg 300w, https:\/\/www.linkseride.com\/wp-content\/uploads\/2020\/10\/battery-600x335.jpg 600w\" sizes=\"(max-width: 645px) 100vw, 645px\" \/>\n\t\t\t<\/div><\/figure><figure class='gallery-item'>\n\t\t\t<div class='gallery-icon landscape'>\n\t\t\t\t<img loading=\"lazy\" decoding=\"async\" width=\"645\" height=\"360\" src=\"https:\/\/www.linkseride.com\/wp-content\/uploads\/2020\/10\/kick-stand.jpg\" class=\"attachment-full size-full\" alt=\"scooter com motor el\u00e9trico\" srcset=\"https:\/\/www.linkseride.com\/wp-content\/uploads\/2020\/10\/kick-stand.jpg 645w, https:\/\/www.linkseride.com\/wp-content\/uploads\/2020\/10\/kick-stand-300x167.jpg 300w, https:\/\/www.linkseride.com\/wp-content\/uploads\/2020\/10\/kick-stand-600x335.jpg 600w\" sizes=\"(max-width: 645px) 100vw, 645px\" \/>\n\t\t\t<\/div><\/figure>\n\t\t<\/div>\n\n<\/div>\n<\/div>\n<\/div>\n<\/div>\n<\/div>\n<h5>Acess\u00f3rios personalizados para o para-choque dianteiro e traseiro, caixa de armazenamento extra, suporte para telefone \u00e0 sua escolha<\/h5>\n<p><img loading=\"lazy\" decoding=\"async\" class=\"aligncenter wp-image-4882\" src=\"http:\/\/linkseride.com\/wp-content\/uploads\/2020\/10\/accessories.jpg\" alt=\"acess\u00f3rios para scooters el\u00e9tricos\" width=\"1464\" height=\"296\" srcset=\"https:\/\/www.linkseride.com\/wp-content\/uploads\/2020\/10\/accessories.jpg 1024w, https:\/\/www.linkseride.com\/wp-content\/uploads\/2020\/10\/accessories-300x61.jpg 300w, https:\/\/www.linkseride.com\/wp-content\/uploads\/2020\/10\/accessories-768x155.jpg 768w, https:\/\/www.linkseride.com\/wp-content\/uploads\/2020\/10\/accessories-600x121.jpg 600w\" sizes=\"(max-width: 1464px) 100vw, 1464px\" \/><\/p>\n<p>Nossa scooter el\u00e9trica retr\u00f4 estilo Vespa \u00e9 legal para as estradas com certifica\u00e7\u00e3o EEC. Ela foi aprovada em todos os testes t\u00e9cnicos e de desempenho na Europa. \u00c9 cl\u00e1ssica, vintage e elegante, muito adequada para cavalheiros e damas.<\/p>\n<p>Mais v\u00eddeos introdut\u00f3rios podem ser encontrados aqui: <a href=\"https:\/\/www.youtube.com\/channel\/UCw4wsO7M_kRsCHTxcFeqTAA\" target=\"_blank\" rel=\"noopener\">https:\/\/www.youtube.com\/channel\/UCw4wsO7M_kRsCHTxcFeqTAA<\/a><\/p>\n<div class=\"ast-oembed-container\" style=\"height: 100%;\"><iframe title=\"LinksEride Scooter na China 2000W Vespa Style Electric Scooter Intro\" width=\"500\" height=\"281\" src=\"https:\/\/www.youtube.com\/embed\/pEeM0RcCcnY?feature=oembed\" frameborder=\"0\" allow=\"accelerometer; autoplay; clipboard-write; encrypted-media; gyroscope; picture-in-picture; web-share\" referrerpolicy=\"strict-origin-when-cross-origin\" allowfullscreen><\/iframe><\/div>\n<p>&nbsp;<\/p>\n<p>Embora muitas f\u00e1bricas produzam esse modelo na China, temos orgulho de oferecer a melhor vers\u00e3o. Os ve\u00edculos podem parecer iguais \u00e0 primeira vista, mas a qualidade e os acess\u00f3rios s\u00e3o totalmente diferentes. As vantagens s\u00e3o listadas como foles:<br \/>\n1) Temos a certifica\u00e7\u00e3o Emark (EEC). Nossos clientes podem registrar o ve\u00edculo com sucesso com a certifica\u00e7\u00e3o que oferecemos.<br \/>\n3) Usamos o casco autorizado do Hornet. Ele \u00e9 robusto e resistente. Nosso refletor, pneus e luzes est\u00e3o todos de acordo com o padr\u00e3o Emark, impressos com o logotipo E4.<br \/>\n4. usamos baterias de l\u00edtio LG para essa motoneta. Elas t\u00eam alta capacidade e s\u00e3o muito resistentes.<br \/>\n5. usamos o motor da famosa marca QUAN SHUN. A pot\u00eancia real \u00e9 de 2000w, muito potente.<\/p>\n<p>Se estiver interessado nessa scooter el\u00e9trica retr\u00f4 com motor estilo Vespa ou se estiver procurando uma vers\u00e3o atualizada com motor de 3000 W, favor <a href=\"https:\/\/www.linkseride.com\/pt\/product\/3000w-retro-electric-moped\/\" target=\"_blank\" rel=\"noopener\">confira aqui<\/a>.<\/p>","protected":false},"excerpt":{"rendered":"<p>Certificados: Legal para estradas com EEC, COC e certificado UN38.3<\/p>\n<p>Scooter el\u00e9trica retr\u00f4 estilo Vespa, energia el\u00e9trica moderna e ecologicamente correta<\/p>\n<p>Assento acolchoado confort\u00e1vel - grande o suficiente para 2 pessoas, controle do acelerador por giro e freio a disco F&amp;R operado manualmente, porta de carregamento USB para smartphones<\/p>\n<p>Pot\u00eancia ecol\u00f3gica: o motor de 2000 W acelera at\u00e9 45 km\/h (28 mph) com at\u00e9 45 km (28 milhas) de tempo de viagem cont\u00ednua com uma \u00fanica carga de bateria<\/p>\n<p>Armazenamento e estabilidade integrados: O compartimento de armazenamento sob o assento facilita o transporte de suas necessidades. O suporte duplo mant\u00e9m tudo est\u00e1vel e na posi\u00e7\u00e3o vertical<\/p>\n<p>Cor: com muitas varia\u00e7\u00f5es de cores dispon\u00edveis, personalize seu ve\u00edculo com a tonalidade que melhor se adapta \u00e0s suas necessidades<\/p>","protected":false},"featured_media":1915,"template":"","meta":{"site-sidebar-layout":"default","site-content-layout":"default","ast-site-content-layout":"default","site-content-style":"default","site-sidebar-style":"default","ast-global-header-display":"","ast-banner-title-visibility":"","ast-main-header-display":"","ast-hfb-above-header-display":"","ast-hfb-below-header-display":"","ast-hfb-mobile-header-display":"","site-post-title":"","ast-breadcrumbs-content":"","ast-featured-img":"","footer-sml-layout":"","ast-disable-related-posts":"","theme-transparent-header-meta":"default","adv-header-id-meta":"","stick-header-meta":"","header-above-stick-meta":"","header-main-stick-meta":"","header-below-stick-meta":"","astra-migrate-meta-layouts":"default","ast-page-background-enabled":"default","ast-page-background-meta":{"desktop":{"background-color":"","background-image":"","background-repeat":"repeat","background-position":"center center","background-size":"auto","background-attachment":"scroll","background-type":"","background-media":"","overlay-type":"","overlay-color":"","overlay-opacity":"","overlay-gradient":""},"tablet":{"background-color":"","background-image":"","background-repeat":"repeat","background-position":"center center","background-size":"auto","background-attachment":"scroll","background-type":"","background-media":"","overlay-type":"","overlay-color":"","overlay-opacity":"","overlay-gradient":""},"mobile":{"background-color":"","background-image":"","background-repeat":"repeat","background-position":"center center","background-size":"auto","background-attachment":"scroll","background-type":"","background-media":"","overlay-type":"","overlay-color":"","overlay-opacity":"","overlay-gradient":""}},"ast-content-background-meta":{"desktop":{"background-color":"var(--ast-global-color-5)","background-image":"","background-repeat":"repeat","background-position":"center center","background-size":"auto","background-attachment":"scroll","background-type":"","background-media":"","overlay-type":"","overlay-color":"","overlay-opacity":"","overlay-gradient":""},"tablet":{"background-color":"var(--ast-global-color-5)","background-image":"","background-repeat":"repeat","background-position":"center center","background-size":"auto","background-attachment":"scroll","background-type":"","background-media":"","overlay-type":"","overlay-color":"","overlay-opacity":"","overlay-gradient":""},"mobile":{"background-color":"var(--ast-global-color-5)","background-image":"","background-repeat":"repeat","background-position":"center center","background-size":"auto","background-attachment":"scroll","background-type":"","background-media":"","overlay-type":"","overlay-color":"","overlay-opacity":"","overlay-gradient":""}}},"product_brand":[],"product_cat":[26],"product_tag":[30],"class_list":{"0":"post-1733","1":"product","2":"type-product","3":"status-publish","4":"has-post-thumbnail","6":"product_cat-electric-moped","7":"product_tag-vespa-style-electric-scooter","8":"desktop-align-left","9":"tablet-align-left","10":"mobile-align-left","12":"first","13":"instock","14":"shipping-taxable","15":"purchasable","16":"product-type-simple"},"_links":{"self":[{"href":"https:\/\/www.linkseride.com\/pt\/wp-json\/wp\/v2\/product\/1733","targetHints":{"allow":["GET"]}}],"collection":[{"href":"https:\/\/www.linkseride.com\/pt\/wp-json\/wp\/v2\/product"}],"about":[{"href":"https:\/\/www.linkseride.com\/pt\/wp-json\/wp\/v2\/types\/product"}],"wp:featuredmedia":[{"embeddable":true,"href":"https:\/\/www.linkseride.com\/pt\/wp-json\/wp\/v2\/media\/1915"}],"wp:attachment":[{"href":"https:\/\/www.linkseride.com\/pt\/wp-json\/wp\/v2\/media?parent=1733"}],"wp:term":[{"taxonomy":"product_brand","embeddable":true,"href":"https:\/\/www.linkseride.com\/pt\/wp-json\/wp\/v2\/product_brand?post=1733"},{"taxonomy":"product_cat","embeddable":true,"href":"https:\/\/www.linkseride.com\/pt\/wp-json\/wp\/v2\/product_cat?post=1733"},{"taxonomy":"product_tag","embeddable":true,"href":"https:\/\/www.linkseride.com\/pt\/wp-json\/wp\/v2\/product_tag?post=1733"}],"curies":[{"name":"wp","href":"https:\/\/api.w.org\/{rel}","templated":true}]}}