{"id":1792,"date":"2020-10-24T12:38:14","date_gmt":"2020-10-24T12:38:14","guid":{"rendered":"http:\/\/linkseride.com\/?post_type=product&#038;p=1792"},"modified":"2021-08-28T07:25:07","modified_gmt":"2021-08-28T07:25:07","slug":"scooter-eletrica-de-3000-w-para-deslocamentos-urbanos","status":"publish","type":"product","link":"https:\/\/www.linkseride.com\/pt\/product\/3000w-electric-commuter-scooter\/","title":{"rendered":"LEM-02 Scooter el\u00e9trica Ninja 3000W para deslocamentos urbanos"},"content":{"rendered":"<p>As pessoas sempre gostam de ver algo diferente na cidade. Nesse caso, essa Scooter El\u00e9trica de Passageiros LEM-02 \u00e9 muito mais parecida com um cavalheiro quando voc\u00ea decide andar pela cidade. Bem projetada e fabricada, as luzes dianteira e traseira garantem uma boa sensa\u00e7\u00e3o ao andar \u00e0 noite. Esse modelo de ciclomotor el\u00e9trico de duas rodas \u00e9 uma scooter de alto desempenho que proporciona uma excelente experi\u00eancia de pilotagem.<\/p>\n<p>Um detalhe especial que gostar\u00edamos de destacar sobre essa motocicleta est\u00e1 abaixo.<\/p>\n<p>Em primeiro lugar, as luzes. Todas as luzes iluminadas s\u00e3o certificadas com a E-mark. Voc\u00ea pode ver o farol dianteiro de LED brilhante, e essa parte de longa dura\u00e7\u00e3o tamb\u00e9m \u00e9 qualificada com os certificados E-mark.<\/p>\n<p>Em segundo lugar, o garfo traseiro, para essa motocicleta Ninja, \u00e9 um garfo traseiro de alum\u00ednio. Ao contr\u00e1rio dos outros modelos, que t\u00eam tampas traseiras de pl\u00e1stico. Portanto, o custo total dessa Ninja ser\u00e1 um pouco mais alto devido a essas pe\u00e7as de atualiza\u00e7\u00e3o. Mas muitos optam por ela apenas por causa dessas mudan\u00e7as de alta qualidade.<\/p>\n<div id='gallery-1' class='gallery galleryid-1792 gallery-columns-4 gallery-size-full'><figure class='gallery-item'>\n\t\t\t<div class='gallery-icon landscape'>\n\t\t\t\t<img fetchpriority=\"high\" decoding=\"async\" width=\"645\" height=\"360\" src=\"https:\/\/www.linkseride.com\/wp-content\/uploads\/2020\/10\/1-6.jpg\" class=\"attachment-full size-full\" alt=\"Scooter para deslocamentos di\u00e1rios\" srcset=\"https:\/\/www.linkseride.com\/wp-content\/uploads\/2020\/10\/1-6.jpg 645w, https:\/\/www.linkseride.com\/wp-content\/uploads\/2020\/10\/1-6-300x167.jpg 300w, https:\/\/www.linkseride.com\/wp-content\/uploads\/2020\/10\/1-6-600x335.jpg 600w\" sizes=\"(max-width: 645px) 100vw, 645px\" \/>\n\t\t\t<\/div><\/figure><figure class='gallery-item'>\n\t\t\t<div class='gallery-icon landscape'>\n\t\t\t\t<img decoding=\"async\" width=\"645\" height=\"360\" src=\"https:\/\/www.linkseride.com\/wp-content\/uploads\/2020\/10\/3-6.jpg\" class=\"attachment-full size-full\" alt=\"Scooter para deslocamentos di\u00e1rios\" srcset=\"https:\/\/www.linkseride.com\/wp-content\/uploads\/2020\/10\/3-6.jpg 645w, https:\/\/www.linkseride.com\/wp-content\/uploads\/2020\/10\/3-6-300x167.jpg 300w, https:\/\/www.linkseride.com\/wp-content\/uploads\/2020\/10\/3-6-600x335.jpg 600w\" sizes=\"(max-width: 645px) 100vw, 645px\" \/>\n\t\t\t<\/div><\/figure><figure class='gallery-item'>\n\t\t\t<div class='gallery-icon landscape'>\n\t\t\t\t<img decoding=\"async\" width=\"645\" height=\"360\" src=\"https:\/\/www.linkseride.com\/wp-content\/uploads\/2020\/10\/5-4.jpg\" class=\"attachment-full size-full\" alt=\"Scooter para deslocamentos di\u00e1rios\" srcset=\"https:\/\/www.linkseride.com\/wp-content\/uploads\/2020\/10\/5-4.jpg 645w, https:\/\/www.linkseride.com\/wp-content\/uploads\/2020\/10\/5-4-300x167.jpg 300w, https:\/\/www.linkseride.com\/wp-content\/uploads\/2020\/10\/5-4-600x335.jpg 600w\" sizes=\"(max-width: 645px) 100vw, 645px\" \/>\n\t\t\t<\/div><\/figure><figure class='gallery-item'>\n\t\t\t<div class='gallery-icon landscape'>\n\t\t\t\t<img loading=\"lazy\" decoding=\"async\" width=\"645\" height=\"360\" src=\"https:\/\/www.linkseride.com\/wp-content\/uploads\/2020\/10\/2-6.jpg\" class=\"attachment-full size-full\" alt=\"Scooter para deslocamentos di\u00e1rios\" srcset=\"https:\/\/www.linkseride.com\/wp-content\/uploads\/2020\/10\/2-6.jpg 645w, https:\/\/www.linkseride.com\/wp-content\/uploads\/2020\/10\/2-6-300x167.jpg 300w, https:\/\/www.linkseride.com\/wp-content\/uploads\/2020\/10\/2-6-600x335.jpg 600w\" sizes=\"(max-width: 645px) 100vw, 645px\" \/>\n\t\t\t<\/div><\/figure>\n\t\t<\/div>\n\n<h4>Recurso detalhado da scooter el\u00e9trica para transporte de passageiros<\/h4>\n<h5>Farol de cabe\u00e7alho com design esportivo e visor LCD<\/h5>\n<p>O cabe\u00e7alho frontal com luzes de LED totalmente qualificadas incorporadas combina com o visor LCD para que voc\u00ea possa ver claramente o que est\u00e1 no visor durante a condu\u00e7\u00e3o<\/p>\n<div class=\"rte\">\n<div class=\"rte\">\n<div id='gallery-2' class='gallery galleryid-1792 gallery-columns-2 gallery-size-full'><figure class='gallery-item'>\n\t\t\t<div class='gallery-icon landscape'>\n\t\t\t\t<img loading=\"lazy\" decoding=\"async\" width=\"645\" height=\"360\" src=\"https:\/\/www.linkseride.com\/wp-content\/uploads\/2020\/10\/1.-header-3.jpg\" class=\"attachment-full size-full\" alt=\"Scooter para deslocamentos di\u00e1rios\" srcset=\"https:\/\/www.linkseride.com\/wp-content\/uploads\/2020\/10\/1.-header-3.jpg 645w, https:\/\/www.linkseride.com\/wp-content\/uploads\/2020\/10\/1.-header-3-300x167.jpg 300w, https:\/\/www.linkseride.com\/wp-content\/uploads\/2020\/10\/1.-header-3-600x335.jpg 600w\" sizes=\"(max-width: 645px) 100vw, 645px\" \/>\n\t\t\t<\/div><\/figure><figure class='gallery-item'>\n\t\t\t<div class='gallery-icon landscape'>\n\t\t\t\t<img loading=\"lazy\" decoding=\"async\" width=\"645\" height=\"360\" src=\"https:\/\/www.linkseride.com\/wp-content\/uploads\/2020\/10\/1.-LCD-display.jpg\" class=\"attachment-full size-full\" alt=\"Scooter para deslocamentos di\u00e1rios\" srcset=\"https:\/\/www.linkseride.com\/wp-content\/uploads\/2020\/10\/1.-LCD-display.jpg 645w, https:\/\/www.linkseride.com\/wp-content\/uploads\/2020\/10\/1.-LCD-display-300x167.jpg 300w, https:\/\/www.linkseride.com\/wp-content\/uploads\/2020\/10\/1.-LCD-display-600x335.jpg 600w\" sizes=\"(max-width: 645px) 100vw, 645px\" \/>\n\t\t\t<\/div><\/figure>\n\t\t<\/div>\n\n<\/div>\n<\/div>\n<h5 class=\"h5--accent strong home--uppercase\">Pneus sem c\u00e2mara de ar de alum\u00ednio de 12 polegadas<\/h5>\n<div class=\"rte\">\n<p>Pneu de 12 polegadas, amortecedor duplo e suspens\u00e3o de bra\u00e7o oscilante duplo na dianteira. Motor de cubo, sistema CBS, tampa do garfo traseiro de alum\u00ednio para criar uma sensa\u00e7\u00e3o de alta tecnologia.<\/p>\n<div id='gallery-3' class='gallery galleryid-1792 gallery-columns-2 gallery-size-full'><figure class='gallery-item'>\n\t\t\t<div class='gallery-icon landscape'>\n\t\t\t\t<img loading=\"lazy\" decoding=\"async\" width=\"645\" height=\"360\" src=\"https:\/\/www.linkseride.com\/wp-content\/uploads\/2020\/10\/2.-rear-tire.jpg\" class=\"attachment-full size-full\" alt=\"scooter de transporte coletivo\" srcset=\"https:\/\/www.linkseride.com\/wp-content\/uploads\/2020\/10\/2.-rear-tire.jpg 645w, https:\/\/www.linkseride.com\/wp-content\/uploads\/2020\/10\/2.-rear-tire-300x167.jpg 300w, https:\/\/www.linkseride.com\/wp-content\/uploads\/2020\/10\/2.-rear-tire-600x335.jpg 600w\" sizes=\"(max-width: 645px) 100vw, 645px\" \/>\n\t\t\t<\/div><\/figure><figure class='gallery-item'>\n\t\t\t<div class='gallery-icon landscape'>\n\t\t\t\t<img loading=\"lazy\" decoding=\"async\" width=\"645\" height=\"360\" src=\"https:\/\/www.linkseride.com\/wp-content\/uploads\/2020\/10\/2.-front-tire-2.jpg\" class=\"attachment-full size-full\" alt=\"scooter de transporte coletivo\" srcset=\"https:\/\/www.linkseride.com\/wp-content\/uploads\/2020\/10\/2.-front-tire-2.jpg 645w, https:\/\/www.linkseride.com\/wp-content\/uploads\/2020\/10\/2.-front-tire-2-300x167.jpg 300w, https:\/\/www.linkseride.com\/wp-content\/uploads\/2020\/10\/2.-front-tire-2-600x335.jpg 600w\" sizes=\"(max-width: 645px) 100vw, 645px\" \/>\n\t\t\t<\/div><\/figure>\n\t\t<\/div>\n\n<h5 class=\"h5--accent strong home--uppercase\">Assento de espuma confort\u00e1vel com apoio para os p\u00e9s<\/h5>\n<div class=\"rte\">\n<p>O acolchoamento de espuma confort\u00e1vel serve para 2 pessoas carregarem seu ente querido, tornando-o ideal para passeios longos. Livre-se dos solavancos repentinos e obtenha a liberdade de pedalar.<\/p>\n<\/div>\n<div class=\"rte\">\n<div id='gallery-4' class='gallery galleryid-1792 gallery-columns-2 gallery-size-full'><figure class='gallery-item'>\n\t\t\t<div class='gallery-icon landscape'>\n\t\t\t\t<img loading=\"lazy\" decoding=\"async\" width=\"645\" height=\"360\" src=\"https:\/\/www.linkseride.com\/wp-content\/uploads\/2020\/10\/3.-confortable-seat.jpg\" class=\"attachment-full size-full\" alt=\"scooter de transporte coletivo\" srcset=\"https:\/\/www.linkseride.com\/wp-content\/uploads\/2020\/10\/3.-confortable-seat.jpg 645w, https:\/\/www.linkseride.com\/wp-content\/uploads\/2020\/10\/3.-confortable-seat-300x167.jpg 300w, https:\/\/www.linkseride.com\/wp-content\/uploads\/2020\/10\/3.-confortable-seat-600x335.jpg 600w\" sizes=\"(max-width: 645px) 100vw, 645px\" \/>\n\t\t\t<\/div><\/figure><figure class='gallery-item'>\n\t\t\t<div class='gallery-icon landscape'>\n\t\t\t\t<img loading=\"lazy\" decoding=\"async\" width=\"645\" height=\"360\" src=\"https:\/\/www.linkseride.com\/wp-content\/uploads\/2020\/10\/3.-foot-peg.jpg\" class=\"attachment-full size-full\" alt=\"scooter de transporte coletivo\" srcset=\"https:\/\/www.linkseride.com\/wp-content\/uploads\/2020\/10\/3.-foot-peg.jpg 645w, https:\/\/www.linkseride.com\/wp-content\/uploads\/2020\/10\/3.-foot-peg-300x167.jpg 300w, https:\/\/www.linkseride.com\/wp-content\/uploads\/2020\/10\/3.-foot-peg-600x335.jpg 600w\" sizes=\"(max-width: 645px) 100vw, 645px\" \/>\n\t\t\t<\/div><\/figure>\n\t\t<\/div>\n\n<\/div>\n<\/div>\n<h5 class=\"h5--accent strong home--uppercase\">Sistema de partida com chave em duas etapas e forte suporte central<\/h5>\n<div class=\"rte\">\n<p>Sistema de partida em duas etapas para garantir que sua scooter n\u00e3o seja roubada. \u00c9 necess\u00e1rio usar a parte superior da chave para destravar o buraco da fechadura e, em seguida, dar a partida. Suporte central robusto para garantir a estabilidade da scooter quando voc\u00ea a empurra para a garagem.<\/p>\n<div id='gallery-5' class='gallery galleryid-1792 gallery-columns-2 gallery-size-full'><figure class='gallery-item'>\n\t\t\t<div class='gallery-icon landscape'>\n\t\t\t\t<img loading=\"lazy\" decoding=\"async\" width=\"645\" height=\"360\" src=\"https:\/\/www.linkseride.com\/wp-content\/uploads\/2020\/10\/4.-key-and-keyhole.jpg\" class=\"attachment-full size-full\" alt=\"scooter de transporte coletivo\" srcset=\"https:\/\/www.linkseride.com\/wp-content\/uploads\/2020\/10\/4.-key-and-keyhole.jpg 645w, https:\/\/www.linkseride.com\/wp-content\/uploads\/2020\/10\/4.-key-and-keyhole-300x167.jpg 300w, https:\/\/www.linkseride.com\/wp-content\/uploads\/2020\/10\/4.-key-and-keyhole-600x335.jpg 600w\" sizes=\"(max-width: 645px) 100vw, 645px\" \/>\n\t\t\t<\/div><\/figure><figure class='gallery-item'>\n\t\t\t<div class='gallery-icon landscape'>\n\t\t\t\t<img loading=\"lazy\" decoding=\"async\" width=\"645\" height=\"360\" src=\"https:\/\/www.linkseride.com\/wp-content\/uploads\/2020\/10\/4.-rear-fork.jpg\" class=\"attachment-full size-full\" alt=\"scooter de transporte coletivo\" srcset=\"https:\/\/www.linkseride.com\/wp-content\/uploads\/2020\/10\/4.-rear-fork.jpg 645w, https:\/\/www.linkseride.com\/wp-content\/uploads\/2020\/10\/4.-rear-fork-300x167.jpg 300w, https:\/\/www.linkseride.com\/wp-content\/uploads\/2020\/10\/4.-rear-fork-600x335.jpg 600w\" sizes=\"(max-width: 645px) 100vw, 645px\" \/>\n\t\t\t<\/div><\/figure>\n\t\t<\/div>\n\n<\/div>\n<h5 class=\"h5--accent strong home--uppercase\">Luz dianteira e traseira qualificada<\/h5>\n<div class=\"rte\">\n<p>luz dianteira e traseira qualificadas, conforme abaixo, para garantir a seguran\u00e7a da condu\u00e7\u00e3o mesmo em noites escuras. Todas as luzes iluminadas s\u00e3o qualificadas com a marca CE E.<\/p>\n<div id='gallery-6' class='gallery galleryid-1792 gallery-columns-4 gallery-size-full'><figure class='gallery-item'>\n\t\t\t<div class='gallery-icon landscape'>\n\t\t\t\t<img loading=\"lazy\" decoding=\"async\" width=\"645\" height=\"360\" src=\"https:\/\/www.linkseride.com\/wp-content\/uploads\/2020\/10\/5.-front-light.jpg\" class=\"attachment-full size-full\" alt=\"scooter de transporte coletivo\" srcset=\"https:\/\/www.linkseride.com\/wp-content\/uploads\/2020\/10\/5.-front-light.jpg 645w, https:\/\/www.linkseride.com\/wp-content\/uploads\/2020\/10\/5.-front-light-300x167.jpg 300w, https:\/\/www.linkseride.com\/wp-content\/uploads\/2020\/10\/5.-front-light-600x335.jpg 600w\" sizes=\"(max-width: 645px) 100vw, 645px\" \/>\n\t\t\t<\/div><\/figure><figure class='gallery-item'>\n\t\t\t<div class='gallery-icon landscape'>\n\t\t\t\t<img loading=\"lazy\" decoding=\"async\" width=\"645\" height=\"360\" src=\"https:\/\/www.linkseride.com\/wp-content\/uploads\/2020\/10\/5.-rear-braking-light.jpg\" class=\"attachment-full size-full\" alt=\"scooter de transporte coletivo\" srcset=\"https:\/\/www.linkseride.com\/wp-content\/uploads\/2020\/10\/5.-rear-braking-light.jpg 645w, https:\/\/www.linkseride.com\/wp-content\/uploads\/2020\/10\/5.-rear-braking-light-300x167.jpg 300w, https:\/\/www.linkseride.com\/wp-content\/uploads\/2020\/10\/5.-rear-braking-light-600x335.jpg 600w\" sizes=\"(max-width: 645px) 100vw, 645px\" \/>\n\t\t\t<\/div><\/figure><figure class='gallery-item'>\n\t\t\t<div class='gallery-icon landscape'>\n\t\t\t\t<img loading=\"lazy\" decoding=\"async\" width=\"645\" height=\"360\" src=\"https:\/\/www.linkseride.com\/wp-content\/uploads\/2020\/10\/5.-rear-light-2.jpg\" class=\"attachment-full size-full\" alt=\"scooter de transporte coletivo\" srcset=\"https:\/\/www.linkseride.com\/wp-content\/uploads\/2020\/10\/5.-rear-light-2.jpg 645w, https:\/\/www.linkseride.com\/wp-content\/uploads\/2020\/10\/5.-rear-light-2-300x167.jpg 300w, https:\/\/www.linkseride.com\/wp-content\/uploads\/2020\/10\/5.-rear-light-2-600x335.jpg 600w\" sizes=\"(max-width: 645px) 100vw, 645px\" \/>\n\t\t\t<\/div><\/figure><figure class='gallery-item'>\n\t\t\t<div class='gallery-icon landscape'>\n\t\t\t\t<img loading=\"lazy\" decoding=\"async\" width=\"645\" height=\"360\" src=\"https:\/\/www.linkseride.com\/wp-content\/uploads\/2020\/10\/5.-rear-light.jpg\" class=\"attachment-full size-full\" alt=\"scooter de transporte coletivo\" srcset=\"https:\/\/www.linkseride.com\/wp-content\/uploads\/2020\/10\/5.-rear-light.jpg 645w, https:\/\/www.linkseride.com\/wp-content\/uploads\/2020\/10\/5.-rear-light-300x167.jpg 300w, https:\/\/www.linkseride.com\/wp-content\/uploads\/2020\/10\/5.-rear-light-600x335.jpg 600w\" sizes=\"(max-width: 645px) 100vw, 645px\" \/>\n\t\t\t<\/div><\/figure>\n\t\t<\/div>\n\n<p>Mais v\u00eddeos introdut\u00f3rios podem ser encontrados aqui:\u00a0<a href=\"https:\/\/www.youtube.com\/channel\/UCw4wsO7M_kRsCHTxcFeqTAA\" target=\"_blank\" rel=\"noopener\">https:\/\/www.youtube.com\/channel\/UCw4wsO7M_kRsCHTxcFeqTAA<\/a><\/p>\n<\/div>\n<div class=\"ast-oembed-container\" style=\"height: 100%;\"><iframe title=\"Ciclomotor el\u00e9trico Scooter Ninja 2021 Road Legal da China\" width=\"500\" height=\"281\" src=\"https:\/\/www.youtube.com\/embed\/8Bh2XUWCYCc?feature=oembed\" frameborder=\"0\" allow=\"accelerometer; autoplay; clipboard-write; encrypted-media; gyroscope; picture-in-picture; web-share\" referrerpolicy=\"strict-origin-when-cross-origin\" allowfullscreen><\/iframe><\/div>\n<p>Essa scooter de deslocamento com vers\u00e3o totalmente el\u00e9trica \u00e9 f\u00e1cil de entender e operar. Se voc\u00ea estiver procurando uma vers\u00e3o atualizada do motor de 4000 W, poder\u00e1 verificar facilmente a <a href=\"https:\/\/www.linkseride.com\/pt\/product\/4000w-li-ion-adult-electric-moped\/\" target=\"_blank\" rel=\"noopener\">detalhes aqui.<\/a><\/p>","protected":false},"excerpt":{"rendered":"<p>Certificados: Legal para estradas com EEC, COC e certificado UN38.3<\/p>\n<p>Scooter com motor: motor el\u00e9trico sem escova de 3000 W. Op\u00e7\u00e3o de motor de cubo e motor central dispon\u00edvel<\/p>\n<p>Aros das rodas de liga de alum\u00ednio de 12\u2019\u2019, para garantir ainda mais estabilidade, seguran\u00e7a e ader\u00eancia em todas as superf\u00edcies da estrada.<\/p>\n<p>Alto desempenho: Suspens\u00e3o F&amp;R e sistema de freios a disco F&amp;R para garantir uma condu\u00e7\u00e3o suave e confort\u00e1vel.<\/p>\n<p>A bateria recarreg\u00e1vel de \u00edons de l\u00edtio \u00e9 remov\u00edvel para facilitar o carregamento. Porta de carregamento r\u00e1pido tamb\u00e9m dispon\u00edvel.<\/p>\n<p>Cores ou desenhos personalizados dispon\u00edveis<\/p>","protected":false},"featured_media":1940,"template":"","meta":{"site-sidebar-layout":"default","site-content-layout":"default","ast-site-content-layout":"default","site-content-style":"default","site-sidebar-style":"default","ast-global-header-display":"","ast-banner-title-visibility":"","ast-main-header-display":"","ast-hfb-above-header-display":"","ast-hfb-below-header-display":"","ast-hfb-mobile-header-display":"","site-post-title":"","ast-breadcrumbs-content":"","ast-featured-img":"","footer-sml-layout":"","ast-disable-related-posts":"","theme-transparent-header-meta":"default","adv-header-id-meta":"","stick-header-meta":"","header-above-stick-meta":"","header-main-stick-meta":"","header-below-stick-meta":"","astra-migrate-meta-layouts":"default","ast-page-background-enabled":"default","ast-page-background-meta":{"desktop":{"background-color":"","background-image":"","background-repeat":"repeat","background-position":"center center","background-size":"auto","background-attachment":"scroll","background-type":"","background-media":"","overlay-type":"","overlay-color":"","overlay-opacity":"","overlay-gradient":""},"tablet":{"background-color":"","background-image":"","background-repeat":"repeat","background-position":"center center","background-size":"auto","background-attachment":"scroll","background-type":"","background-media":"","overlay-type":"","overlay-color":"","overlay-opacity":"","overlay-gradient":""},"mobile":{"background-color":"","background-image":"","background-repeat":"repeat","background-position":"center center","background-size":"auto","background-attachment":"scroll","background-type":"","background-media":"","overlay-type":"","overlay-color":"","overlay-opacity":"","overlay-gradient":""}},"ast-content-background-meta":{"desktop":{"background-color":"var(--ast-global-color-5)","background-image":"","background-repeat":"repeat","background-position":"center center","background-size":"auto","background-attachment":"scroll","background-type":"","background-media":"","overlay-type":"","overlay-color":"","overlay-opacity":"","overlay-gradient":""},"tablet":{"background-color":"var(--ast-global-color-5)","background-image":"","background-repeat":"repeat","background-position":"center center","background-size":"auto","background-attachment":"scroll","background-type":"","background-media":"","overlay-type":"","overlay-color":"","overlay-opacity":"","overlay-gradient":""},"mobile":{"background-color":"var(--ast-global-color-5)","background-image":"","background-repeat":"repeat","background-position":"center center","background-size":"auto","background-attachment":"scroll","background-type":"","background-media":"","overlay-type":"","overlay-color":"","overlay-opacity":"","overlay-gradient":""}}},"product_brand":[],"product_cat":[26],"product_tag":[],"class_list":{"0":"post-1792","1":"product","2":"type-product","3":"status-publish","4":"has-post-thumbnail","6":"product_cat-electric-moped","7":"desktop-align-left","8":"tablet-align-left","9":"mobile-align-left","11":"first","12":"instock","13":"shipping-taxable","14":"purchasable","15":"product-type-simple"},"_links":{"self":[{"href":"https:\/\/www.linkseride.com\/pt\/wp-json\/wp\/v2\/product\/1792","targetHints":{"allow":["GET"]}}],"collection":[{"href":"https:\/\/www.linkseride.com\/pt\/wp-json\/wp\/v2\/product"}],"about":[{"href":"https:\/\/www.linkseride.com\/pt\/wp-json\/wp\/v2\/types\/product"}],"wp:featuredmedia":[{"embeddable":true,"href":"https:\/\/www.linkseride.com\/pt\/wp-json\/wp\/v2\/media\/1940"}],"wp:attachment":[{"href":"https:\/\/www.linkseride.com\/pt\/wp-json\/wp\/v2\/media?parent=1792"}],"wp:term":[{"taxonomy":"product_brand","embeddable":true,"href":"https:\/\/www.linkseride.com\/pt\/wp-json\/wp\/v2\/product_brand?post=1792"},{"taxonomy":"product_cat","embeddable":true,"href":"https:\/\/www.linkseride.com\/pt\/wp-json\/wp\/v2\/product_cat?post=1792"},{"taxonomy":"product_tag","embeddable":true,"href":"https:\/\/www.linkseride.com\/pt\/wp-json\/wp\/v2\/product_tag?post=1792"}],"curies":[{"name":"wp","href":"https:\/\/api.w.org\/{rel}","templated":true}]}}