{"id":1841,"date":"2020-10-25T02:35:21","date_gmt":"2020-10-25T02:35:21","guid":{"rendered":"http:\/\/linkseride.com\/?post_type=product&#038;p=1841"},"modified":"2021-08-28T08:28:18","modified_gmt":"2021-08-28T08:28:18","slug":"4000w-li-ion-adult-electric-moped","status":"publish","type":"product","link":"https:\/\/www.linkseride.com\/pt\/product\/4000w-li-ion-adult-electric-moped\/","title":{"rendered":"LEM-02 Ciclomotor el\u00e9trico para adultos Ninja 4000W com bateria de \u00edons de l\u00edtio"},"content":{"rendered":"<p>This is an upgrade version for 3000w. This road legal adult electric moped that brings you a cool style and would like to drive to a meeting as a businessman. This e-moped is suitable for everyday use as a moped as well as a business model. The EEC certificate No. and the VIN No. are carved on the aluminium plate on the frame. The COC paper, which demonstrates all the details of this adult electric moped, will be delivered together with the vehicle to you. You&#8217;ll get local registration very easily with the above documents.<\/p>\n<div id='gallery-1' class='gallery galleryid-1841 gallery-columns-4 gallery-size-full'><figure class='gallery-item'>\n\t\t\t<div class='gallery-icon landscape'>\n\t\t\t\t<img fetchpriority=\"high\" decoding=\"async\" width=\"645\" height=\"360\" src=\"https:\/\/www.linkseride.com\/wp-content\/uploads\/2020\/10\/11-3.jpg\" class=\"attachment-full size-full\" alt=\"Ciclomotor el\u00e9trico para adultos\" srcset=\"https:\/\/www.linkseride.com\/wp-content\/uploads\/2020\/10\/11-3.jpg 645w, https:\/\/www.linkseride.com\/wp-content\/uploads\/2020\/10\/11-3-300x167.jpg 300w, https:\/\/www.linkseride.com\/wp-content\/uploads\/2020\/10\/11-3-600x335.jpg 600w\" sizes=\"(max-width: 645px) 100vw, 645px\" \/>\n\t\t\t<\/div><\/figure><figure class='gallery-item'>\n\t\t\t<div class='gallery-icon landscape'>\n\t\t\t\t<img decoding=\"async\" width=\"645\" height=\"360\" src=\"https:\/\/www.linkseride.com\/wp-content\/uploads\/2020\/10\/10-3.jpg\" class=\"attachment-full size-full\" alt=\"Ciclomotor el\u00e9trico para adultos\" srcset=\"https:\/\/www.linkseride.com\/wp-content\/uploads\/2020\/10\/10-3.jpg 645w, https:\/\/www.linkseride.com\/wp-content\/uploads\/2020\/10\/10-3-300x167.jpg 300w, https:\/\/www.linkseride.com\/wp-content\/uploads\/2020\/10\/10-3-600x335.jpg 600w\" sizes=\"(max-width: 645px) 100vw, 645px\" \/>\n\t\t\t<\/div><\/figure><figure class='gallery-item'>\n\t\t\t<div class='gallery-icon landscape'>\n\t\t\t\t<img decoding=\"async\" width=\"645\" height=\"360\" src=\"https:\/\/www.linkseride.com\/wp-content\/uploads\/2020\/10\/9-2.jpg\" class=\"attachment-full size-full\" alt=\"Ciclomotor el\u00e9trico para adultos\" srcset=\"https:\/\/www.linkseride.com\/wp-content\/uploads\/2020\/10\/9-2.jpg 645w, https:\/\/www.linkseride.com\/wp-content\/uploads\/2020\/10\/9-2-300x167.jpg 300w, https:\/\/www.linkseride.com\/wp-content\/uploads\/2020\/10\/9-2-600x335.jpg 600w\" sizes=\"(max-width: 645px) 100vw, 645px\" \/>\n\t\t\t<\/div><\/figure><figure class='gallery-item'>\n\t\t\t<div class='gallery-icon landscape'>\n\t\t\t\t<img loading=\"lazy\" decoding=\"async\" width=\"645\" height=\"360\" src=\"https:\/\/www.linkseride.com\/wp-content\/uploads\/2020\/10\/12-2.jpg\" class=\"attachment-full size-full\" alt=\"Ciclomotor el\u00e9trico para adultos\" srcset=\"https:\/\/www.linkseride.com\/wp-content\/uploads\/2020\/10\/12-2.jpg 645w, https:\/\/www.linkseride.com\/wp-content\/uploads\/2020\/10\/12-2-300x167.jpg 300w, https:\/\/www.linkseride.com\/wp-content\/uploads\/2020\/10\/12-2-600x335.jpg 600w\" sizes=\"(max-width: 645px) 100vw, 645px\" \/>\n\t\t\t<\/div><\/figure>\n\t\t<\/div>\n\n<h4>Check the comparison of 3000W VS 4000W Adult Electric Moped<\/h4>\n<table width=\"402\">\n<tbody>\n<tr>\n<td style=\"font-weight: 400;\" width=\"150\"><strong>Certificate<\/strong><\/td>\n<td style=\"font-weight: 400;\" width=\"201\"><strong>EURO\u00a05\u00a0L1e-B,\u00a0EEC\u00a0&amp;\u00a0COC\u00a0certificate<\/strong><\/td>\n<td style=\"font-weight: 400;\" width=\"51\"><strong>EURO\u00a05\u00a0L3e-B,\u00a0EEC\u00a0&amp;\u00a0COC\u00a0certificate<\/strong><\/td>\n<\/tr>\n<tr>\n<td style=\"font-weight: 400;\" width=\"150\"><strong>Item No.<\/strong><\/td>\n<td style=\"font-weight: 400;\" width=\"201\"><strong>LEM-02\u00a0<span style=\"color: #ff0000;\">3000W<\/span><\/strong><\/td>\n<td style=\"font-weight: 400;\" width=\"51\"><strong>LEM-02\u00a0<span style=\"color: #ff0000;\">4000W<\/span><\/strong><\/td>\n<\/tr>\n<tr>\n<td style=\"font-weight: 400;\" width=\"150\"><strong>Motor\u00a0<\/strong><\/td>\n<td style=\"font-weight: 400;\" width=\"201\">3000W\u00a060V\u00a012\u201d\u00a0QS\u00a0brush-less\u00a0motor<\/td>\n<td style=\"font-weight: 400;\" width=\"51\">4000W\u00a072V\u00a012&#8221;\u00a0QS\u00a0brush-less\u00a0motor<\/td>\n<\/tr>\n<tr>\n<td style=\"font-weight: 400;\" width=\"150\"><strong>Controlador<\/strong><\/td>\n<td style=\"font-weight: 400;\" width=\"201\">Descarga de 60V 55A<\/td>\n<td style=\"font-weight: 400;\" width=\"51\">72V\u00a070A\u00a0discharge<\/td>\n<\/tr>\n<tr>\n<td style=\"font-weight: 400;\" width=\"150\"><strong>Capacidade da bateria<\/strong><\/td>\n<td style=\"font-weight: 400;\" width=\"201\">60V\u00a023.4\/47AH<br \/>\n(Fully\u00a0charged\u00a072V,Rated\u00a060V)<\/td>\n<td style=\"font-weight: 400;\" width=\"51\">72V40AH\u00a0(Fully\u00a084V,Rated\u00a072V)<\/td>\n<\/tr>\n<tr>\n<td style=\"font-weight: 400;\" width=\"150\"><strong>N\u00famero da bateria<\/strong><\/td>\n<td style=\"font-weight: 400;\" width=\"201\">1 conjunto ou 2 conjuntos (23,4Ah por conjunto)<\/td>\n<td style=\"font-weight: 400;\" width=\"51\">1 conjunto<\/td>\n<\/tr>\n<tr>\n<td style=\"font-weight: 400;\" width=\"150\"><strong>Battery\u00a0Weight<\/strong><\/td>\n<td style=\"font-weight: 400;\" width=\"201\">7.5KG\u00a0per\u00a0battery<\/td>\n<td style=\"font-weight: 400;\" width=\"51\">15KG<\/td>\n<\/tr>\n<tr>\n<td style=\"font-weight: 400;\" width=\"150\"><strong>Charger\/Input\u00a0voltage<\/strong><\/td>\n<td style=\"font-weight: 400;\" width=\"201\">60V6A, 110\/220V, 50-60Hz<\/td>\n<td style=\"font-weight: 400;\" width=\"51\">72V8A, 110\/220V, 50-60Hz<\/td>\n<\/tr>\n<tr>\n<td style=\"font-weight: 400;\" width=\"150\"><strong>Capacidade de escalada<\/strong><\/td>\n<td style=\"font-weight: 400;\" width=\"201\">25\u00b0<\/td>\n<td style=\"font-weight: 400;\" width=\"51\">30\u00b0<\/td>\n<\/tr>\n<tr>\n<td style=\"font-weight: 400;\" width=\"150\"><strong>Velocidade m\u00e1xima<\/strong><\/td>\n<td style=\"font-weight: 400;\" width=\"201\">45 km\/h (28mph)<\/td>\n<td style=\"font-weight: 400;\" width=\"51\">75\u00a0km\/h\u00a0(45mph)<\/td>\n<\/tr>\n<tr>\n<td style=\"font-weight: 400;\" width=\"150\"><strong>Alcance por carga<\/strong><\/td>\n<td style=\"font-weight: 400;\" width=\"201\">40-45km\u00a0(1\u00a0battery)<br \/>\n65-70km\u00a0(2\u00a0batteries)<\/td>\n<td style=\"font-weight: 400;\" width=\"51\">60-65km\u00a0(up\u00a0to\u00a041miles)<\/td>\n<\/tr>\n<\/tbody>\n<\/table>\n<p>Mais v\u00eddeos introdut\u00f3rios podem ser encontrados aqui:\u00a0<a href=\"https:\/\/www.youtube.com\/channel\/UCw4wsO7M_kRsCHTxcFeqTAA\" target=\"_blank\" rel=\"noopener\">https:\/\/www.youtube.com\/channel\/UCw4wsO7M_kRsCHTxcFeqTAA<\/a><\/p>\n<div class=\"ast-oembed-container\" style=\"height: 100%;\"><iframe title=\"China Electric Scooter Ninja Road Legal Review 2021\" width=\"500\" height=\"281\" src=\"https:\/\/www.youtube.com\/embed\/_czBZ6OpKLg?feature=oembed\" frameborder=\"0\" allow=\"accelerometer; autoplay; clipboard-write; encrypted-media; gyroscope; picture-in-picture; web-share\" referrerpolicy=\"strict-origin-when-cross-origin\" allowfullscreen><\/iframe><\/div>\n<p>we also have a version with 3000w motor. It&#8217;s an L1e adult electric moped for you. <a href=\"https:\/\/www.linkseride.com\/pt\/product\/scooter-eletrica-de-3000-w-para-deslocamentos-urbanos\/\" target=\"_blank\" rel=\"noopener\">Click here to get more details.<\/a><\/p>","protected":false},"excerpt":{"rendered":"<p>\u25cf Certs: EEC, COC &amp; UN38.3 Certificate<\/p>\n<p>\u25cf Adult electric moped with 2 driving modes, depending on your needs: low-speed mode can expand the mileage; high-speed sports mode can balance power and speed<\/p>\n<p>\u25cf removable li-ion battery weights 15kgs and easy to carry and charge<\/p>\n<p>\u25cf high performance F &amp; R disc brake shorten your Braking distance to guarantee you safety<\/p>\n<p>\u25cf 4000W brush-less electric motor. Max speed up to 75 km\/h (47Mph), 125cc equivalent.<\/p>\n<p>Cores ou desenhos personalizados dispon\u00edveis<\/p>","protected":false},"featured_media":1842,"template":"","meta":{"site-sidebar-layout":"default","site-content-layout":"default","ast-site-content-layout":"default","site-content-style":"default","site-sidebar-style":"default","ast-global-header-display":"","ast-banner-title-visibility":"","ast-main-header-display":"","ast-hfb-above-header-display":"","ast-hfb-below-header-display":"","ast-hfb-mobile-header-display":"","site-post-title":"","ast-breadcrumbs-content":"","ast-featured-img":"","footer-sml-layout":"","ast-disable-related-posts":"","theme-transparent-header-meta":"default","adv-header-id-meta":"","stick-header-meta":"","header-above-stick-meta":"","header-main-stick-meta":"","header-below-stick-meta":"","astra-migrate-meta-layouts":"default","ast-page-background-enabled":"default","ast-page-background-meta":{"desktop":{"background-color":"","background-image":"","background-repeat":"repeat","background-position":"center center","background-size":"auto","background-attachment":"scroll","background-type":"","background-media":"","overlay-type":"","overlay-color":"","overlay-opacity":"","overlay-gradient":""},"tablet":{"background-color":"","background-image":"","background-repeat":"repeat","background-position":"center center","background-size":"auto","background-attachment":"scroll","background-type":"","background-media":"","overlay-type":"","overlay-color":"","overlay-opacity":"","overlay-gradient":""},"mobile":{"background-color":"","background-image":"","background-repeat":"repeat","background-position":"center center","background-size":"auto","background-attachment":"scroll","background-type":"","background-media":"","overlay-type":"","overlay-color":"","overlay-opacity":"","overlay-gradient":""}},"ast-content-background-meta":{"desktop":{"background-color":"var(--ast-global-color-5)","background-image":"","background-repeat":"repeat","background-position":"center center","background-size":"auto","background-attachment":"scroll","background-type":"","background-media":"","overlay-type":"","overlay-color":"","overlay-opacity":"","overlay-gradient":""},"tablet":{"background-color":"var(--ast-global-color-5)","background-image":"","background-repeat":"repeat","background-position":"center center","background-size":"auto","background-attachment":"scroll","background-type":"","background-media":"","overlay-type":"","overlay-color":"","overlay-opacity":"","overlay-gradient":""},"mobile":{"background-color":"var(--ast-global-color-5)","background-image":"","background-repeat":"repeat","background-position":"center center","background-size":"auto","background-attachment":"scroll","background-type":"","background-media":"","overlay-type":"","overlay-color":"","overlay-opacity":"","overlay-gradient":""}}},"product_brand":[],"product_cat":[26],"product_tag":[],"class_list":{"0":"post-1841","1":"product","2":"type-product","3":"status-publish","4":"has-post-thumbnail","6":"product_cat-electric-moped","7":"desktop-align-left","8":"tablet-align-left","9":"mobile-align-left","11":"first","12":"instock","13":"shipping-taxable","14":"purchasable","15":"product-type-simple"},"_links":{"self":[{"href":"https:\/\/www.linkseride.com\/pt\/wp-json\/wp\/v2\/product\/1841","targetHints":{"allow":["GET"]}}],"collection":[{"href":"https:\/\/www.linkseride.com\/pt\/wp-json\/wp\/v2\/product"}],"about":[{"href":"https:\/\/www.linkseride.com\/pt\/wp-json\/wp\/v2\/types\/product"}],"wp:featuredmedia":[{"embeddable":true,"href":"https:\/\/www.linkseride.com\/pt\/wp-json\/wp\/v2\/media\/1842"}],"wp:attachment":[{"href":"https:\/\/www.linkseride.com\/pt\/wp-json\/wp\/v2\/media?parent=1841"}],"wp:term":[{"taxonomy":"product_brand","embeddable":true,"href":"https:\/\/www.linkseride.com\/pt\/wp-json\/wp\/v2\/product_brand?post=1841"},{"taxonomy":"product_cat","embeddable":true,"href":"https:\/\/www.linkseride.com\/pt\/wp-json\/wp\/v2\/product_cat?post=1841"},{"taxonomy":"product_tag","embeddable":true,"href":"https:\/\/www.linkseride.com\/pt\/wp-json\/wp\/v2\/product_tag?post=1841"}],"curies":[{"name":"wp","href":"https:\/\/api.w.org\/{rel}","templated":true}]}}