{"id":1858,"date":"2020-10-25T05:12:47","date_gmt":"2020-10-25T05:12:47","guid":{"rendered":"http:\/\/linkseride.com\/?post_type=product&#038;p=1858"},"modified":"2021-08-28T08:14:10","modified_gmt":"2021-08-28T08:14:10","slug":"scooter-eletrica-swan-3000w-para-uso-em-estradas","status":"publish","type":"product","link":"https:\/\/www.linkseride.com\/pt\/product\/swan-3000w-road-legal-electric-scooter\/","title":{"rendered":"LEM-03 Swan 3000W Elegant Road Legal Scooter El\u00e9trica"},"content":{"rendered":"<p>Outro modelo SWAN oferece outra apar\u00eancia para a scooter el\u00e9trica. \u00c9 tamb\u00e9m uma scooter el\u00e9trica legalizada para estradas com certificado L1e. A Swan combina as seguintes vantagens: eleg\u00e2ncia, acelera\u00e7\u00e3o, conforto e controle. O ciclomotor \u00e9 muito confort\u00e1vel porque o amortecedor e o garfo dianteiro combinam bem e com material de alta qualidade que pode garantir uma boa ader\u00eancia \u00e0 estrada e uma sensa\u00e7\u00e3o de conforto. Embora essa seja uma opini\u00e3o muito subjetiva, a s\u00e9rie LEM-03 \u00e9 elegante, um compromisso perfeito entre o esp\u00edrito retr\u00f4 e o moderno.<\/p>\n<div id='gallery-1' class='gallery galleryid-1858 gallery-columns-4 gallery-size-full'><figure class='gallery-item'>\n\t\t\t<div class='gallery-icon landscape'>\n\t\t\t\t<img fetchpriority=\"high\" decoding=\"async\" width=\"645\" height=\"360\" src=\"https:\/\/www.linkseride.com\/wp-content\/uploads\/2020\/10\/1-7.jpg\" class=\"attachment-full size-full\" alt=\"scooter el\u00e9trica legalizada para estradas\" srcset=\"https:\/\/www.linkseride.com\/wp-content\/uploads\/2020\/10\/1-7.jpg 645w, https:\/\/www.linkseride.com\/wp-content\/uploads\/2020\/10\/1-7-300x167.jpg 300w, https:\/\/www.linkseride.com\/wp-content\/uploads\/2020\/10\/1-7-600x335.jpg 600w\" sizes=\"(max-width: 645px) 100vw, 645px\" \/>\n\t\t\t<\/div><\/figure><figure class='gallery-item'>\n\t\t\t<div class='gallery-icon landscape'>\n\t\t\t\t<img decoding=\"async\" width=\"645\" height=\"360\" src=\"https:\/\/www.linkseride.com\/wp-content\/uploads\/2020\/10\/2-7.jpg\" class=\"attachment-full size-full\" alt=\"scooter el\u00e9trica legalizada para estradas\" srcset=\"https:\/\/www.linkseride.com\/wp-content\/uploads\/2020\/10\/2-7.jpg 645w, https:\/\/www.linkseride.com\/wp-content\/uploads\/2020\/10\/2-7-300x167.jpg 300w, https:\/\/www.linkseride.com\/wp-content\/uploads\/2020\/10\/2-7-600x335.jpg 600w\" sizes=\"(max-width: 645px) 100vw, 645px\" \/>\n\t\t\t<\/div><\/figure><figure class='gallery-item'>\n\t\t\t<div class='gallery-icon landscape'>\n\t\t\t\t<img decoding=\"async\" width=\"645\" height=\"360\" src=\"https:\/\/www.linkseride.com\/wp-content\/uploads\/2020\/10\/3-7.jpg\" class=\"attachment-full size-full\" alt=\"scooter el\u00e9trica legalizada para estradas\" srcset=\"https:\/\/www.linkseride.com\/wp-content\/uploads\/2020\/10\/3-7.jpg 645w, https:\/\/www.linkseride.com\/wp-content\/uploads\/2020\/10\/3-7-300x167.jpg 300w, https:\/\/www.linkseride.com\/wp-content\/uploads\/2020\/10\/3-7-600x335.jpg 600w\" sizes=\"(max-width: 645px) 100vw, 645px\" \/>\n\t\t\t<\/div><\/figure><figure class='gallery-item'>\n\t\t\t<div class='gallery-icon landscape'>\n\t\t\t\t<img loading=\"lazy\" decoding=\"async\" width=\"645\" height=\"360\" src=\"https:\/\/www.linkseride.com\/wp-content\/uploads\/2020\/10\/5-5.jpg\" class=\"attachment-full size-full\" alt=\"\" srcset=\"https:\/\/www.linkseride.com\/wp-content\/uploads\/2020\/10\/5-5.jpg 645w, https:\/\/www.linkseride.com\/wp-content\/uploads\/2020\/10\/5-5-300x167.jpg 300w, https:\/\/www.linkseride.com\/wp-content\/uploads\/2020\/10\/5-5-600x335.jpg 600w\" sizes=\"(max-width: 645px) 100vw, 645px\" \/>\n\t\t\t<\/div><\/figure>\n\t\t<\/div>\n\n<h4>Recurso detalhado da scooter el\u00e9trica legalizada para estradas<\/h4>\n<h5 class=\"h5--accent strong home--uppercase\">Pneus sem c\u00e2mara de ar de alum\u00ednio de 12 polegadas<\/h5>\n<div class=\"rte\">\n<p>Os pneus sem c\u00e2mara t\u00eam melhor veda\u00e7\u00e3o e estabilidade, o que pode reduzir muito o risco de estouro do pneu. O design do tal\u00e3o mais largo e mais espesso garante que os pneus sem c\u00e2mara tenham menos probabilidade de estourar e proteger o aro.<\/p>\n<\/div>\n<div id='gallery-2' class='gallery galleryid-1858 gallery-columns-2 gallery-size-full'><figure class='gallery-item'>\n\t\t\t<div class='gallery-icon landscape'>\n\t\t\t\t<img loading=\"lazy\" decoding=\"async\" width=\"645\" height=\"360\" src=\"https:\/\/www.linkseride.com\/wp-content\/uploads\/2020\/10\/front-tire-2.jpg\" class=\"attachment-full size-full\" alt=\"scooter el\u00e9trica legalizada para estradas\" srcset=\"https:\/\/www.linkseride.com\/wp-content\/uploads\/2020\/10\/front-tire-2.jpg 645w, https:\/\/www.linkseride.com\/wp-content\/uploads\/2020\/10\/front-tire-2-300x167.jpg 300w, https:\/\/www.linkseride.com\/wp-content\/uploads\/2020\/10\/front-tire-2-600x335.jpg 600w\" sizes=\"(max-width: 645px) 100vw, 645px\" \/>\n\t\t\t<\/div><\/figure><figure class='gallery-item'>\n\t\t\t<div class='gallery-icon landscape'>\n\t\t\t\t<img loading=\"lazy\" decoding=\"async\" width=\"645\" height=\"360\" src=\"https:\/\/www.linkseride.com\/wp-content\/uploads\/2020\/10\/rear-tire.jpg\" class=\"attachment-full size-full\" alt=\"\" srcset=\"https:\/\/www.linkseride.com\/wp-content\/uploads\/2020\/10\/rear-tire.jpg 645w, https:\/\/www.linkseride.com\/wp-content\/uploads\/2020\/10\/rear-tire-300x167.jpg 300w, https:\/\/www.linkseride.com\/wp-content\/uploads\/2020\/10\/rear-tire-600x335.jpg 600w\" sizes=\"(max-width: 645px) 100vw, 645px\" \/>\n\t\t\t<\/div><\/figure>\n\t\t<\/div>\n\n<h5 class=\"h5--accent strong home--uppercase\">Sistema de partida com chave em duas etapas e caixa de armazenamento frontal com carregador USB<\/h5>\n<div class=\"rte\">\n<p>Sistema de partida em duas etapas para garantir que sua scooter el\u00e9trica n\u00e3o seja roubada. \u00c9 necess\u00e1rio usar a parte superior da chave para destravar o buraco da fechadura e, em seguida, dar a partida. Caixa de armazenamento frontal para guardar alguns de seus objetos pessoais e carregador USB para carregar seu smartphone.<\/p>\n<\/div>\n<div class=\"rte\">\n<div id='gallery-3' class='gallery galleryid-1858 gallery-columns-2 gallery-size-full'><figure class='gallery-item'>\n\t\t\t<div class='gallery-icon landscape'>\n\t\t\t\t<img loading=\"lazy\" decoding=\"async\" width=\"645\" height=\"360\" src=\"https:\/\/www.linkseride.com\/wp-content\/uploads\/2020\/10\/front-storage.jpg\" class=\"attachment-full size-full\" alt=\"\" srcset=\"https:\/\/www.linkseride.com\/wp-content\/uploads\/2020\/10\/front-storage.jpg 645w, https:\/\/www.linkseride.com\/wp-content\/uploads\/2020\/10\/front-storage-300x167.jpg 300w, https:\/\/www.linkseride.com\/wp-content\/uploads\/2020\/10\/front-storage-600x335.jpg 600w\" sizes=\"(max-width: 645px) 100vw, 645px\" \/>\n\t\t\t<\/div><\/figure><figure class='gallery-item'>\n\t\t\t<div class='gallery-icon landscape'>\n\t\t\t\t<img loading=\"lazy\" decoding=\"async\" width=\"645\" height=\"360\" src=\"https:\/\/www.linkseride.com\/wp-content\/uploads\/2020\/10\/key-keyhole.jpg\" class=\"attachment-full size-full\" alt=\"\" srcset=\"https:\/\/www.linkseride.com\/wp-content\/uploads\/2020\/10\/key-keyhole.jpg 645w, https:\/\/www.linkseride.com\/wp-content\/uploads\/2020\/10\/key-keyhole-300x167.jpg 300w, https:\/\/www.linkseride.com\/wp-content\/uploads\/2020\/10\/key-keyhole-600x335.jpg 600w\" sizes=\"(max-width: 645px) 100vw, 645px\" \/>\n\t\t\t<\/div><\/figure>\n\t\t<\/div>\n\n<div class=\"rte\">\n<div class=\"rte\">\n<p>&nbsp;<\/p>\n<p>Mais v\u00eddeos introdut\u00f3rios podem ser encontrados aqui:\u00a0<a href=\"https:\/\/www.youtube.com\/channel\/UCw4wsO7M_kRsCHTxcFeqTAA\" target=\"_blank\" rel=\"noopener\">https:\/\/www.youtube.com\/channel\/UCw4wsO7M_kRsCHTxcFeqTAA<\/a><\/p>\n<\/div>\n<\/div>\n<\/div>\n<div class=\"ast-oembed-container\" style=\"height: 100%;\"><iframe title=\"Scooter el\u00e9trica Swan 3000W 45km\/h Revis\u00e3o completa 2021 da China LinksEride\" width=\"500\" height=\"281\" src=\"https:\/\/www.youtube.com\/embed\/oG5chtIj_d4?feature=oembed\" frameborder=\"0\" allow=\"accelerometer; autoplay; clipboard-write; encrypted-media; gyroscope; picture-in-picture; web-share\" referrerpolicy=\"strict-origin-when-cross-origin\" allowfullscreen><\/iframe><\/div>\n<p>A scooter el\u00e9trica Swan, que \u00e9 legalizada para as estradas, \u00e9 definitivamente uma alternativa excelente e, na minha opini\u00e3o, melhor do que uma motocicleta a gasolina equivalente e como solu\u00e7\u00e3o para o deslocamento di\u00e1rio. \u00c9 uma motocicleta de \u00f3tima apar\u00eancia e de qualquer \u00e2ngulo. Ela \u00e9 agrad\u00e1vel aos olhos. Temos uma vers\u00e3o atualizada com motor de 4000 W e velocidade m\u00e1xima de 75 km\/h.<a href=\"https:\/\/www.linkseride.com\/pt\/product\/swan-4000w-high-speed-electric-scooter\/\" target=\"_blank\" rel=\"noopener\"> Vers\u00e3o L3e, clique aqui. <\/a><\/p>","protected":false},"excerpt":{"rendered":"<p>Certificados: Scooter el\u00e9trica legal para estradas com certificado EEC, COC e UN38.3<\/p>\n<p>Capacidade da bateria de 72V40AH (totalmente 84V, 72V nominal) para garantir o alcance de 70 km (44 milhas) em velocidade constante<\/p>\n<p>\u25cf Equipado com um potente motor QS sem escovas de 3000 W. N\u00e3o h\u00e1 necessidade de aquecimento. Sem emiss\u00f5es. Gire e pronto. A velocidade m\u00e1xima \u00e9 de at\u00e9 45km\/h (28Mph)<\/p>\n<p>Freios a disco dianteiro e traseiro para maior seguran\u00e7a. Amortecedores hidr\u00e1ulicos dianteiros e traseiros para o m\u00e1ximo conforto!<\/p>\n<p>Porta de carregamento USB dispon\u00edvel para seu telefone<\/p>\n<p>Vendas diretas da f\u00e1brica, fornecimento personalizado e OEM<\/p>\n<p>&nbsp;<\/p>","protected":false},"featured_media":1859,"template":"","meta":{"site-sidebar-layout":"default","site-content-layout":"default","ast-site-content-layout":"default","site-content-style":"default","site-sidebar-style":"default","ast-global-header-display":"","ast-banner-title-visibility":"","ast-main-header-display":"","ast-hfb-above-header-display":"","ast-hfb-below-header-display":"","ast-hfb-mobile-header-display":"","site-post-title":"","ast-breadcrumbs-content":"","ast-featured-img":"","footer-sml-layout":"","ast-disable-related-posts":"","theme-transparent-header-meta":"default","adv-header-id-meta":"","stick-header-meta":"","header-above-stick-meta":"","header-main-stick-meta":"","header-below-stick-meta":"","astra-migrate-meta-layouts":"default","ast-page-background-enabled":"default","ast-page-background-meta":{"desktop":{"background-color":"","background-image":"","background-repeat":"repeat","background-position":"center center","background-size":"auto","background-attachment":"scroll","background-type":"","background-media":"","overlay-type":"","overlay-color":"","overlay-opacity":"","overlay-gradient":""},"tablet":{"background-color":"","background-image":"","background-repeat":"repeat","background-position":"center center","background-size":"auto","background-attachment":"scroll","background-type":"","background-media":"","overlay-type":"","overlay-color":"","overlay-opacity":"","overlay-gradient":""},"mobile":{"background-color":"","background-image":"","background-repeat":"repeat","background-position":"center center","background-size":"auto","background-attachment":"scroll","background-type":"","background-media":"","overlay-type":"","overlay-color":"","overlay-opacity":"","overlay-gradient":""}},"ast-content-background-meta":{"desktop":{"background-color":"var(--ast-global-color-5)","background-image":"","background-repeat":"repeat","background-position":"center center","background-size":"auto","background-attachment":"scroll","background-type":"","background-media":"","overlay-type":"","overlay-color":"","overlay-opacity":"","overlay-gradient":""},"tablet":{"background-color":"var(--ast-global-color-5)","background-image":"","background-repeat":"repeat","background-position":"center center","background-size":"auto","background-attachment":"scroll","background-type":"","background-media":"","overlay-type":"","overlay-color":"","overlay-opacity":"","overlay-gradient":""},"mobile":{"background-color":"var(--ast-global-color-5)","background-image":"","background-repeat":"repeat","background-position":"center center","background-size":"auto","background-attachment":"scroll","background-type":"","background-media":"","overlay-type":"","overlay-color":"","overlay-opacity":"","overlay-gradient":""}}},"product_brand":[],"product_cat":[26],"product_tag":[],"class_list":{"0":"post-1858","1":"product","2":"type-product","3":"status-publish","4":"has-post-thumbnail","6":"product_cat-electric-moped","7":"desktop-align-left","8":"tablet-align-left","9":"mobile-align-left","11":"first","12":"instock","13":"shipping-taxable","14":"purchasable","15":"product-type-simple"},"_links":{"self":[{"href":"https:\/\/www.linkseride.com\/pt\/wp-json\/wp\/v2\/product\/1858","targetHints":{"allow":["GET"]}}],"collection":[{"href":"https:\/\/www.linkseride.com\/pt\/wp-json\/wp\/v2\/product"}],"about":[{"href":"https:\/\/www.linkseride.com\/pt\/wp-json\/wp\/v2\/types\/product"}],"wp:featuredmedia":[{"embeddable":true,"href":"https:\/\/www.linkseride.com\/pt\/wp-json\/wp\/v2\/media\/1859"}],"wp:attachment":[{"href":"https:\/\/www.linkseride.com\/pt\/wp-json\/wp\/v2\/media?parent=1858"}],"wp:term":[{"taxonomy":"product_brand","embeddable":true,"href":"https:\/\/www.linkseride.com\/pt\/wp-json\/wp\/v2\/product_brand?post=1858"},{"taxonomy":"product_cat","embeddable":true,"href":"https:\/\/www.linkseride.com\/pt\/wp-json\/wp\/v2\/product_cat?post=1858"},{"taxonomy":"product_tag","embeddable":true,"href":"https:\/\/www.linkseride.com\/pt\/wp-json\/wp\/v2\/product_tag?post=1858"}],"curies":[{"name":"wp","href":"https:\/\/api.w.org\/{rel}","templated":true}]}}