{"id":1904,"date":"2020-10-25T07:08:03","date_gmt":"2020-10-25T07:08:03","guid":{"rendered":"http:\/\/linkseride.com\/?post_type=product&#038;p=1904"},"modified":"2021-03-11T08:05:57","modified_gmt":"2021-03-11T08:05:57","slug":"lem-07-scooter-eletrica-para-entrega-de-pizza","status":"publish","type":"product","link":"https:\/\/www.linkseride.com\/pt\/product\/lem-07-electric-pizza-delivery-scooter\/","title":{"rendered":"LEM-07 3000W Ciclomotor el\u00e9trico para entregas Scooter el\u00e9trica para entrega de pizza"},"content":{"rendered":"<p>Sempre a seu servi\u00e7o: Essa \u00e9 a nossa scooter el\u00e9trica para entrega de pizza. O motivo pelo qual tantas pessoas escolhem esse modelo? Por causa de sua capacidade de atender \u00e0s necessidades dos entregadores profissionais mais rigorosos! Complementada com caixas de transporte de grande espa\u00e7o. Equipada com motores de 3000 W, ela tem tudo o que voc\u00ea precisa para chegar ao seu destino rapidamente e sem tr\u00e2nsito. Ele tem v\u00e1rias op\u00e7\u00f5es de tamanhos de baterias de \u00edon de l\u00edtio para voc\u00ea escolher, o que pode garantir velocidade m\u00e1xima de 45 km\/h e alcance m\u00e1ximo de 200 km. Al\u00e9m disso, a bateria remov\u00edvel \u00e9 f\u00e1cil de carregar quando voc\u00ea chega em casa. Al\u00e9m disso, tamb\u00e9m temos op\u00e7\u00f5es para dois pneus traseiros para melhorar o desempenho da estabilidade.<\/p>\n<div id='gallery-1' class='gallery galleryid-1904 gallery-columns-4 gallery-size-medium'><figure class='gallery-item'>\n\t\t\t<div class='gallery-icon landscape'>\n\t\t\t\t<a href='https:\/\/www.linkseride.com\/pt\/?attachment_id=1911'><img fetchpriority=\"high\" decoding=\"async\" width=\"300\" height=\"300\" src=\"https:\/\/www.linkseride.com\/wp-content\/uploads\/2020\/10\/pizza-delivery-electric-scooter-7-300x300.jpg\" class=\"attachment-medium size-medium\" alt=\"\" srcset=\"https:\/\/www.linkseride.com\/wp-content\/uploads\/2020\/10\/pizza-delivery-electric-scooter-7-300x300.jpg 300w, https:\/\/www.linkseride.com\/wp-content\/uploads\/2020\/10\/pizza-delivery-electric-scooter-7-1024x1024.jpg 1024w, https:\/\/www.linkseride.com\/wp-content\/uploads\/2020\/10\/pizza-delivery-electric-scooter-7-150x150.jpg 150w, https:\/\/www.linkseride.com\/wp-content\/uploads\/2020\/10\/pizza-delivery-electric-scooter-7-768x768.jpg 768w, https:\/\/www.linkseride.com\/wp-content\/uploads\/2020\/10\/pizza-delivery-electric-scooter-7-600x600.jpg 600w, https:\/\/www.linkseride.com\/wp-content\/uploads\/2020\/10\/pizza-delivery-electric-scooter-7-100x100.jpg 100w, https:\/\/www.linkseride.com\/wp-content\/uploads\/2020\/10\/pizza-delivery-electric-scooter-7.jpg 1040w\" sizes=\"(max-width: 300px) 100vw, 300px\" \/><\/a>\n\t\t\t<\/div><\/figure><figure class='gallery-item'>\n\t\t\t<div class='gallery-icon landscape'>\n\t\t\t\t<a href='https:\/\/www.linkseride.com\/pt\/?attachment_id=1910'><img decoding=\"async\" width=\"300\" height=\"300\" src=\"https:\/\/www.linkseride.com\/wp-content\/uploads\/2020\/10\/pizza-delivery-electric-scooter-6-300x300.jpg\" class=\"attachment-medium size-medium\" alt=\"\" srcset=\"https:\/\/www.linkseride.com\/wp-content\/uploads\/2020\/10\/pizza-delivery-electric-scooter-6-300x300.jpg 300w, https:\/\/www.linkseride.com\/wp-content\/uploads\/2020\/10\/pizza-delivery-electric-scooter-6-1024x1024.jpg 1024w, https:\/\/www.linkseride.com\/wp-content\/uploads\/2020\/10\/pizza-delivery-electric-scooter-6-150x150.jpg 150w, https:\/\/www.linkseride.com\/wp-content\/uploads\/2020\/10\/pizza-delivery-electric-scooter-6-768x768.jpg 768w, https:\/\/www.linkseride.com\/wp-content\/uploads\/2020\/10\/pizza-delivery-electric-scooter-6-600x600.jpg 600w, https:\/\/www.linkseride.com\/wp-content\/uploads\/2020\/10\/pizza-delivery-electric-scooter-6-100x100.jpg 100w, https:\/\/www.linkseride.com\/wp-content\/uploads\/2020\/10\/pizza-delivery-electric-scooter-6.jpg 1040w\" sizes=\"(max-width: 300px) 100vw, 300px\" \/><\/a>\n\t\t\t<\/div><\/figure><figure class='gallery-item'>\n\t\t\t<div class='gallery-icon landscape'>\n\t\t\t\t<a href='https:\/\/www.linkseride.com\/pt\/?attachment_id=1909'><img decoding=\"async\" width=\"300\" height=\"300\" src=\"https:\/\/www.linkseride.com\/wp-content\/uploads\/2020\/10\/pizza-delivery-electric-scooter-5-300x300.jpg\" class=\"attachment-medium size-medium\" alt=\"\" srcset=\"https:\/\/www.linkseride.com\/wp-content\/uploads\/2020\/10\/pizza-delivery-electric-scooter-5-300x300.jpg 300w, https:\/\/www.linkseride.com\/wp-content\/uploads\/2020\/10\/pizza-delivery-electric-scooter-5-1024x1024.jpg 1024w, https:\/\/www.linkseride.com\/wp-content\/uploads\/2020\/10\/pizza-delivery-electric-scooter-5-150x150.jpg 150w, https:\/\/www.linkseride.com\/wp-content\/uploads\/2020\/10\/pizza-delivery-electric-scooter-5-768x768.jpg 768w, https:\/\/www.linkseride.com\/wp-content\/uploads\/2020\/10\/pizza-delivery-electric-scooter-5-600x600.jpg 600w, https:\/\/www.linkseride.com\/wp-content\/uploads\/2020\/10\/pizza-delivery-electric-scooter-5-100x100.jpg 100w, https:\/\/www.linkseride.com\/wp-content\/uploads\/2020\/10\/pizza-delivery-electric-scooter-5.jpg 1040w\" sizes=\"(max-width: 300px) 100vw, 300px\" \/><\/a>\n\t\t\t<\/div><\/figure><figure class='gallery-item'>\n\t\t\t<div class='gallery-icon landscape'>\n\t\t\t\t<a href='https:\/\/www.linkseride.com\/pt\/?attachment_id=1908'><img loading=\"lazy\" decoding=\"async\" width=\"300\" height=\"300\" src=\"https:\/\/www.linkseride.com\/wp-content\/uploads\/2020\/10\/pizza-delivery-electric-scooter-4-300x300.jpg\" class=\"attachment-medium size-medium\" alt=\"\" srcset=\"https:\/\/www.linkseride.com\/wp-content\/uploads\/2020\/10\/pizza-delivery-electric-scooter-4-300x300.jpg 300w, https:\/\/www.linkseride.com\/wp-content\/uploads\/2020\/10\/pizza-delivery-electric-scooter-4-1024x1024.jpg 1024w, https:\/\/www.linkseride.com\/wp-content\/uploads\/2020\/10\/pizza-delivery-electric-scooter-4-150x150.jpg 150w, https:\/\/www.linkseride.com\/wp-content\/uploads\/2020\/10\/pizza-delivery-electric-scooter-4-768x768.jpg 768w, https:\/\/www.linkseride.com\/wp-content\/uploads\/2020\/10\/pizza-delivery-electric-scooter-4-600x600.jpg 600w, https:\/\/www.linkseride.com\/wp-content\/uploads\/2020\/10\/pizza-delivery-electric-scooter-4-100x100.jpg 100w, https:\/\/www.linkseride.com\/wp-content\/uploads\/2020\/10\/pizza-delivery-electric-scooter-4.jpg 1040w\" sizes=\"(max-width: 300px) 100vw, 300px\" \/><\/a>\n\t\t\t<\/div><\/figure>\n\t\t<\/div>\n\n<p>Abrimos um molde totalmente novo para essa scooter el\u00e9trica de entrega de pizza para garantir que ela seja projetada adequadamente e tenha durabilidade. Os certificados EEC e COC ser\u00e3o fornecidos se voc\u00ea estiver interessado em importar esse modelo!<\/p>\n<p>Se estiver procurando outros modelos de scooters el\u00e9tricos, voc\u00ea pode encontrar <a href=\"https:\/\/www.linkseride.com\/pt\/product-electric-vehicle\/\" target=\"_blank\" rel=\"noopener\">aqui<\/a>.<\/p>\n<p>&nbsp;<\/p>","protected":false},"excerpt":{"rendered":"<p>\u25cf Certificados: Legal para uso em estradas com EEC, Certificado COC<\/p>\n<p>Especialmente projetado para entrega de alimentos. Pessoas que precisam de um grande espa\u00e7o de armazenamento, como a scooter el\u00e9trica para entrega de pizza.<\/p>\n<p>O potente motor sem escovas de 3000 W fornece pot\u00eancia suficiente para garantir a capacidade de subida e o desempenho de acelera\u00e7\u00e3o<\/p>\n<p>60V 26Ah\/35Ah\/50Ah\/80Ah mais op\u00e7\u00f5es de baterias para garantir a capacidade de alcance<\/p>\n<p>Design de piso plano frontal para garantir que voc\u00ea possa descansar um pouco durante o trabalho de entrega<\/p>\n<p>2 pneus traseiros personalizados dispon\u00edveis se voc\u00ea precisar de estabilidade duradoura<\/p>","protected":false},"featured_media":1905,"template":"","meta":{"site-sidebar-layout":"default","site-content-layout":"default","ast-site-content-layout":"default","site-content-style":"default","site-sidebar-style":"default","ast-global-header-display":"","ast-banner-title-visibility":"","ast-main-header-display":"","ast-hfb-above-header-display":"","ast-hfb-below-header-display":"","ast-hfb-mobile-header-display":"","site-post-title":"","ast-breadcrumbs-content":"","ast-featured-img":"","footer-sml-layout":"","ast-disable-related-posts":"","theme-transparent-header-meta":"default","adv-header-id-meta":"","stick-header-meta":"","header-above-stick-meta":"","header-main-stick-meta":"","header-below-stick-meta":"","astra-migrate-meta-layouts":"default","ast-page-background-enabled":"default","ast-page-background-meta":{"desktop":{"background-color":"","background-image":"","background-repeat":"repeat","background-position":"center center","background-size":"auto","background-attachment":"scroll","background-type":"","background-media":"","overlay-type":"","overlay-color":"","overlay-opacity":"","overlay-gradient":""},"tablet":{"background-color":"","background-image":"","background-repeat":"repeat","background-position":"center center","background-size":"auto","background-attachment":"scroll","background-type":"","background-media":"","overlay-type":"","overlay-color":"","overlay-opacity":"","overlay-gradient":""},"mobile":{"background-color":"","background-image":"","background-repeat":"repeat","background-position":"center center","background-size":"auto","background-attachment":"scroll","background-type":"","background-media":"","overlay-type":"","overlay-color":"","overlay-opacity":"","overlay-gradient":""}},"ast-content-background-meta":{"desktop":{"background-color":"var(--ast-global-color-5)","background-image":"","background-repeat":"repeat","background-position":"center center","background-size":"auto","background-attachment":"scroll","background-type":"","background-media":"","overlay-type":"","overlay-color":"","overlay-opacity":"","overlay-gradient":""},"tablet":{"background-color":"var(--ast-global-color-5)","background-image":"","background-repeat":"repeat","background-position":"center center","background-size":"auto","background-attachment":"scroll","background-type":"","background-media":"","overlay-type":"","overlay-color":"","overlay-opacity":"","overlay-gradient":""},"mobile":{"background-color":"var(--ast-global-color-5)","background-image":"","background-repeat":"repeat","background-position":"center center","background-size":"auto","background-attachment":"scroll","background-type":"","background-media":"","overlay-type":"","overlay-color":"","overlay-opacity":"","overlay-gradient":""}}},"product_brand":[],"product_cat":[26],"product_tag":[],"class_list":{"0":"post-1904","1":"product","2":"type-product","3":"status-publish","4":"has-post-thumbnail","6":"product_cat-electric-moped","7":"desktop-align-left","8":"tablet-align-left","9":"mobile-align-left","11":"first","12":"instock","13":"shipping-taxable","14":"purchasable","15":"product-type-simple"},"_links":{"self":[{"href":"https:\/\/www.linkseride.com\/pt\/wp-json\/wp\/v2\/product\/1904","targetHints":{"allow":["GET"]}}],"collection":[{"href":"https:\/\/www.linkseride.com\/pt\/wp-json\/wp\/v2\/product"}],"about":[{"href":"https:\/\/www.linkseride.com\/pt\/wp-json\/wp\/v2\/types\/product"}],"wp:featuredmedia":[{"embeddable":true,"href":"https:\/\/www.linkseride.com\/pt\/wp-json\/wp\/v2\/media\/1905"}],"wp:attachment":[{"href":"https:\/\/www.linkseride.com\/pt\/wp-json\/wp\/v2\/media?parent=1904"}],"wp:term":[{"taxonomy":"product_brand","embeddable":true,"href":"https:\/\/www.linkseride.com\/pt\/wp-json\/wp\/v2\/product_brand?post=1904"},{"taxonomy":"product_cat","embeddable":true,"href":"https:\/\/www.linkseride.com\/pt\/wp-json\/wp\/v2\/product_cat?post=1904"},{"taxonomy":"product_tag","embeddable":true,"href":"https:\/\/www.linkseride.com\/pt\/wp-json\/wp\/v2\/product_tag?post=1904"}],"curies":[{"name":"wp","href":"https:\/\/api.w.org\/{rel}","templated":true}]}}