{"id":1960,"date":"2020-10-25T11:53:09","date_gmt":"2020-10-25T11:53:09","guid":{"rendered":"http:\/\/linkseride.com\/?post_type=product&#038;p=1960"},"modified":"2021-06-01T04:44:53","modified_gmt":"2021-06-01T04:44:53","slug":"lec-06-2000w-fat-wheels-electric-scooter","status":"publish","type":"product","link":"https:\/\/www.linkseride.com\/pt\/product\/lec-06-2000w-fat-wheels-electric-scooter\/","title":{"rendered":"Scooter el\u00e9trica de rodas gordas LEC-6.0 2000W Citycoco"},"content":{"rendered":"<p>Essa scooter el\u00e9trica legal com rodas gordas tem um visual futurista. A mais recente tecnologia el\u00e9trica e de baterias, aliada a um design inovador de quadro e suspens\u00e3o, proporciona uma grande vantagem no mercado atual de motocicletas el\u00e9tricas. Tamb\u00e9m temos uma op\u00e7\u00e3o de alta velocidade atualizada para o pr\u00f3ximo ano de 2021! Entre em contato conosco para obter mais informa\u00e7\u00f5es!<\/p>","protected":false},"excerpt":{"rendered":"<p>\u25cf Certificados: Legal para uso em estradas com EEC, Certificado COC<\/p>\n<p>\u25cf 2020 novo aluguel de scooter el\u00e9trico de rodas gordas estilo harley citycoco<\/p>\n<p>Os pneus largos e grossos mant\u00eam essa scooter equilibrada por si s\u00f3. Embora o suporte de apoio venha equipado, voc\u00ea realmente n\u00e3o precisar\u00e1 dele<\/p>\n<p>O motor de cubo sem escovas de 2000 watts da scooter proporciona a esta scooter el\u00e9trica para adultos uma velocidade m\u00e1xima de 28 mph<\/p>\n<p>As scooters para adultos com farol dianteiro e traseiro de LED garantem que voc\u00ea veja e seja visto<\/p>\n<p>O sistema de exibi\u00e7\u00e3o de energia LCD \u00e9 mais \u00f3bvio para mostrar o estado da bateria ao usu\u00e1rio<\/p>\n<p>&nbsp;<\/p>","protected":false},"featured_media":1961,"template":"","meta":{"site-sidebar-layout":"default","site-content-layout":"default","ast-site-content-layout":"default","site-content-style":"default","site-sidebar-style":"default","ast-global-header-display":"","ast-banner-title-visibility":"","ast-main-header-display":"","ast-hfb-above-header-display":"","ast-hfb-below-header-display":"","ast-hfb-mobile-header-display":"","site-post-title":"","ast-breadcrumbs-content":"","ast-featured-img":"","footer-sml-layout":"","ast-disable-related-posts":"","theme-transparent-header-meta":"default","adv-header-id-meta":"","stick-header-meta":"","header-above-stick-meta":"","header-main-stick-meta":"","header-below-stick-meta":"","astra-migrate-meta-layouts":"default","ast-page-background-enabled":"default","ast-page-background-meta":{"desktop":{"background-color":"","background-image":"","background-repeat":"repeat","background-position":"center center","background-size":"auto","background-attachment":"scroll","background-type":"","background-media":"","overlay-type":"","overlay-color":"","overlay-opacity":"","overlay-gradient":""},"tablet":{"background-color":"","background-image":"","background-repeat":"repeat","background-position":"center center","background-size":"auto","background-attachment":"scroll","background-type":"","background-media":"","overlay-type":"","overlay-color":"","overlay-opacity":"","overlay-gradient":""},"mobile":{"background-color":"","background-image":"","background-repeat":"repeat","background-position":"center center","background-size":"auto","background-attachment":"scroll","background-type":"","background-media":"","overlay-type":"","overlay-color":"","overlay-opacity":"","overlay-gradient":""}},"ast-content-background-meta":{"desktop":{"background-color":"var(--ast-global-color-5)","background-image":"","background-repeat":"repeat","background-position":"center center","background-size":"auto","background-attachment":"scroll","background-type":"","background-media":"","overlay-type":"","overlay-color":"","overlay-opacity":"","overlay-gradient":""},"tablet":{"background-color":"var(--ast-global-color-5)","background-image":"","background-repeat":"repeat","background-position":"center center","background-size":"auto","background-attachment":"scroll","background-type":"","background-media":"","overlay-type":"","overlay-color":"","overlay-opacity":"","overlay-gradient":""},"mobile":{"background-color":"var(--ast-global-color-5)","background-image":"","background-repeat":"repeat","background-position":"center center","background-size":"auto","background-attachment":"scroll","background-type":"","background-media":"","overlay-type":"","overlay-color":"","overlay-opacity":"","overlay-gradient":""}}},"product_brand":[],"product_cat":[27],"product_tag":[],"class_list":{"0":"post-1960","1":"product","2":"type-product","3":"status-publish","4":"has-post-thumbnail","6":"product_cat-electric-motorcycle","7":"desktop-align-left","8":"tablet-align-left","9":"mobile-align-left","11":"first","12":"instock","13":"shipping-taxable","14":"purchasable","15":"product-type-simple"},"_links":{"self":[{"href":"https:\/\/www.linkseride.com\/pt\/wp-json\/wp\/v2\/product\/1960","targetHints":{"allow":["GET"]}}],"collection":[{"href":"https:\/\/www.linkseride.com\/pt\/wp-json\/wp\/v2\/product"}],"about":[{"href":"https:\/\/www.linkseride.com\/pt\/wp-json\/wp\/v2\/types\/product"}],"wp:featuredmedia":[{"embeddable":true,"href":"https:\/\/www.linkseride.com\/pt\/wp-json\/wp\/v2\/media\/1961"}],"wp:attachment":[{"href":"https:\/\/www.linkseride.com\/pt\/wp-json\/wp\/v2\/media?parent=1960"}],"wp:term":[{"taxonomy":"product_brand","embeddable":true,"href":"https:\/\/www.linkseride.com\/pt\/wp-json\/wp\/v2\/product_brand?post=1960"},{"taxonomy":"product_cat","embeddable":true,"href":"https:\/\/www.linkseride.com\/pt\/wp-json\/wp\/v2\/product_cat?post=1960"},{"taxonomy":"product_tag","embeddable":true,"href":"https:\/\/www.linkseride.com\/pt\/wp-json\/wp\/v2\/product_tag?post=1960"}],"curies":[{"name":"wp","href":"https:\/\/api.w.org\/{rel}","templated":true}]}}