{"id":1976,"date":"2020-10-25T12:10:44","date_gmt":"2020-10-25T12:10:44","guid":{"rendered":"http:\/\/linkseride.com\/?post_type=product&#038;p=1976"},"modified":"2021-04-21T13:06:54","modified_gmt":"2021-04-21T13:06:54","slug":"motocicleta-eletrica-de-3000-w-para-adultos","status":"publish","type":"product","link":"https:\/\/www.linkseride.com\/pt\/product\/3000w-electric-motorbike-for-adults\/","title":{"rendered":"LEC-08 Motocicleta el\u00e9trica de corrida de 3000 W para adultos"},"content":{"rendered":"<p>Tecnologia eletr\u00f4nica qualificada, com esta motocicleta el\u00e9trica, voc\u00ea pode experimentar a emo\u00e7\u00e3o das corridas de campeonato! Far\u00f3is e luzes traseiras grandes garantem sua visibilidade \u00e0 noite. Experimente este motor el\u00e9trico para andar sem emiss\u00f5es.<\/p>","protected":false},"excerpt":{"rendered":"<p>\u25cf A motocicleta el\u00e9trica com freios a disco dianteiros e traseiros oferece uma for\u00e7a de frenagem potente e confi\u00e1vel.<\/p>\n<p>\u25cf Pneus: dianteiro: 110-70\/17, traseiro: 140-60\/16 sem c\u00e2mara<\/p>\n<p>\u25cf Painel LCD atualizado. Sua velocidade \u00e9 exibida em n\u00fameros digitais, assim como um od\u00f4metro que informa a quilometragem percorrida pela sua moto.<\/p>\n<p>\u25cf Assento largo e bem acolchoado garante conforto e estilo incompar\u00e1veis para o motociclista e o passageiro<\/p>\n<p>\u25cf Personaliza\u00e7\u00e3o dispon\u00edvel!<\/p>\n<p>&nbsp;<\/p>","protected":false},"featured_media":3173,"template":"","meta":{"site-sidebar-layout":"default","site-content-layout":"default","ast-site-content-layout":"default","site-content-style":"default","site-sidebar-style":"default","ast-global-header-display":"","ast-banner-title-visibility":"","ast-main-header-display":"","ast-hfb-above-header-display":"","ast-hfb-below-header-display":"","ast-hfb-mobile-header-display":"","site-post-title":"","ast-breadcrumbs-content":"","ast-featured-img":"","footer-sml-layout":"","ast-disable-related-posts":"","theme-transparent-header-meta":"default","adv-header-id-meta":"","stick-header-meta":"","header-above-stick-meta":"","header-main-stick-meta":"","header-below-stick-meta":"","astra-migrate-meta-layouts":"default","ast-page-background-enabled":"default","ast-page-background-meta":{"desktop":{"background-color":"","background-image":"","background-repeat":"repeat","background-position":"center center","background-size":"auto","background-attachment":"scroll","background-type":"","background-media":"","overlay-type":"","overlay-color":"","overlay-opacity":"","overlay-gradient":""},"tablet":{"background-color":"","background-image":"","background-repeat":"repeat","background-position":"center center","background-size":"auto","background-attachment":"scroll","background-type":"","background-media":"","overlay-type":"","overlay-color":"","overlay-opacity":"","overlay-gradient":""},"mobile":{"background-color":"","background-image":"","background-repeat":"repeat","background-position":"center center","background-size":"auto","background-attachment":"scroll","background-type":"","background-media":"","overlay-type":"","overlay-color":"","overlay-opacity":"","overlay-gradient":""}},"ast-content-background-meta":{"desktop":{"background-color":"var(--ast-global-color-5)","background-image":"","background-repeat":"repeat","background-position":"center center","background-size":"auto","background-attachment":"scroll","background-type":"","background-media":"","overlay-type":"","overlay-color":"","overlay-opacity":"","overlay-gradient":""},"tablet":{"background-color":"var(--ast-global-color-5)","background-image":"","background-repeat":"repeat","background-position":"center center","background-size":"auto","background-attachment":"scroll","background-type":"","background-media":"","overlay-type":"","overlay-color":"","overlay-opacity":"","overlay-gradient":""},"mobile":{"background-color":"var(--ast-global-color-5)","background-image":"","background-repeat":"repeat","background-position":"center center","background-size":"auto","background-attachment":"scroll","background-type":"","background-media":"","overlay-type":"","overlay-color":"","overlay-opacity":"","overlay-gradient":""}}},"product_brand":[],"product_cat":[27],"product_tag":[],"class_list":{"0":"post-1976","1":"product","2":"type-product","3":"status-publish","4":"has-post-thumbnail","6":"product_cat-electric-motorcycle","7":"desktop-align-left","8":"tablet-align-left","9":"mobile-align-left","11":"first","12":"instock","13":"shipping-taxable","14":"purchasable","15":"product-type-simple"},"_links":{"self":[{"href":"https:\/\/www.linkseride.com\/pt\/wp-json\/wp\/v2\/product\/1976","targetHints":{"allow":["GET"]}}],"collection":[{"href":"https:\/\/www.linkseride.com\/pt\/wp-json\/wp\/v2\/product"}],"about":[{"href":"https:\/\/www.linkseride.com\/pt\/wp-json\/wp\/v2\/types\/product"}],"wp:featuredmedia":[{"embeddable":true,"href":"https:\/\/www.linkseride.com\/pt\/wp-json\/wp\/v2\/media\/3173"}],"wp:attachment":[{"href":"https:\/\/www.linkseride.com\/pt\/wp-json\/wp\/v2\/media?parent=1976"}],"wp:term":[{"taxonomy":"product_brand","embeddable":true,"href":"https:\/\/www.linkseride.com\/pt\/wp-json\/wp\/v2\/product_brand?post=1976"},{"taxonomy":"product_cat","embeddable":true,"href":"https:\/\/www.linkseride.com\/pt\/wp-json\/wp\/v2\/product_cat?post=1976"},{"taxonomy":"product_tag","embeddable":true,"href":"https:\/\/www.linkseride.com\/pt\/wp-json\/wp\/v2\/product_tag?post=1976"}],"curies":[{"name":"wp","href":"https:\/\/api.w.org\/{rel}","templated":true}]}}