{"id":1986,"date":"2020-10-26T08:30:50","date_gmt":"2020-10-26T08:30:50","guid":{"rendered":"http:\/\/linkseride.com\/?post_type=product&#038;p=1986"},"modified":"2021-03-11T08:18:09","modified_gmt":"2021-03-11T08:18:09","slug":"lenovo-m2-smart-electric-scooter","status":"publish","type":"product","link":"https:\/\/www.linkseride.com\/pt\/product\/lenovo-m2-smart-electric-scooter\/","title":{"rendered":"Lan\u00e7ada a scooter el\u00e9trica inteligente Lenovo M2: 30 km de longa dura\u00e7\u00e3o"},"content":{"rendered":"<p>The Lenovo m2 smart electric scooter can attain a top speed of 25 km\/h and can cover a distance of up to 30 km on a single charge that makes the vehicle ideal for short-range commuting and quick errands in the neighborhood. The Lenovo M2 electric scooter packs lithium batteries that can generate up to 350 watts of power. Moreover, the batteries take between 3-4 hours to fully charge and users can also check the battery status via the WeChat app. Compare with Xiaomi scooter, the M2 electric scooter additionally features a triple break system alongside a triple shock absorption system.<\/p>\n<p>Furthermore, the Lenovo M2 smart electric scooter is equipped with an LED control panel that displays the current speed, power, gear and other statuses as well. The body of the Lenovo m2 is built using an aluminum alloy and the scooter is also rated for ip54 protection.<\/p>","protected":false},"excerpt":{"rendered":"<p>\u25cf Lenovo M2 smart electric scooter Super Power, Super Full-battery Endurance.<\/p>\n<p>\u25cf 350W motor, 7.5Ah battery, max speed up to 25km\/h, and max range up to 30km<\/p>\n<p>\u25cf Triple braking system: disc brake, motor brake, pedal brake<\/p>\n<p>\u25cf Triple suspension system: shock absorption, tyre shock absorption, spring shock absorption<\/p>\n<p>\u25cf Portble Folding Design. Frame folds down in 3 seconds for easy storage, making it a perfect safe commuting scooter<\/p>\n<p>\u25cf Innovative Technology. The LCD display, build-in bluetooth, cruise control and mini program makes your riding experience more pleasant.<\/p>\n<p>\u25cf Dustproof and Waterproof Rating IP54<\/p>\n<p>&nbsp;<\/p>","protected":false},"featured_media":1987,"template":"","meta":{"site-sidebar-layout":"default","site-content-layout":"default","ast-site-content-layout":"default","site-content-style":"default","site-sidebar-style":"default","ast-global-header-display":"","ast-banner-title-visibility":"","ast-main-header-display":"","ast-hfb-above-header-display":"","ast-hfb-below-header-display":"","ast-hfb-mobile-header-display":"","site-post-title":"","ast-breadcrumbs-content":"","ast-featured-img":"","footer-sml-layout":"","ast-disable-related-posts":"","theme-transparent-header-meta":"default","adv-header-id-meta":"","stick-header-meta":"","header-above-stick-meta":"","header-main-stick-meta":"","header-below-stick-meta":"","astra-migrate-meta-layouts":"default","ast-page-background-enabled":"default","ast-page-background-meta":{"desktop":{"background-color":"","background-image":"","background-repeat":"repeat","background-position":"center center","background-size":"auto","background-attachment":"scroll","background-type":"","background-media":"","overlay-type":"","overlay-color":"","overlay-opacity":"","overlay-gradient":""},"tablet":{"background-color":"","background-image":"","background-repeat":"repeat","background-position":"center center","background-size":"auto","background-attachment":"scroll","background-type":"","background-media":"","overlay-type":"","overlay-color":"","overlay-opacity":"","overlay-gradient":""},"mobile":{"background-color":"","background-image":"","background-repeat":"repeat","background-position":"center center","background-size":"auto","background-attachment":"scroll","background-type":"","background-media":"","overlay-type":"","overlay-color":"","overlay-opacity":"","overlay-gradient":""}},"ast-content-background-meta":{"desktop":{"background-color":"var(--ast-global-color-5)","background-image":"","background-repeat":"repeat","background-position":"center center","background-size":"auto","background-attachment":"scroll","background-type":"","background-media":"","overlay-type":"","overlay-color":"","overlay-opacity":"","overlay-gradient":""},"tablet":{"background-color":"var(--ast-global-color-5)","background-image":"","background-repeat":"repeat","background-position":"center center","background-size":"auto","background-attachment":"scroll","background-type":"","background-media":"","overlay-type":"","overlay-color":"","overlay-opacity":"","overlay-gradient":""},"mobile":{"background-color":"var(--ast-global-color-5)","background-image":"","background-repeat":"repeat","background-position":"center center","background-size":"auto","background-attachment":"scroll","background-type":"","background-media":"","overlay-type":"","overlay-color":"","overlay-opacity":"","overlay-gradient":""}}},"product_brand":[],"product_cat":[28],"product_tag":[],"class_list":{"0":"post-1986","1":"product","2":"type-product","3":"status-publish","4":"has-post-thumbnail","6":"product_cat-electric-scooter","7":"desktop-align-left","8":"tablet-align-left","9":"mobile-align-left","11":"first","12":"instock","13":"shipping-taxable","14":"purchasable","15":"product-type-simple"},"_links":{"self":[{"href":"https:\/\/www.linkseride.com\/pt\/wp-json\/wp\/v2\/product\/1986","targetHints":{"allow":["GET"]}}],"collection":[{"href":"https:\/\/www.linkseride.com\/pt\/wp-json\/wp\/v2\/product"}],"about":[{"href":"https:\/\/www.linkseride.com\/pt\/wp-json\/wp\/v2\/types\/product"}],"wp:featuredmedia":[{"embeddable":true,"href":"https:\/\/www.linkseride.com\/pt\/wp-json\/wp\/v2\/media\/1987"}],"wp:attachment":[{"href":"https:\/\/www.linkseride.com\/pt\/wp-json\/wp\/v2\/media?parent=1986"}],"wp:term":[{"taxonomy":"product_brand","embeddable":true,"href":"https:\/\/www.linkseride.com\/pt\/wp-json\/wp\/v2\/product_brand?post=1986"},{"taxonomy":"product_cat","embeddable":true,"href":"https:\/\/www.linkseride.com\/pt\/wp-json\/wp\/v2\/product_cat?post=1986"},{"taxonomy":"product_tag","embeddable":true,"href":"https:\/\/www.linkseride.com\/pt\/wp-json\/wp\/v2\/product_tag?post=1986"}],"curies":[{"name":"wp","href":"https:\/\/api.w.org\/{rel}","templated":true}]}}