{"id":1996,"date":"2020-10-26T08:38:17","date_gmt":"2020-10-26T08:38:17","guid":{"rendered":"http:\/\/linkseride.com\/?post_type=product&#038;p=1996"},"modified":"2021-03-11T08:22:11","modified_gmt":"2021-03-11T08:22:11","slug":"scooter-eletrico-mercane-widewheel-pro","status":"publish","type":"product","link":"https:\/\/www.linkseride.com\/pt\/product\/mercane-widewheel-pro-electric-scooter\/","title":{"rendered":"LES-02 Mercane WideWheel Pro 1000W com motor duplo"},"content":{"rendered":"<p>Se voc\u00ea est\u00e1 procurando uma maneira eficiente e inteligente de viajar. Ent\u00e3o, esta scooter el\u00e9trica de rodas largas LES-02 Mercane Pro dural \u00e9 perfeita para voc\u00ea. Aumente sem esfor\u00e7o a velocidade de 25 km\/h para 40 km\/h, redefinindo os scooters el\u00e9tricos eficientes. Os s\u00f3lidos amortecedores das rodas dianteira e traseira proporcionam ao motorista o m\u00e1ximo de conforto, e os freios mec\u00e2nicos e eletr\u00f4nicos antitravamento garantem uma dist\u00e2ncia de frenagem segura. Uma vers\u00e3o atualizada do WIDE WHEEL PRO, sua maneira inteligente e eficiente de viajar.<\/p>\n<p><img fetchpriority=\"high\" decoding=\"async\" class=\"aligncenter wp-image-3087 size-full\" src=\"http:\/\/linkseride.com\/wp-content\/uploads\/2020\/10\/mercan-explored-view.jpg\" alt=\"\" width=\"640\" height=\"399\" srcset=\"https:\/\/www.linkseride.com\/wp-content\/uploads\/2020\/10\/mercan-explored-view.jpg 640w, https:\/\/www.linkseride.com\/wp-content\/uploads\/2020\/10\/mercan-explored-view-300x187.jpg 300w, https:\/\/www.linkseride.com\/wp-content\/uploads\/2020\/10\/mercan-explored-view-600x374.jpg 600w\" sizes=\"(max-width: 640px) 100vw, 640px\" \/><\/p>","protected":false},"excerpt":{"rendered":"<p>Desempenho excepcional do Mercane widewheel Pro: A velocidade m\u00e1xima do motor el\u00e9trico de 500 watts \u00e9 de 40 km \/ h (25 mph) e a autonomia m\u00e1xima de cruzeiro \u00e9 de 43 milhas<\/p>\n<p>Condu\u00e7\u00e3o segura e confort\u00e1vel: Os amortecedores das rodas dianteira e traseira, equipados com pneus grandes e s\u00f3lidos, proporcionam o m\u00e1ximo de conforto ao motociclista.<\/p>\n<p>Excelente tecnologia: A scooter el\u00e9trica LES-02 tem display LED, fun\u00e7\u00e3o Bluetooth, controle de cruzeiro, conex\u00e3o que pode melhorar a seguran\u00e7a, atualiza\u00e7\u00e3o de firmware, etc.<\/p>\n<p>Dispon\u00edvel em duas variantes:<br \/>\n- Motor \u00fanico de 500 W com bateria de 8,8 Ah, mais de 15 milhas (19 milhas declaradas)<br \/>\n- Motores duplos de 1000 W no total com bateria de 13,2 Ah, mais de 20 milhas (31 milhas declaradas)<\/p>\n<p>&nbsp;<\/p>","protected":false},"featured_media":1997,"template":"","meta":{"site-sidebar-layout":"default","site-content-layout":"default","ast-site-content-layout":"default","site-content-style":"default","site-sidebar-style":"default","ast-global-header-display":"","ast-banner-title-visibility":"","ast-main-header-display":"","ast-hfb-above-header-display":"","ast-hfb-below-header-display":"","ast-hfb-mobile-header-display":"","site-post-title":"","ast-breadcrumbs-content":"","ast-featured-img":"","footer-sml-layout":"","ast-disable-related-posts":"","theme-transparent-header-meta":"default","adv-header-id-meta":"","stick-header-meta":"","header-above-stick-meta":"","header-main-stick-meta":"","header-below-stick-meta":"","astra-migrate-meta-layouts":"default","ast-page-background-enabled":"default","ast-page-background-meta":{"desktop":{"background-color":"","background-image":"","background-repeat":"repeat","background-position":"center center","background-size":"auto","background-attachment":"scroll","background-type":"","background-media":"","overlay-type":"","overlay-color":"","overlay-opacity":"","overlay-gradient":""},"tablet":{"background-color":"","background-image":"","background-repeat":"repeat","background-position":"center center","background-size":"auto","background-attachment":"scroll","background-type":"","background-media":"","overlay-type":"","overlay-color":"","overlay-opacity":"","overlay-gradient":""},"mobile":{"background-color":"","background-image":"","background-repeat":"repeat","background-position":"center center","background-size":"auto","background-attachment":"scroll","background-type":"","background-media":"","overlay-type":"","overlay-color":"","overlay-opacity":"","overlay-gradient":""}},"ast-content-background-meta":{"desktop":{"background-color":"var(--ast-global-color-5)","background-image":"","background-repeat":"repeat","background-position":"center center","background-size":"auto","background-attachment":"scroll","background-type":"","background-media":"","overlay-type":"","overlay-color":"","overlay-opacity":"","overlay-gradient":""},"tablet":{"background-color":"var(--ast-global-color-5)","background-image":"","background-repeat":"repeat","background-position":"center center","background-size":"auto","background-attachment":"scroll","background-type":"","background-media":"","overlay-type":"","overlay-color":"","overlay-opacity":"","overlay-gradient":""},"mobile":{"background-color":"var(--ast-global-color-5)","background-image":"","background-repeat":"repeat","background-position":"center center","background-size":"auto","background-attachment":"scroll","background-type":"","background-media":"","overlay-type":"","overlay-color":"","overlay-opacity":"","overlay-gradient":""}}},"product_brand":[],"product_cat":[28],"product_tag":[],"class_list":{"0":"post-1996","1":"product","2":"type-product","3":"status-publish","4":"has-post-thumbnail","6":"product_cat-electric-scooter","7":"desktop-align-left","8":"tablet-align-left","9":"mobile-align-left","11":"first","12":"instock","13":"shipping-taxable","14":"purchasable","15":"product-type-simple"},"_links":{"self":[{"href":"https:\/\/www.linkseride.com\/pt\/wp-json\/wp\/v2\/product\/1996","targetHints":{"allow":["GET"]}}],"collection":[{"href":"https:\/\/www.linkseride.com\/pt\/wp-json\/wp\/v2\/product"}],"about":[{"href":"https:\/\/www.linkseride.com\/pt\/wp-json\/wp\/v2\/types\/product"}],"wp:featuredmedia":[{"embeddable":true,"href":"https:\/\/www.linkseride.com\/pt\/wp-json\/wp\/v2\/media\/1997"}],"wp:attachment":[{"href":"https:\/\/www.linkseride.com\/pt\/wp-json\/wp\/v2\/media?parent=1996"}],"wp:term":[{"taxonomy":"product_brand","embeddable":true,"href":"https:\/\/www.linkseride.com\/pt\/wp-json\/wp\/v2\/product_brand?post=1996"},{"taxonomy":"product_cat","embeddable":true,"href":"https:\/\/www.linkseride.com\/pt\/wp-json\/wp\/v2\/product_cat?post=1996"},{"taxonomy":"product_tag","embeddable":true,"href":"https:\/\/www.linkseride.com\/pt\/wp-json\/wp\/v2\/product_tag?post=1996"}],"curies":[{"name":"wp","href":"https:\/\/api.w.org\/{rel}","templated":true}]}}