{"id":2003,"date":"2020-10-26T08:43:47","date_gmt":"2020-10-26T08:43:47","guid":{"rendered":"http:\/\/linkseride.com\/?post_type=product&#038;p=2003"},"modified":"2021-03-11T08:21:25","modified_gmt":"2021-03-11T08:21:25","slug":"les-03-scooter-eletrico-dobravel","status":"publish","type":"product","link":"https:\/\/www.linkseride.com\/pt\/product\/les-03-foldable-electric-scooter\/","title":{"rendered":"LES-03 Scooter el\u00e9trica dobr\u00e1vel em forma de K para adultos"},"content":{"rendered":"<p>Gire e siga. Simples e conveniente para come\u00e7ar. Esta scooter el\u00e9trica dobr\u00e1vel \u00e9 ideal para passeios de lazer, para fazer recados ou para deslocamentos di\u00e1rios. Leve e f\u00e1cil de levar para qualquer lugar. Carregue-a para cima e para baixo, coloque-a embaixo da sua mesa no trabalho, coloque-a em um ve\u00edculo ou guarde-a em casa, a K shape bike \u00e9 a sua companheira di\u00e1ria.<\/p>\n<div class=\"ast-oembed-container\" style=\"height: 100%;\"><iframe title=\"Scooter el\u00e9trica dobr\u00e1vel para adultos com assento\" width=\"500\" height=\"281\" src=\"https:\/\/www.youtube.com\/embed\/UORgYK4wCm4?feature=oembed\" frameborder=\"0\" allow=\"accelerometer; autoplay; clipboard-write; encrypted-media; gyroscope; picture-in-picture; web-share\" referrerpolicy=\"strict-origin-when-cross-origin\" allowfullscreen><\/iframe><\/div>","protected":false},"excerpt":{"rendered":"<p>Scooter el\u00e9trica dobr\u00e1vel, basta um simples passo para mov\u00ea-la<\/p>\n<p>Uma bateria de \u00edons de l\u00edtio de longo alcance rapidamente recarreg\u00e1vel. Capacidade 36V 7.8Ah<\/p>\n<p>250 W s\u00e3o suficientes para o deslocamento di\u00e1rio com velocidade de 25 km por hora (16 mph)<\/p>\n<p>Com alguns cliques f\u00e1ceis, voc\u00ea pode dobrar a scooter. A estrutura de alum\u00ednio com peso de 31 libras \u00e9 f\u00e1cil de ser levada para qualquer lugar<\/p>\n<p>Adicionado com 2 rodas auxiliares traseiras, que podem ficar em p\u00e9 por conta pr\u00f3pria<\/p>\n<p>Farol de LED para visibilidade noturna<\/p>","protected":false},"featured_media":2004,"template":"","meta":{"site-sidebar-layout":"default","site-content-layout":"default","ast-site-content-layout":"default","site-content-style":"default","site-sidebar-style":"default","ast-global-header-display":"","ast-banner-title-visibility":"","ast-main-header-display":"","ast-hfb-above-header-display":"","ast-hfb-below-header-display":"","ast-hfb-mobile-header-display":"","site-post-title":"","ast-breadcrumbs-content":"","ast-featured-img":"","footer-sml-layout":"","ast-disable-related-posts":"","theme-transparent-header-meta":"default","adv-header-id-meta":"","stick-header-meta":"","header-above-stick-meta":"","header-main-stick-meta":"","header-below-stick-meta":"","astra-migrate-meta-layouts":"default","ast-page-background-enabled":"default","ast-page-background-meta":{"desktop":{"background-color":"","background-image":"","background-repeat":"repeat","background-position":"center center","background-size":"auto","background-attachment":"scroll","background-type":"","background-media":"","overlay-type":"","overlay-color":"","overlay-opacity":"","overlay-gradient":""},"tablet":{"background-color":"","background-image":"","background-repeat":"repeat","background-position":"center center","background-size":"auto","background-attachment":"scroll","background-type":"","background-media":"","overlay-type":"","overlay-color":"","overlay-opacity":"","overlay-gradient":""},"mobile":{"background-color":"","background-image":"","background-repeat":"repeat","background-position":"center center","background-size":"auto","background-attachment":"scroll","background-type":"","background-media":"","overlay-type":"","overlay-color":"","overlay-opacity":"","overlay-gradient":""}},"ast-content-background-meta":{"desktop":{"background-color":"var(--ast-global-color-5)","background-image":"","background-repeat":"repeat","background-position":"center center","background-size":"auto","background-attachment":"scroll","background-type":"","background-media":"","overlay-type":"","overlay-color":"","overlay-opacity":"","overlay-gradient":""},"tablet":{"background-color":"var(--ast-global-color-5)","background-image":"","background-repeat":"repeat","background-position":"center center","background-size":"auto","background-attachment":"scroll","background-type":"","background-media":"","overlay-type":"","overlay-color":"","overlay-opacity":"","overlay-gradient":""},"mobile":{"background-color":"var(--ast-global-color-5)","background-image":"","background-repeat":"repeat","background-position":"center center","background-size":"auto","background-attachment":"scroll","background-type":"","background-media":"","overlay-type":"","overlay-color":"","overlay-opacity":"","overlay-gradient":""}}},"product_brand":[],"product_cat":[28],"product_tag":[],"class_list":{"0":"post-2003","1":"product","2":"type-product","3":"status-publish","4":"has-post-thumbnail","6":"product_cat-electric-scooter","7":"desktop-align-left","8":"tablet-align-left","9":"mobile-align-left","11":"first","12":"instock","13":"shipping-taxable","14":"purchasable","15":"product-type-simple"},"_links":{"self":[{"href":"https:\/\/www.linkseride.com\/pt\/wp-json\/wp\/v2\/product\/2003","targetHints":{"allow":["GET"]}}],"collection":[{"href":"https:\/\/www.linkseride.com\/pt\/wp-json\/wp\/v2\/product"}],"about":[{"href":"https:\/\/www.linkseride.com\/pt\/wp-json\/wp\/v2\/types\/product"}],"wp:featuredmedia":[{"embeddable":true,"href":"https:\/\/www.linkseride.com\/pt\/wp-json\/wp\/v2\/media\/2004"}],"wp:attachment":[{"href":"https:\/\/www.linkseride.com\/pt\/wp-json\/wp\/v2\/media?parent=2003"}],"wp:term":[{"taxonomy":"product_brand","embeddable":true,"href":"https:\/\/www.linkseride.com\/pt\/wp-json\/wp\/v2\/product_brand?post=2003"},{"taxonomy":"product_cat","embeddable":true,"href":"https:\/\/www.linkseride.com\/pt\/wp-json\/wp\/v2\/product_cat?post=2003"},{"taxonomy":"product_tag","embeddable":true,"href":"https:\/\/www.linkseride.com\/pt\/wp-json\/wp\/v2\/product_tag?post=2003"}],"curies":[{"name":"wp","href":"https:\/\/api.w.org\/{rel}","templated":true}]}}