{"id":2017,"date":"2020-10-26T08:49:56","date_gmt":"2020-10-26T08:49:56","guid":{"rendered":"http:\/\/linkseride.com\/?post_type=product&#038;p=2017"},"modified":"2021-03-11T08:20:04","modified_gmt":"2021-03-11T08:20:04","slug":"scooter-eletrica-500w-40km-h-para-adultos","status":"publish","type":"product","link":"https:\/\/www.linkseride.com\/pt\/product\/500w-40km-h-electric-scooter-for-adults\/","title":{"rendered":"Scooter el\u00e9trica para adultos LES-05 500W 40km\/h"},"content":{"rendered":"<p>Ande por a\u00ed com pot\u00eancia e estilo com essa scooter el\u00e9trica para adultos da Links. A scooter el\u00e9trica com assento Links LES-05 inclui tudo o que voc\u00ea adorou no passado com o novo estilo azul-petr\u00f3leo. Apresenta um assento confort\u00e1vel e acolchoado, que pode ser facilmente removido para andar em p\u00e9. Com um motor de corrente de velocidade \u00fanica de alto torque e ultrassilencioso e um pr\u00e1tico acelerador de giro, o LES-04 \u00e9 o dispositivo perfeito para voc\u00ea explorar a divers\u00e3o de andar pelo parque.<\/p>","protected":false},"excerpt":{"rendered":"<p>A scooter el\u00e9trica de 800 W para adultos com motor de cubo sem escovas permite velocidades de at\u00e9 35 km \/ h (22 mph)<\/p>\n<p>Capacidade da bateria de 48V15Ah para garantir um alcance m\u00e1ximo de viagem de at\u00e9 80 km (50 milhas) em condi\u00e7\u00f5es espec\u00edficas e carga m\u00e1xima de 200 kg (441 lbs)<\/p>\n<p>Possui um freio traseiro operado manualmente, suporte com mola, pneus grandes de 10 polegadas e um assento remov\u00edvel<\/p>\n<p>Veloc\u00edmetro LCD para que voc\u00ea possa obter facilmente informa\u00e7\u00f5es sobre a bateria restante, a velocidade atual, a quilometragem, as luzes etc.<\/p>\n<p>&nbsp;<\/p>\n<p>&nbsp;<\/p>","protected":false},"featured_media":2018,"template":"","meta":{"site-sidebar-layout":"default","site-content-layout":"default","ast-site-content-layout":"default","site-content-style":"default","site-sidebar-style":"default","ast-global-header-display":"","ast-banner-title-visibility":"","ast-main-header-display":"","ast-hfb-above-header-display":"","ast-hfb-below-header-display":"","ast-hfb-mobile-header-display":"","site-post-title":"","ast-breadcrumbs-content":"","ast-featured-img":"","footer-sml-layout":"","ast-disable-related-posts":"","theme-transparent-header-meta":"default","adv-header-id-meta":"","stick-header-meta":"","header-above-stick-meta":"","header-main-stick-meta":"","header-below-stick-meta":"","astra-migrate-meta-layouts":"default","ast-page-background-enabled":"default","ast-page-background-meta":{"desktop":{"background-color":"","background-image":"","background-repeat":"repeat","background-position":"center center","background-size":"auto","background-attachment":"scroll","background-type":"","background-media":"","overlay-type":"","overlay-color":"","overlay-opacity":"","overlay-gradient":""},"tablet":{"background-color":"","background-image":"","background-repeat":"repeat","background-position":"center center","background-size":"auto","background-attachment":"scroll","background-type":"","background-media":"","overlay-type":"","overlay-color":"","overlay-opacity":"","overlay-gradient":""},"mobile":{"background-color":"","background-image":"","background-repeat":"repeat","background-position":"center center","background-size":"auto","background-attachment":"scroll","background-type":"","background-media":"","overlay-type":"","overlay-color":"","overlay-opacity":"","overlay-gradient":""}},"ast-content-background-meta":{"desktop":{"background-color":"var(--ast-global-color-5)","background-image":"","background-repeat":"repeat","background-position":"center center","background-size":"auto","background-attachment":"scroll","background-type":"","background-media":"","overlay-type":"","overlay-color":"","overlay-opacity":"","overlay-gradient":""},"tablet":{"background-color":"var(--ast-global-color-5)","background-image":"","background-repeat":"repeat","background-position":"center center","background-size":"auto","background-attachment":"scroll","background-type":"","background-media":"","overlay-type":"","overlay-color":"","overlay-opacity":"","overlay-gradient":""},"mobile":{"background-color":"var(--ast-global-color-5)","background-image":"","background-repeat":"repeat","background-position":"center center","background-size":"auto","background-attachment":"scroll","background-type":"","background-media":"","overlay-type":"","overlay-color":"","overlay-opacity":"","overlay-gradient":""}}},"product_brand":[],"product_cat":[28],"product_tag":[],"class_list":{"0":"post-2017","1":"product","2":"type-product","3":"status-publish","4":"has-post-thumbnail","6":"product_cat-electric-scooter","7":"desktop-align-left","8":"tablet-align-left","9":"mobile-align-left","11":"first","12":"instock","13":"shipping-taxable","14":"purchasable","15":"product-type-simple"},"_links":{"self":[{"href":"https:\/\/www.linkseride.com\/pt\/wp-json\/wp\/v2\/product\/2017","targetHints":{"allow":["GET"]}}],"collection":[{"href":"https:\/\/www.linkseride.com\/pt\/wp-json\/wp\/v2\/product"}],"about":[{"href":"https:\/\/www.linkseride.com\/pt\/wp-json\/wp\/v2\/types\/product"}],"wp:featuredmedia":[{"embeddable":true,"href":"https:\/\/www.linkseride.com\/pt\/wp-json\/wp\/v2\/media\/2018"}],"wp:attachment":[{"href":"https:\/\/www.linkseride.com\/pt\/wp-json\/wp\/v2\/media?parent=2017"}],"wp:term":[{"taxonomy":"product_brand","embeddable":true,"href":"https:\/\/www.linkseride.com\/pt\/wp-json\/wp\/v2\/product_brand?post=2017"},{"taxonomy":"product_cat","embeddable":true,"href":"https:\/\/www.linkseride.com\/pt\/wp-json\/wp\/v2\/product_cat?post=2017"},{"taxonomy":"product_tag","embeddable":true,"href":"https:\/\/www.linkseride.com\/pt\/wp-json\/wp\/v2\/product_tag?post=2017"}],"curies":[{"name":"wp","href":"https:\/\/api.w.org\/{rel}","templated":true}]}}