{"id":2781,"date":"2020-12-05T08:02:53","date_gmt":"2020-12-05T08:02:53","guid":{"rendered":"http:\/\/linkseride.com\/?post_type=product&#038;p=2781"},"modified":"2021-06-01T04:43:40","modified_gmt":"2021-06-01T04:43:40","slug":"lec-04-2000w-scooter-eletrica-harley","status":"publish","type":"product","link":"https:\/\/www.linkseride.com\/pt\/product\/lec-04-2000w-harley-electric-scooter\/","title":{"rendered":"LEC-4.0 2000W Harley Electric Scooter Roller Chopper Citycoco"},"content":{"rendered":"<p>Para essa scooter el\u00e9trica Harley, nossos engenheiros e designers mantiveram o design cl\u00e1ssico e atemporal da scooter, ao mesmo tempo em que levaram tudo de volta a uma concha. As pe\u00e7as e os componentes foram especificados especialmente para os mercados europeus. Esse modelo de scooter el\u00e9trica \u00e9 aprovado com certificados de conformidade da UE. A fat tire bike tem 2 assentos acolchoados, amortecedores hidr\u00e1ulicos premium e pneus largos sem c\u00e2mara que absorvem vibra\u00e7\u00f5es. A capacidade de escalar colinas de 25 a 30 graus \u00e9 inigual\u00e1vel.<\/p>","protected":false},"excerpt":{"rendered":"<p>Certificados da scooter el\u00e9trica Harley: Legal para as estradas com os certificados EEC, COC e UN38.3<\/p>\n<p>Com motor de 2000 W e bateria de 60V 20Ah\/30Ah\/45Ah, voc\u00ea pode fazer uma viagem de longa dist\u00e2ncia<\/p>\n<p>Pneu gordo de 12 polegadas adequado para uma variedade de condi\u00e7\u00f5es de estrada, mais confort\u00e1vel e est\u00e1vel<\/p>\n<p>In\u00edcio com um bot\u00e3o, sistema avan\u00e7ado de alarme antifurto<\/p>\n<p>O sistema de acionamento avan\u00e7ado e o sistema de absor\u00e7\u00e3o de choque<\/p>\n<p>V\u00e1rias cores \u00e0 sua escolha<\/p>","protected":false},"featured_media":2782,"template":"","meta":{"site-sidebar-layout":"default","site-content-layout":"default","ast-site-content-layout":"default","site-content-style":"default","site-sidebar-style":"default","ast-global-header-display":"","ast-banner-title-visibility":"","ast-main-header-display":"","ast-hfb-above-header-display":"","ast-hfb-below-header-display":"","ast-hfb-mobile-header-display":"","site-post-title":"","ast-breadcrumbs-content":"","ast-featured-img":"","footer-sml-layout":"","ast-disable-related-posts":"","theme-transparent-header-meta":"default","adv-header-id-meta":"","stick-header-meta":"","header-above-stick-meta":"","header-main-stick-meta":"","header-below-stick-meta":"","astra-migrate-meta-layouts":"default","ast-page-background-enabled":"default","ast-page-background-meta":{"desktop":{"background-color":"","background-image":"","background-repeat":"repeat","background-position":"center center","background-size":"auto","background-attachment":"scroll","background-type":"","background-media":"","overlay-type":"","overlay-color":"","overlay-opacity":"","overlay-gradient":""},"tablet":{"background-color":"","background-image":"","background-repeat":"repeat","background-position":"center center","background-size":"auto","background-attachment":"scroll","background-type":"","background-media":"","overlay-type":"","overlay-color":"","overlay-opacity":"","overlay-gradient":""},"mobile":{"background-color":"","background-image":"","background-repeat":"repeat","background-position":"center center","background-size":"auto","background-attachment":"scroll","background-type":"","background-media":"","overlay-type":"","overlay-color":"","overlay-opacity":"","overlay-gradient":""}},"ast-content-background-meta":{"desktop":{"background-color":"var(--ast-global-color-5)","background-image":"","background-repeat":"repeat","background-position":"center center","background-size":"auto","background-attachment":"scroll","background-type":"","background-media":"","overlay-type":"","overlay-color":"","overlay-opacity":"","overlay-gradient":""},"tablet":{"background-color":"var(--ast-global-color-5)","background-image":"","background-repeat":"repeat","background-position":"center center","background-size":"auto","background-attachment":"scroll","background-type":"","background-media":"","overlay-type":"","overlay-color":"","overlay-opacity":"","overlay-gradient":""},"mobile":{"background-color":"var(--ast-global-color-5)","background-image":"","background-repeat":"repeat","background-position":"center center","background-size":"auto","background-attachment":"scroll","background-type":"","background-media":"","overlay-type":"","overlay-color":"","overlay-opacity":"","overlay-gradient":""}}},"product_brand":[],"product_cat":[27],"product_tag":[],"class_list":{"0":"post-2781","1":"product","2":"type-product","3":"status-publish","4":"has-post-thumbnail","6":"product_cat-electric-motorcycle","7":"desktop-align-left","8":"tablet-align-left","9":"mobile-align-left","11":"first","12":"instock","13":"shipping-taxable","14":"purchasable","15":"product-type-simple"},"_links":{"self":[{"href":"https:\/\/www.linkseride.com\/pt\/wp-json\/wp\/v2\/product\/2781","targetHints":{"allow":["GET"]}}],"collection":[{"href":"https:\/\/www.linkseride.com\/pt\/wp-json\/wp\/v2\/product"}],"about":[{"href":"https:\/\/www.linkseride.com\/pt\/wp-json\/wp\/v2\/types\/product"}],"wp:featuredmedia":[{"embeddable":true,"href":"https:\/\/www.linkseride.com\/pt\/wp-json\/wp\/v2\/media\/2782"}],"wp:attachment":[{"href":"https:\/\/www.linkseride.com\/pt\/wp-json\/wp\/v2\/media?parent=2781"}],"wp:term":[{"taxonomy":"product_brand","embeddable":true,"href":"https:\/\/www.linkseride.com\/pt\/wp-json\/wp\/v2\/product_brand?post=2781"},{"taxonomy":"product_cat","embeddable":true,"href":"https:\/\/www.linkseride.com\/pt\/wp-json\/wp\/v2\/product_cat?post=2781"},{"taxonomy":"product_tag","embeddable":true,"href":"https:\/\/www.linkseride.com\/pt\/wp-json\/wp\/v2\/product_tag?post=2781"}],"curies":[{"name":"wp","href":"https:\/\/api.w.org\/{rel}","templated":true}]}}